{"id":4460,"date":"2024-02-26T09:20:00","date_gmt":"2024-02-26T09:20:00","guid":{"rendered":"https:\/\/pedrocasiano.es\/?page_id=4460"},"modified":"2024-03-04T10:13:42","modified_gmt":"2024-03-04T10:13:42","slug":"hoy-dia-de-recuerdos","status":"publish","type":"page","link":"https:\/\/pedrocasiano.es\/?page_id=4460","title":{"rendered":"Hoy, D\u00eda De Recuerdos"},"content":{"rendered":"\n<figure class=\"wp-block-image alignleft size-full is-resized\"><img decoding=\"async\" width=\"600\" height=\"399\" data-src=\"https:\/\/pedrocasiano.es\/wp-content\/uploads\/2024\/03\/temple-5909803_1920PEQUE.jpg\" alt=\"\" class=\"wp-image-5570 lazyload\" style=\"--smush-placeholder-width: 600px; --smush-placeholder-aspect-ratio: 600\/399;width:572px;height:auto\" src=\"data:image\/svg+xml;base64,PHN2ZyB3aWR0aD0iMSIgaGVpZ2h0PSIxIiB4bWxucz0iaHR0cDovL3d3dy53My5vcmcvMjAwMC9zdmciPjwvc3ZnPg==\" \/><\/figure>\n\n\n\n<p>Hoy d\u00eda de recuerdos. Hace a\u00f1os en Inchon, Republica de Corea del Sur. Paseando por el Mercado.<\/p>\n\n\n\n<p>&nbsp;&nbsp;&nbsp;&nbsp;&nbsp;&nbsp;&nbsp;&nbsp;&nbsp;&nbsp;&nbsp;&nbsp;&nbsp; Me he levantado, y sin saber porque a la mente me ha venido, lo que un amigo coreano me comento de su pa\u00eds, pues en los mercados nada tiene precio fijo.<\/p>\n\n\n\n<p>-Hay tres mentiras, que siempre son imperecederas.<\/p>\n\n\n\n<p>&#8211; \u00bfCu\u00e1les?, le pregunt\u00e9.<\/p>\n\n\n\n<p>-Cualquier anciano quiere morir. Todo comerciante pierde dinero. Ninguna solterona quiere casarse. Eso ya lo dec\u00eda mi abuelo, y contin\u00faa siendo verdad. Sonri\u00f3 como solo los coreanos saben hacerlo, sin demostrar si es de sincero o falso, creo que siempre es lo \u00faltimo.<\/p>\n\n\n\n<p>&nbsp;&nbsp;&nbsp;&nbsp;&nbsp;&nbsp;&nbsp;&nbsp;&nbsp;&nbsp;&nbsp;&nbsp;&nbsp; Cosas que no cambian de un pa\u00eds a otro, supongo.<\/p>\n","protected":false},"excerpt":{"rendered":"<p>Hoy d\u00eda de recuerdos. Hace a\u00f1os en Inchon, Republica de Corea del Sur. Paseando por el Mercado. &nbsp;&nbsp;&nbsp;&nbsp;&nbsp;&nbsp;&nbsp;&nbsp;&nbsp;&nbsp;&nbsp;&nbsp;&nbsp; Me he levantado, y sin saber porque a la mente me ha venido, lo que un amigo coreano me comento de su pa\u00eds, pues en los mercados nada tiene precio fijo. -Hay tres mentiras, que siempre son &hellip; <\/p>\n<p class=\"link-more\"><a href=\"https:\/\/pedrocasiano.es\/?page_id=4460\" class=\"more-link\">Leer m\u00e1s<span class=\"screen-reader-text\"> \u00abHoy, D\u00eda De Recuerdos\u00bb<\/span><\/a><\/p>\n","protected":false},"author":1,"featured_media":0,"parent":0,"menu_order":0,"comment_status":"closed","ping_status":"closed","template":"","meta":{"inspiro_hide_title":false,"footnotes":""},"class_list":["post-4460","page","type-page","status-publish","hentry"],"featured_media_urls":[],"_links":{"self":[{"href":"https:\/\/pedrocasiano.es\/index.php?rest_route=\/wp\/v2\/pages\/4460","targetHints":{"allow":["GET"]}}],"collection":[{"href":"https:\/\/pedrocasiano.es\/index.php?rest_route=\/wp\/v2\/pages"}],"about":[{"href":"https:\/\/pedrocasiano.es\/index.php?rest_route=\/wp\/v2\/types\/page"}],"author":[{"embeddable":true,"href":"https:\/\/pedrocasiano.es\/index.php?rest_route=\/wp\/v2\/users\/1"}],"replies":[{"embeddable":true,"href":"https:\/\/pedrocasiano.es\/index.php?rest_route=%2Fwp%2Fv2%2Fcomments&post=4460"}],"version-history":[{"count":4,"href":"https:\/\/pedrocasiano.es\/index.php?rest_route=\/wp\/v2\/pages\/4460\/revisions"}],"predecessor-version":[{"id":5572,"href":"https:\/\/pedrocasiano.es\/index.php?rest_route=\/wp\/v2\/pages\/4460\/revisions\/5572"}],"wp:attachment":[{"href":"https:\/\/pedrocasiano.es\/index.php?rest_route=%2Fwp%2Fv2%2Fmedia&parent=4460"}],"curies":[{"name":"wp","href":"https:\/\/api.w.org\/{rel}","templated":true}]}}