{"id":4456,"date":"2024-02-26T09:17:02","date_gmt":"2024-02-26T09:17:02","guid":{"rendered":"https:\/\/pedrocasiano.es\/?page_id=4456"},"modified":"2024-02-29T10:31:12","modified_gmt":"2024-02-29T10:31:12","slug":"los-buenos-propositos-y-la-realidad","status":"publish","type":"page","link":"https:\/\/pedrocasiano.es\/?page_id=4456","title":{"rendered":"Los Buenos Prop\u00f3sitos y la Realidad"},"content":{"rendered":"\n<figure class=\"wp-block-image aligncenter size-large is-resized\"><img decoding=\"async\" width=\"1024\" height=\"853\" data-src=\"https:\/\/pedrocasiano.es\/wp-content\/uploads\/2024\/02\/snowflakes-8223860_1280-1024x853.jpg\" alt=\"\" class=\"wp-image-4457 lazyload\" style=\"--smush-placeholder-width: 1024px; --smush-placeholder-aspect-ratio: 1024\/853;width:324px;height:auto\" src=\"data:image\/svg+xml;base64,PHN2ZyB3aWR0aD0iMSIgaGVpZ2h0PSIxIiB4bWxucz0iaHR0cDovL3d3dy53My5vcmcvMjAwMC9zdmciPjwvc3ZnPg==\" \/><\/figure>\n\n\n\n<p><strong>LOS BUENOS PROPOSITOS Y LA REALIDAD. PERDONEN LAS MOLESTIAS. (Politraumatismos contundentes causados en las celebraciones de Fin de A\u00f1o<\/strong><\/p>\n\n\n\n<p>Estimados Amigos\/as, s\u00edrvame estas l\u00edneas para desearos Feliz A\u00f1o Nuevo, un a\u00f1o de prosperidad y lleno de bondades para todos, no obstante, he de hacer algunas precisiones, debido, no a mi inteligencia rayana en el encefalograma plano, sino a los a\u00f1os que he visto pasar, aun sin desearlo.<\/p>\n\n\n\n<p>&nbsp;&nbsp;&nbsp;&nbsp;&nbsp;&nbsp;&nbsp;&nbsp;&nbsp;&nbsp;&nbsp;&nbsp;&nbsp; La persona que eras el treinta y uno de Diciembre, ser\u00e1 la misma el d\u00eda uno de Enero, apenas si han transcurrido unas horas, y salvo milagro, esta premisa se cumple siempre.<\/p>\n\n\n\n<p>&nbsp;&nbsp;&nbsp;&nbsp;&nbsp;&nbsp;&nbsp;&nbsp;&nbsp;&nbsp;&nbsp;&nbsp;&nbsp; Todos los prop\u00f3sitos coincidentes con la fecha, ser\u00e1n anulados por ti en cualquier momento de los siguientes d\u00edas, solo queda esperar que sean muchos, pero conoci\u00e9ndose uno mismo, no ser\u00e1n tantos.<\/p>\n\n\n\n<p>&nbsp;&nbsp;&nbsp;&nbsp;&nbsp;&nbsp;&nbsp;&nbsp;&nbsp;&nbsp;&nbsp;&nbsp;&nbsp; La euforia que en ese momento compartes con los dem\u00e1s es producto del indiscriminado consumo de bebidas alcoh\u00f3licas, cuando el efecto de estas desaparezca, todo ser\u00e1 exactamente igual que antes de la ingesti\u00f3n de las mismas.<\/p>\n\n\n\n<p>&nbsp;&nbsp;&nbsp;&nbsp;&nbsp;&nbsp;&nbsp;&nbsp;&nbsp;&nbsp;&nbsp;&nbsp;&nbsp; Este a\u00f1o va ser continuaci\u00f3n de lo sucedido en el anterior, lo dem\u00e1s supone una entelequia, solo se cumplir\u00e1 en el caso de que sea peor, la vida es as\u00ed de marrana.<\/p>\n\n\n\n<p>&nbsp;&nbsp;&nbsp;&nbsp;&nbsp;&nbsp;&nbsp;&nbsp;&nbsp;&nbsp;&nbsp;&nbsp;&nbsp; Aprovecha que tu pareja ha pisado el cable con el alcohol, son breves instantes que puedes aprovechar antes de que vuelva el continuo dolor de cabeza.<\/p>\n\n\n\n<p>&nbsp;&nbsp;&nbsp;&nbsp;&nbsp;&nbsp;&nbsp;&nbsp;&nbsp;&nbsp;&nbsp;&nbsp;&nbsp; Si la celebras con amigos, perd\u00f3nales todo lo que producto de la euforia del alcohol, hayan opinado sobre ti, tu familia y seres queridos.<\/p>\n\n\n\n<p>&nbsp;&nbsp;&nbsp;&nbsp;&nbsp;&nbsp;&nbsp;&nbsp;&nbsp;&nbsp;&nbsp;&nbsp;&nbsp; Si la fiesta es a escote, coge la parte de cada uno antes de que se celebre, en otros casos comprobaras lo que son casos de amnesia espec\u00edfica que no mejorar\u00e1 con el tiempo.<\/p>\n\n\n\n<p>&nbsp;&nbsp;&nbsp;&nbsp;&nbsp;&nbsp;&nbsp;&nbsp;&nbsp;&nbsp;&nbsp;&nbsp;&nbsp; Coloca las llaves del coche lo m\u00e1s lejos posible del lugar en que realices la fiesta, en otro caso, una amable pareja de la Guardia Civil, tendr\u00e1 unas fiestas m\u00e1s felices que las tuyas.<\/p>\n\n\n\n<p>&nbsp;&nbsp;&nbsp;&nbsp;&nbsp;&nbsp;&nbsp;&nbsp;&nbsp;&nbsp;&nbsp;&nbsp;&nbsp; No abuses de roces con las parejas de tus amigos o conocidos, la excusa de la intoxicaci\u00f3n et\u00edlica, funciona hasta que des con el que reparte hostias como panes.<\/p>\n\n\n\n<p>&nbsp;&nbsp;&nbsp;&nbsp;&nbsp;&nbsp;&nbsp;&nbsp;&nbsp;&nbsp;&nbsp;&nbsp;&nbsp; A la inversa, que sepas que ning\u00fan grado de alcoholemia es aceptable como para permitir que soben a tu pareja.<\/p>\n\n\n\n<p>&nbsp;&nbsp;&nbsp;&nbsp;&nbsp;&nbsp;&nbsp;&nbsp;&nbsp;&nbsp;&nbsp;&nbsp;&nbsp; Recuerda que la fidelidad es imprescindible para sobrevivir a este evento, no le seas infiel a la bebida que tomes, si lo haces con m\u00e1s de una bebida, la trompa va a ser comatosa.<\/p>\n\n\n\n<p>&nbsp;&nbsp;&nbsp;&nbsp;&nbsp;&nbsp;&nbsp;&nbsp;&nbsp;&nbsp;&nbsp;&nbsp;&nbsp; Recuerda, que si por la ingesti\u00f3n de alcohol, acabas despert\u00e1ndote con otra persona que no es tu pareja, preg\u00fantate, en que cama esta ahora tu pareja.<\/p>\n\n\n\n<p>&nbsp;&nbsp;&nbsp;&nbsp;&nbsp;&nbsp;&nbsp;&nbsp;&nbsp;&nbsp;&nbsp;&nbsp;&nbsp; Nunca le digas a tu pareja que con el a\u00f1o Nuevo vas a cambiar, mejor omitir que mentir. Sale m\u00e1s barato.<\/p>\n\n\n\n<p>&nbsp;&nbsp;&nbsp;&nbsp;&nbsp;&nbsp;&nbsp;&nbsp;&nbsp;&nbsp;&nbsp;&nbsp;&nbsp; Cualquier promesa realizada en esos momentos en que no tienes lucidez ni conocimiento, ser\u00e1 tan v\u00e1lida y castigada como la dicha ante un Juez, en d\u00edas de rayana claridad.&nbsp;&nbsp;&nbsp;&nbsp;&nbsp;&nbsp;&nbsp; Comprueba los preservativos, Dius, sistemas de contracepci\u00f3n, etc. los hijos de la euforia, hay que mantenerlos como a los otros.<\/p>\n\n\n\n<p>&nbsp;&nbsp;&nbsp;&nbsp;&nbsp;&nbsp;&nbsp;&nbsp;&nbsp;&nbsp;&nbsp;&nbsp;&nbsp; Si crees que el futuro se presenta esplendoroso, para, ya has llegado al l\u00edmite de tu capacidad de soportar el alcohol.<\/p>\n\n\n\n<p>&nbsp;&nbsp;&nbsp;&nbsp;&nbsp;&nbsp;&nbsp;&nbsp;&nbsp;&nbsp;&nbsp;&nbsp;&nbsp; Si cuando despiertas crees que vas a morirte, no te preocupes, no tendr\u00e1s esa suerte.<\/p>\n\n\n\n<p>&nbsp;&nbsp;&nbsp;&nbsp;&nbsp;&nbsp;&nbsp;&nbsp;&nbsp;&nbsp;&nbsp;&nbsp;&nbsp; Fragmentos del Libro \u201cSobrevivir en Momentos de Capacidad Cerebral Nula\u201d, de Pedro Casiano Gonz\u00e1lez Cuevas, Diciembre de 2.017<\/p>\n","protected":false},"excerpt":{"rendered":"<p>LOS BUENOS PROPOSITOS Y LA REALIDAD. PERDONEN LAS MOLESTIAS. (Politraumatismos contundentes causados en las celebraciones de Fin de A\u00f1o Estimados Amigos\/as, s\u00edrvame estas l\u00edneas para desearos Feliz A\u00f1o Nuevo, un a\u00f1o de prosperidad y lleno de bondades para todos, no obstante, he de hacer algunas precisiones, debido, no a mi inteligencia rayana en el encefalograma &hellip; <\/p>\n<p class=\"link-more\"><a href=\"https:\/\/pedrocasiano.es\/?page_id=4456\" class=\"more-link\">Leer m\u00e1s<span class=\"screen-reader-text\"> \u00abLos Buenos Prop\u00f3sitos y la Realidad\u00bb<\/span><\/a><\/p>\n","protected":false},"author":1,"featured_media":0,"parent":0,"menu_order":0,"comment_status":"closed","ping_status":"closed","template":"","meta":{"inspiro_hide_title":false,"footnotes":""},"class_list":["post-4456","page","type-page","status-publish","hentry"],"featured_media_urls":[],"_links":{"self":[{"href":"https:\/\/pedrocasiano.es\/index.php?rest_route=\/wp\/v2\/pages\/4456","targetHints":{"allow":["GET"]}}],"collection":[{"href":"https:\/\/pedrocasiano.es\/index.php?rest_route=\/wp\/v2\/pages"}],"about":[{"href":"https:\/\/pedrocasiano.es\/index.php?rest_route=\/wp\/v2\/types\/page"}],"author":[{"embeddable":true,"href":"https:\/\/pedrocasiano.es\/index.php?rest_route=\/wp\/v2\/users\/1"}],"replies":[{"embeddable":true,"href":"https:\/\/pedrocasiano.es\/index.php?rest_route=%2Fwp%2Fv2%2Fcomments&post=4456"}],"version-history":[{"count":2,"href":"https:\/\/pedrocasiano.es\/index.php?rest_route=\/wp\/v2\/pages\/4456\/revisions"}],"predecessor-version":[{"id":5353,"href":"https:\/\/pedrocasiano.es\/index.php?rest_route=\/wp\/v2\/pages\/4456\/revisions\/5353"}],"wp:attachment":[{"href":"https:\/\/pedrocasiano.es\/index.php?rest_route=%2Fwp%2Fv2%2Fmedia&parent=4456"}],"curies":[{"name":"wp","href":"https:\/\/api.w.org\/{rel}","templated":true}]}}