{"id":4448,"date":"2024-02-26T09:12:11","date_gmt":"2024-02-26T09:12:11","guid":{"rendered":"https:\/\/pedrocasiano.es\/?page_id=4448"},"modified":"2024-03-04T10:10:19","modified_gmt":"2024-03-04T10:10:19","slug":"felices-fiestas-2022","status":"publish","type":"page","link":"https:\/\/pedrocasiano.es\/?page_id=4448","title":{"rendered":"Felices Fiestas 2022"},"content":{"rendered":"\n<figure class=\"wp-block-image alignleft size-large is-resized\"><img decoding=\"async\" width=\"1024\" height=\"853\" data-src=\"https:\/\/pedrocasiano.es\/wp-content\/uploads\/2024\/02\/christmas-2971961_1280-1024x853.jpg\" alt=\"\" class=\"wp-image-4449 lazyload\" style=\"--smush-placeholder-width: 1024px; --smush-placeholder-aspect-ratio: 1024\/853;width:474px;height:auto\" src=\"data:image\/svg+xml;base64,PHN2ZyB3aWR0aD0iMSIgaGVpZ2h0PSIxIiB4bWxucz0iaHR0cDovL3d3dy53My5vcmcvMjAwMC9zdmciPjwvc3ZnPg==\" \/><\/figure>\n\n\n\n<p>Aquel que me conozca, sabe que no soy persona de celebraciones ni fiestas, de alharacas y tertulianos, con lo que la llegada de estos d\u00edas, siempre bien recibidos, no supone para mi algo que necesite ser anotado en el libro de los cien mejores sucesos, pero dicho esto, que a cualquier o\u00eddo puede sonar de persona desabrida y cascarrabias, no es menos cierto, que tambi\u00e9n, en alg\u00fan lugar, del que ya no tengo memoria, pero s\u00e9 que est\u00e1 ah\u00ed, suenan esas camp\u00e1nulas que nunca desaparecen, que en su d\u00eda fueron m\u00e1s sonoras y halag\u00fce\u00f1as, y que ahora, cuando en la mesa de las navidades hay m\u00e1s sillas vac\u00edas que llenas, se golpean en acolchado, perdiendo su sonoridad, su m\u00fasica, su encanto, pero a pesar de todo, sencilla, humildemente,&nbsp; suenan, y por ello, a pesar de mi apat\u00eda navide\u00f1a, me compelen a que a aquellos que me han acompa\u00f1ado durante mucho tiempo, poco tiempo, o alguno, les felicite, y les haga comprender, si as\u00ed pudiera hacerlo, de que aprovechen los d\u00edas en familia, la compa\u00f1\u00eda de los seres queridos, el perd\u00f3n de lo malo acontecido, y el ensalzamiento de los buenos momentos.<\/p>\n\n\n\n<p>&nbsp;&nbsp;&nbsp;&nbsp;&nbsp;&nbsp;&nbsp;&nbsp;&nbsp;&nbsp;&nbsp;&nbsp;&nbsp; Sirva como excusa, o como divertimento, que se hermanen, aun m\u00e1s, con aquellos que est\u00e1n a su alrededor, que salvo los Herodes y dem\u00e1s, que siempre los hay, los dem\u00e1s no lo son, y que, si est\u00e1n ah\u00ed, es porque quieren, porque nos quieren, o simplemente porque alguien de los nuestros cocina estupendamente.<\/p>\n\n\n\n<p>&nbsp;&nbsp;&nbsp;&nbsp;&nbsp;&nbsp;&nbsp;&nbsp;&nbsp;&nbsp;&nbsp;&nbsp;&nbsp; Olvid\u00e9monos de los cu\u00f1ados, de las cu\u00f1adas, llam\u00e9moslos, aunque solo sea por un d\u00eda, por su nombre de pila, no hagamos risa pronunci\u00e1ndolos con sonidos de pocos dientes, y sonriamos sin esperar la patada, u esperando darla.<\/p>\n\n\n\n<p>&nbsp;&nbsp;&nbsp;&nbsp;&nbsp;&nbsp;&nbsp;&nbsp;&nbsp;&nbsp;&nbsp;&nbsp;&nbsp; En fin, \u00bfQu\u00e9 pido?, lo imposible, lo s\u00e9, pero tambi\u00e9n s\u00e9 que, si quer\u00e9is, pod\u00e9is hacerlo.<\/p>\n\n\n\n<p>&nbsp;&nbsp;&nbsp;&nbsp;&nbsp;&nbsp;&nbsp;&nbsp;&nbsp;&nbsp;&nbsp;&nbsp;&nbsp; FELICES FIESTAS<\/p>\n","protected":false},"excerpt":{"rendered":"<p>Aquel que me conozca, sabe que no soy persona de celebraciones ni fiestas, de alharacas y tertulianos, con lo que la llegada de estos d\u00edas, siempre bien recibidos, no supone para mi algo que necesite ser anotado en el libro de los cien mejores sucesos, pero dicho esto, que a cualquier o\u00eddo puede sonar de &hellip; <\/p>\n<p class=\"link-more\"><a href=\"https:\/\/pedrocasiano.es\/?page_id=4448\" class=\"more-link\">Leer m\u00e1s<span class=\"screen-reader-text\"> \u00abFelices Fiestas 2022\u00bb<\/span><\/a><\/p>\n","protected":false},"author":1,"featured_media":0,"parent":0,"menu_order":0,"comment_status":"closed","ping_status":"closed","template":"","meta":{"inspiro_hide_title":false,"footnotes":""},"class_list":["post-4448","page","type-page","status-publish","hentry"],"featured_media_urls":[],"_links":{"self":[{"href":"https:\/\/pedrocasiano.es\/index.php?rest_route=\/wp\/v2\/pages\/4448","targetHints":{"allow":["GET"]}}],"collection":[{"href":"https:\/\/pedrocasiano.es\/index.php?rest_route=\/wp\/v2\/pages"}],"about":[{"href":"https:\/\/pedrocasiano.es\/index.php?rest_route=\/wp\/v2\/types\/page"}],"author":[{"embeddable":true,"href":"https:\/\/pedrocasiano.es\/index.php?rest_route=\/wp\/v2\/users\/1"}],"replies":[{"embeddable":true,"href":"https:\/\/pedrocasiano.es\/index.php?rest_route=%2Fwp%2Fv2%2Fcomments&post=4448"}],"version-history":[{"count":3,"href":"https:\/\/pedrocasiano.es\/index.php?rest_route=\/wp\/v2\/pages\/4448\/revisions"}],"predecessor-version":[{"id":5568,"href":"https:\/\/pedrocasiano.es\/index.php?rest_route=\/wp\/v2\/pages\/4448\/revisions\/5568"}],"wp:attachment":[{"href":"https:\/\/pedrocasiano.es\/index.php?rest_route=%2Fwp%2Fv2%2Fmedia&parent=4448"}],"curies":[{"name":"wp","href":"https:\/\/api.w.org\/{rel}","templated":true}]}}