{"id":4444,"date":"2024-02-26T09:09:38","date_gmt":"2024-02-26T09:09:38","guid":{"rendered":"https:\/\/pedrocasiano.es\/?page_id=4444"},"modified":"2024-03-30T17:00:56","modified_gmt":"2024-03-30T17:00:56","slug":"faustino","status":"publish","type":"page","link":"https:\/\/pedrocasiano.es\/?page_id=4444","title":{"rendered":"Faustino"},"content":{"rendered":"\n<figure class=\"wp-block-image alignleft size-large is-resized\"><img decoding=\"async\" width=\"1024\" height=\"859\" data-src=\"https:\/\/pedrocasiano.es\/wp-content\/uploads\/2024\/02\/man-7819801_1280-1024x859.jpg\" alt=\"\" class=\"wp-image-4445 lazyload\" style=\"--smush-placeholder-width: 1024px; --smush-placeholder-aspect-ratio: 1024\/859;width:436px;height:auto\" src=\"data:image\/svg+xml;base64,PHN2ZyB3aWR0aD0iMSIgaGVpZ2h0PSIxIiB4bWxucz0iaHR0cDovL3d3dy53My5vcmcvMjAwMC9zdmciPjwvc3ZnPg==\" \/><\/figure>\n\n\n\n<p>Faustino se baj\u00f3 del autocar, hac\u00eda calor, tanto calor que le sobraba todo, pero era algo diferente al que conoc\u00eda, se pegaba al cuerpo, como si quisiera abrazarte aunque no lo desearas, y la marabunta que se alejaba hacia el horizonte.<\/p>\n\n\n\n<p>&nbsp;&nbsp;&nbsp;&nbsp;&nbsp;&nbsp;&nbsp;&nbsp;&nbsp;&nbsp;&nbsp;&nbsp;&nbsp; Mir\u00f3 la extensa l\u00ednea que se ofrec\u00eda ante \u00e9l, interminable, azul de dos colores, el del cielo y el del mar; parec\u00eda querer quemarle los ojos. Los entrecerr\u00f3 hasta que se acostumbr\u00f3 al fulgor extra\u00f1o que parec\u00eda sacado de un libro de fotograf\u00edas.<\/p>\n\n\n\n<p>&nbsp;&nbsp;&nbsp;&nbsp;&nbsp;&nbsp;&nbsp;&nbsp;&nbsp;&nbsp;&nbsp;&nbsp;&nbsp; Lo hab\u00eda visto en Internet, pero nada pod\u00eda adelantarle los olores, la salina, la h\u00fameda sensaci\u00f3n de una brisa desconocida; se quit\u00f3 los zapatos, la arena le quem\u00f3 las plantas, pero al poco se acostumbr\u00f3.<\/p>\n\n\n\n<p>&nbsp;&nbsp;&nbsp;&nbsp;&nbsp;&nbsp;&nbsp;&nbsp;&nbsp;&nbsp;&nbsp;&nbsp;&nbsp; Se acerc\u00f3 a la orilla como si fuera a entrar a misa, sinti\u00f3 el cosquilleo de la arena caliente como el caldo de la abuela, y vio como sal\u00eda de entre sus dedos, a la presi\u00f3n de su cuerpo. Sonri\u00f3.<\/p>\n\n\n\n<p>&nbsp;&nbsp;&nbsp;&nbsp;&nbsp;&nbsp;&nbsp;&nbsp;&nbsp;&nbsp;&nbsp;&nbsp;&nbsp; Se qued\u00f3 absorto sintiendo el soplo de aire salado que no hab\u00eda conocido, pero de la abstracci\u00f3n le saco el ruido del gent\u00edo que lo rodeaba, no lo hab\u00eda notado, pero la marabunta estaba all\u00ed, rode\u00e1ndolo todo de sombrillas, de ni\u00f1os que jugaban y colapsaban la sensaci\u00f3n con su algarab\u00eda.<\/p>\n\n\n\n<p>&nbsp;&nbsp;&nbsp;&nbsp;&nbsp;&nbsp;&nbsp;&nbsp;&nbsp;&nbsp;&nbsp;&nbsp;&nbsp; Camin\u00f3 por la playa con los zapatos en la mano, todo estaba lleno de gente que deambulaba por la orilla como el, de personas que parec\u00edan focas varadas en la arena, de extranjeros que luc\u00edan pieles quemadas con distintos grados de cocci\u00f3n, mujeres de cuerpos esbeltos al lado de viejas matronas que se proteg\u00edan del sol, apenas con los pies en el agua.<\/p>\n\n\n\n<p>&nbsp;&nbsp;&nbsp;&nbsp;&nbsp;&nbsp;&nbsp;&nbsp;&nbsp;&nbsp;&nbsp;&nbsp;&nbsp; El calor lo sofocaba, pero no se atrevi\u00f3 a quitarse la camisa, no quer\u00eda quemarse como los extranjeros que hab\u00eda visto, ni siquiera se arremang\u00f3 los pantalones, sinti\u00f3 el peso de las perneras mojadas, y su tacto h\u00famedo, extra\u00f1o, de agua salada, y de momento no le import\u00f3, sigui\u00f3 caminando.<\/p>\n\n\n\n<p>&nbsp;&nbsp;&nbsp;&nbsp;&nbsp;&nbsp;&nbsp;&nbsp;&nbsp;&nbsp;&nbsp;&nbsp;&nbsp; Unos ca\u00f1averales, y tras de ellos unas rocas, nadie all\u00ed, todos prefer\u00edan la arena que se acomodaba a su cuerpo, \u00e9l quer\u00eda contemplar el mar, quedarse con \u00e9l en la mente, aprovechar con su mirada cualquier momento que pudiera aprovechar.<\/p>\n\n\n\n<p>&nbsp;&nbsp;&nbsp;&nbsp;&nbsp;&nbsp;&nbsp;&nbsp;&nbsp;&nbsp;&nbsp;&nbsp;&nbsp; Se sent\u00f3 sobre una roca, y meti\u00f3 los pies en el agua, estaba fresca que no fr\u00eda, y la roca, verdinosa y plagada de conchas, era resbaladiza y cortante a la vez, pero no le import\u00f3.<\/p>\n\n\n\n<p>&nbsp;&nbsp;&nbsp;&nbsp;&nbsp;&nbsp;&nbsp;&nbsp;&nbsp;&nbsp;&nbsp;&nbsp;&nbsp; Baj\u00f3 la vista, mir\u00f3 el transparente cristal que formaba el agua y se asombr\u00f3 de los v\u00edvidos colores que le ofrec\u00eda, a pesar de trillada, hollada mil veces, era maravillosa, lapas, mejillones peque\u00f1os, y alg\u00fan t\u00edmido pececillo que huidizo pasaba no tan cerca como para poder tocarlo, sonri\u00f3 de nuevo.<\/p>\n\n\n\n<p>&nbsp;&nbsp;&nbsp;&nbsp;&nbsp;&nbsp;&nbsp;&nbsp;&nbsp;&nbsp;&nbsp;&nbsp;&nbsp; Levant\u00f3 la vista y mir\u00f3 de nuevo la l\u00ednea del horizonte, all\u00ed m\u00e1gicamente el mar se mec\u00eda formando un carrusel que no hubiera podido imaginar, reflejos de miles de colores sal\u00edan de las crestas de los pedazos de cristal que reflectaban en la luz fuerte y sofocante de un cielo tan azul que parec\u00eda artificial.<\/p>\n\n\n\n<p>&nbsp;&nbsp;&nbsp;&nbsp;&nbsp;&nbsp;&nbsp;&nbsp;&nbsp;&nbsp;&nbsp;&nbsp;&nbsp; All\u00ed en la lejan\u00eda vio una forma entre la borrosa bruma que produc\u00eda el calor, era un barco, parec\u00eda grande, aunque desde all\u00ed cualquier impresi\u00f3n pod\u00eda ser err\u00f3nea, observ\u00f3 c\u00f3mo se alejaba casi sin moverse, y pens\u00f3 \u00bfD\u00f3nde ira?, \u00bfde d\u00f3nde vendr\u00e1?, y se imagin\u00f3 lugares ex\u00f3ticos, caras extra\u00f1as, lenguajes ininteligibles y paisajes diferentes a los conocidos, y sinti\u00f3 el deseo de estar en aquel bajel que apenas si se ve\u00eda en el lejano horizonte.<\/p>\n\n\n\n<p>&nbsp;&nbsp;&nbsp;&nbsp;&nbsp;&nbsp;&nbsp;&nbsp;&nbsp;&nbsp;&nbsp;&nbsp;&nbsp; Pens\u00f3 en su tierra \u00e1rida y seca, donde arrancar el m\u00e1s m\u00ednimo matojo era una labor de titanes, el calor seco y duro que se met\u00eda en los pulmones, el aire sin humedad que terminaba de secarte por dentro, y durante un instante, quiz\u00e1s m\u00e1s, dese\u00f3 estar en aquel barco.<\/p>\n\n\n\n<p>&nbsp;&nbsp;&nbsp;&nbsp;&nbsp;&nbsp;&nbsp;&nbsp;&nbsp;&nbsp;&nbsp;&nbsp;&nbsp; Agua, todo agua, tanta agua, parec\u00eda imposible, una cosa es lo que ves en un v\u00eddeo en la red y otra sentirlo, verlo, no a trav\u00e9s de una pantalla, sino escuchando como suena, comprobando como se mueve, como si estuviera vivo, como si fuera la vida misma.<\/p>\n\n\n\n<p>&nbsp;&nbsp;&nbsp;&nbsp;&nbsp;&nbsp;&nbsp;&nbsp;&nbsp;&nbsp;&nbsp;&nbsp;&nbsp; \u00bfC\u00f3mo no lo hab\u00eda visto antes?, \u00bfC\u00f3mo no hab\u00eda venido?, no estaba tan lejos, oportunidades no le hab\u00edan faltado, pero nunca se hab\u00eda sentido especialmente atra\u00eddo por la inmensidad del mar que ahora le apabullaba con la profusi\u00f3n de colores, sonidos y olores.<\/p>\n\n\n\n<p>&nbsp;&nbsp;&nbsp;&nbsp;&nbsp;&nbsp;&nbsp;&nbsp;&nbsp;&nbsp;&nbsp;&nbsp;&nbsp; Y se perdi\u00f3 en la c\u00e1lida sensaci\u00f3n de la grandeza, de los colores, de la brisa que le tra\u00eda olores desconocidos, de la sal, que le produc\u00eda un cosquilleo cuando se secaba sobre su piel.<\/p>\n\n\n\n<p>&nbsp;&nbsp;&nbsp;&nbsp;&nbsp;&nbsp;&nbsp;&nbsp;&nbsp;&nbsp;&nbsp;&nbsp;&nbsp; No sab\u00eda nadar, lo m\u00e1s que hizo, fue dejarse caer entre las cortantes piedras, sinti\u00f3 como se le refrescaba el cuerpo, a pesar de ello no se quit\u00f3 la camisa, solo se dej\u00f3 el ba\u00f1ador que llevaba puesto, comi\u00f3 el bocadillo que tra\u00eda en la mochila, y sin darse cuenta el atardecer lleg\u00f3.<\/p>\n\n\n\n<p>&nbsp;&nbsp;&nbsp;&nbsp;&nbsp;&nbsp;&nbsp;&nbsp;&nbsp;&nbsp;&nbsp;&nbsp;&nbsp; El sol se despidi\u00f3 con un arrebato de colores, de sombras y luces, despidi\u00e9ndose del mar que le dec\u00eda que no se marchara, y en lo que pareci\u00f3 un segundo, desapareci\u00f3; mir\u00f3 el reloj, ya mismo volver\u00eda el autob\u00fas, de nuevo observ\u00f3 el horizonte ahora oscuro, pero bello en su oscuridad, y sinti\u00f3 algo que le impel\u00eda a quedarse, pero se levant\u00f3, sali\u00f3 del agua, y dej\u00f3 que se secara la ropa sobre su cuerpo; lentamente, cansinamente, volvi\u00f3 al lugar donde lo hab\u00edan dejado, y esper\u00f3 mientras todo se llenaba de gente, gir\u00f3 la cabeza y mir\u00f3 al mar, deseaba quedarse, pero\u2026 \u00e9l no era as\u00ed, agach\u00f3 la cabeza y se subi\u00f3 al autob\u00fas.<\/p>\n","protected":false},"excerpt":{"rendered":"<p>Faustino se baj\u00f3 del autocar, hac\u00eda calor, tanto calor que le sobraba todo, pero era algo diferente al que conoc\u00eda, se pegaba al cuerpo, como si quisiera abrazarte aunque no lo desearas, y la marabunta que se alejaba hacia el horizonte. &nbsp;&nbsp;&nbsp;&nbsp;&nbsp;&nbsp;&nbsp;&nbsp;&nbsp;&nbsp;&nbsp;&nbsp;&nbsp; Mir\u00f3 la extensa l\u00ednea que se ofrec\u00eda ante \u00e9l, interminable, azul de dos &hellip; <\/p>\n<p class=\"link-more\"><a href=\"https:\/\/pedrocasiano.es\/?page_id=4444\" class=\"more-link\">Leer m\u00e1s<span class=\"screen-reader-text\"> \u00abFaustino\u00bb<\/span><\/a><\/p>\n","protected":false},"author":1,"featured_media":0,"parent":0,"menu_order":0,"comment_status":"closed","ping_status":"closed","template":"","meta":{"inspiro_hide_title":false,"footnotes":""},"class_list":["post-4444","page","type-page","status-publish","hentry"],"featured_media_urls":[],"_links":{"self":[{"href":"https:\/\/pedrocasiano.es\/index.php?rest_route=\/wp\/v2\/pages\/4444","targetHints":{"allow":["GET"]}}],"collection":[{"href":"https:\/\/pedrocasiano.es\/index.php?rest_route=\/wp\/v2\/pages"}],"about":[{"href":"https:\/\/pedrocasiano.es\/index.php?rest_route=\/wp\/v2\/types\/page"}],"author":[{"embeddable":true,"href":"https:\/\/pedrocasiano.es\/index.php?rest_route=\/wp\/v2\/users\/1"}],"replies":[{"embeddable":true,"href":"https:\/\/pedrocasiano.es\/index.php?rest_route=%2Fwp%2Fv2%2Fcomments&post=4444"}],"version-history":[{"count":3,"href":"https:\/\/pedrocasiano.es\/index.php?rest_route=\/wp\/v2\/pages\/4444\/revisions"}],"predecessor-version":[{"id":6304,"href":"https:\/\/pedrocasiano.es\/index.php?rest_route=\/wp\/v2\/pages\/4444\/revisions\/6304"}],"wp:attachment":[{"href":"https:\/\/pedrocasiano.es\/index.php?rest_route=%2Fwp%2Fv2%2Fmedia&parent=4444"}],"curies":[{"name":"wp","href":"https:\/\/api.w.org\/{rel}","templated":true}]}}