{"id":4410,"date":"2024-02-25T10:39:38","date_gmt":"2024-02-25T10:39:38","guid":{"rendered":"https:\/\/pedrocasiano.es\/?page_id=4410"},"modified":"2024-02-29T10:21:08","modified_gmt":"2024-02-29T10:21:08","slug":"el-reino-cristiano-de-cordoba","status":"publish","type":"page","link":"https:\/\/pedrocasiano.es\/?page_id=4410","title":{"rendered":"El Reino Cristiano de C\u00f3rdoba"},"content":{"rendered":"\n<figure class=\"wp-block-image aligncenter size-large is-resized\"><img decoding=\"async\" width=\"1024\" height=\"853\" data-src=\"https:\/\/pedrocasiano.es\/wp-content\/uploads\/2024\/02\/cordoba-2009383_1280-1024x853.jpg\" alt=\"\" class=\"wp-image-4411 lazyload\" style=\"--smush-placeholder-width: 1024px; --smush-placeholder-aspect-ratio: 1024\/853;width:504px;height:auto\" src=\"data:image\/svg+xml;base64,PHN2ZyB3aWR0aD0iMSIgaGVpZ2h0PSIxIiB4bWxucz0iaHR0cDovL3d3dy53My5vcmcvMjAwMC9zdmciPjwvc3ZnPg==\" \/><\/figure>\n\n\n\n<p>Antes de nada, explicar que este relato no es de obligada lectura, que expreso mis opiniones como quiero, con lo cual admito que pueden no ser objetivas o acertadas, pero que nadie se ofenda, pues, con no seguir leyendo, problema terminado. Dicho esto, comienzo a relatar.<\/p>\n\n\n\n<p>&nbsp;&nbsp;&nbsp;&nbsp;&nbsp;&nbsp;&nbsp;&nbsp;&nbsp;&nbsp;&nbsp;&nbsp;&nbsp; En estos convulsos tiempos en los que todos acuden a sus ra\u00edces hist\u00f3ricas para sus nacionalismos, creo que trasnochados, cualquiera hace gala de motivaciones de independencia de tiempos anteriores a la fundaci\u00f3n de Espa\u00f1a como Reino, para argumentarlos.<\/p>\n\n\n\n<p>&nbsp;&nbsp;&nbsp;&nbsp;&nbsp;&nbsp;&nbsp;&nbsp;&nbsp;&nbsp;&nbsp;&nbsp;&nbsp; Algunos, no tienen ni siquiera eso, l\u00e9ase marcas catalanas, o patrias vascas, que me perdonen, no hablemos ya de otros que ni siquiera eso.<\/p>\n\n\n\n<p>&nbsp;&nbsp;&nbsp;&nbsp;&nbsp;&nbsp;&nbsp;&nbsp;&nbsp;&nbsp;&nbsp;&nbsp;&nbsp; Pero el motivo de este texto, no es denostar a nadie, sino simplemente hacer notar, que nosotros, pobres Cordobeses, olvidados de cualquiera, hijos de los V\u00e1ndalos (Andaluc\u00eda), nos podemos permitir un lujo que, a pesar de cualquiera, es f\u00e1cil de comprobar, el de haber sido, en mi ignorante suposici\u00f3n, el reino m\u00e1s duradero de los de la pen\u00ednsula, m\u00e1s que antiguo, el m\u00e1s longevo.<\/p>\n\n\n\n<p>&nbsp;&nbsp;&nbsp;&nbsp;&nbsp;&nbsp;&nbsp;&nbsp;&nbsp;&nbsp;&nbsp;&nbsp;&nbsp; Tratar\u00e9 de explicarme.<\/p>\n\n\n\n<p>&nbsp;&nbsp;&nbsp;&nbsp;&nbsp;&nbsp;&nbsp;&nbsp;&nbsp;&nbsp;&nbsp;&nbsp;&nbsp; De todos es bien conocida la fecha de creaci\u00f3n del Emirato independiente de C\u00f3rdoba, en el a\u00f1o 756, que dur\u00f3 hasta el 929, que despu\u00e9s, se convirti\u00f3 en Califato independiente, eso no hace falta saber mucho de matem\u00e1ticas, para que, sumando los reinos de Taifas nos de unos cuantos siglos, como reino (si, ya s\u00e9, que algunos dir\u00e1n Emirato, Califato, bueno, pues que traduzcan al espa\u00f1ol los t\u00e9rminos \u00e1rabes).<\/p>\n\n\n\n<p>&nbsp;&nbsp;&nbsp;&nbsp;&nbsp;&nbsp;&nbsp;&nbsp;&nbsp;&nbsp;&nbsp;&nbsp;&nbsp; Lo que es menos conocido, es que, con la reconquista, C\u00f3rdoba, si, la de los catetos que no trabajan, seg\u00fan los de la marca catalana, sigui\u00f3 siendo reino, bien que dependiente de Castilla, pero Reino al fin de al cabo.<\/p>\n\n\n\n<p>&nbsp;&nbsp;&nbsp;&nbsp;&nbsp;&nbsp;&nbsp;&nbsp;&nbsp;&nbsp;&nbsp;&nbsp;&nbsp; Algunos se preguntar\u00e1n, que ser\u00eda poco tiempo, la contestaci\u00f3n es f\u00e1cil, bastante poco, desde que Fernando III entr\u00f3 en ella, en 1.236, hasta 1.833, unos cuantos a\u00f1itos, calculen, que yo soy de letras.<\/p>\n\n\n\n<p>&nbsp;&nbsp;&nbsp;&nbsp;&nbsp;&nbsp;&nbsp;&nbsp;&nbsp;&nbsp;&nbsp;&nbsp;&nbsp; No faltar\u00e1 quien diga, que si simple divisi\u00f3n administrativa, que si esto, que si lo otro, pero la palabra \u201cReino\u201d, ah\u00ed est\u00e1, como decimos aqu\u00ed, r\u00e1etelo si puedes, aunque moleste.<\/p>\n\n\n\n<p>&nbsp;&nbsp;&nbsp;&nbsp;&nbsp;&nbsp;&nbsp;&nbsp;&nbsp;&nbsp;&nbsp;&nbsp;&nbsp; Holgazanes, peleones, hijos del Per, del latifundio y la pereza como nos quieren llamar los mercaderes del condado, pero aqu\u00ed Reino, hasta aburrir, y mira por donde, tan tranquilos, no tiramos de genotipo, que a algunos sorprender\u00eda, porque no es precisamente tan sure\u00f1o, como el de algunos del norte, ni de idiosincrasia, para diferenciarnos del resto y sentirnos superiores, pero\u2026 ah\u00ed queda.<\/p>\n\n\n\n<p>&nbsp;&nbsp;&nbsp;&nbsp;&nbsp;&nbsp;&nbsp;&nbsp;&nbsp;&nbsp;&nbsp;&nbsp;&nbsp; No me quiero extender, con el Reino de Sevilla, el de Granada, en fin, que, puestos a decir, hasta el valle de los Pedroches, fue reino independiente, con cuatro reyes.<\/p>\n\n\n\n<p>&nbsp;&nbsp;&nbsp;&nbsp;&nbsp;&nbsp;&nbsp;&nbsp;&nbsp;&nbsp;&nbsp;&nbsp;&nbsp; Dicho esto, de mi cosecha, a\u00f1ado datos, la mayor\u00eda de Wikipedia.<\/p>\n\n\n\n<p>&nbsp;&nbsp;&nbsp;&nbsp;&nbsp;&nbsp;&nbsp;&nbsp;&nbsp;&nbsp;&nbsp;&nbsp;&nbsp; El reino de C\u00f3rdoba, fue una jurisdicci\u00f3n territorial o provincial de la Corona de Castilla desde la reconquista hasta la Divisi\u00f3n territorial de Espa\u00f1a en 1833. Fue uno de los cuatro reinos de Andaluc\u00eda. Las localidades que lo compon\u00edan seg\u00fan el Catastro de Ensenada pueden verse en el anexo Localidades del Reino de C\u00f3rdoba.<\/p>\n\n\n\n<p>&nbsp;&nbsp;&nbsp;&nbsp;&nbsp;&nbsp;&nbsp;&nbsp;&nbsp;&nbsp;&nbsp;&nbsp;&nbsp; Desde el punto de vista jurisdiccional el territorio del reino de C\u00f3rdoba era realengo y se\u00f1orial. El realengo se centraba en torno a la ciudad de C\u00f3rdoba y sus alrededores, mientras que al norte y al sur de la capital exist\u00edan extensos se\u00f1or\u00edos territoriales de la Casa de Aguilar-Priego, la Casa de Cabra y del Condado de Santa Eufemia, as\u00ed como otros se\u00f1or\u00edos menores, como el Marquesado de Benamej\u00ed, el Condado de Luque y las posesiones de la Casa de Comares y de la Casa del Carpio.<\/p>\n\n\n\n<p>&nbsp;&nbsp;&nbsp;&nbsp;&nbsp;&nbsp;&nbsp;&nbsp;&nbsp;&nbsp;&nbsp;&nbsp;&nbsp; Eclesi\u00e1sticamente, el Reino depend\u00eda del Arzobispado de Toledo.<\/p>\n\n\n\n<p>&nbsp;&nbsp;&nbsp;&nbsp;&nbsp;&nbsp;&nbsp;&nbsp;&nbsp;&nbsp;&nbsp;&nbsp;&nbsp; El Reino de C\u00f3rdoba estaba dividido en cuatro partidos jurisdiccionales: el partido de C\u00f3rdoba, el partido del Carpio, el partido de Santa Eufemia, y el partido de los Pedroches.<\/p>\n\n\n\n<p>&nbsp;&nbsp;&nbsp;&nbsp;&nbsp;&nbsp;&nbsp;&nbsp;&nbsp;&nbsp;&nbsp;&nbsp;&nbsp; En el siglo XVIII en territorios de los reinos de C\u00f3rdoba se crearon las de Nuevas Poblaciones de Andaluc\u00eda.<\/p>\n\n\n\n<p>&nbsp;&nbsp;&nbsp;&nbsp;&nbsp;&nbsp;&nbsp;&nbsp;&nbsp;&nbsp;&nbsp;&nbsp;&nbsp; En 1833, tras 597 a\u00f1os de existencia, el Real Decreto de 30 de noviembre suprimi\u00f3 el reino de C\u00f3rdoba, cre\u00e1ndose la actual Provincia de C\u00f3rdoba, que se form\u00f3 uniendo las localidades del reino hom\u00f3nimo y los siguientes lugares de Extremadura: Belalc\u00e1zar, Fuente la Lancha, Hinojosa del Duque y Villanueva del Duque. Sin embargo, Chill\u00f3n y su aldea de Guadalmez, lugares pertenecientes al reino, pasaron a formar parte de la provincia de Ciudad Real. Asimismo, la nueva provincia incorpor\u00f3 dos enclaves del Reino de Ja\u00e9n que exist\u00edan en el reino de C\u00f3rdoba: Belmez (que inclu\u00eda Pe\u00f1arroya-Pueblonuevo, segregada en 1886) y Villafranca de C\u00f3rdoba, antes \u00abde las Agujas\u00bb.<\/p>\n\n\n\n<p>&nbsp;&nbsp;&nbsp;&nbsp;&nbsp;&nbsp;&nbsp;&nbsp;&nbsp;&nbsp;&nbsp;&nbsp;&nbsp; El Reino de C\u00f3rdoba seg\u00fan las Respuestas Generales del Catastro de Ensenada estaba compuesto por las siguientes localidades:<\/p>\n\n\n\n<p>Adamuz<\/p>\n\n\n\n<p>Aguilar (Aguilar de la Frontera)<\/p>\n\n\n\n<p>Alcaracejos (Alcaracexos)<\/p>\n\n\n\n<p>Alcine<\/p>\n\n\n\n<p>Aldea del R\u00edo, antigua aldea de Fuente Palmera, hoy Villa del R\u00edo.<\/p>\n\n\n\n<p>Almenara, localidad denominada en otra p\u00e1gina del Catastro Castillo de Almenara. Est\u00e1 situada entre las localidades sevillanas de Pe\u00f1aflor y la Puebla de los Infantes.<\/p>\n\n\n\n<p>Almod\u00f3var del R\u00edo<\/p>\n\n\n\n<p>A\u00f1ora, formaba parte del t\u00e9rmino com\u00fan de los Pedroches junto a: Pedroche, Torremilano, Torrecampo, Pozoblanco, Villanueva de C\u00f3rdoba y Alcaracejos<\/p>\n\n\n\n<p>Ardales (Hardales del R\u00edo), cortijo junto a Montoro.<\/p>\n\n\n\n<p>Ascalonias<\/p>\n\n\n\n<p>Baena<\/p>\n\n\n\n<p>Belmonte, despoblado en Bujalance<\/p>\n\n\n\n<p>Benamej\u00ed<\/p>\n\n\n\n<p>Bujalance (Buxalance)<\/p>\n\n\n\n<p>Cabra<\/p>\n\n\n\n<p>Ca\u00f1ete de las Torres<\/p>\n\n\n\n<p>Carcabuey (Carcabuei)<\/p>\n\n\n\n<p>Castro del R\u00edo<\/p>\n\n\n\n<p>Chill\u00f3n, hoy en la provincia de Ciudad Real<\/p>\n\n\n\n<p>Conquista<\/p>\n\n\n\n<p>C\u00f3rdoba (Cordova), con las 19 jurisdicciones despobladas que se hallan dentro de su t\u00e9rmino<\/p>\n\n\n\n<p>Cuartos de Pedro Carrillo&nbsp;&nbsp;&nbsp;&nbsp;&nbsp;&nbsp;&nbsp;&nbsp;&nbsp;&nbsp; (Los Quartos de Pedro Carrillo)<\/p>\n\n\n\n<p>Do\u00f1a Menc\u00eda<\/p>\n\n\n\n<p>El Carpio<\/p>\n\n\n\n<p>El Guijo<\/p>\n\n\n\n<p>El Viso (El Biso)<\/p>\n\n\n\n<p>Espejo (Espexo)<\/p>\n\n\n\n<p>Espiel, en Villaviciosa<\/p>\n\n\n\n<p>Fern\u00e1n N\u00fa\u00f1ez<\/p>\n\n\n\n<p>Fuente Obejuna (Fuentebexuna), con Balsequillo, Granxuela, Esparragosa, Blazquez, Prados, Cuenca, Coronadas, Canalejas, Argallon, Argalloncillo, El Ruvio, Piconcillo, Morenos, Cardenhosa, Posadilla, Navalcuerno, Domarcos, Ojuelos altos, Ojuelos baxos, Panchez, Alcornocal, Cumbre, Ca\u00f1ada del Gamo y Lovaton<\/p>\n\n\n\n<p>Guadalc\u00e1zar<\/p>\n\n\n\n<p>Hornachuelos<\/p>\n\n\n\n<p>Izn\u00e1jar<\/p>\n\n\n\n<p>La Rambla<\/p>\n\n\n\n<p>Lucena (Luzena)<\/p>\n\n\n\n<p>Luque<\/p>\n\n\n\n<p>Maestre Escuela Alta y Baja, en La Rambla<\/p>\n\n\n\n<p>Matachel (Bega Matachel y Haza de la Banda)<\/p>\n\n\n\n<p>Mingaobes, cortijo junto a Posadas.<\/p>\n\n\n\n<p>Montalb\u00e1n de C\u00f3rdoba (Montalvan)<\/p>\n\n\n\n<p>Montemayor&nbsp;&nbsp;&nbsp; (Montemaior)<\/p>\n\n\n\n<p>Montilla<\/p>\n\n\n\n<p>Montoro<\/p>\n\n\n\n<p>Monturque<\/p>\n\n\n\n<p>Moratalla, en Hornachuelos<\/p>\n\n\n\n<p>Morente, en Bujalance<\/p>\n\n\n\n<p>Obejo (Obexo)<\/p>\n\n\n\n<p>Palma del R\u00edo (Palma)<\/p>\n\n\n\n<p>Pedro Abad<\/p>\n\n\n\n<p>Pedroche<\/p>\n\n\n\n<p>Pe\u00f1aflor<\/p>\n\n\n\n<p>Posadas<\/p>\n\n\n\n<p>Pozoblanco<\/p>\n\n\n\n<p>Priego de C\u00f3rdoba<\/p>\n\n\n\n<p>Puente Genil (Puente Don Gonzalo)<\/p>\n\n\n\n<p>Rute<\/p>\n\n\n\n<p>San Sebasti\u00e1n de los Ballesteros<\/p>\n\n\n\n<p>Santa Cruz<\/p>\n\n\n\n<p>Santa Cruz de los Llanos, cerca de La Victoria.<\/p>\n\n\n\n<p>Santa Eufemia<\/p>\n\n\n\n<p>Santa Mar\u00eda de Trassierra&nbsp;&nbsp;&nbsp;&nbsp;&nbsp;&nbsp;&nbsp;&nbsp;&nbsp; (Santa Mar\u00eda de Trasierra)<\/p>\n\n\n\n<p>Santaella<\/p>\n\n\n\n<p>Silera (Silera de Albendin), en Valenzuela<\/p>\n\n\n\n<p>Torrecampo<\/p>\n\n\n\n<p>Torrefranca, en Dos Torres<\/p>\n\n\n\n<p>Torremilano, en Dos Torres<\/p>\n\n\n\n<p>Valenzuela (Balenzuela)<\/p>\n\n\n\n<p>Vega de Armijo (Bega de Armijo) en Montoro<\/p>\n\n\n\n<p>Villaharta&nbsp;&nbsp;&nbsp;&nbsp;&nbsp;&nbsp;&nbsp;&nbsp;&nbsp;&nbsp; (Villa Harta)<\/p>\n\n\n\n<p>Villanueva de C\u00f3rdoba (Villanueba de Cordova)<\/p>\n\n\n\n<p>Villanueva del Rey&nbsp;&nbsp;&nbsp;&nbsp;&nbsp;&nbsp;&nbsp;&nbsp;&nbsp; (Villanueva de C\u00e1rdenas)<\/p>\n\n\n\n<p>Villaralto<\/p>\n\n\n\n<p>Villaseca&nbsp;&nbsp;&nbsp;&nbsp;&nbsp;&nbsp;&nbsp;&nbsp;&nbsp;&nbsp;&nbsp;&nbsp; (Villa Seca)<\/p>\n\n\n\n<p>Villaverde<\/p>\n\n\n\n<p>Zuheros<\/p>\n","protected":false},"excerpt":{"rendered":"<p>Antes de nada, explicar que este relato no es de obligada lectura, que expreso mis opiniones como quiero, con lo cual admito que pueden no ser objetivas o acertadas, pero que nadie se ofenda, pues, con no seguir leyendo, problema terminado. Dicho esto, comienzo a relatar. &nbsp;&nbsp;&nbsp;&nbsp;&nbsp;&nbsp;&nbsp;&nbsp;&nbsp;&nbsp;&nbsp;&nbsp;&nbsp; En estos convulsos tiempos en los que todos &hellip; <\/p>\n<p class=\"link-more\"><a href=\"https:\/\/pedrocasiano.es\/?page_id=4410\" class=\"more-link\">Leer m\u00e1s<span class=\"screen-reader-text\"> \u00abEl Reino Cristiano de C\u00f3rdoba\u00bb<\/span><\/a><\/p>\n","protected":false},"author":1,"featured_media":0,"parent":0,"menu_order":0,"comment_status":"closed","ping_status":"closed","template":"","meta":{"inspiro_hide_title":false,"footnotes":""},"class_list":["post-4410","page","type-page","status-publish","hentry"],"featured_media_urls":[],"_links":{"self":[{"href":"https:\/\/pedrocasiano.es\/index.php?rest_route=\/wp\/v2\/pages\/4410","targetHints":{"allow":["GET"]}}],"collection":[{"href":"https:\/\/pedrocasiano.es\/index.php?rest_route=\/wp\/v2\/pages"}],"about":[{"href":"https:\/\/pedrocasiano.es\/index.php?rest_route=\/wp\/v2\/types\/page"}],"author":[{"embeddable":true,"href":"https:\/\/pedrocasiano.es\/index.php?rest_route=\/wp\/v2\/users\/1"}],"replies":[{"embeddable":true,"href":"https:\/\/pedrocasiano.es\/index.php?rest_route=%2Fwp%2Fv2%2Fcomments&post=4410"}],"version-history":[{"count":2,"href":"https:\/\/pedrocasiano.es\/index.php?rest_route=\/wp\/v2\/pages\/4410\/revisions"}],"predecessor-version":[{"id":5341,"href":"https:\/\/pedrocasiano.es\/index.php?rest_route=\/wp\/v2\/pages\/4410\/revisions\/5341"}],"wp:attachment":[{"href":"https:\/\/pedrocasiano.es\/index.php?rest_route=%2Fwp%2Fv2%2Fmedia&parent=4410"}],"curies":[{"name":"wp","href":"https:\/\/api.w.org\/{rel}","templated":true}]}}