{"id":4406,"date":"2024-02-25T10:35:56","date_gmt":"2024-02-25T10:35:56","guid":{"rendered":"https:\/\/pedrocasiano.es\/?page_id=4406"},"modified":"2024-03-01T07:43:56","modified_gmt":"2024-03-01T07:43:56","slug":"el-corona-virus-para-catetos","status":"publish","type":"page","link":"https:\/\/pedrocasiano.es\/?page_id=4406","title":{"rendered":"El Corona Virus, Para Catetos."},"content":{"rendered":"\n<figure class=\"wp-block-image alignleft size-large is-resized\"><img decoding=\"async\" width=\"1024\" height=\"853\" data-src=\"https:\/\/pedrocasiano.es\/wp-content\/uploads\/2024\/02\/alert-4960172_1280-1024x853.jpg\" alt=\"\" class=\"wp-image-4407 lazyload\" style=\"--smush-placeholder-width: 1024px; --smush-placeholder-aspect-ratio: 1024\/853;width:386px;height:auto\" src=\"data:image\/svg+xml;base64,PHN2ZyB3aWR0aD0iMSIgaGVpZ2h0PSIxIiB4bWxucz0iaHR0cDovL3d3dy53My5vcmcvMjAwMC9zdmciPjwvc3ZnPg==\" \/><\/figure>\n\n\n\n<p>Comencemos diciendo que no soy m\u00e9dico ni con los m\u00e1s m\u00ednimos conocimientos en esa rama del desconocimiento, tambi\u00e9n, refiero, que la presente, no es para personas con amplio bagaje cultura, ni con unos estudios doctorales, sino que, muy al contrario, va dirigido a personas que, como yo, apenas si alcanzan a llegar al mediod\u00eda con un poco de conocimiento.<\/p>\n\n\n\n<p>&nbsp;&nbsp;&nbsp;&nbsp;&nbsp;&nbsp;&nbsp;&nbsp;&nbsp;&nbsp;&nbsp;&nbsp;&nbsp; Siendo como son, las horas tempranas de la ma\u00f1ana, llego, por poco, a hacerme unas preguntas, que lejos de salir de una mente prodigiosa, nacen de lo que podemos tener aquellos a los que la vida no nos ha sonre\u00eddo nada m\u00e1s que con algo que se llama el sentido com\u00fan, algo, que creo que se pierde en aras del conocimiento.<\/p>\n\n\n\n<p>&nbsp;&nbsp;&nbsp;&nbsp;&nbsp;&nbsp;&nbsp;&nbsp;&nbsp;&nbsp;&nbsp;&nbsp;&nbsp; Vayamos a explayarnos, en lo que ya supongo que es motivo de risas en aquellos cuya inteligencia ocupa el lugar de la humanidad.<\/p>\n\n\n\n<p>&nbsp;&nbsp;&nbsp;&nbsp;&nbsp;&nbsp;&nbsp;&nbsp;&nbsp;&nbsp;&nbsp;&nbsp;&nbsp; Una pregunta, la primera, \u00bfno lo han visto venir?, \u00bfO no quer\u00edan que sus esclavos dejaran de trabajar?, a fuer de mal pensado, obvio la segunda, producto de mi mala fe.<\/p>\n\n\n\n<p>&nbsp;&nbsp;&nbsp;&nbsp;&nbsp;&nbsp;&nbsp;&nbsp;&nbsp;&nbsp;&nbsp;&nbsp;&nbsp; \u00bfHan confundido lo afectivo con lo efectivo?, me explico, los gobernantes y mandamases de este nuestro pa\u00eds, nos entregan a la ferocidad de la histeria, simplemente por no perder votos, que en el mayor de los casos es solo para seguir robando, por supuesto, lo de la efectividad quita votos. Mal asunto, en que pienso.<\/p>\n\n\n\n<p>&nbsp;&nbsp;&nbsp;&nbsp;&nbsp;&nbsp;&nbsp;&nbsp;&nbsp;&nbsp;&nbsp;&nbsp;&nbsp; \u00bfSe pod\u00eda parar el bicho en nuestro pa\u00eds? No. Sin comentarios.<\/p>\n\n\n\n<p>&nbsp;&nbsp;&nbsp;&nbsp;&nbsp;&nbsp;&nbsp;&nbsp;&nbsp;&nbsp;&nbsp;&nbsp;&nbsp; Una cosa que me preocupa, sin quitarle a cada uno su m\u00e9rito, \u00bfnuestros sanitarios no sab\u00edan lo que se avecinaba, por desidia o por falta de conocimientos?, esto lo hago extensivo a todos los estamentos de la c\u00fapula gobernante, que es la m\u00e1s grande conocida en la humanidad.<\/p>\n\n\n\n<p>&nbsp;&nbsp;&nbsp;&nbsp;&nbsp;&nbsp;&nbsp;&nbsp;&nbsp;&nbsp;&nbsp;&nbsp;&nbsp; Y lo que m\u00e1s me preocupa son dos inquietudes, tambi\u00e9n preguntas, que me imagino, pero no se o no quiero responder.<\/p>\n\n\n\n<p>&nbsp;&nbsp;&nbsp;&nbsp;&nbsp;&nbsp;&nbsp;&nbsp;&nbsp;&nbsp;&nbsp;&nbsp;&nbsp; La primera, \u00bfC\u00f3mo acabar\u00e1 todo esto?, siendo como es, que el virus no est\u00e1 incidiendo en la salud, sino en los estamentos que mantienen unida la sociedad. \u00bfC\u00f3mo emergeremos de esta?, por supuesto sin contar a los que se quedar\u00e1n en el camino, personas, empresas, sue\u00f1os, ilusiones, familias\u2026 incluso lo que no puedo imaginar.<\/p>\n\n\n\n<p>&nbsp;&nbsp;&nbsp;&nbsp;&nbsp;&nbsp;&nbsp;&nbsp;&nbsp;&nbsp;&nbsp;&nbsp;&nbsp; La segunda. Paremos un momento. La verdad en las teor\u00edas de la conspiraci\u00f3n.<\/p>\n\n\n\n<p>&nbsp;&nbsp;&nbsp;&nbsp;&nbsp;&nbsp;&nbsp;&nbsp;&nbsp;&nbsp;&nbsp;&nbsp;&nbsp; \u00bfQu\u00e9 es el Covid19? Un virus ARN monocatenario positivo (abreviado virus ARNmc+ o virus (+)ssRNA en ingl\u00e9s) es un virus que tiene \u00e1cido ribonucleico (ARN) de cadena sencilla de sentido positivo como material gen\u00e9tico y no se replica usando ADN intermedio.<\/p>\n\n\n\n<p>&nbsp;&nbsp;&nbsp;&nbsp;&nbsp;&nbsp;&nbsp;&nbsp;&nbsp;&nbsp;&nbsp;&nbsp;&nbsp; Las mol\u00e9culas de ARN no solo act\u00faan como intermediarias entre el ADN y las prote\u00ednas, sino que tienen funciones diversas, entre las que se encuentra la regulaci\u00f3n de la replicaci\u00f3n del ADN, la expresi\u00f3n de los genes, el procesado del ARNm\u2026 Por lo tanto, en muchos casos, tienen un papel importante en el desarrollo o evoluci\u00f3n de las enfermedades.<\/p>\n\n\n\n<p>&nbsp;&nbsp;&nbsp;&nbsp;&nbsp;&nbsp;&nbsp;&nbsp;&nbsp;&nbsp;&nbsp;&nbsp;&nbsp; El ARN desempe\u00f1a un papel central en todas las formas de vida. Una de sus funciones es servir de mensajero de material gen\u00e9tico en la c\u00e9lula y transferir informaci\u00f3n fundamental para que esta pueda producir las prote\u00ednas esenciales para sus funciones.<\/p>\n\n\n\n<p>&nbsp;&nbsp;&nbsp;&nbsp;&nbsp;&nbsp;&nbsp;&nbsp;&nbsp;&nbsp;&nbsp;&nbsp;&nbsp; Cynthia Sharma, ha descubierto que CRISPR no solo permite editar el ADN sino tambi\u00e9n el ARN.<\/p>\n\n\n\n<p>&nbsp;&nbsp;&nbsp;&nbsp;&nbsp;&nbsp;&nbsp;&nbsp;&nbsp;&nbsp;&nbsp;&nbsp;&nbsp; El CRISPR-Cas9, su nombre completo, se basa en el sistema inmune de bacterias que reconoce y corta el material gen\u00e9tico extra\u00f1o de los virus invasores y as\u00ed protege a las bacterias de la infecci\u00f3n. Ese era su funci\u00f3n, pero\u2026 quien crea, destruye. Quien quita, pone, quien crea transforma, destruye\u2026<\/p>\n\n\n\n<p>&nbsp;&nbsp;&nbsp;&nbsp;&nbsp;&nbsp;&nbsp;&nbsp;&nbsp;&nbsp;&nbsp;&nbsp;&nbsp; Este es solo uno de los m\u00e9todos, y no el m\u00e1s f\u00e1cil, para modificar ARN, que implica a casi todos los coronavirus, y lo que es m\u00e1s \u201cinteresante\u201d, a la mayor\u00eda de los virus con ARN, de cadena corta, incluso de 26 y 32 kilobases, o superior\u2026<strong><br><\/strong><\/p>\n","protected":false},"excerpt":{"rendered":"<p>Comencemos diciendo que no soy m\u00e9dico ni con los m\u00e1s m\u00ednimos conocimientos en esa rama del desconocimiento, tambi\u00e9n, refiero, que la presente, no es para personas con amplio bagaje cultura, ni con unos estudios doctorales, sino que, muy al contrario, va dirigido a personas que, como yo, apenas si alcanzan a llegar al mediod\u00eda con &hellip; <\/p>\n<p class=\"link-more\"><a href=\"https:\/\/pedrocasiano.es\/?page_id=4406\" class=\"more-link\">Leer m\u00e1s<span class=\"screen-reader-text\"> \u00abEl Corona Virus, Para Catetos.\u00bb<\/span><\/a><\/p>\n","protected":false},"author":1,"featured_media":0,"parent":0,"menu_order":0,"comment_status":"closed","ping_status":"closed","template":"","meta":{"inspiro_hide_title":false,"footnotes":""},"class_list":["post-4406","page","type-page","status-publish","hentry"],"featured_media_urls":[],"_links":{"self":[{"href":"https:\/\/pedrocasiano.es\/index.php?rest_route=\/wp\/v2\/pages\/4406","targetHints":{"allow":["GET"]}}],"collection":[{"href":"https:\/\/pedrocasiano.es\/index.php?rest_route=\/wp\/v2\/pages"}],"about":[{"href":"https:\/\/pedrocasiano.es\/index.php?rest_route=\/wp\/v2\/types\/page"}],"author":[{"embeddable":true,"href":"https:\/\/pedrocasiano.es\/index.php?rest_route=\/wp\/v2\/users\/1"}],"replies":[{"embeddable":true,"href":"https:\/\/pedrocasiano.es\/index.php?rest_route=%2Fwp%2Fv2%2Fcomments&post=4406"}],"version-history":[{"count":4,"href":"https:\/\/pedrocasiano.es\/index.php?rest_route=\/wp\/v2\/pages\/4406\/revisions"}],"predecessor-version":[{"id":5426,"href":"https:\/\/pedrocasiano.es\/index.php?rest_route=\/wp\/v2\/pages\/4406\/revisions\/5426"}],"wp:attachment":[{"href":"https:\/\/pedrocasiano.es\/index.php?rest_route=%2Fwp%2Fv2%2Fmedia&parent=4406"}],"curies":[{"name":"wp","href":"https:\/\/api.w.org\/{rel}","templated":true}]}}