{"id":4398,"date":"2024-02-25T10:29:42","date_gmt":"2024-02-25T10:29:42","guid":{"rendered":"https:\/\/pedrocasiano.es\/?page_id=4398"},"modified":"2024-03-01T07:45:46","modified_gmt":"2024-03-01T07:45:46","slug":"diario-de-un-moribundo","status":"publish","type":"page","link":"https:\/\/pedrocasiano.es\/?page_id=4398","title":{"rendered":"Diario De Un Moribundo"},"content":{"rendered":"\n<figure class=\"wp-block-image alignleft size-large is-resized\"><img decoding=\"async\" width=\"1024\" height=\"853\" data-src=\"https:\/\/pedrocasiano.es\/wp-content\/uploads\/2024\/02\/exercise-3403191_1280-1024x853.jpg\" alt=\"\" class=\"wp-image-4399 lazyload\" style=\"--smush-placeholder-width: 1024px; --smush-placeholder-aspect-ratio: 1024\/853;width:504px;height:auto\" src=\"data:image\/svg+xml;base64,PHN2ZyB3aWR0aD0iMSIgaGVpZ2h0PSIxIiB4bWxucz0iaHR0cDovL3d3dy53My5vcmcvMjAwMC9zdmciPjwvc3ZnPg==\" \/><\/figure>\n\n\n\n<p>Me acabo de reventar las piernas, dos horas en la m\u00e1quina de correr, o mejor dicho, en la m\u00e1quina peque\u00f1a hermana de la de la inquisici\u00f3n.<\/p>\n\n\n\n<p>&nbsp;&nbsp;&nbsp;&nbsp;&nbsp;&nbsp;&nbsp;&nbsp;&nbsp;&nbsp;&nbsp;&nbsp;&nbsp; Colesterol, triglic\u00e9ridos, az\u00facar\u2026 y mucho m\u00e1s, que no es cuesti\u00f3n de cansarme escribiendo, lo que de sobras conozco.<\/p>\n\n\n\n<p>&nbsp;&nbsp;&nbsp;&nbsp;&nbsp;&nbsp;&nbsp;&nbsp;&nbsp;&nbsp;&nbsp;&nbsp;&nbsp; Otro d\u00eda m\u00e1s, solo esperar, series en la tele, cartero que viene, \u00bftraer\u00e1 certificado?, hoy es s\u00e1bado, en teor\u00eda no, pero nunca se sabe, que por dar por el culo la administraci\u00f3n se hace nabillo.<\/p>\n\n\n\n<p>&nbsp;&nbsp;&nbsp;&nbsp;&nbsp;&nbsp;&nbsp;&nbsp;&nbsp;&nbsp;&nbsp;&nbsp;&nbsp; Ya he publicado en Facebook, en Instagram, y en su puta madre, para el caso que me hacen, tampoco es eso, es que soy individualista al m\u00e1ximo, los grupos los llevo yo solo, los alimento con material original m\u00edo, casi una proeza, pero estoy hasta el forro de los huevos, el d\u00eda que me levante atravesado, y son la mayor\u00eda, le van a dar por el culo a Cara libro y a su puta madre.<\/p>\n\n\n\n<p>&nbsp;&nbsp;&nbsp;&nbsp;&nbsp;&nbsp;&nbsp;&nbsp;&nbsp;&nbsp;&nbsp;&nbsp;&nbsp; Espero no pegarme hoy ninguna hostia, que tengo el mismo equilibrio que el mercado de futuros, me caigo en lo m\u00e1s llano, y ya el cuerpo no cura como cuando ten\u00eda\u2026 ya ni me acuerdo.<\/p>\n\n\n\n<p>&nbsp;&nbsp;&nbsp;&nbsp;&nbsp;&nbsp;&nbsp;&nbsp;&nbsp;&nbsp;&nbsp;&nbsp;&nbsp; Vaya barba que me estoy dejando, la leche, parezco el asesino de Cristo, pero \u00a1es tan c\u00f3moda!, eso s\u00ed, me da un aspecto de pordiosero que da miedo, pero a estas alturas \u00bftengo algo que aparentar?, no, soy la efigie representativa de los tiesos, no tengo ni donde caerme muerto, bueno eso s\u00ed, pero que me tiran a la basura tambi\u00e9n.<\/p>\n\n\n\n<p>&nbsp;&nbsp;&nbsp;&nbsp;&nbsp;&nbsp;&nbsp;&nbsp;&nbsp;&nbsp;&nbsp;&nbsp;&nbsp; Y aqu\u00ed estoy delante del teclado con la mano temblorosa, aprovechando que el Word tiene corrector, pues en otro caso, no me entend\u00eda ni yo, de tres letras que escribo suerte tengo si pongo dos en su sitio, la mano me tiembla, como si fuera pajillera, pero \u00a1que se le va a hacer!, cosas que traen los ictus, \u00bfo el ictus no tiene que ver nada?<\/p>\n\n\n\n<p>&nbsp;&nbsp;&nbsp;&nbsp;&nbsp;&nbsp;&nbsp;&nbsp;&nbsp;&nbsp;&nbsp;&nbsp;&nbsp; Recapitulemos, que la cabeza no va como en tiempos, casi ni va, las nieblas son cada d\u00eda mas espesas.<\/p>\n\n\n\n<p>&nbsp;&nbsp;&nbsp;&nbsp;&nbsp;&nbsp;&nbsp;&nbsp;&nbsp;&nbsp;&nbsp;&nbsp;&nbsp; \u00bfPor qu\u00e9 digo esto?, por la hija de la gran punta de la nueva pitufa especialista, la renacida del olimpo de los muertos mal curados, la del diagnostico disperso, y la sabidur\u00eda meridiana en el coeficiente cero.<\/p>\n\n\n\n<p>&nbsp;&nbsp;&nbsp;&nbsp;&nbsp;&nbsp;&nbsp;&nbsp;&nbsp;&nbsp;&nbsp;&nbsp;&nbsp; Me explico, que yo lo tengo medio claro, pero el lector, si corrijo alg\u00fan d\u00eda este escrito casu\u00edstico, no se va a enterar de una mierda.<\/p>\n\n\n\n<p>&nbsp;&nbsp;&nbsp;&nbsp;&nbsp;&nbsp;&nbsp;&nbsp;&nbsp;&nbsp;&nbsp;&nbsp;&nbsp; Llevo ya tiempo jodido, bastante, casi cuatro a\u00f1os, declarados, m\u00e1s en callada y silente podredumbre, he perdido mis empresas, me he arruinado, la seguridad social, una vez que no tengo nada, me da el alta, dos a\u00f1os sin ver un duro, viviendo de la beneficencia de utilizar arma larga con los amigos, y van hace cuatro o cinco meses que he tenido un ictus, hace ya tiemp0o.<\/p>\n\n\n\n<p>&nbsp;&nbsp;&nbsp;&nbsp;&nbsp;&nbsp;&nbsp;&nbsp;&nbsp;&nbsp;&nbsp;&nbsp;&nbsp; \u00a1Bien, viva!, la medicina funciona, los m\u00e9dicos son unos monstruos, pero de los que dan miedo, m\u00e1s bien, p\u00e1nico.<\/p>\n\n\n\n<p>&nbsp;&nbsp;&nbsp;&nbsp;&nbsp;&nbsp;&nbsp;&nbsp;&nbsp;&nbsp;&nbsp;&nbsp;&nbsp; Ahora todo cambia, no son solo las vertebras que tengo jodidas, en las cuales he perdido el Disco intervertebral, la C2, C3, C4, C5, y que me est\u00e1n matando, ni la rotoescoliosis, la columna retorcida, mucho menos la diabetes mellitus, ni los 780 en triglic\u00e9ridos, ni siquiera el colon irritable con falta de ves\u00edcula, que me produce incontinencia, ni tan siquiera los continuos golpes, zarpazos que me doy en lo m\u00e1s llano, ni la artrosis, ahorra tambi\u00e9n, el pu\u00f1etero Ictus.<\/p>\n\n\n\n<p>&nbsp;&nbsp;&nbsp;&nbsp;&nbsp;&nbsp;&nbsp;&nbsp;&nbsp;&nbsp;&nbsp;&nbsp;&nbsp; Estoy hecho de recortes de quir\u00f3fano, pero lo m\u00e1s gracioso, para los dem\u00e1s, a mi me jode, es que no tengo dos diagn\u00f3sticos iguales, cada uno a su puta bola, y la casa sin barrer.<\/p>\n\n\n\n<p>&nbsp;&nbsp;&nbsp;&nbsp;&nbsp;&nbsp;&nbsp;&nbsp;&nbsp;&nbsp;&nbsp;&nbsp;&nbsp; Y \u00a1Sorpresa, sorpresa!, el circo no ha terminado, consulta de delegada de los dioses, la Enana con \u00ednfulas, cuatro minutos, sabihondilla, rid\u00edcula de aspecto, y con cara de haber descubierto que el resto de los mortales solo estamos aqu\u00ed a efectos de poder jugar con nuestros cuerpos.<\/p>\n\n\n\n<p>&nbsp;&nbsp;&nbsp;&nbsp;&nbsp;&nbsp;&nbsp;&nbsp;&nbsp;&nbsp;&nbsp;&nbsp;&nbsp; Abre la boca, como si de ella saliera lo m\u00e1s surtido del or\u00e1culo, cuatro minutos, ni ha llegado, y emite el memor\u00e1ndum de la sabidur\u00eda m\u00e9dica, m\u00e1s bien de la humanidad, en suma.<\/p>\n\n\n\n<p>\u201cTodo es de la mente, \u00bfest\u00e1 usted yendo al psiquiatra?<\/p>\n\n\n\n<p>-Si, le contesto, pero\u2026<\/p>\n\n\n\n<p>&nbsp;&nbsp;&nbsp;&nbsp;&nbsp;&nbsp;&nbsp;&nbsp;&nbsp;&nbsp;&nbsp;&nbsp;&nbsp; Me mira contrariada, calla, y me observa fijamente como si fuera una ameba con displasia.<\/p>\n\n\n\n<p>-La mente, lo he observado, sus temblores, son producto de su mente.<\/p>\n\n\n\n<p>-Pero, y el Ictus.<\/p>\n\n\n\n<p>-Es normal con su estilo de vida, adem\u00e1s no le afecta en nada, la naturaleza al o\u00edrlo se para, posiblemente tenga que revertir mi ictus, para ponerse de acuerdo con las doctas palabras del prodigio del conocimiento.<\/p>\n\n\n\n<p>&nbsp;&nbsp;&nbsp;&nbsp;&nbsp;&nbsp;&nbsp;&nbsp;&nbsp;&nbsp;&nbsp;&nbsp;&nbsp; Unos segundos, y pienso \u201cno bebo, solo fumaba, no he trasnochado si no ha sido para trabajar, y he reventado d\u00eda a d\u00eda, \u00bfese estilo de vida es pecaminoso, o se merece que me desprecien por \u00e9l?<\/p>\n\n\n\n<p>-Tambi\u00e9n tengo dos zonas con multitud de infartos cerebrales.<\/p>\n\n\n\n<p>&nbsp;&nbsp;&nbsp;&nbsp;&nbsp;&nbsp;&nbsp;&nbsp;&nbsp;&nbsp;&nbsp;&nbsp;&nbsp; Levanta uno de los labios con sorna.<\/p>\n\n\n\n<p>-Eso es normal.<\/p>\n\n\n\n<p>-O sea, pregunto, demencia senil.<\/p>\n\n\n\n<p>&nbsp;&nbsp;&nbsp;&nbsp;&nbsp;&nbsp;&nbsp;&nbsp;&nbsp;&nbsp;&nbsp;&nbsp;&nbsp; Vuelve a levantar la comisura, sonr\u00ede, pero no contesta, como si lo deseara.<\/p>\n\n\n\n<p>-Pero la columna.<\/p>\n\n\n\n<p>-Ah\u00ed no tiene nada.<\/p>\n\n\n\n<p>-Pero el m\u00e9dico dice que sale borrosa la resonancia.<\/p>\n\n\n\n<p>-Pero tambi\u00e9n dice que no ve nada anormal.<\/p>\n\n\n\n<p>-Entonces, \u00bfme he curado?<\/p>\n\n\n\n<p>&nbsp;&nbsp;&nbsp;&nbsp;&nbsp;&nbsp;&nbsp;&nbsp;&nbsp;&nbsp;&nbsp;&nbsp;&nbsp; Sonr\u00ede con desprecio.<\/p>\n\n\n\n<p>-Ser\u00eda el primer caso.<\/p>\n\n\n\n<p>-Pues en la primera resonancia aparece perfectamente.<\/p>\n\n\n\n<p>&#8211; \u00bfLa hizo en la seguridad social?<\/p>\n\n\n\n<p>-No, por privado, le contesto, pero en el mismo lugar al que mand\u00e1is a la gente cuando no dais abasto, o se estropean vuestras m\u00e1quinas.<\/p>\n\n\n\n<p>-Eso no es importante, yo solo tengo la que se ha hecho aqu\u00ed, e indica eso.<\/p>\n\n\n\n<p>&nbsp;&nbsp;&nbsp;&nbsp;&nbsp;&nbsp;&nbsp;&nbsp;&nbsp;&nbsp;&nbsp;&nbsp;&nbsp; Me mira con m\u00e1s arrogancia aun, como pregunt\u00e1ndose, como un tripanosoma cordobensis tiene el valor de intentar refutar la sagrada palabra que sale de su garganta, cree en ese momento que la inquisici\u00f3n era algo que no deb\u00eda de haber desaparecido.<\/p>\n\n\n\n<p>-Esta es la v\u00e1lida, y se\u00f1ala a la pantalla de un monitor, del que creo que no se ha dado cuenta, solo puede ver ella, pero nadie duda de su inteligencia, rayana en la omnisciencia.<\/p>\n\n\n\n<p>&#8211; \u00bfY las ca\u00eddas?, pregunto en mi inocencia, y por el dolor que me causan.<\/p>\n\n\n\n<p>-Psicol\u00f3gico.<\/p>\n\n\n\n<p>-En ese caso, \u00bfdejo las pastillas que su predecesora me mando para evitar otro ictus?<\/p>\n\n\n\n<p>-No, contin\u00fae con ellas.<\/p>\n\n\n\n<p>-Pero\u2026<\/p>\n\n\n\n<p>&nbsp;&nbsp;&nbsp;&nbsp;&nbsp;&nbsp;&nbsp;&nbsp;&nbsp;&nbsp;&nbsp;&nbsp;&nbsp; Me mira como si fuera un ni\u00f1o subnormal al que hay que guiar hasta para sacud\u00edrsela.<\/p>\n\n\n\n<p>&#8211; \u00bfY la rehabilitaci\u00f3n?, si es mental, no tiene sentido que la haga\u2026<\/p>\n\n\n\n<p>-Sigue con ella, ya me ha perdido el m\u00ednimo respeto, me ningunea m\u00e1s, me tutea, cuando posiblemente\u2026 qu\u00e9 m\u00e1s da.<\/p>\n\n\n\n<p>-As\u00ed que\u2026.<\/p>\n\n\n\n<p>-Nada, nada, al psiquiatra, agacha la cabeza.<\/p>\n\n\n\n<p>&nbsp;&nbsp;&nbsp;&nbsp;&nbsp;&nbsp;&nbsp;&nbsp;&nbsp;&nbsp;&nbsp;&nbsp;&nbsp; Su tiempo conmigo ha terminado santa palabra, la pitonisa ha hablado, y los imperios e doblegan a sus profec\u00edas.<\/p>\n\n\n\n<p>&nbsp;&nbsp;&nbsp;&nbsp;&nbsp;&nbsp;&nbsp;&nbsp;&nbsp;&nbsp;&nbsp;&nbsp;&nbsp; La miro por \u00faltima vez, y siento pena por un mundo que ha creado seres como aquel, como el aborto sin sentimientos, que hace como que mira unos papeles que no contendr\u00e1n nada, solo esperando que mi mezquina presencia desaparezca.<strong><br><\/strong><\/p>\n","protected":false},"excerpt":{"rendered":"<p>Me acabo de reventar las piernas, dos horas en la m\u00e1quina de correr, o mejor dicho, en la m\u00e1quina peque\u00f1a hermana de la de la inquisici\u00f3n. &nbsp;&nbsp;&nbsp;&nbsp;&nbsp;&nbsp;&nbsp;&nbsp;&nbsp;&nbsp;&nbsp;&nbsp;&nbsp; Colesterol, triglic\u00e9ridos, az\u00facar\u2026 y mucho m\u00e1s, que no es cuesti\u00f3n de cansarme escribiendo, lo que de sobras conozco. &nbsp;&nbsp;&nbsp;&nbsp;&nbsp;&nbsp;&nbsp;&nbsp;&nbsp;&nbsp;&nbsp;&nbsp;&nbsp; Otro d\u00eda m\u00e1s, solo esperar, series en la tele, &hellip; <\/p>\n<p class=\"link-more\"><a href=\"https:\/\/pedrocasiano.es\/?page_id=4398\" class=\"more-link\">Leer m\u00e1s<span class=\"screen-reader-text\"> \u00abDiario De Un Moribundo\u00bb<\/span><\/a><\/p>\n","protected":false},"author":1,"featured_media":0,"parent":0,"menu_order":0,"comment_status":"closed","ping_status":"closed","template":"","meta":{"inspiro_hide_title":false,"footnotes":""},"class_list":["post-4398","page","type-page","status-publish","hentry"],"featured_media_urls":[],"_links":{"self":[{"href":"https:\/\/pedrocasiano.es\/index.php?rest_route=\/wp\/v2\/pages\/4398","targetHints":{"allow":["GET"]}}],"collection":[{"href":"https:\/\/pedrocasiano.es\/index.php?rest_route=\/wp\/v2\/pages"}],"about":[{"href":"https:\/\/pedrocasiano.es\/index.php?rest_route=\/wp\/v2\/types\/page"}],"author":[{"embeddable":true,"href":"https:\/\/pedrocasiano.es\/index.php?rest_route=\/wp\/v2\/users\/1"}],"replies":[{"embeddable":true,"href":"https:\/\/pedrocasiano.es\/index.php?rest_route=%2Fwp%2Fv2%2Fcomments&post=4398"}],"version-history":[{"count":2,"href":"https:\/\/pedrocasiano.es\/index.php?rest_route=\/wp\/v2\/pages\/4398\/revisions"}],"predecessor-version":[{"id":5428,"href":"https:\/\/pedrocasiano.es\/index.php?rest_route=\/wp\/v2\/pages\/4398\/revisions\/5428"}],"wp:attachment":[{"href":"https:\/\/pedrocasiano.es\/index.php?rest_route=%2Fwp%2Fv2%2Fmedia&parent=4398"}],"curies":[{"name":"wp","href":"https:\/\/api.w.org\/{rel}","templated":true}]}}