{"id":4394,"date":"2024-02-25T10:26:56","date_gmt":"2024-02-25T10:26:56","guid":{"rendered":"https:\/\/pedrocasiano.es\/?page_id=4394"},"modified":"2024-03-01T07:46:34","modified_gmt":"2024-03-01T07:46:34","slug":"de-nuevo-estamos-aqui","status":"publish","type":"page","link":"https:\/\/pedrocasiano.es\/?page_id=4394","title":{"rendered":"De Nuevo Estamos Aqu\u00ed"},"content":{"rendered":"\n<figure class=\"wp-block-image alignleft size-large is-resized\"><img decoding=\"async\" width=\"1024\" height=\"853\" data-src=\"https:\/\/pedrocasiano.es\/wp-content\/uploads\/2024\/02\/angry-6319463_1280-1024x853.jpg\" alt=\"\" class=\"wp-image-4395 lazyload\" style=\"--smush-placeholder-width: 1024px; --smush-placeholder-aspect-ratio: 1024\/853;width:448px;height:auto\" src=\"data:image\/svg+xml;base64,PHN2ZyB3aWR0aD0iMSIgaGVpZ2h0PSIxIiB4bWxucz0iaHR0cDovL3d3dy53My5vcmcvMjAwMC9zdmciPjwvc3ZnPg==\" \/><\/figure>\n\n\n\n<p>De nuevo estamos aqu\u00ed, m\u00e1s cansado, m\u00e1s harto de todo, m\u00e1s enfadado con el mundo y enfrentado con la mayor\u00eda de los que se llaman humanos.<\/p>\n\n\n\n<p>&nbsp;&nbsp;&nbsp;&nbsp;&nbsp;&nbsp;&nbsp;&nbsp;&nbsp;&nbsp;&nbsp;&nbsp;&nbsp; \u00bfPor qu\u00e9?<\/p>\n\n\n\n<p>&nbsp;&nbsp;&nbsp;&nbsp;&nbsp;&nbsp;&nbsp;&nbsp;&nbsp;&nbsp;&nbsp;&nbsp;&nbsp; \u00bfQuiz\u00e1s porque veo con extra\u00f1eza como los que nos ten\u00edan que proteger se protegen ellos sin pensar en nada m\u00e1s?, \u00bfy esos animales de bellota, son los que tienen que defender el bien com\u00fan?, vaya estupidez, simplemente dej\u00e9monos morir sin importarnos nada, como ahora mismo hacemos.<\/p>\n\n\n\n<p>&nbsp;&nbsp;&nbsp;&nbsp;&nbsp;&nbsp;&nbsp;&nbsp;&nbsp;&nbsp;&nbsp;&nbsp;&nbsp; Vacuna que se va a tirar, al pol\u00edtico de mierda va a parar, que casualidad.<\/p>\n\n\n\n<p>&nbsp;&nbsp;&nbsp;&nbsp;&nbsp;&nbsp;&nbsp;&nbsp;&nbsp;&nbsp;&nbsp;&nbsp;&nbsp; Me asquea como ahora mismo nos maltratan aquellos que nos tienen que proteger, y lo m\u00e1s asqueroso, no es que lo hagan, nuestro pa\u00eds es as\u00ed, sino que lo realicen con la m\u00e1s absoluta indecencia, ri\u00e9ndose de nosotros en nuestra cara. Putos corderos.<\/p>\n\n\n\n<p>&nbsp;&nbsp;&nbsp;&nbsp;&nbsp;&nbsp;&nbsp;&nbsp;&nbsp;&nbsp;&nbsp;&nbsp;&nbsp; Somos eso, simplemente animales estabulados en una condici\u00f3n que permite que los gobernantes jueguen con nosotros m\u00e1s a\u00fan.<\/p>\n\n\n\n<p>&nbsp;&nbsp;&nbsp;&nbsp;&nbsp;&nbsp;&nbsp;&nbsp;&nbsp;&nbsp;&nbsp;&nbsp;&nbsp; No hablo del tema del confinamiento por la pandemia, creo que necesario\u2026 no lo s\u00e9, pero de ah\u00ed a que se aprovechen del mismo para desgobernar, dividir, destruir, crear un estado que nadie quiere\u2026 no lo s\u00e9, me huele a\u2026 \u00bfmierda?<\/p>\n\n\n\n<p>&nbsp;&nbsp;&nbsp;&nbsp;&nbsp;&nbsp;&nbsp;&nbsp;&nbsp;&nbsp;&nbsp;&nbsp;&nbsp; Que boca tengo, lo reconozco, no es forma de hablar, menos de escribir, pero si es por matizar, aunque que sea m\u00ednimamente el asco que me produce en lo que nos hemos convertido, que me estigmaticen, francamente me da igual a las alturas que estamos, solos, aunque acompa\u00f1ados, nos merecemos lo que nos pase, por muy terrible que sea.<\/p>\n","protected":false},"excerpt":{"rendered":"<p>De nuevo estamos aqu\u00ed, m\u00e1s cansado, m\u00e1s harto de todo, m\u00e1s enfadado con el mundo y enfrentado con la mayor\u00eda de los que se llaman humanos. &nbsp;&nbsp;&nbsp;&nbsp;&nbsp;&nbsp;&nbsp;&nbsp;&nbsp;&nbsp;&nbsp;&nbsp;&nbsp; \u00bfPor qu\u00e9? &nbsp;&nbsp;&nbsp;&nbsp;&nbsp;&nbsp;&nbsp;&nbsp;&nbsp;&nbsp;&nbsp;&nbsp;&nbsp; \u00bfQuiz\u00e1s porque veo con extra\u00f1eza como los que nos ten\u00edan que proteger se protegen ellos sin pensar en nada m\u00e1s?, \u00bfy esos animales de bellota, &hellip; <\/p>\n<p class=\"link-more\"><a href=\"https:\/\/pedrocasiano.es\/?page_id=4394\" class=\"more-link\">Leer m\u00e1s<span class=\"screen-reader-text\"> \u00abDe Nuevo Estamos Aqu\u00ed\u00bb<\/span><\/a><\/p>\n","protected":false},"author":1,"featured_media":0,"parent":0,"menu_order":0,"comment_status":"closed","ping_status":"closed","template":"","meta":{"inspiro_hide_title":false,"footnotes":""},"class_list":["post-4394","page","type-page","status-publish","hentry"],"featured_media_urls":[],"_links":{"self":[{"href":"https:\/\/pedrocasiano.es\/index.php?rest_route=\/wp\/v2\/pages\/4394","targetHints":{"allow":["GET"]}}],"collection":[{"href":"https:\/\/pedrocasiano.es\/index.php?rest_route=\/wp\/v2\/pages"}],"about":[{"href":"https:\/\/pedrocasiano.es\/index.php?rest_route=\/wp\/v2\/types\/page"}],"author":[{"embeddable":true,"href":"https:\/\/pedrocasiano.es\/index.php?rest_route=\/wp\/v2\/users\/1"}],"replies":[{"embeddable":true,"href":"https:\/\/pedrocasiano.es\/index.php?rest_route=%2Fwp%2Fv2%2Fcomments&post=4394"}],"version-history":[{"count":2,"href":"https:\/\/pedrocasiano.es\/index.php?rest_route=\/wp\/v2\/pages\/4394\/revisions"}],"predecessor-version":[{"id":5429,"href":"https:\/\/pedrocasiano.es\/index.php?rest_route=\/wp\/v2\/pages\/4394\/revisions\/5429"}],"wp:attachment":[{"href":"https:\/\/pedrocasiano.es\/index.php?rest_route=%2Fwp%2Fv2%2Fmedia&parent=4394"}],"curies":[{"name":"wp","href":"https:\/\/api.w.org\/{rel}","templated":true}]}}