{"id":4378,"date":"2024-02-25T10:13:43","date_gmt":"2024-02-25T10:13:43","guid":{"rendered":"https:\/\/pedrocasiano.es\/?page_id=4378"},"modified":"2024-03-26T05:52:42","modified_gmt":"2024-03-26T05:52:42","slug":"cronicas-de-un-viajero-forzoso-3-taiwan-i-parte","status":"publish","type":"page","link":"https:\/\/pedrocasiano.es\/?page_id=4378","title":{"rendered":"Cr\u00f3nicas de un Viajero forzoso 3 (Taiw\u00e1n I Parte)"},"content":{"rendered":"\n<figure class=\"wp-block-image alignleft size-large is-resized\"><img decoding=\"async\" width=\"1024\" height=\"1024\" data-src=\"https:\/\/pedrocasiano.es\/wp-content\/uploads\/2024\/02\/23000010_1530974526970207_6787307307827634604_o-1024x1024.jpg\" alt=\"\" class=\"wp-image-4379 lazyload\" style=\"--smush-placeholder-width: 1024px; --smush-placeholder-aspect-ratio: 1024\/1024;width:632px;height:auto\" src=\"data:image\/svg+xml;base64,PHN2ZyB3aWR0aD0iMSIgaGVpZ2h0PSIxIiB4bWxucz0iaHR0cDovL3d3dy53My5vcmcvMjAwMC9zdmciPjwvc3ZnPg==\" \/><\/figure>\n\n\n\n<p>Hoy no voy a dedicar el relato a re\u00edrme de situaciones o de penurias pasadas en mis viajes. Os voy a intentar transmitir parte de las sensaciones que se tienen cuando visitas una tierra extra\u00f1a, hoy va a ser Taiw\u00e1n.<\/p>\n\n\n\n<p>Mi primera visita a Taiw\u00e1n, fue en compa\u00f1\u00eda de un amigo m\u00edo que ya no est\u00e1 con nosotros, cosas de hacerse viejo, pues bien, era la primera vez que montaba en un avi\u00f3n de los transcontinentales, viaje a Madrid, a Heatrow, y de all\u00ed el enorme avi\u00f3n que nos llevar\u00eda de un tir\u00f3n a lo que en aquellos tiempos era colonia china, Hong Kong.<\/p>\n\n\n\n<p>Lo primero de los viajes largos, de los trasbordos, de las zonas horarias, es la sensaci\u00f3n de no saber d\u00f3nde est\u00e1s, como estas, en que momento vives, en un momento te sacan del adormilarse y es otro planeta, lo que era d\u00eda, ahora es noche, lo que eran unos colores, en poco tiempo se han transformado en otros distintos, totalmente distintos.<\/p>\n\n\n\n<p>El cansancio, el buscar siempre un cuarto de ba\u00f1o, el buscar en los interminables pasillos de los aeropuertos lugares donde fumar, donde picar algo,&nbsp; siempre a precios prohibitivos, de intentar dilucidar algo de lo carteles escritos en lenguas imposibles, y como nota com\u00fan, el sue\u00f1o, la sensaci\u00f3n de tener siempre la piel de gallina, de la incertidumbre, del traqueteo del avi\u00f3n cuando despega, del exhalar cuando libera las ruedas del suelo y todo se vuelve calmado y silencioso.<\/p>\n\n\n\n<p>Las personas a tu alrededor, apenas nadie, entonces menos a\u00fan, que hable tu lengua, te estoy hablando de tiempos en los que Espa\u00f1a era a\u00fan m\u00e1s desconocida que ahora, cuando salir de viaje a esos pa\u00edses era algo \u00e9pico, algo que hac\u00eda que los dem\u00e1s exclamaran que estabas loco.<\/p>\n\n\n\n<p>Y conoces, que tu ciudad es peque\u00f1a, que s\u00ed, que has estado en Paris, en Roma, que has visitado ciudades enormes, pero esto es otro concepto, incluso el antiguo y peligroso aeropuerto de Hong Kong, era una monstruosidad, que no por su tama\u00f1o, sino por las multitudes que se agolpaban para cualquier cosa.<\/p>\n\n\n\n<p>Te estoy hablando de cuando aterrizabas con esos enormes aviones, y ve\u00edas como las alas casi rozaban los edificios, y no es broma, cuando aterrizabas, lo \u00fanico que ten\u00edas en frente era el mar, y un enorme parachoques, para \u201cpor si acaso\u201d, cuando el piloto pisaba los frenos, como si le fuera la vida en ello, y era cierto, y la nuestra tambi\u00e9n, y el cintur\u00f3n de seguridad el \u201cSeatbelt\u201d, se te clavaba como si quisiera morderte dentro, y se te sal\u00edan los ojos viendo como el mar se acercaba, hasta que en un movimiento brusco, se paraba y respirabas, y pod\u00edas contener lo que intentaba salir por los orificios de tu cuerpo, que algunos pobres, sin distinguir nacionalidad, no pod\u00edan, y se liaba en aquellos aterrizajes la de San Quint\u00edn.<\/p>\n\n\n\n<p>Tiempo apenas para besar la tierra como el Papa, y salir disparado hacia otra terminal para coger el vuelo a Taip\u00e9i, un vuelo m\u00e1s corto, un vuelo en un avi\u00f3n m\u00e1s peque\u00f1o, pero no por ello menos sentido que el otro, apenas unas pocas horas y aterrizabas en un aeropuerto que era como una carnicer\u00eda gigantesca, todo lleno de azulejos blancos, enormes, y a diferencia del de Hong Kong, lleno de chinos de Taiw\u00e1n, militares, con ametralladoras en las manos, y una cara de mala leche que alucinabas, porque cuando un chino pone cara de mala leche, es que es el arquetipo del hijo de puta.<\/p>\n\n\n\n<p>Acojonado, sal\u00edas de Espa\u00f1a, que estaba bien y all\u00ed solo ve\u00edas unos enormes letreros&nbsp; que en ingles de andar por casa, y traduciendo, dec\u00edan:<\/p>\n\n\n\n<p>\u201cBienvenido Extranjero a la maravillosa tierra de Taiw\u00e1n (ROC, Republic of China), pero recuerda que aqu\u00ed est\u00e1 castigado con la pena de muerte:<\/p>\n\n\n\n<p>-Tr\u00e1fico de drogas.<\/p>\n\n\n\n<p>-Contrabando de drogas<\/p>\n\n\n\n<p>-Tenencia de las mismas.<\/p>\n\n\n\n<p>-Posesi\u00f3n y uso de armas de fuego\u2026\u201d<\/p>\n\n\n\n<p>&nbsp;&nbsp;&nbsp;&nbsp;&nbsp;&nbsp;&nbsp;&nbsp;&nbsp;&nbsp;&nbsp;&nbsp;&nbsp; Y as\u00ed una interminable lista que llegaba hasta el suelo.<\/p>\n\n\n\n<p>&nbsp;&nbsp;&nbsp;&nbsp;&nbsp;&nbsp;&nbsp;&nbsp;&nbsp;&nbsp;&nbsp;&nbsp;&nbsp; Y por supuesto en todos lados carteles que traducidos ven\u00edan a decir:<\/p>\n\n\n\n<p>&nbsp;&nbsp;&nbsp;&nbsp;&nbsp;&nbsp;&nbsp;&nbsp;&nbsp;&nbsp;&nbsp;&nbsp;&nbsp; \u201cMantenga sus ojos en sus posesiones, sus maletas, vigile que no se las roben\u201d, m\u00e1s o menos con esas palabras, y se te quedaba una cara de indefenso que acojonaba, y el checkpoint, que el chino cuando le entregabas el pasaporte te miraba como diciendo, \u201clo menos que te van a caer aqu\u00ed son diez a\u00f1os, gilipollas\u201d.<\/p>\n\n\n\n<p>La liberaci\u00f3n, cuando sin la m\u00e1s m\u00ednima educaci\u00f3n te hac\u00edan pasar, y no sab\u00edas si eso era bueno o no, porque t\u00fa a la m\u00e1s m\u00ednima duda, de vuelta a la tierra de la tortilla y del flamenqu\u00edn, que ya con el ba\u00f1o de acojone, era muy joven entonces, ten\u00edas bastante.<\/p>\n\n\n\n<p>Ya estamos en Taip\u00e9i, la maravillosa capital de Taiw\u00e1n, la que los portugueses llamaban Formosa \u201cLa Isla Hermosa\u201d, y lo era, colores que no existen aqu\u00ed, coloridos imposibles, y costumbres, cuando menos extra\u00f1as; trolleys andando que nos vamos, que all\u00ed no espera nadie, que adem\u00e1s los taiwaneses son m\u00e1s belicosos que la leche, que est\u00e1n acostumbrados a hacerle cara a los chinos comunistas, y all\u00ed todo el mundo ha hecho la mili, pero pensando que ma\u00f1ana te invaden la casa, que el que menos te pega dos hostias y te deja mirando para Burgos.<\/p>\n\n\n\n<p>Al final son gente amable, pero son belicosos al m\u00e1ximo, no les hables de la china comunista que se calientan las cosas hasta extremos inimaginables, que es como si se los tocaras bien tocados.<\/p>\n\n\n\n<p>Recuerdo que la salida hacia el hotel fue cuando menos tumultuosa, colas enormes de gente esperando y atascos por todos lados, eran los tiempos en que empezaban las obras del metro de Taip\u00e9i, y todo el centro estaba con la barriga al aire, horas para apenas avanzar un par de kil\u00f3metros, y la llegada al centro, donde estaba el hotel imposible.<\/p>\n\n\n\n<p>Me impresiono la mezcla de la cultura occidental en las construcciones, en las vestimentas con la m\u00e1s tradicional china, a cada casa una tienda, cada dos bloques un peque\u00f1o templo que se ocultaba entre los enormes edificios, pero que llenaba de olor todo, como si no dejara que olvidaran los que all\u00ed miraban sus ancestrales costumbres, y los colores, casi imposibles aqu\u00ed, fuertes, vibrantes, y la algarab\u00eda, gente por todos lados, que parec\u00eda que el mundo se acababa, y al llegar en un cerro lleno de flores el hotel una incre\u00edble y gigantesca pagoda sobra un monte lleno de \u00e1rboles y flores, que destacaba sobre el plano y edificado resto de la enorme Taip\u00e9i.<\/p>\n\n\n\n<p>&nbsp;&nbsp;&nbsp;&nbsp;&nbsp;&nbsp;&nbsp;&nbsp;&nbsp;&nbsp;&nbsp;&nbsp;&nbsp; The Great hotel of Taip\u00e9i, que pertenec\u00eda a la viuda de Chiang Kai-shek, el dictador ya fallecido que hab\u00eda regido la vida del pa\u00eds durante a\u00f1os, incre\u00edble, una enorme pagoda roja sobre una monta\u00f1a de color, enormes columnas de color rojo fuerte, artesonados en el techo que no se pueden imaginar, contado historias que hablaban de su cultura milenaria, y recibi\u00e9ndote unos enormes leones tallados en piedra y rodeados de flores.<\/p>\n\n\n\n<p>&nbsp;&nbsp;&nbsp;&nbsp;&nbsp;&nbsp;&nbsp;&nbsp;&nbsp;&nbsp;&nbsp;&nbsp;&nbsp; Un p\u00f3rtico enorme de tres arcos te recib\u00eda, y cambiabas del agreste entorno metropolitano a algo casi m\u00e1gico, algo que estando en el centro de la gran ciudad, estaba como las nubes dominando la tierra.<\/p>\n\n\n\n<p>Majestuoso, cientos de enormes habitaciones, comedores, cristaleras a los enormes parterres del Hotel, todo cargado de verde, de colores, exuberante, siempre caluroso y h\u00famedo; como buen cateto cordob\u00e9s, la boca no se me habr\u00eda porque me daba cuenta, pero alucinando, tengo fotos de las de carrete, que en aquellos tiempos no las hab\u00eda digitales, pero imposible sacar toda aquella belleza, tan extra\u00f1a a nosotros sin poder ponerle los olores, las sensaciones, el calor, la humedad y el choque que supon\u00eda, era la primera vez que llegaba a Asia, y esta me sorprend\u00eda a cada paso.<\/p>\n\n\n\n<p>Y la habitaci\u00f3n, joder con la habitaci\u00f3n, para correr caballos, todo m\u00e1rmol, madera tallada y columnas rojas, todo desembocando en una enorme terraza que daba a los extensos jardines, y que dominaba casi toda Taip\u00e9i.<\/p>\n\n\n\n<p>Era una verdadera gozada el desayunar (buffet) en los acristalados comedores del hotel desde all\u00ed ve\u00edas todo rodeado de \u00e1rboles tapizados por las m\u00e1s extra\u00f1as flores que pudieras imaginar. Todo muy ingl\u00e9s, la mayor\u00eda de los hu\u00e9spedes, eran angloparlantes pero la comida buena, y casi parecida a la nuestra, aunque los sabores difer\u00edan por las especias.<strong><br><\/strong><\/p>\n","protected":false},"excerpt":{"rendered":"<p>Hoy no voy a dedicar el relato a re\u00edrme de situaciones o de penurias pasadas en mis viajes. Os voy a intentar transmitir parte de las sensaciones que se tienen cuando visitas una tierra extra\u00f1a, hoy va a ser Taiw\u00e1n. Mi primera visita a Taiw\u00e1n, fue en compa\u00f1\u00eda de un amigo m\u00edo que ya no &hellip; <\/p>\n<p class=\"link-more\"><a href=\"https:\/\/pedrocasiano.es\/?page_id=4378\" class=\"more-link\">Leer m\u00e1s<span class=\"screen-reader-text\"> \u00abCr\u00f3nicas de un Viajero forzoso 3 (Taiw\u00e1n I Parte)\u00bb<\/span><\/a><\/p>\n","protected":false},"author":1,"featured_media":0,"parent":0,"menu_order":0,"comment_status":"closed","ping_status":"closed","template":"","meta":{"inspiro_hide_title":false,"footnotes":""},"class_list":["post-4378","page","type-page","status-publish","hentry"],"featured_media_urls":[],"_links":{"self":[{"href":"https:\/\/pedrocasiano.es\/index.php?rest_route=\/wp\/v2\/pages\/4378","targetHints":{"allow":["GET"]}}],"collection":[{"href":"https:\/\/pedrocasiano.es\/index.php?rest_route=\/wp\/v2\/pages"}],"about":[{"href":"https:\/\/pedrocasiano.es\/index.php?rest_route=\/wp\/v2\/types\/page"}],"author":[{"embeddable":true,"href":"https:\/\/pedrocasiano.es\/index.php?rest_route=\/wp\/v2\/users\/1"}],"replies":[{"embeddable":true,"href":"https:\/\/pedrocasiano.es\/index.php?rest_route=%2Fwp%2Fv2%2Fcomments&post=4378"}],"version-history":[{"count":3,"href":"https:\/\/pedrocasiano.es\/index.php?rest_route=\/wp\/v2\/pages\/4378\/revisions"}],"predecessor-version":[{"id":6228,"href":"https:\/\/pedrocasiano.es\/index.php?rest_route=\/wp\/v2\/pages\/4378\/revisions\/6228"}],"wp:attachment":[{"href":"https:\/\/pedrocasiano.es\/index.php?rest_route=%2Fwp%2Fv2%2Fmedia&parent=4378"}],"curies":[{"name":"wp","href":"https:\/\/api.w.org\/{rel}","templated":true}]}}