{"id":4374,"date":"2024-02-25T10:11:31","date_gmt":"2024-02-25T10:11:31","guid":{"rendered":"https:\/\/pedrocasiano.es\/?page_id=4374"},"modified":"2024-03-01T07:50:32","modified_gmt":"2024-03-01T07:50:32","slug":"cronicas-de-un-viajero-forzoso-2","status":"publish","type":"page","link":"https:\/\/pedrocasiano.es\/?page_id=4374","title":{"rendered":"Cr\u00f3nicas de un Viajero Forzoso 2"},"content":{"rendered":"\n<figure class=\"wp-block-image alignleft size-large is-resized\"><img decoding=\"async\" width=\"1024\" height=\"1024\" data-src=\"https:\/\/pedrocasiano.es\/wp-content\/uploads\/2024\/02\/22548581_1519231014811225_3291462854099169381_o-1024x1024.jpg\" alt=\"\" class=\"wp-image-4375 lazyload\" style=\"--smush-placeholder-width: 1024px; --smush-placeholder-aspect-ratio: 1024\/1024;width:430px;height:auto\" src=\"data:image\/svg+xml;base64,PHN2ZyB3aWR0aD0iMSIgaGVpZ2h0PSIxIiB4bWxucz0iaHR0cDovL3d3dy53My5vcmcvMjAwMC9zdmciPjwvc3ZnPg==\" \/><\/figure>\n\n\n\n<p>Yo ten\u00eda un socio Chino, pero Chino de la China, el cual es posiblemente la persona m\u00e1s r\u00e1cana que he conocido en mi puta vida, se gastaba menos que un palillo de titanio.<\/p>\n\n\n\n<p>Pues uno de mis viajes a China, fui acompa\u00f1ado por un compa\u00f1ero, valga la redundancia, despu\u00e9s de tan largo viaje tenia las costumbre, all\u00ed est\u00e1 abierto todo abierto veinticuatro horas, de hacer la compra para llenar el apartamento, que l\u00f3gicamente, en mi estancia fuera, hab\u00eda liquidado mi querido socio, supongo que por cuestiones de \u201cSalud Publica\u201d.<\/p>\n\n\n\n<p>Para que os hag\u00e1is un c\u00e1lculo, yo estaba aproximadamente dos meses en china al a\u00f1o, pues bien, \u00e9l ten\u00eda un apartamento francamente inferior al m\u00edo, pues cuando yo no estaba, se iba con la familia al completo y cuando yo llegaba se mudaban r\u00e1pidamente, lo m\u00e1s inteligente, que \u00e9l cre\u00eda que no se notaba. Por supuesto la Empresa lo pagaba todo el a\u00f1o, a pesar de eso sal\u00eda m\u00e1s barato que un hotel, y eso que el apartamento ten\u00eda m\u00e1s de cien metros, nuevo y en el centro de Zhuhai.<\/p>\n\n\n\n<p>Bueno un supermercado chino, de forma es como cualquiera de los europeos, pero si te gustan los caballitos de mar, no vayas, que te los dan resecos, y con olor a Dios sabe que, si te gustan las tortugas, es tu sitio, que te las cogen vivas y te las cortan como t\u00fa quieras, y por supuesto, esos olores, nunca podr\u00edas olvidarlos, los famosos tufitos chinos que son dignos de los mejores olfatos.<\/p>\n\n\n\n<p>Pues yo le comentaba a mi compa\u00f1ero que el tipo este, era el t\u00edo mas rata del Universo conocido, y del por aun descubrir, mi amigo no se lo cre\u00eda, pero a m\u00ed eso no me preocupaba, pues en los dos meses que ten\u00edamos que estar all\u00ed, seguro que lo descubrir\u00eda, no me quedaba la menor duda.<\/p>\n\n\n\n<p>Pues bien, vamos, que fuimos a un enorme supermercado a apenas cien metros del apartamento, escogimos lo que quisimos, sobre todo caf\u00e9 en lata ya preparado \u201cMister Brown\u201d, porque en China el caf\u00e9 es \u201crara avis\u201d, imaginaros la cantidad de bolsas que llenamos, era para una estancia prologada, por lo menos ocho.<\/p>\n\n\n\n<p>Recuerdo que la compra era de unos mil cuatrocientos RMB Yuanes, y all\u00ed le entregue a la cajera tres billetes de quinientos de los que tienen la cara de Mao, vi\u00e9ndome el panorama, le digo a mi amigo.<\/p>\n\n\n\n<p>-Observa.<\/p>\n\n\n\n<p>Mi amigo se queda mirando. EL chino coge la vuelta, y se la mete en el bolsillo, pero con toda la tranquilidad del mundo como el que te hace el mayor favor.<\/p>\n\n\n\n<p>Mi compa\u00f1ero va a coger las bolsas, le indico que se quede quieto, el chino coge las ocho bolsas, con dos cojones, porque m\u00e1s que peque\u00f1o era escaso, el hijo de su madre por no darnos la cara, las coge todas.<\/p>\n\n\n\n<p>Imaginaros los cien metros que nos dio el chino, parec\u00eda un burro al que estaba violando un elefante, bandazo para un lado bandazo para el otro lado, la espalda arqueada, y comprimi\u00e9ndose a\u00fan m\u00e1s a cada paso.<\/p>\n\n\n\n<p>Mi amigo intentaba ayudarlo, pero yo se lo imped\u00eda, lo conoc\u00eda de muchos a\u00f1os, y si quer\u00eda la vuelta ten\u00eda que sudarla que tiene menos verg\u00fcenza que una perra chica.<\/p>\n\n\n\n<p>Conten\u00edamos la risa ambos, porque el baile del peso, merec\u00eda la pena, mi amigo se cortaba, yo que ya lo hab\u00eda padecido, al final me re\u00eda como me daba la gana.<\/p>\n\n\n\n<p>Mira, cuando llegamos al apartamento, hac\u00eda en la calle un calor de cojones, humedad para ba\u00f1ar a los peces, y el chino que ten\u00eda r\u00f3ales de sudor hasta detr\u00e1s de las orejas, vamos la misma estampa que un t\u00edo pasado por la vaporetta.<\/p>\n\n\n\n<p>El chino con cara de invadir Espa\u00f1a se despide de nosotros, pero de los cien yuanes, en el sudor del bolsillo se le quedaron pegados.<\/p>\n\n\n\n<p>Una vez que se marcha me pregunta mi amigo,<\/p>\n\n\n\n<p>-Ni\u00f1o, cuanto son cien Yuanes.<\/p>\n\n\n\n<p>Esperando que le dijera una cantidad sorprendente, al cambio entonces no llegaba a seis euros.<\/p>\n\n\n\n<p>Mi amigo se me queda mirando, y me dice, la pr\u00f3xima vez, le dejamos el cambio de tres euros m\u00e1s o menos, y le metemos doce bolsas.<\/p>\n\n\n\n<p>Lo hicimos, y el chino hizo lo mismo, hijo de puta.<strong><br><\/strong><\/p>\n","protected":false},"excerpt":{"rendered":"<p>Yo ten\u00eda un socio Chino, pero Chino de la China, el cual es posiblemente la persona m\u00e1s r\u00e1cana que he conocido en mi puta vida, se gastaba menos que un palillo de titanio. Pues uno de mis viajes a China, fui acompa\u00f1ado por un compa\u00f1ero, valga la redundancia, despu\u00e9s de tan largo viaje tenia las &hellip; <\/p>\n<p class=\"link-more\"><a href=\"https:\/\/pedrocasiano.es\/?page_id=4374\" class=\"more-link\">Leer m\u00e1s<span class=\"screen-reader-text\"> \u00abCr\u00f3nicas de un Viajero Forzoso 2\u00bb<\/span><\/a><\/p>\n","protected":false},"author":1,"featured_media":0,"parent":0,"menu_order":0,"comment_status":"closed","ping_status":"closed","template":"","meta":{"inspiro_hide_title":false,"footnotes":""},"class_list":["post-4374","page","type-page","status-publish","hentry"],"featured_media_urls":[],"_links":{"self":[{"href":"https:\/\/pedrocasiano.es\/index.php?rest_route=\/wp\/v2\/pages\/4374","targetHints":{"allow":["GET"]}}],"collection":[{"href":"https:\/\/pedrocasiano.es\/index.php?rest_route=\/wp\/v2\/pages"}],"about":[{"href":"https:\/\/pedrocasiano.es\/index.php?rest_route=\/wp\/v2\/types\/page"}],"author":[{"embeddable":true,"href":"https:\/\/pedrocasiano.es\/index.php?rest_route=\/wp\/v2\/users\/1"}],"replies":[{"embeddable":true,"href":"https:\/\/pedrocasiano.es\/index.php?rest_route=%2Fwp%2Fv2%2Fcomments&post=4374"}],"version-history":[{"count":2,"href":"https:\/\/pedrocasiano.es\/index.php?rest_route=\/wp\/v2\/pages\/4374\/revisions"}],"predecessor-version":[{"id":5435,"href":"https:\/\/pedrocasiano.es\/index.php?rest_route=\/wp\/v2\/pages\/4374\/revisions\/5435"}],"wp:attachment":[{"href":"https:\/\/pedrocasiano.es\/index.php?rest_route=%2Fwp%2Fv2%2Fmedia&parent=4374"}],"curies":[{"name":"wp","href":"https:\/\/api.w.org\/{rel}","templated":true}]}}