{"id":4371,"date":"2024-02-25T10:08:30","date_gmt":"2024-02-25T10:08:30","guid":{"rendered":"https:\/\/pedrocasiano.es\/?page_id=4371"},"modified":"2024-04-05T14:26:54","modified_gmt":"2024-04-05T14:26:54","slug":"cronicas-de-un-viajero-forzoso-1","status":"publish","type":"page","link":"https:\/\/pedrocasiano.es\/?page_id=4371","title":{"rendered":"Cr\u00f3nicas de un Viajero Forzoso. 1"},"content":{"rendered":"\n<figure class=\"wp-block-image alignleft size-full is-resized\"><img decoding=\"async\" width=\"964\" height=\"585\" data-src=\"https:\/\/pedrocasiano.es\/wp-content\/uploads\/2024\/02\/23004846_1530974010303592_7214046713951236591_o.jpg\" alt=\"\" class=\"wp-image-4372 lazyload\" style=\"--smush-placeholder-width: 964px; --smush-placeholder-aspect-ratio: 964\/585;width:504px;height:auto\" src=\"data:image\/svg+xml;base64,PHN2ZyB3aWR0aD0iMSIgaGVpZ2h0PSIxIiB4bWxucz0iaHR0cDovL3d3dy53My5vcmcvMjAwMC9zdmciPjwvc3ZnPg==\" \/><\/figure>\n\n\n\n<p>Durante toda mi vida he recorrido el mundo, muy pocas veces por placer, la mayor\u00eda por trabajo, en estos aconteceres, es de normalidad que te sucedan situaciones, momentos, an\u00e9cdotas que puedes pensar que son fabula o realidad, eso lo dejo a la imaginaci\u00f3n y al buen entender del lector. A m\u00ed me da igual, sucedieron o no sucedieron, yo simplemente las cuento.<\/p>\n\n\n\n<p>&nbsp;&nbsp;&nbsp;&nbsp;&nbsp;&nbsp;&nbsp;&nbsp;&nbsp;&nbsp;&nbsp;&nbsp;&nbsp; Esta es una an\u00e9cdota que ejemplifica el cambio que sucedi\u00f3 en Hong Kong, desde que cambi\u00f3 y pas\u00f3 a manos de China.&nbsp;<\/p>\n\n\n\n<p>&nbsp;&nbsp;&nbsp;&nbsp;&nbsp;&nbsp;&nbsp;&nbsp;&nbsp;&nbsp;&nbsp;&nbsp;&nbsp; Me hallaba en el puerto de interior de Hong Kong(HK), ya hab\u00eda pasado el control de pasaportes, por lo que esperaba el ferry para Zhuhai, est\u00e1bamos esper\u00e1ndolo y se form\u00f3 una cola bastante grande, llego el transbordador, y comenc\u00e9 a andar por la cola, de pronto siento un empuj\u00f3n y un ingl\u00e9s que intenta colarse, pasando por encima de m\u00ed, que iba sobrecargado con los troleys, le devolv\u00ed el empuj\u00f3n; el prepotente ingl\u00e9s, intent\u00f3 darme un golpe, pero no me alcanz\u00f3, yo a \u00e9l s\u00ed, y bien, no s\u00e9 si sab\u00e9is que china est\u00e1 llena de polic\u00edas, pero llena, bien pues uno de ellos, se fue inmediatamente a la trifulca que est\u00e1bamos liando.<\/p>\n\n\n\n<p>&nbsp;&nbsp;&nbsp;&nbsp;&nbsp;&nbsp;&nbsp;&nbsp;&nbsp;&nbsp;&nbsp;&nbsp;&nbsp; Me imagin\u00e9 lo peor, ser espa\u00f1ol no es sin\u00f3nimo de pertenecer a ninguna potencia, es m\u00e1s, all\u00ed poco nos conocen, nos pidi\u00f3 los pasaportes, me imagin\u00e9 el problema, all\u00ed en china, por ejemplo, por conducir borracho, te meten treinta d\u00edas en la c\u00e1rcel, mir\u00f3 los pasaportes, el ingl\u00e9s no dejaba de vociferar, no voy a repetir sus palabras, me miro a m\u00ed, y me hizo ademan de que me fuera, y continu\u00f3 reprendiendo al ingl\u00e9s.<\/p>\n\n\n\n<p>&nbsp;&nbsp;&nbsp;&nbsp;&nbsp;&nbsp;&nbsp;&nbsp;&nbsp;&nbsp;&nbsp;&nbsp;&nbsp; &nbsp;Si eso hubiera pasado solo diez o quince a\u00f1os atr\u00e1s, cuando era de dominio ingl\u00e9s, hubiera dado con mis huesos en la c\u00e1rcel.<\/p>\n\n\n\n<p>&nbsp;&nbsp;&nbsp;&nbsp;&nbsp;&nbsp;&nbsp;&nbsp;&nbsp;&nbsp;&nbsp;&nbsp;&nbsp; Tambi\u00e9n recuerdo cuando fui la primera vez a Hong Kong, los polic\u00edas te miraban raro, ve\u00edan a un europeo, y la cara de mala leche era de las de pel\u00edcula, sin embargo, a\u00f1os despu\u00e9s les cambio el talante, ya no depend\u00edan de los ingleses, pero lo que, si es cierto, es que era m\u00e1s dif\u00edcil comunicarte con ellos, los polic\u00edas j\u00f3venes no hablaban ingl\u00e9s, o no quer\u00edan hacerlo.<\/p>\n\n\n\n<p>&nbsp;&nbsp;&nbsp;&nbsp;&nbsp;&nbsp;&nbsp;&nbsp;&nbsp;&nbsp;&nbsp;&nbsp;&nbsp; Mi consejo. No te metas en trifulcas, no siempre la suerte est\u00e1 de cara, pero tampoco te dejes avasallar.<\/p>\n","protected":false},"excerpt":{"rendered":"<p>Durante toda mi vida he recorrido el mundo, muy pocas veces por placer, la mayor\u00eda por trabajo, en estos aconteceres, es de normalidad que te sucedan situaciones, momentos, an\u00e9cdotas que puedes pensar que son fabula o realidad, eso lo dejo a la imaginaci\u00f3n y al buen entender del lector. A m\u00ed me da igual, sucedieron &hellip; <\/p>\n<p class=\"link-more\"><a href=\"https:\/\/pedrocasiano.es\/?page_id=4371\" class=\"more-link\">Leer m\u00e1s<span class=\"screen-reader-text\"> \u00abCr\u00f3nicas de un Viajero Forzoso. 1\u00bb<\/span><\/a><\/p>\n","protected":false},"author":1,"featured_media":0,"parent":0,"menu_order":0,"comment_status":"closed","ping_status":"closed","template":"","meta":{"inspiro_hide_title":false,"footnotes":""},"class_list":["post-4371","page","type-page","status-publish","hentry"],"featured_media_urls":[],"_links":{"self":[{"href":"https:\/\/pedrocasiano.es\/index.php?rest_route=\/wp\/v2\/pages\/4371","targetHints":{"allow":["GET"]}}],"collection":[{"href":"https:\/\/pedrocasiano.es\/index.php?rest_route=\/wp\/v2\/pages"}],"about":[{"href":"https:\/\/pedrocasiano.es\/index.php?rest_route=\/wp\/v2\/types\/page"}],"author":[{"embeddable":true,"href":"https:\/\/pedrocasiano.es\/index.php?rest_route=\/wp\/v2\/users\/1"}],"replies":[{"embeddable":true,"href":"https:\/\/pedrocasiano.es\/index.php?rest_route=%2Fwp%2Fv2%2Fcomments&post=4371"}],"version-history":[{"count":2,"href":"https:\/\/pedrocasiano.es\/index.php?rest_route=\/wp\/v2\/pages\/4371\/revisions"}],"predecessor-version":[{"id":6372,"href":"https:\/\/pedrocasiano.es\/index.php?rest_route=\/wp\/v2\/pages\/4371\/revisions\/6372"}],"wp:attachment":[{"href":"https:\/\/pedrocasiano.es\/index.php?rest_route=%2Fwp%2Fv2%2Fmedia&parent=4371"}],"curies":[{"name":"wp","href":"https:\/\/api.w.org\/{rel}","templated":true}]}}