{"id":4363,"date":"2024-02-25T09:55:45","date_gmt":"2024-02-25T09:55:45","guid":{"rendered":"https:\/\/pedrocasiano.es\/?page_id=4363"},"modified":"2024-03-01T07:52:24","modified_gmt":"2024-03-01T07:52:24","slug":"como-un-fantasma","status":"publish","type":"page","link":"https:\/\/pedrocasiano.es\/?page_id=4363","title":{"rendered":"Como Un Fantasma"},"content":{"rendered":"\n<figure class=\"wp-block-image alignleft size-large is-resized\"><img decoding=\"async\" width=\"1024\" height=\"847\" data-src=\"https:\/\/pedrocasiano.es\/wp-content\/uploads\/2024\/02\/city-4051537_1280-1024x847.jpg\" alt=\"\" class=\"wp-image-4364 lazyload\" style=\"--smush-placeholder-width: 1024px; --smush-placeholder-aspect-ratio: 1024\/847;width:428px;height:auto\" src=\"data:image\/svg+xml;base64,PHN2ZyB3aWR0aD0iMSIgaGVpZ2h0PSIxIiB4bWxucz0iaHR0cDovL3d3dy53My5vcmcvMjAwMC9zdmciPjwvc3ZnPg==\" \/><\/figure>\n\n\n\n<p>Como un fantasma, ha llegado el frio, las ma\u00f1anas nacen con ese color especial que parece querer romper la noche casi eterna, y no lo consigue.<\/p>\n\n\n\n<p>&nbsp;&nbsp;&nbsp;&nbsp;&nbsp;&nbsp;&nbsp;&nbsp;&nbsp;&nbsp;&nbsp;&nbsp;&nbsp; La escarcha que cubre con su manto el horizonte, y el color del coraz\u00f3n helado de las palomas muertas, escondidas, esperando los rayos de un sol que se muestra reacio a aparecer.<\/p>\n\n\n\n<p>&nbsp;&nbsp;&nbsp;&nbsp;&nbsp;&nbsp;&nbsp;&nbsp;&nbsp;&nbsp;&nbsp;&nbsp;&nbsp; Y vuelta al trabajo, al ahora m\u00e1s gris trabajo, sin la esperanza de que cuando se acabe el interminable, nos espere la bondad de una tarde verde, no, nada espera, nada quiere ser amado, todo es frio, todo es alma desierta.<\/p>\n\n\n\n<p>&nbsp;&nbsp;&nbsp;&nbsp;&nbsp;&nbsp;&nbsp;&nbsp;&nbsp;&nbsp;&nbsp;&nbsp;&nbsp; La inesperada navidad, nos sorprende, este a\u00f1o parece que ha corrido m\u00e1s, como si necesitara que no la olvidemos, y pensamos en c\u00f3mo pasa el tiempo, que apenas ida, ya vuelve, en este mundo convulso en el que lo m\u00e1s que podemos hacer es no escuchar las malas nuevas.<\/p>\n\n\n\n<p>&nbsp;&nbsp;&nbsp;&nbsp;&nbsp;&nbsp;&nbsp;&nbsp;&nbsp;&nbsp;&nbsp;&nbsp;&nbsp; Y la vida sigue entre la riqueza, o la penuria, depende de d\u00f3nde te toque, y continuas, la vida sigue, ahora fr\u00eda, casi yerta, y la navidad, llena de color y de calor humano parece la broma de alguien con un humor insano.<strong><br><\/strong><\/p>\n","protected":false},"excerpt":{"rendered":"<p>Como un fantasma, ha llegado el frio, las ma\u00f1anas nacen con ese color especial que parece querer romper la noche casi eterna, y no lo consigue. &nbsp;&nbsp;&nbsp;&nbsp;&nbsp;&nbsp;&nbsp;&nbsp;&nbsp;&nbsp;&nbsp;&nbsp;&nbsp; La escarcha que cubre con su manto el horizonte, y el color del coraz\u00f3n helado de las palomas muertas, escondidas, esperando los rayos de un sol que se &hellip; <\/p>\n<p class=\"link-more\"><a href=\"https:\/\/pedrocasiano.es\/?page_id=4363\" class=\"more-link\">Leer m\u00e1s<span class=\"screen-reader-text\"> \u00abComo Un Fantasma\u00bb<\/span><\/a><\/p>\n","protected":false},"author":1,"featured_media":0,"parent":0,"menu_order":0,"comment_status":"closed","ping_status":"closed","template":"","meta":{"inspiro_hide_title":false,"footnotes":""},"class_list":["post-4363","page","type-page","status-publish","hentry"],"featured_media_urls":[],"_links":{"self":[{"href":"https:\/\/pedrocasiano.es\/index.php?rest_route=\/wp\/v2\/pages\/4363","targetHints":{"allow":["GET"]}}],"collection":[{"href":"https:\/\/pedrocasiano.es\/index.php?rest_route=\/wp\/v2\/pages"}],"about":[{"href":"https:\/\/pedrocasiano.es\/index.php?rest_route=\/wp\/v2\/types\/page"}],"author":[{"embeddable":true,"href":"https:\/\/pedrocasiano.es\/index.php?rest_route=\/wp\/v2\/users\/1"}],"replies":[{"embeddable":true,"href":"https:\/\/pedrocasiano.es\/index.php?rest_route=%2Fwp%2Fv2%2Fcomments&post=4363"}],"version-history":[{"count":2,"href":"https:\/\/pedrocasiano.es\/index.php?rest_route=\/wp\/v2\/pages\/4363\/revisions"}],"predecessor-version":[{"id":5437,"href":"https:\/\/pedrocasiano.es\/index.php?rest_route=\/wp\/v2\/pages\/4363\/revisions\/5437"}],"wp:attachment":[{"href":"https:\/\/pedrocasiano.es\/index.php?rest_route=%2Fwp%2Fv2%2Fmedia&parent=4363"}],"curies":[{"name":"wp","href":"https:\/\/api.w.org\/{rel}","templated":true}]}}