{"id":4359,"date":"2024-02-25T09:43:35","date_gmt":"2024-02-25T09:43:35","guid":{"rendered":"https:\/\/pedrocasiano.es\/?page_id=4359"},"modified":"2024-03-01T08:05:36","modified_gmt":"2024-03-01T08:05:36","slug":"como-siempre-me-pilla-la-vida","status":"publish","type":"page","link":"https:\/\/pedrocasiano.es\/?page_id=4359","title":{"rendered":"Como Siempre, Me Pilla La Vida"},"content":{"rendered":"\n<figure class=\"wp-block-image alignleft size-large is-resized\"><img decoding=\"async\" width=\"1024\" height=\"853\" data-src=\"https:\/\/pedrocasiano.es\/wp-content\/uploads\/2024\/02\/ai-generated-8558347_1280-1024x853.jpg\" alt=\"\" class=\"wp-image-4360 lazyload\" style=\"--smush-placeholder-width: 1024px; --smush-placeholder-aspect-ratio: 1024\/853;width:409px;height:auto\" src=\"data:image\/svg+xml;base64,PHN2ZyB3aWR0aD0iMSIgaGVpZ2h0PSIxIiB4bWxucz0iaHR0cDovL3d3dy53My5vcmcvMjAwMC9zdmciPjwvc3ZnPg==\" \/><\/figure>\n\n\n\n<p>Como siempre me pilla la vida, escribiendo, observando, contemplando, y lo que veo, me inquieta, me perturba.<\/p>\n\n\n\n<p>&nbsp;&nbsp;&nbsp;&nbsp;&nbsp;&nbsp;&nbsp;&nbsp;&nbsp;&nbsp;&nbsp;&nbsp;&nbsp; Es la mentira, la mentira de imperturbables rostros que nos miran a los ojos, y nos aseguran que la vida sigue, cuando la gente, agolpada sale, como si se le fuera la vida.<\/p>\n\n\n\n<p>&nbsp;&nbsp;&nbsp;&nbsp;&nbsp;&nbsp;&nbsp;&nbsp;&nbsp;&nbsp;&nbsp;&nbsp;&nbsp; Vacuna que a nadie llega, a nadie que no sea elenco de pol\u00edtico, aplaudidor consumado, y el resto, mirando desde los barrotes.<\/p>\n\n\n\n<p>&nbsp;&nbsp;&nbsp;&nbsp;&nbsp;&nbsp;&nbsp;&nbsp;&nbsp;&nbsp;&nbsp;&nbsp;&nbsp; Nadie me consuela, solo veo las cicatrices de los que esperan, la maledicencia de los que se enfundan en las verdades eternas, cuando los j\u00f3venes, cansados de esperar la vida, salen a por ella.<\/p>\n\n\n\n<p>&nbsp;&nbsp;&nbsp;&nbsp;&nbsp;&nbsp;&nbsp;&nbsp;&nbsp;&nbsp;&nbsp;&nbsp;&nbsp; \u00bfOlvid\u00e1is el amor, viejas cornejas?, ese sentimiento que romp\u00eda con todo, que nos hac\u00eda tan fuertes que nos sorprend\u00edamos, \u00bfque pretendemos?, \u00bfque ahora, una juventud sin complejos, aguante por decreto lo que anhelan con ansia? Nada justifico, solo escribo, observo, contemplo, y lo que veo, me inquieta, me perturba, y al fin, me da esperanza, me consuela.<\/p>\n\n\n\n<p>Pedro Casiano, en Febrero de 2.021, la Era de las Pandemias<\/p>\n","protected":false},"excerpt":{"rendered":"<p>Como siempre me pilla la vida, escribiendo, observando, contemplando, y lo que veo, me inquieta, me perturba. &nbsp;&nbsp;&nbsp;&nbsp;&nbsp;&nbsp;&nbsp;&nbsp;&nbsp;&nbsp;&nbsp;&nbsp;&nbsp; Es la mentira, la mentira de imperturbables rostros que nos miran a los ojos, y nos aseguran que la vida sigue, cuando la gente, agolpada sale, como si se le fuera la vida. &nbsp;&nbsp;&nbsp;&nbsp;&nbsp;&nbsp;&nbsp;&nbsp;&nbsp;&nbsp;&nbsp;&nbsp;&nbsp; Vacuna que a &hellip; <\/p>\n<p class=\"link-more\"><a href=\"https:\/\/pedrocasiano.es\/?page_id=4359\" class=\"more-link\">Leer m\u00e1s<span class=\"screen-reader-text\"> \u00abComo Siempre, Me Pilla La Vida\u00bb<\/span><\/a><\/p>\n","protected":false},"author":1,"featured_media":0,"parent":0,"menu_order":0,"comment_status":"closed","ping_status":"closed","template":"","meta":{"inspiro_hide_title":false,"footnotes":""},"class_list":["post-4359","page","type-page","status-publish","hentry"],"featured_media_urls":[],"_links":{"self":[{"href":"https:\/\/pedrocasiano.es\/index.php?rest_route=\/wp\/v2\/pages\/4359","targetHints":{"allow":["GET"]}}],"collection":[{"href":"https:\/\/pedrocasiano.es\/index.php?rest_route=\/wp\/v2\/pages"}],"about":[{"href":"https:\/\/pedrocasiano.es\/index.php?rest_route=\/wp\/v2\/types\/page"}],"author":[{"embeddable":true,"href":"https:\/\/pedrocasiano.es\/index.php?rest_route=\/wp\/v2\/users\/1"}],"replies":[{"embeddable":true,"href":"https:\/\/pedrocasiano.es\/index.php?rest_route=%2Fwp%2Fv2%2Fcomments&post=4359"}],"version-history":[{"count":2,"href":"https:\/\/pedrocasiano.es\/index.php?rest_route=\/wp\/v2\/pages\/4359\/revisions"}],"predecessor-version":[{"id":5438,"href":"https:\/\/pedrocasiano.es\/index.php?rest_route=\/wp\/v2\/pages\/4359\/revisions\/5438"}],"wp:attachment":[{"href":"https:\/\/pedrocasiano.es\/index.php?rest_route=%2Fwp%2Fv2%2Fmedia&parent=4359"}],"curies":[{"name":"wp","href":"https:\/\/api.w.org\/{rel}","templated":true}]}}