{"id":4355,"date":"2024-02-25T09:40:34","date_gmt":"2024-02-25T09:40:34","guid":{"rendered":"https:\/\/pedrocasiano.es\/?page_id=4355"},"modified":"2024-03-01T08:06:25","modified_gmt":"2024-03-01T08:06:25","slug":"carpe-diem","status":"publish","type":"page","link":"https:\/\/pedrocasiano.es\/?page_id=4355","title":{"rendered":"Carpe Diem"},"content":{"rendered":"\n<figure class=\"wp-block-image alignleft size-large is-resized\"><img decoding=\"async\" width=\"1024\" height=\"905\" data-src=\"https:\/\/pedrocasiano.es\/wp-content\/uploads\/2024\/02\/cheers-204742_1280-1024x905.jpg\" alt=\"\" class=\"wp-image-4356 lazyload\" style=\"--smush-placeholder-width: 1024px; --smush-placeholder-aspect-ratio: 1024\/905;width:404px;height:auto\" src=\"data:image\/svg+xml;base64,PHN2ZyB3aWR0aD0iMSIgaGVpZ2h0PSIxIiB4bWxucz0iaHR0cDovL3d3dy53My5vcmcvMjAwMC9zdmciPjwvc3ZnPg==\" \/><\/figure>\n\n\n\n<p>Todo el mundo conoce la locuci\u00f3n latina, \u201caprovecha el momento\u201d, pero pocos saben que la frase sigue.<\/p>\n\n\n\n<p>\u201cQuam minimum credula postero\u201d, no conf\u00edes en el ma\u00f1ana.<\/p>\n\n\n\n<p>&nbsp;&nbsp;&nbsp;&nbsp;&nbsp;&nbsp;&nbsp;&nbsp;&nbsp;&nbsp;&nbsp;&nbsp;&nbsp; Esa es la frase completa que se le atribuye a Horacio, y que, a estas horas, sean estas las que sean, os preguntareis a que viene, bien, pues paso a explicaros, pues deber\u00edais de saber que mi cabeza anda de forma, por llamarla suavemente \u201cdeslavazada\u201d<\/p>\n\n\n\n<p>&nbsp;&nbsp;&nbsp;&nbsp;&nbsp;&nbsp;&nbsp;&nbsp;&nbsp;&nbsp;&nbsp;&nbsp;&nbsp; Todo nace a ra\u00edz de un art\u00edculo que he le\u00eddo, en el cual se informa de que Holanda aprobar\u00e1 una pastilla, solo una, para el suicidio, y se les dar\u00e1 gratuitamente a aquellos que con m\u00e1s de setenta a\u00f1os la soliciten.<\/p>\n\n\n\n<p>&nbsp;&nbsp;&nbsp;&nbsp;&nbsp;&nbsp;&nbsp;&nbsp;&nbsp;&nbsp;&nbsp;&nbsp;&nbsp; Seg\u00fan parece, las personas mayores de sesenta a\u00f1os, aun gozando de buena salud, comienzan a estar en los \u00edndices de depresi\u00f3n, que se elevan conforme el tiempo avanza, hasta llegar a n\u00fameros sorprendentes en los setenta y posteriores.<\/p>\n\n\n\n<p>&nbsp;&nbsp;&nbsp;&nbsp;&nbsp;&nbsp;&nbsp;&nbsp;&nbsp;&nbsp;&nbsp;&nbsp;&nbsp; Estemos de acuerdo o no con la eutanasia, lo cual no es relevante, pues es elecci\u00f3n personal, lo que, si es cierto, es que la edad, hace que la vida cada vez sea menos soportable, deseada, pasando a convertirse en una losa que nos oprime el pecho.<\/p>\n\n\n\n<p>&nbsp;&nbsp;&nbsp;&nbsp;&nbsp;&nbsp;&nbsp;&nbsp;&nbsp;&nbsp;&nbsp;&nbsp;&nbsp; Una vez explicado esto, retomamos la frase del principio, Carpe Diem, y la recomiendo a aquellos que a\u00fan pueden variar el ritmo de vida, \u00bfQu\u00e9 quiero decir con esto?<\/p>\n\n\n\n<p>&nbsp;&nbsp;&nbsp;&nbsp;&nbsp;&nbsp;&nbsp;&nbsp;&nbsp;&nbsp;&nbsp;&nbsp;&nbsp; De nuevo paso a explicarme, que me cuesta hacerme entender. Soy persona responsable, trabajadora, de las de confiar, de las de no descansar, de las de terminar las cosas, de las de preocupaciones y responsabilidades, y de las est\u00fapidas, que cre\u00eda que cuando todo llegara cierta edad, podr\u00eda disfrutar de una c\u00f3moda vejez.<\/p>\n\n\n\n<p>&nbsp;&nbsp;&nbsp;&nbsp;&nbsp;&nbsp;&nbsp;&nbsp;&nbsp;&nbsp;&nbsp;&nbsp;&nbsp; Mentira, todo mentira, te pondr\u00e1n todos los impedimentos para que puedas disfrutar de lo que a fin es tuyo, la pensi\u00f3n, luchar\u00e1s como gato panza arriba, y te castigar\u00e1s m\u00e1s el cuerpo, ya castigado de por s\u00ed.<\/p>\n\n\n\n<p>&nbsp;&nbsp;&nbsp;&nbsp;&nbsp;&nbsp;&nbsp;&nbsp;&nbsp;&nbsp;&nbsp;&nbsp;&nbsp; Supongamos que lo consigues, que ya lo tienes, aunque no sea lo deseado, \u00bfcre\u00e9is que tu ajado cuerpo, te va a permitir disfrutar con el ansia de los a\u00f1os pasados?, no se\u00e1is p\u00e1nfilos, os levantareis conociendo cada m\u00fasculo, cada tend\u00f3n, cada hueso, pero no por ser m\u00e9dicos, sino por el dolor que producen.<\/p>\n\n\n\n<p>&nbsp;&nbsp;&nbsp;&nbsp;&nbsp;&nbsp;&nbsp;&nbsp;&nbsp;&nbsp;&nbsp;&nbsp;&nbsp; Pastillas como si fueran golosinas, apetencias de nada, somnolencia y cansancio; generaciones pegadas a tus ubres que te impedir\u00e1n moverte, y t\u00fa, con la fuerza del ganado en toriles, cuando se barruntan lo que les queda, y que va a ser peor incluso de lo que se pueden imaginar.<\/p>\n\n\n\n<p>&nbsp;&nbsp;&nbsp;&nbsp;&nbsp;&nbsp;&nbsp;&nbsp;&nbsp;&nbsp;&nbsp;&nbsp;&nbsp; Y ahora viene mi conclusi\u00f3n, la del viejo, que m\u00e1s sabe por lo vivido que por lo suyo, y os digo, olvidaros de cualquier responsabilidad, dejad que la vida os arrastre, que una vor\u00e1gine os lleve, que un d\u00eda de diversi\u00f3n sea la continuaci\u00f3n del anterior, vivid como si no existiera el ma\u00f1ana, y no cre\u00e1is nada de lo que se escribe con may\u00fasculas, Patria, Responsabilidad, Esfuerzo\u2026 y cientos m\u00e1s. Solo son eso, palabras, que ha escrito otro para que se\u00e1is descerebrados esclavos, que se conformen con las migajas que otros dejan, pues ellos si las viven.<\/p>\n\n\n\n<p>&nbsp;&nbsp;&nbsp;&nbsp;&nbsp;&nbsp;&nbsp;&nbsp;&nbsp;&nbsp;&nbsp;&nbsp;&nbsp; Cread riqueza, si es para vosotros exclusivamente, apropiaros de todo, no sint\u00e1is nada por nadie, dejaros llevar por el hedonismo, por el placer en s\u00ed mismo, y si revent\u00e1is a temprana edad, eso que os llev\u00e1is, pues yo, que he hecho totalmente lo contrario, aqu\u00ed estoy, escribiendo estas palabras.<\/p>\n\n\n\n<p>&nbsp;&nbsp;&nbsp;&nbsp;&nbsp;&nbsp;&nbsp;&nbsp;&nbsp;&nbsp;&nbsp;&nbsp;&nbsp; Y si alguno quiere saber d\u00f3nde me encuentro, repito, aqu\u00ed estoy, esperando la pastilla, la maravillosa p\u00edldora que me haga huir de este mundo miserable.<\/p>\n\n\n\n<p>\u201cPara lo vivido, mejor no haber nacido\u201d<strong><br><\/strong><\/p>\n","protected":false},"excerpt":{"rendered":"<p>Todo el mundo conoce la locuci\u00f3n latina, \u201caprovecha el momento\u201d, pero pocos saben que la frase sigue. \u201cQuam minimum credula postero\u201d, no conf\u00edes en el ma\u00f1ana. &nbsp;&nbsp;&nbsp;&nbsp;&nbsp;&nbsp;&nbsp;&nbsp;&nbsp;&nbsp;&nbsp;&nbsp;&nbsp; Esa es la frase completa que se le atribuye a Horacio, y que, a estas horas, sean estas las que sean, os preguntareis a que viene, bien, pues &hellip; <\/p>\n<p class=\"link-more\"><a href=\"https:\/\/pedrocasiano.es\/?page_id=4355\" class=\"more-link\">Leer m\u00e1s<span class=\"screen-reader-text\"> \u00abCarpe Diem\u00bb<\/span><\/a><\/p>\n","protected":false},"author":1,"featured_media":0,"parent":0,"menu_order":0,"comment_status":"closed","ping_status":"closed","template":"","meta":{"inspiro_hide_title":false,"footnotes":""},"class_list":["post-4355","page","type-page","status-publish","hentry"],"featured_media_urls":[],"_links":{"self":[{"href":"https:\/\/pedrocasiano.es\/index.php?rest_route=\/wp\/v2\/pages\/4355","targetHints":{"allow":["GET"]}}],"collection":[{"href":"https:\/\/pedrocasiano.es\/index.php?rest_route=\/wp\/v2\/pages"}],"about":[{"href":"https:\/\/pedrocasiano.es\/index.php?rest_route=\/wp\/v2\/types\/page"}],"author":[{"embeddable":true,"href":"https:\/\/pedrocasiano.es\/index.php?rest_route=\/wp\/v2\/users\/1"}],"replies":[{"embeddable":true,"href":"https:\/\/pedrocasiano.es\/index.php?rest_route=%2Fwp%2Fv2%2Fcomments&post=4355"}],"version-history":[{"count":2,"href":"https:\/\/pedrocasiano.es\/index.php?rest_route=\/wp\/v2\/pages\/4355\/revisions"}],"predecessor-version":[{"id":5439,"href":"https:\/\/pedrocasiano.es\/index.php?rest_route=\/wp\/v2\/pages\/4355\/revisions\/5439"}],"wp:attachment":[{"href":"https:\/\/pedrocasiano.es\/index.php?rest_route=%2Fwp%2Fv2%2Fmedia&parent=4355"}],"curies":[{"name":"wp","href":"https:\/\/api.w.org\/{rel}","templated":true}]}}