{"id":4347,"date":"2024-02-25T09:35:21","date_gmt":"2024-02-25T09:35:21","guid":{"rendered":"https:\/\/pedrocasiano.es\/?page_id=4347"},"modified":"2024-03-01T08:07:57","modified_gmt":"2024-03-01T08:07:57","slug":"brilla-bailarina","status":"publish","type":"page","link":"https:\/\/pedrocasiano.es\/?page_id=4347","title":{"rendered":"Brilla Bailarina"},"content":{"rendered":"\n<figure class=\"wp-block-image alignleft size-large is-resized\"><img decoding=\"async\" width=\"1024\" height=\"720\" data-src=\"https:\/\/pedrocasiano.es\/wp-content\/uploads\/2024\/02\/ai-generated-8200262_1280-1024x720.jpg\" alt=\"\" class=\"wp-image-4348 lazyload\" style=\"--smush-placeholder-width: 1024px; --smush-placeholder-aspect-ratio: 1024\/720;width:577px;height:auto\" src=\"data:image\/svg+xml;base64,PHN2ZyB3aWR0aD0iMSIgaGVpZ2h0PSIxIiB4bWxucz0iaHR0cDovL3d3dy53My5vcmcvMjAwMC9zdmciPjwvc3ZnPg==\" \/><\/figure>\n\n\n\n<p>Quince a\u00f1os tiene, ha llegado como una flor, y gira como una bella peonza en el escenario de madera, que suena y suena.<\/p>\n\n\n\n<p>&nbsp;&nbsp;&nbsp;&nbsp;&nbsp;&nbsp;&nbsp;&nbsp;&nbsp;&nbsp;&nbsp;&nbsp;&nbsp; Y los faralaes que se vuelan, al giro de sus caderas, que ya no es ni\u00f1a que baila, sino mujer que enamora.<\/p>\n\n\n\n<p>&nbsp;&nbsp;&nbsp;&nbsp;&nbsp;&nbsp;&nbsp;&nbsp;&nbsp;&nbsp;&nbsp;&nbsp;&nbsp; \u201cCuidao\u201d, Bailaora, que tu giro, tu taconeo, no es el de una ni\u00f1a mecida por la inocencia, sino la herencia de la mujer andaluza, ya eres mujer que sue\u00f1a y hace so\u00f1ar, la bordadora de quimeras, la que con sus movimientos hace que la mente sue\u00f1e en que el cielo existe, aqu\u00ed en la tierra.<\/p>\n\n\n\n<p>&nbsp;&nbsp;&nbsp;&nbsp;&nbsp;&nbsp;&nbsp;&nbsp;&nbsp;&nbsp;&nbsp;&nbsp;&nbsp; Ya no eres mi ni\u00f1a, que balbuceaba lo que quer\u00eda, sino una orgullosa mujer, que lucha por lo que quiere.<\/p>\n\n\n\n<p>&nbsp;&nbsp;&nbsp;&nbsp;&nbsp;&nbsp;&nbsp;&nbsp;&nbsp;&nbsp;&nbsp;&nbsp;&nbsp; \u00a1Bravo!, mi ni\u00f1a, que tu car\u00e1cter te lleve donde tu mente le pida, que tus caminos se extiendan m\u00e1s all\u00e1 del horizonte. Sue\u00f1a, lucha, vive, que tu meta est\u00e1\u2026 donde tu quieras, que Dios te ha dado la fuerza de un alma libre, de un car\u00e1cter de conseguidora.<\/p>\n\n\n\n<p>&nbsp;&nbsp;&nbsp;&nbsp;&nbsp;&nbsp;&nbsp;&nbsp;&nbsp;&nbsp;&nbsp;&nbsp;&nbsp; Nada es imposible, la meta est\u00e1 en ti misma, ni siquiera tu sabes de la val\u00eda de tus poderes, sue\u00f1a bailarina, suena flamenca, que los sue\u00f1os de hoy, los vivir\u00e1s de seguro.<\/p>\n\n\n\n<p>&nbsp;&nbsp;&nbsp;&nbsp;&nbsp;&nbsp;&nbsp;&nbsp;&nbsp;&nbsp;&nbsp;&nbsp;&nbsp; Domina el caballo ind\u00f3mito de tu car\u00e1cter, no que le quites la fuerza, sino que no te arrastre a donde, al final, no quieres. Que te lleve, que te levante cuando caigas, que lo har\u00e1s seguro, y contin\u00faa, orgullosa, fuerte y segura, flor del rec\u00f3ndito sur.<\/p>\n\n\n\n<p>&nbsp;&nbsp;&nbsp;&nbsp;&nbsp;&nbsp;&nbsp;&nbsp;&nbsp;&nbsp;&nbsp;&nbsp;&nbsp; No te dejes enga\u00f1ar por el canto de las sirenas, que hoy te encumbran, ma\u00f1ana te entierran, se t\u00fa, se qui\u00e9n eres, que no subas tanto, que el bajar sea un calvario, y sigue, lucha, sufre, que al final, aunque sea por cansancio, el sue\u00f1o se cumple.<\/p>\n\n\n\n<p>&nbsp;&nbsp;&nbsp;&nbsp;&nbsp;&nbsp;&nbsp;&nbsp;&nbsp;&nbsp;&nbsp;&nbsp;&nbsp; Brilla \u201cbailaora\u201d, sobre el tablao, en un libro, brilla, ya no eres la ni\u00f1a, ya eres mujer, de las de tomar en serio, de las que escriben los libros, de las que se cuentan historias, s\u00e9\u2026, s\u00e9\u2026, lo que quieras, tu eres de ese escogido ramo, de aquellos tocados por la chispa del genio.<\/p>\n","protected":false},"excerpt":{"rendered":"<p>Quince a\u00f1os tiene, ha llegado como una flor, y gira como una bella peonza en el escenario de madera, que suena y suena. &nbsp;&nbsp;&nbsp;&nbsp;&nbsp;&nbsp;&nbsp;&nbsp;&nbsp;&nbsp;&nbsp;&nbsp;&nbsp; Y los faralaes que se vuelan, al giro de sus caderas, que ya no es ni\u00f1a que baila, sino mujer que enamora. &nbsp;&nbsp;&nbsp;&nbsp;&nbsp;&nbsp;&nbsp;&nbsp;&nbsp;&nbsp;&nbsp;&nbsp;&nbsp; \u201cCuidao\u201d, Bailaora, que tu giro, tu taconeo, no &hellip; <\/p>\n<p class=\"link-more\"><a href=\"https:\/\/pedrocasiano.es\/?page_id=4347\" class=\"more-link\">Leer m\u00e1s<span class=\"screen-reader-text\"> \u00abBrilla Bailarina\u00bb<\/span><\/a><\/p>\n","protected":false},"author":1,"featured_media":0,"parent":0,"menu_order":0,"comment_status":"closed","ping_status":"closed","template":"","meta":{"inspiro_hide_title":false,"footnotes":""},"class_list":["post-4347","page","type-page","status-publish","hentry"],"featured_media_urls":[],"_links":{"self":[{"href":"https:\/\/pedrocasiano.es\/index.php?rest_route=\/wp\/v2\/pages\/4347","targetHints":{"allow":["GET"]}}],"collection":[{"href":"https:\/\/pedrocasiano.es\/index.php?rest_route=\/wp\/v2\/pages"}],"about":[{"href":"https:\/\/pedrocasiano.es\/index.php?rest_route=\/wp\/v2\/types\/page"}],"author":[{"embeddable":true,"href":"https:\/\/pedrocasiano.es\/index.php?rest_route=\/wp\/v2\/users\/1"}],"replies":[{"embeddable":true,"href":"https:\/\/pedrocasiano.es\/index.php?rest_route=%2Fwp%2Fv2%2Fcomments&post=4347"}],"version-history":[{"count":2,"href":"https:\/\/pedrocasiano.es\/index.php?rest_route=\/wp\/v2\/pages\/4347\/revisions"}],"predecessor-version":[{"id":5441,"href":"https:\/\/pedrocasiano.es\/index.php?rest_route=\/wp\/v2\/pages\/4347\/revisions\/5441"}],"wp:attachment":[{"href":"https:\/\/pedrocasiano.es\/index.php?rest_route=%2Fwp%2Fv2%2Fmedia&parent=4347"}],"curies":[{"name":"wp","href":"https:\/\/api.w.org\/{rel}","templated":true}]}}