{"id":4335,"date":"2024-02-25T09:26:51","date_gmt":"2024-02-25T09:26:51","guid":{"rendered":"https:\/\/pedrocasiano.es\/?page_id=4335"},"modified":"2024-03-01T08:10:23","modified_gmt":"2024-03-01T08:10:23","slug":"la-fascinante-historia-de-la-dehesa-mas-grande-de-europa-fhas-al-ballut-el-valle-de-las-bellotas-el-valle-de-los-pedroches-ii","status":"publish","type":"page","link":"https:\/\/pedrocasiano.es\/?page_id=4335","title":{"rendered":"La Fascinante Historia de la Dehesa m\u00e1s grande de Europa. Fhas Al Ballut. El Valle de las Bellotas. El Valle de los Pedroches. (II)"},"content":{"rendered":"\n<figure class=\"wp-block-image alignright size-large is-resized\"><img decoding=\"async\" width=\"1024\" height=\"853\" data-src=\"https:\/\/pedrocasiano.es\/wp-content\/uploads\/2024\/02\/ham-4973380_1280-1024x853.jpg\" alt=\"\" class=\"wp-image-4336 lazyload\" style=\"--smush-placeholder-width: 1024px; --smush-placeholder-aspect-ratio: 1024\/853;width:518px;height:auto\" src=\"data:image\/svg+xml;base64,PHN2ZyB3aWR0aD0iMSIgaGVpZ2h0PSIxIiB4bWxucz0iaHR0cDovL3d3dy53My5vcmcvMjAwMC9zdmciPjwvc3ZnPg==\" \/><\/figure>\n\n\n\n<p>Retomamos a los Bereberes, parte fundamental del Valle hispano\u00e1rabe, pues se establecieron en las zonas m\u00e1s agrestes, que, para ellos, viniendo de los lugares que moraban, eran para\u00edsos. Gente experta en la ganader\u00eda, muchos de ellos n\u00f3madas, encontraron su lugar en los llanos de la dehesa; sin embargo, los \u00c1rabes, Yemen\u00edes y Sirios, optaron por las ciudades, por su procedencia m\u00e1s capitalina, y por creer su rango superior a los reci\u00e9n islamizados bereberes, sobre todo los \u00c1rabes.<\/p>\n\n\n\n<p>&nbsp;&nbsp;&nbsp;&nbsp;&nbsp;&nbsp;&nbsp;&nbsp;&nbsp;&nbsp;&nbsp;&nbsp;&nbsp; Es de suponer, en l\u00f3gica por lo sucedido en el resto del Imperio (tambi\u00e9n, Emirato, Califato\u2026 da igual, pedazo de imperio, si a los dem\u00e1s no le gusta, a m\u00ed me encanta), que los \u00e1rabes siguieran detentando el poder, salvo en zonas muy concretas, de hecho, lo m\u00e1s normal, ser\u00eda que las zonas m\u00e1s pobladas, Pedroche, Belalc\u00e1zar, fueran de estos, sin embargo, en el resto dominar\u00edan los bereberes, simplemente por n\u00famero.<\/p>\n\n\n\n<p>&nbsp;&nbsp;&nbsp;&nbsp;&nbsp;&nbsp;&nbsp;&nbsp;&nbsp;&nbsp;&nbsp;&nbsp;&nbsp; Por supuesto, no me olvido de los visigodos, pero por pol\u00edtica de masas, cuando no existe posibilidad de retorno a la anterior vida, la mayor\u00eda se integra en la nueva civilizaci\u00f3n, a pesar de ello, una minor\u00eda siempre quedar\u00e1 como radical, si no, preguntemos por los m\u00e1rtires.<\/p>\n\n\n\n<p>&nbsp;&nbsp;&nbsp;&nbsp;&nbsp;&nbsp;&nbsp;&nbsp;&nbsp;&nbsp;&nbsp;&nbsp;&nbsp; Esos visigodos, m\u00e1s que ello, romanos, ven en los \u00e1rabes una forma de quitarse a los pen\u00faltimos conquistadores; los \u00e1rabes, por su peque\u00f1o n\u00famero, ofrecen mejores condiciones econ\u00f3micas que los visigodos, en forma de menos impuestos, dejar a los habitantes sus tierras y sus cargos, de tal forma que se producen muchas conversiones de facto, simplemente por motivos econ\u00f3micos o de poder, siendo sin embargo la poblaci\u00f3n moz\u00e1rabe es tan numerosa como en el resto de Al \u00c1ndalus.<\/p>\n\n\n\n<p>&nbsp;&nbsp;&nbsp;&nbsp;&nbsp;&nbsp;&nbsp;&nbsp;&nbsp;&nbsp;&nbsp;&nbsp;&nbsp; Los invasores eran tan pocos, que optaron por la pol\u00edtica de la zanahoria, dando solo palos, eso s\u00ed fuertes, en contadas ocasiones. Si hubieran dejado las guarniciones necesarias en cada ciudad conquistada, no llegan ni a Toledo.<\/p>\n\n\n\n<p>&nbsp;&nbsp;&nbsp;&nbsp;&nbsp;&nbsp;&nbsp;&nbsp;&nbsp;&nbsp;&nbsp;&nbsp;&nbsp; Como es normal en los casos de conquista, cuando los conquistadores no tienen el mismo idioma que los conquistados, imponen el propio, no solo a lo escrito y hablado, sino al nombre de las poblaciones, siendo en algunos casos, m\u00e1s bellos que los anteriores.<\/p>\n\n\n\n<p>Pedroche, Bitraws, su castillo es Betrus Hisn (\u1e24i\u1e63n es una transliteraci\u00f3n de la palabra \u00e1rabe que denominaba a determinados castillos andalus\u00edes, cuya influencia abarcaba un territorio habitado al que serv\u00eda de defensa militar), del lat\u00edn Petra, piedra, no se pierde el significado. La palabra piedra proviene del lat\u00edn petra (piedra, roca) y este del griego \u03c0\u03ad\u03c4\u03c1\u03bf\u03c2 (petros = piedra)<\/p>\n\n\n\n<p>&nbsp;&nbsp;&nbsp;&nbsp;&nbsp;&nbsp;&nbsp;&nbsp;&nbsp;&nbsp;&nbsp;&nbsp;&nbsp; Alcaracejos. El t\u00e9rmino Alcaracejos tendr\u00eda su literal traducci\u00f3n castellana en su ge\u00f3nimico frutal \u00abEl cerezuelo\u00bb, porque \u00abAlc\u00e1zar\u00bb en \u00e1rabe quiere decir cereza.<\/p>\n\n\n\n<p>&nbsp;&nbsp;&nbsp;&nbsp;&nbsp;&nbsp;&nbsp;&nbsp;&nbsp;&nbsp;&nbsp;&nbsp;&nbsp; Belalcazar. Fundada por los \u00e1rabes hacia el siglo VIII con el nombre de Gafiq que cambi\u00f3 por Gahet o Gahete tras la conquista cristiana. Elvira de Z\u00fa\u00f1iga logr\u00f3 en 1466 para su hijo Guti\u00e9rrez II el t\u00edtulo de conde y termin\u00f3 la construcci\u00f3n del castillo de la familia, que la llev\u00f3 a cambiar el nombre del pueblo por el de Belalc\u00e1zar o bello alc\u00e1zar.<\/p>\n\n\n\n<p>&nbsp;&nbsp;&nbsp;&nbsp;&nbsp;&nbsp;&nbsp;&nbsp;&nbsp;&nbsp;&nbsp;&nbsp;&nbsp; Santa Eufemia. Primera teor\u00eda. Traducci\u00f3n castellanizada del top\u00f3nimo moz\u00e1rabe Sant Qunyah tambi\u00e9n (Ufimya o Uqunya), que aparece en la obra del ge\u00f3grafo \u00e1rabe al-Idrisi, al describir los itinerarios medievales del territorio cordob\u00e9s.<\/p>\n\n\n\n<p>&nbsp;&nbsp;&nbsp;&nbsp;&nbsp;&nbsp;&nbsp;&nbsp;&nbsp;&nbsp;&nbsp;&nbsp;&nbsp; Segunda teor\u00eda. Tradici\u00f3n oral de Santa Eufemia, muy arraigada entre la poblaci\u00f3n, atribuye este nombre al hecho de que treinta y tres caballeros italianos, integrantes de las huestes del monarca castellano, y naturales de la regi\u00f3n de Calabria, lugar de fuerte veneraci\u00f3n de esta Santa, fueron los que arengados por el propio rey al grito de \u00abSanta Eufemia\u00bb, tomaron por asalto el castillo apoder\u00e1ndose de la villa y d\u00e1ndole dicho nombre. De hecho, a los naturales de Santa Eufemia se les denomina con el gentilicio de \u00abcalabreses\u00bb.<\/p>\n\n\n\n<p>&nbsp;&nbsp;&nbsp;&nbsp;&nbsp;&nbsp;&nbsp;&nbsp;&nbsp;&nbsp;&nbsp;&nbsp;&nbsp; B\u00e9lmez, palabra de ra\u00edz \u00e1rabe que significa \u00ablugar protegido\u00bb.<\/p>\n\n\n\n<p>&nbsp;&nbsp;&nbsp;&nbsp;&nbsp;&nbsp;&nbsp;&nbsp;&nbsp;&nbsp;&nbsp;&nbsp;&nbsp; Pero bueno, que me disperso, as\u00ed que continuemos.<\/p>\n\n\n\n<p>&nbsp;&nbsp;&nbsp;&nbsp;&nbsp;&nbsp;&nbsp;&nbsp;&nbsp;&nbsp;&nbsp;&nbsp;&nbsp; Ya est\u00e1 asentada la nueva mezcla de romanos, visigodos, \u00e1rabes, yemen\u00edes, sirios\u2026 \u00bfme queda alguien?, \u00bfson demasiados?, va a ser dif\u00edcil la mezcla, pero de ella saldr\u00e1 un pueblo, duro como una piedra, como las rocas del valle, como el granito que la lluvia corona para salir de la tierra, eso s\u00ed, a palos con el de al lado, que para algo son cordobeses.<\/p>\n","protected":false},"excerpt":{"rendered":"<p>Retomamos a los Bereberes, parte fundamental del Valle hispano\u00e1rabe, pues se establecieron en las zonas m\u00e1s agrestes, que, para ellos, viniendo de los lugares que moraban, eran para\u00edsos. Gente experta en la ganader\u00eda, muchos de ellos n\u00f3madas, encontraron su lugar en los llanos de la dehesa; sin embargo, los \u00c1rabes, Yemen\u00edes y Sirios, optaron por &hellip; <\/p>\n<p class=\"link-more\"><a href=\"https:\/\/pedrocasiano.es\/?page_id=4335\" class=\"more-link\">Leer m\u00e1s<span class=\"screen-reader-text\"> \u00abLa Fascinante Historia de la Dehesa m\u00e1s grande de Europa. Fhas Al Ballut. El Valle de las Bellotas. El Valle de los Pedroches. (II)\u00bb<\/span><\/a><\/p>\n","protected":false},"author":1,"featured_media":0,"parent":0,"menu_order":0,"comment_status":"closed","ping_status":"closed","template":"","meta":{"inspiro_hide_title":false,"footnotes":""},"class_list":["post-4335","page","type-page","status-publish","hentry"],"featured_media_urls":[],"_links":{"self":[{"href":"https:\/\/pedrocasiano.es\/index.php?rest_route=\/wp\/v2\/pages\/4335","targetHints":{"allow":["GET"]}}],"collection":[{"href":"https:\/\/pedrocasiano.es\/index.php?rest_route=\/wp\/v2\/pages"}],"about":[{"href":"https:\/\/pedrocasiano.es\/index.php?rest_route=\/wp\/v2\/types\/page"}],"author":[{"embeddable":true,"href":"https:\/\/pedrocasiano.es\/index.php?rest_route=\/wp\/v2\/users\/1"}],"replies":[{"embeddable":true,"href":"https:\/\/pedrocasiano.es\/index.php?rest_route=%2Fwp%2Fv2%2Fcomments&post=4335"}],"version-history":[{"count":2,"href":"https:\/\/pedrocasiano.es\/index.php?rest_route=\/wp\/v2\/pages\/4335\/revisions"}],"predecessor-version":[{"id":5444,"href":"https:\/\/pedrocasiano.es\/index.php?rest_route=\/wp\/v2\/pages\/4335\/revisions\/5444"}],"wp:attachment":[{"href":"https:\/\/pedrocasiano.es\/index.php?rest_route=%2Fwp%2Fv2%2Fmedia&parent=4335"}],"curies":[{"name":"wp","href":"https:\/\/api.w.org\/{rel}","templated":true}]}}