{"id":4331,"date":"2024-02-25T09:24:57","date_gmt":"2024-02-25T09:24:57","guid":{"rendered":"https:\/\/pedrocasiano.es\/?page_id=4331"},"modified":"2024-03-01T08:11:17","modified_gmt":"2024-03-01T08:11:17","slug":"la-fascinante-historia-de-la-dehesa-mas-grande-de-europa-fhas-al-ballut-el-valle-de-las-bellotas-el-valle-de-los-pedroches-i","status":"publish","type":"page","link":"https:\/\/pedrocasiano.es\/?page_id=4331","title":{"rendered":"La Fascinante Historia de la Dehesa m\u00e1s grande de Europa. Fhas Al Ballut. El Valle de las Bellotas. El Valle de los Pedroches. (I)"},"content":{"rendered":"\n<figure class=\"wp-block-image alignright size-large is-resized\"><img decoding=\"async\" width=\"1024\" height=\"853\" data-src=\"https:\/\/pedrocasiano.es\/wp-content\/uploads\/2024\/02\/dehesa-837227_1280-1024x853.jpg\" alt=\"\" class=\"wp-image-4332 lazyload\" style=\"--smush-placeholder-width: 1024px; --smush-placeholder-aspect-ratio: 1024\/853;width:620px;height:auto\" src=\"data:image\/svg+xml;base64,PHN2ZyB3aWR0aD0iMSIgaGVpZ2h0PSIxIiB4bWxucz0iaHR0cDovL3d3dy53My5vcmcvMjAwMC9zdmciPjwvc3ZnPg==\" \/><\/figure>\n\n\n\n<p>Continuar\u00e9, intentado explicar algo de la historia del Valle de los Pedroches, esa dehesa, la m\u00e1s grande de Europa, y que ahora duerme, ignorante de la grandeza que yace bajo sus pies, de su historia, la de un valle que no se rindi\u00f3 nunca, que, a pesar de la adversidad, supo defender sus l\u00edmites de aquellos que los invad\u00edan.<\/p>\n\n\n\n<p>&nbsp;&nbsp;&nbsp;&nbsp;&nbsp;&nbsp;&nbsp;&nbsp;&nbsp;&nbsp;&nbsp;&nbsp;&nbsp; Sirva pues decir que la inclusi\u00f3n en nuestra provincia de la referida tierra, es a efectos administrativos, pero antes de que saltemos en conclusiones err\u00f3neas, hemos de aclarar, que el ser cordobeses, no lo es en rango, ni de la Vega, ni del Valle, ni de la Capital, sino que todos, hemos \u201cmamado\u201d, de una teta com\u00fan, la que nos ha configurado y dado la forma, las hechuras que ahora mismo tenemos.<\/p>\n\n\n\n<p>&nbsp;&nbsp;&nbsp;&nbsp;&nbsp;&nbsp;&nbsp;&nbsp;&nbsp;&nbsp;&nbsp;&nbsp;&nbsp; Dej\u00e9monos de romances viejos, y al tajo que se nos va el Lucero del Alba.<\/p>\n\n\n\n<p>&nbsp;&nbsp;&nbsp;&nbsp;&nbsp;&nbsp;&nbsp;&nbsp;&nbsp;&nbsp;&nbsp;&nbsp;&nbsp; Fhas Al Ballut, la dehesa hispano \u00e1rabe, posiblemente, los mejores tiempos del norte de C\u00f3rdoba, pero que al cmprender un per\u00edodo tan extenso el de la dominaci\u00f3n musulmana, hemos de tratar de diferenciarlos.<\/p>\n\n\n\n<p>&nbsp;&nbsp;&nbsp;&nbsp;&nbsp;&nbsp;&nbsp;&nbsp;&nbsp;&nbsp;&nbsp;&nbsp;&nbsp; Durante el primer per\u00edodo, el valle, coincidente con lo que es ahora, se estableci\u00f3 administrativamente como una Kuwar, es decir, lo que ahora ser\u00eda una provincia, con diferencias que podr\u00eda ser prolijo enumerar.<\/p>\n\n\n\n<p>&nbsp;&nbsp;&nbsp;&nbsp;&nbsp;&nbsp;&nbsp;&nbsp;&nbsp;&nbsp;&nbsp;&nbsp;&nbsp; Cient\u00edficamente, podr\u00edamos referirnos a los distintos tipos de divisiones administrativas, hasta los rangos inferiores, pero tampoco mi labor es esa, solo pretendo dar aqu\u00ed, una cr\u00f3nica, sesgada desde el cari\u00f1o, de una tierra que me fascina.<\/p>\n\n\n\n<p>&nbsp;&nbsp;&nbsp;&nbsp;&nbsp;&nbsp;&nbsp;&nbsp;&nbsp;&nbsp;&nbsp;&nbsp;&nbsp; Parto del camino de la l\u00f3gica, el que normalmente olvidamos a la entrada de cualquier Facultad, pues nos ense\u00f1an lo que es cierto, y lo que no lo es; sin embargo, yo prefiero irme, en este caso a los altozanos del Fahs, para contemplar, como si fuera nuevo la tierra de las Ballut.<\/p>\n\n\n\n<p>&nbsp;&nbsp;&nbsp;&nbsp;&nbsp;&nbsp;&nbsp;&nbsp;&nbsp;&nbsp;&nbsp;&nbsp;&nbsp; Veo a Bitraws, no como es, sino como fue. \u00bfY c\u00f3mo fue?<\/p>\n\n\n\n<p>&nbsp;&nbsp;&nbsp;&nbsp;&nbsp;&nbsp;&nbsp;&nbsp;&nbsp;&nbsp;&nbsp;&nbsp;&nbsp; Capital de la Kora, una Kora, que dispon\u00eda de minas de Azogue, (mercurio), minio (oxido de plomo, de color rojo, colorante, bermell\u00f3n, nuestro color, \u00bfos suena?), sin olvidar la plata, el cobre, etc., aunque fuera en otros lugares del valle, la administraci\u00f3n era en la ciudad.<\/p>\n\n\n\n<p>&nbsp;&nbsp;&nbsp;&nbsp;&nbsp;&nbsp;&nbsp;&nbsp;&nbsp;&nbsp;&nbsp;&nbsp;&nbsp; Adem\u00e1s, con la llegada de los \u00e1rabes, viene un conocimiento de la agricultura, ganader\u00eda y dem\u00e1s que hacen que Al \u00c1ndalus florezca, a pesar de ello, seg\u00fan todos los historiadores que conozco, Fahs Al Ballut, \u201cfue una cosita peque\u00f1a dentro de la implantaci\u00f3n \u00e1rabe en Espa\u00f1a\u201d, bien, exist\u00eda un valle, con encinas, caza, ganader\u00eda, plano como una moneda, con agua abundante, vienen los expertos \u00e1rabes, y \u201coh, sorpresa\u201d, todo va a peor. \u201cNo hay suficientes vestigios para afirmar que el valle creci\u00f3 en \u00e9poca Hispano\u00e1rabe\u201d la cantinela de los eruditos, y me cansa.<\/p>\n\n\n\n<p>&nbsp;&nbsp;&nbsp;&nbsp;&nbsp;&nbsp;&nbsp;&nbsp;&nbsp;&nbsp;&nbsp;&nbsp;&nbsp; Eso suena a poco cre\u00edble, pongamos que no hacemos caso, bien, imaginemos que mil personas son las que exist\u00edan a prior en Bitraws, no pongamos m\u00e1s, y que la mitad, quinientos, son musulmanes creyentes; los viernes, d\u00eda de oraci\u00f3n en la Mezquita, \u00bfD\u00f3nde ir\u00edan?, seg\u00fan parece al medio del campo, porque no se han encontrado vestigios. Supongamos que hab\u00eda una Mezquita con la extensi\u00f3n de la actual iglesia. Que aforo tiene, \u00bfcien?, \u00bfdoscientos feligreses?, eso de pie, pues en caso de quinientos, \u00bfC\u00f3mo?, no lo s\u00e9, pero no me cuadra.<\/p>\n\n\n\n<p>&nbsp;&nbsp;&nbsp;&nbsp;&nbsp;&nbsp;&nbsp;&nbsp;&nbsp;&nbsp;&nbsp;&nbsp;&nbsp; Adem\u00e1s, los que pueblan esta parte, son bereberes, que prefieren las partes monta\u00f1osas, pero que, a la vez, son dominados por los \u00e1rabes, la parte noble de los musulmanes, adem\u00e1s de sirios, persas\u2026, el germen de los problemas en la zona.<\/p>\n\n\n\n<p>&nbsp;&nbsp;&nbsp;&nbsp;&nbsp;&nbsp;&nbsp;&nbsp;&nbsp;&nbsp;&nbsp;&nbsp;&nbsp; Pero estos bereberes, lo Tamazga, son pueblos independientes, reci\u00e9n islamizados, que se diferencian del resto, con sus propias costumbres y lengua propia. Su bandera actual.<\/p>\n\n\n\n<p>&nbsp;&nbsp;&nbsp;&nbsp;&nbsp;&nbsp;&nbsp;&nbsp;&nbsp;&nbsp;&nbsp;&nbsp;&nbsp; Imaginad como eran estos bereberes que los \u00e1rabes tardaron casi 30 a\u00f1os en conquistar la regi\u00f3n y pasaron otros 300 a\u00f1os arabizando el Magreb.<\/p>\n\n\n\n<p>&nbsp;&nbsp;&nbsp;&nbsp;&nbsp;&nbsp;&nbsp;&nbsp;&nbsp;&nbsp;&nbsp;&nbsp;&nbsp; Adem\u00e1s, lo componen m\u00e1s de nueve tribus principales, sin contar a los Tuaregs los hombres azules.<\/p>\n\n\n\n<p>&nbsp;&nbsp;&nbsp;&nbsp;&nbsp;&nbsp;&nbsp;&nbsp;&nbsp;&nbsp;&nbsp;&nbsp;&nbsp; Bereber procede de la adaptaci\u00f3n \u00e1rabe barbr del t\u00e9rmino griego \u03b2\u03ac\u03c1\u03b2\u03b1\u03c1\u03bf\u03c2 (b\u00e1rbaros), aunque la autodenominaci\u00f3n que usan muchos bereberes es imazighen (en singular amazigh) y t\u00e9rminos relacionados, que significa \u201chombres libres\u201d<\/p>\n\n\n\n<p>&nbsp;&nbsp;&nbsp;&nbsp;&nbsp;&nbsp;&nbsp;&nbsp;&nbsp;&nbsp;&nbsp;&nbsp;&nbsp; Seg\u00fan Ibn Jald\u00fan, bereberes pertenecientes a las cuatro grandes confederaciones de los Matgara,\u200b Miknasa, Madyuna\u200b y Hawwara, todos miembros de la divisi\u00f3n Butr, emigraron a la Pen\u00ednsula.\u200b La otra gran divisi\u00f3n bereber es la Baranis,\u200b subdividida en Kutama,\u200b Zanata, Masmuda, Malila y Sanhaya. A t\u00edtulo individual menciona tambi\u00e9n la presencia de familias pertenecientes a otras tribus, como los Sumata, rama de los Nafza.<\/p>\n\n\n\n<p>&nbsp;&nbsp;&nbsp;&nbsp;&nbsp;&nbsp;&nbsp;&nbsp;&nbsp;&nbsp;&nbsp;&nbsp;&nbsp; La mayor\u00eda de los bereberes en Al-\u00c1ndalus pertenec\u00edan a los Butr, con nafz\u00edes y miknan\u00edes, de estos \u00faltimos se tiene referencias topon\u00edmicas (Miknasa) en el Valle.<\/p>\n\n\n\n<p>&nbsp;&nbsp;&nbsp;&nbsp;&nbsp;&nbsp;&nbsp;&nbsp;&nbsp;&nbsp;&nbsp;&nbsp;&nbsp; Dejemos para el siguiente escrito, el por qu\u00e9 me he explayado con los Bereberes, los barbaros.<br><strong>La Fascinante Historia<\/strong><\/p>\n","protected":false},"excerpt":{"rendered":"<p>Continuar\u00e9, intentado explicar algo de la historia del Valle de los Pedroches, esa dehesa, la m\u00e1s grande de Europa, y que ahora duerme, ignorante de la grandeza que yace bajo sus pies, de su historia, la de un valle que no se rindi\u00f3 nunca, que, a pesar de la adversidad, supo defender sus l\u00edmites de &hellip; <\/p>\n<p class=\"link-more\"><a href=\"https:\/\/pedrocasiano.es\/?page_id=4331\" class=\"more-link\">Leer m\u00e1s<span class=\"screen-reader-text\"> \u00abLa Fascinante Historia de la Dehesa m\u00e1s grande de Europa. Fhas Al Ballut. El Valle de las Bellotas. El Valle de los Pedroches. (I)\u00bb<\/span><\/a><\/p>\n","protected":false},"author":1,"featured_media":0,"parent":0,"menu_order":0,"comment_status":"closed","ping_status":"closed","template":"","meta":{"inspiro_hide_title":false,"footnotes":""},"class_list":["post-4331","page","type-page","status-publish","hentry"],"featured_media_urls":[],"_links":{"self":[{"href":"https:\/\/pedrocasiano.es\/index.php?rest_route=\/wp\/v2\/pages\/4331","targetHints":{"allow":["GET"]}}],"collection":[{"href":"https:\/\/pedrocasiano.es\/index.php?rest_route=\/wp\/v2\/pages"}],"about":[{"href":"https:\/\/pedrocasiano.es\/index.php?rest_route=\/wp\/v2\/types\/page"}],"author":[{"embeddable":true,"href":"https:\/\/pedrocasiano.es\/index.php?rest_route=\/wp\/v2\/users\/1"}],"replies":[{"embeddable":true,"href":"https:\/\/pedrocasiano.es\/index.php?rest_route=%2Fwp%2Fv2%2Fcomments&post=4331"}],"version-history":[{"count":2,"href":"https:\/\/pedrocasiano.es\/index.php?rest_route=\/wp\/v2\/pages\/4331\/revisions"}],"predecessor-version":[{"id":5445,"href":"https:\/\/pedrocasiano.es\/index.php?rest_route=\/wp\/v2\/pages\/4331\/revisions\/5445"}],"wp:attachment":[{"href":"https:\/\/pedrocasiano.es\/index.php?rest_route=%2Fwp%2Fv2%2Fmedia&parent=4331"}],"curies":[{"name":"wp","href":"https:\/\/api.w.org\/{rel}","templated":true}]}}