{"id":4327,"date":"2024-02-25T09:20:14","date_gmt":"2024-02-25T09:20:14","guid":{"rendered":"https:\/\/pedrocasiano.es\/?page_id=4327"},"modified":"2024-03-01T08:11:50","modified_gmt":"2024-03-01T08:11:50","slug":"practicas-usuales-bancarias-es-una-broma","status":"publish","type":"page","link":"https:\/\/pedrocasiano.es\/?page_id=4327","title":{"rendered":"Pr\u00e1cticas Usuales Bancarias. \u00bfEs Una Broma?"},"content":{"rendered":"\n<figure class=\"wp-block-image aligncenter size-large is-resized\"><img decoding=\"async\" width=\"1024\" height=\"717\" data-src=\"https:\/\/pedrocasiano.es\/wp-content\/uploads\/2024\/02\/ai-generated-8536259_1280-1024x717.jpg\" alt=\"\" class=\"wp-image-4328 lazyload\" style=\"--smush-placeholder-width: 1024px; --smush-placeholder-aspect-ratio: 1024\/717;width:410px;height:auto\" src=\"data:image\/svg+xml;base64,PHN2ZyB3aWR0aD0iMSIgaGVpZ2h0PSIxIiB4bWxucz0iaHR0cDovL3d3dy53My5vcmcvMjAwMC9zdmciPjwvc3ZnPg==\" \/><\/figure>\n\n\n\n<p>Lo siento, demasiado salvaje, aunque llegar\u00e1 el d\u00eda, de momento, lo eliminamos y aqu\u00ed no ha pasado nada, gracias por su paciencia.<\/p>\n","protected":false},"excerpt":{"rendered":"<p>Lo siento, demasiado salvaje, aunque llegar\u00e1 el d\u00eda, de momento, lo eliminamos y aqu\u00ed no ha pasado nada, gracias por su paciencia.<\/p>\n","protected":false},"author":1,"featured_media":0,"parent":0,"menu_order":0,"comment_status":"closed","ping_status":"closed","template":"","meta":{"inspiro_hide_title":false,"footnotes":""},"class_list":["post-4327","page","type-page","status-publish","hentry"],"featured_media_urls":[],"_links":{"self":[{"href":"https:\/\/pedrocasiano.es\/index.php?rest_route=\/wp\/v2\/pages\/4327","targetHints":{"allow":["GET"]}}],"collection":[{"href":"https:\/\/pedrocasiano.es\/index.php?rest_route=\/wp\/v2\/pages"}],"about":[{"href":"https:\/\/pedrocasiano.es\/index.php?rest_route=\/wp\/v2\/types\/page"}],"author":[{"embeddable":true,"href":"https:\/\/pedrocasiano.es\/index.php?rest_route=\/wp\/v2\/users\/1"}],"replies":[{"embeddable":true,"href":"https:\/\/pedrocasiano.es\/index.php?rest_route=%2Fwp%2Fv2%2Fcomments&post=4327"}],"version-history":[{"count":3,"href":"https:\/\/pedrocasiano.es\/index.php?rest_route=\/wp\/v2\/pages\/4327\/revisions"}],"predecessor-version":[{"id":5446,"href":"https:\/\/pedrocasiano.es\/index.php?rest_route=\/wp\/v2\/pages\/4327\/revisions\/5446"}],"wp:attachment":[{"href":"https:\/\/pedrocasiano.es\/index.php?rest_route=%2Fwp%2Fv2%2Fmedia&parent=4327"}],"curies":[{"name":"wp","href":"https:\/\/api.w.org\/{rel}","templated":true}]}}