{"id":4323,"date":"2024-02-25T09:17:22","date_gmt":"2024-02-25T09:17:22","guid":{"rendered":"https:\/\/pedrocasiano.es\/?page_id=4323"},"modified":"2024-03-01T08:25:42","modified_gmt":"2024-03-01T08:25:42","slug":"la-fabula-de-los-autonomos-basada-en-elucubraciones-totalmente-irreales-y-ficticias","status":"publish","type":"page","link":"https:\/\/pedrocasiano.es\/?page_id=4323","title":{"rendered":"La F\u00e1bula De Los Aut\u00f3nomos. Basada En Elucubraciones Totalmente Irreales Y Ficticias"},"content":{"rendered":"\n<figure class=\"wp-block-image alignright size-large is-resized\"><img decoding=\"async\" width=\"1024\" height=\"1024\" data-src=\"https:\/\/pedrocasiano.es\/wp-content\/uploads\/2024\/02\/hood-5277200_1280-1024x1024.jpg\" alt=\"\" class=\"wp-image-4324 lazyload\" style=\"--smush-placeholder-width: 1024px; --smush-placeholder-aspect-ratio: 1024\/1024;width:248px;height:auto\" data-srcset=\"https:\/\/pedrocasiano.es\/wp-content\/uploads\/2024\/02\/hood-5277200_1280-1024x1024.jpg 1024w, https:\/\/pedrocasiano.es\/wp-content\/uploads\/2024\/02\/hood-5277200_1280-300x300.jpg 300w, https:\/\/pedrocasiano.es\/wp-content\/uploads\/2024\/02\/hood-5277200_1280-150x150.jpg 150w\" data-sizes=\"(max-width: 1024px) 100vw, 1024px\" src=\"data:image\/svg+xml;base64,PHN2ZyB3aWR0aD0iMSIgaGVpZ2h0PSIxIiB4bWxucz0iaHR0cDovL3d3dy53My5vcmcvMjAwMC9zdmciPjwvc3ZnPg==\" \/><\/figure>\n\n\n\n<p>Groth el valiente entr\u00f3 en la gran sala del Consejo de Aut\u00f3nomos, se sinti\u00f3 asombrado ante lo que se mostr\u00f3 antes sus ojos, un gran sal\u00f3n en el cual se extend\u00eda un pasillo hasta el altar del sumo sacerdote, a ambos lados se ve\u00edan los ancianos Aut\u00f3nomos, que exhib\u00edan las heridas de su larga vida como Aut\u00f3nomos, mutilados, mancos, cojos, sin un miembro, tuertos, deformados sin fin que llenaban ambas partes de la sala.<\/p>\n\n\n\n<p>&nbsp;&nbsp;&nbsp;&nbsp;&nbsp;&nbsp;&nbsp;&nbsp;&nbsp;&nbsp;&nbsp;&nbsp;&nbsp; Todo aparec\u00eda medio iluminado, una enorme cristalera tras el Sumo Sacerdote, irradiaba una luz que hac\u00eda casi irreal el conjunto, solo una palabra para expresarlo, espectacular. Vest\u00eda con harapos, el cuerpo cansado y una tez amarillenta en la cual solo se destacaban unos ojos vidriosos que alguna vez tuvieron vida.<\/p>\n\n\n\n<p>&nbsp;&nbsp;&nbsp;&nbsp;&nbsp;&nbsp;&nbsp;&nbsp;&nbsp;&nbsp;&nbsp;&nbsp;&nbsp; Con reverencia anduvo los metros que le separaban del Sumo Sacerdote, tras de \u00e9l, el Consejo de los doce Sabios, figuras ajadas, dobladas en s\u00ed mismas, como sarmientos de vid, una visi\u00f3n escalofriante.<\/p>\n\n\n\n<p>&nbsp;&nbsp;&nbsp;&nbsp;&nbsp;&nbsp;&nbsp;&nbsp;&nbsp;&nbsp;&nbsp;&nbsp;&nbsp; Sinti\u00f3 casi n\u00e1useas de los nervios, \u00e9l estaba seguro que triunfar\u00eda, pero antes necesitaba el permiso del Consejo, y por supuesto del Sumo Sacerdote, anteriormente no era necesario, pero la gran cantidad de v\u00edctimas que ocasionaba tal menester, oblig\u00f3 a que fuera necesario, que el que quisiera ser Aut\u00f3nomo, fuera advertido de todos y cada una de los riesgos que le pod\u00edan suceder por solo el hecho de serlo, pero el confiaba en que cualesquiera que fueran los riesgos, su idea y su tenacidad, triunfar\u00edan por encima de todo.<\/p>\n\n\n\n<p>&nbsp;&nbsp;&nbsp;&nbsp;&nbsp;&nbsp;&nbsp;&nbsp;&nbsp;&nbsp;&nbsp;&nbsp;&nbsp; Conoc\u00eda el protocolo de la ceremonia, as\u00ed que apenas lleg\u00f3 a unos metros de donde se hallaba el Sumo Sacerdote, se postr\u00f3 ante \u00e9l, dejando que su cabeza cayera sobre su pecho.<\/p>\n\n\n\n<p>-Groth, \u00bfa qu\u00e9 has venido al Consejo?, pregunt\u00f3 el Sumo sacerdote con una voz que parec\u00eda de ultratumba, mientras elevaba sus brazos al cielo.<\/p>\n\n\n\n<p>-He venido Sumo Sacerdote, para que t\u00fa me permitas formar parte de la Comunidad de los Aut\u00f3nomos.<\/p>\n\n\n\n<p>-Groth, \u00bft\u00fa has sopesado los riesgos de esta nuestra profesi\u00f3n, de cuantos de nosotros quedamos por el camino, de cuantas almas rotas, cuerpos destrozados, se agolpan en nuestras filas?<\/p>\n\n\n\n<p>-S\u00ed, Sumo Sacerdote, a Groth el coraz\u00f3n parec\u00eda sal\u00edrsele por la boca.<\/p>\n\n\n\n<p>-Los dioses me obligan a que oiga de tu voz a mis preguntas, la certeza de tu voluntad para este terrible camino.<\/p>\n\n\n\n<p>-S\u00ed, volvi\u00f3 a decir Groth.<\/p>\n\n\n\n<p>-\u00bfNunca podr\u00e1s caer enfermo, luchar\u00e1s d\u00eda y noche, sean cuales sean tus heridas, y si al final cedes al dolor de tu cuerpo, a la infecci\u00f3n de tus heridas, ser\u00e1s proscrito, nadie te ayudar\u00e1, ser\u00e1s un paria, abandonado por todos como un apestado?<\/p>\n\n\n\n<p>-Lo s\u00e9, Sumo Sacerdote.<\/p>\n\n\n\n<p>&#8211; \u00bfTrabajaras d\u00eda y noche, te levantar\u00e1s el primero, te acostar\u00e1s el ultimo, y mientras los dem\u00e1s se divierten tu les servir\u00e1s con una sonrisa, aunque la ira, el dolor y la pena se coman tus entra\u00f1as?<\/p>\n\n\n\n<p>-As\u00ed lo har\u00e9 Sumo Sacerdote.<\/p>\n\n\n\n<p>&#8211; \u00bfPermitir\u00e1s que el Estado se lleve casi todo lo que ganas, sumi\u00e9ndote en la ruina, llevar\u00e1s con calma las continuas inspecciones, el salvaje uso de complementarias y soportar\u00e1s con entereza la intromisi\u00f3n en toda tu vida para dejarte aun con menos recursos?<\/p>\n\n\n\n<p>-Lo permitir\u00e9, Sumo Sacerdote.<\/p>\n\n\n\n<p>&#8211; \u00bfEres consciente que caer\u00e1s en el infierno de los Bancos, esos seres sin alma, abyectos y ruines que te dar\u00e1n cuando tienes, y te negaran cuando lo necesites, mientras en el camino, a peque\u00f1os bocados se llevaran tu sangre y tu carne?<\/p>\n\n\n\n<p>-Soy consciente, Sumo Sacerdote.<\/p>\n\n\n\n<p>&#8211; \u00bfSabes que, si tomas familia, esta ser\u00e1 mal atendida, tus hijos no ver\u00e1n a su padre, tu mujer olvidada, tus ancianos padres desasistidos, mientras t\u00fa no conocer\u00e1s ni el d\u00eda en que te hayas?<\/p>\n\n\n\n<p>-Lo s\u00e9, Sumo Sacerdote.<\/p>\n\n\n\n<p>&#8211; \u00bfSabes que pasar\u00e1s hambre, dolor, miseria, que ser\u00e1s menospreciado por aquellos para los que trabajes, que tendr\u00e1s cien jefes y ninguno ser\u00e1 bueno?<\/p>\n\n\n\n<p>-Lo s\u00e9, Sumo Sacerdote.<\/p>\n\n\n\n<p>&#8211; \u00bfQue si tienes trabajadores, ellos ser\u00e1n los bendecidos sobre ti, que ser\u00e1s el culpable de todos los males, el lobo que mata al cordero, que te trataran como un explotador, como un malnacido, mientras ellos trabajaran lo menos posible, depositando sobre ti todo el trabajo posible, para ellos no tener que hacerlo, que sobre ti caer\u00e1n todas las obligaciones y sobre ellos todos los derechos?<\/p>\n\n\n\n<p>-Lo s\u00e9, Sumo Sacerdote.<\/p>\n\n\n\n<p>&#8211; \u00bfQue, si haces bien mil cosas y fallas en una, te ver\u00e1s arruinado, desclasado, sin techo, sin comida, sin medios para seguir en tu lucha, mientras aquellos a los que has ayudado se mofar\u00e1n de ti?<\/p>\n\n\n\n<p>-Lo s\u00e9, Sumo Sacerdote.<\/p>\n\n\n\n<p>-En vista de todas tus respuestas, yo Moul, Sumo Sacerdote de los Aut\u00f3nomos te acojo en nuestra hermandad, Tenacidad y Fuerza, que las necesitar\u00e1s, dijo el Sumo Sacerdote, mientras le cog\u00eda la cabeza, bienvenido, a este nuestro mundo de esclavitud y de desamparo.<\/p>\n\n\n\n<p>&nbsp;&nbsp;&nbsp;&nbsp;&nbsp;&nbsp;&nbsp;&nbsp;&nbsp;&nbsp;&nbsp;&nbsp;&nbsp; Groth, sinti\u00f3 que el coraz\u00f3n se le hench\u00eda de gozo, por fin era un Aut\u00f3nomo.<\/p>\n\n\n\n<p>&nbsp;&nbsp;&nbsp;&nbsp;&nbsp;&nbsp;&nbsp;&nbsp;&nbsp;&nbsp;&nbsp;&nbsp;&nbsp; Moul, Gran Sacerdote de los Aut\u00f3nomos, se retir\u00f3 fuera de la c\u00e1mara, en su cabeza solo un pensamiento.<\/p>\n\n\n\n<p>&#8211; \u00bfPor qu\u00e9 en esta tierra hab\u00eda tantos masoquistas?<\/p>\n\n\n\n<p>Se alegr\u00f3 de tener un sueldo fijo del Estado como Sumo Sacerdote, porque si no a estas alturas, quien sabe d\u00f3nde estar\u00eda.<\/p>\n\n\n\n<p>Relato parte de la obra de ficci\u00f3n \u201cCuentos de un futuro incierto. Yo tambi\u00e9n soy Aut\u00f3nomo\u201d, tambi\u00e9n conocida bajo la denominaci\u00f3n de \u201cComo te vende el Estado la moto\u201d, de Pedro Casiano Gonz\u00e1lez Cuevas, (Q.N.I.P.) Qui non in pace.<br><\/p>\n","protected":false},"excerpt":{"rendered":"<p>Groth el valiente entr\u00f3 en la gran sala del Consejo de Aut\u00f3nomos, se sinti\u00f3 asombrado ante lo que se mostr\u00f3 antes sus ojos, un gran sal\u00f3n en el cual se extend\u00eda un pasillo hasta el altar del sumo sacerdote, a ambos lados se ve\u00edan los ancianos Aut\u00f3nomos, que exhib\u00edan las heridas de su larga vida &hellip; <\/p>\n<p class=\"link-more\"><a href=\"https:\/\/pedrocasiano.es\/?page_id=4323\" class=\"more-link\">Leer m\u00e1s<span class=\"screen-reader-text\"> \u00abLa F\u00e1bula De Los Aut\u00f3nomos. Basada En Elucubraciones Totalmente Irreales Y Ficticias\u00bb<\/span><\/a><\/p>\n","protected":false},"author":1,"featured_media":0,"parent":0,"menu_order":0,"comment_status":"closed","ping_status":"closed","template":"","meta":{"inspiro_hide_title":false,"footnotes":""},"class_list":["post-4323","page","type-page","status-publish","hentry"],"featured_media_urls":[],"_links":{"self":[{"href":"https:\/\/pedrocasiano.es\/index.php?rest_route=\/wp\/v2\/pages\/4323","targetHints":{"allow":["GET"]}}],"collection":[{"href":"https:\/\/pedrocasiano.es\/index.php?rest_route=\/wp\/v2\/pages"}],"about":[{"href":"https:\/\/pedrocasiano.es\/index.php?rest_route=\/wp\/v2\/types\/page"}],"author":[{"embeddable":true,"href":"https:\/\/pedrocasiano.es\/index.php?rest_route=\/wp\/v2\/users\/1"}],"replies":[{"embeddable":true,"href":"https:\/\/pedrocasiano.es\/index.php?rest_route=%2Fwp%2Fv2%2Fcomments&post=4323"}],"version-history":[{"count":2,"href":"https:\/\/pedrocasiano.es\/index.php?rest_route=\/wp\/v2\/pages\/4323\/revisions"}],"predecessor-version":[{"id":5447,"href":"https:\/\/pedrocasiano.es\/index.php?rest_route=\/wp\/v2\/pages\/4323\/revisions\/5447"}],"wp:attachment":[{"href":"https:\/\/pedrocasiano.es\/index.php?rest_route=%2Fwp%2Fv2%2Fmedia&parent=4323"}],"curies":[{"name":"wp","href":"https:\/\/api.w.org\/{rel}","templated":true}]}}