{"id":4321,"date":"2024-02-25T09:12:23","date_gmt":"2024-02-25T09:12:23","guid":{"rendered":"https:\/\/pedrocasiano.es\/?page_id=4321"},"modified":"2024-03-26T05:59:37","modified_gmt":"2024-03-26T05:59:37","slug":"la-albolafia","status":"publish","type":"page","link":"https:\/\/pedrocasiano.es\/?page_id=4321","title":{"rendered":"La Albolafia"},"content":{"rendered":"\n<figure class=\"wp-block-image alignleft size-full is-resized\"><img decoding=\"async\" width=\"640\" height=\"425\" data-src=\"https:\/\/pedrocasiano.es\/wp-content\/uploads\/2024\/03\/PSC00127peque.jpg\" alt=\"\" class=\"wp-image-6230 lazyload\" style=\"--smush-placeholder-width: 640px; --smush-placeholder-aspect-ratio: 640\/425;width:562px;height:auto\" src=\"data:image\/svg+xml;base64,PHN2ZyB3aWR0aD0iMSIgaGVpZ2h0PSIxIiB4bWxucz0iaHR0cDovL3d3dy53My5vcmcvMjAwMC9zdmciPjwvc3ZnPg==\" \/><\/figure>\n\n\n\n<p>Todos los cordobeses sabemos d\u00f3nde est\u00e1 la Albolafia, es bella como pocas, y conforma el paisaje inmemorial de nuestra ciudad. Pero, \u00bfsabemos de d\u00f3nde viene el nombre?<\/p>\n\n\n\n<p>Muchos lo sabr\u00e1n, pero para aquellos que no lo conozcan, intentar\u00e9 dar luz al nacimiento del citado nombre.<\/p>\n\n\n\n<p>Es el nombre de aquel que restaur\u00f3 en el Siglo XII la noria del Gran rio (Guadalquivir), Ab\u00fa l-\u00c1fiya, del que castellanizado qued\u00f3 su nombre para los restos, si bien hab\u00eda sido construida por orden de Abd al-Rahman II, siendo conocida tambi\u00e9n como Molino de Kulaib.<\/p>\n\n\n\n<p>Sus or\u00edgenes son anteriores, pues se tiene noticia de que exist\u00eda previamente una romana. Las civilizaciones cambian, pero la utilidad es algo que vuelve cuando el sentido com\u00fan enfr\u00eda la pelea.<\/p>\n\n\n\n<p>Un dato interesante, la palabra espa\u00f1ola Noria viene del \u00e1rabe na&#8217;ura, que significa \u00abgemidora\u00bb, apropiado nombre, pues la reina Isabel la Cat\u00f3lica, hizo que la desmontaran porque no la dejaba dormir el ruido que produc\u00eda.<\/p>\n\n\n\n<p>Hasta el Siglo XVI, llevaba el agua al Alc\u00e1zar, y posteriormente fue usada como molino. Se ha remodelado y restaurado (algunas penosas, y mirad como est\u00e1 ahora, fatal), tantas veces, que, a saber, su aspecto original, pero lo que no le quita nadie, es que est\u00e1 en el escudo de la ciudad.<\/p>\n\n\n\n<p>Lamento refrendar, que el nombre es Hispano \u00c1rabe, no romano, mala suerte para aquellos que solo contemplan cualquier per\u00edodo de nuestra historia, salvo este.<\/p>\n","protected":false},"excerpt":{"rendered":"<p>Todos los cordobeses sabemos d\u00f3nde est\u00e1 la Albolafia, es bella como pocas, y conforma el paisaje inmemorial de nuestra ciudad. Pero, \u00bfsabemos de d\u00f3nde viene el nombre? Muchos lo sabr\u00e1n, pero para aquellos que no lo conozcan, intentar\u00e9 dar luz al nacimiento del citado nombre. Es el nombre de aquel que restaur\u00f3 en el Siglo &hellip; <\/p>\n<p class=\"link-more\"><a href=\"https:\/\/pedrocasiano.es\/?page_id=4321\" class=\"more-link\">Leer m\u00e1s<span class=\"screen-reader-text\"> \u00abLa Albolafia\u00bb<\/span><\/a><\/p>\n","protected":false},"author":1,"featured_media":0,"parent":0,"menu_order":0,"comment_status":"closed","ping_status":"closed","template":"","meta":{"inspiro_hide_title":false,"footnotes":""},"class_list":["post-4321","page","type-page","status-publish","hentry"],"featured_media_urls":[],"_links":{"self":[{"href":"https:\/\/pedrocasiano.es\/index.php?rest_route=\/wp\/v2\/pages\/4321","targetHints":{"allow":["GET"]}}],"collection":[{"href":"https:\/\/pedrocasiano.es\/index.php?rest_route=\/wp\/v2\/pages"}],"about":[{"href":"https:\/\/pedrocasiano.es\/index.php?rest_route=\/wp\/v2\/types\/page"}],"author":[{"embeddable":true,"href":"https:\/\/pedrocasiano.es\/index.php?rest_route=\/wp\/v2\/users\/1"}],"replies":[{"embeddable":true,"href":"https:\/\/pedrocasiano.es\/index.php?rest_route=%2Fwp%2Fv2%2Fcomments&post=4321"}],"version-history":[{"count":2,"href":"https:\/\/pedrocasiano.es\/index.php?rest_route=\/wp\/v2\/pages\/4321\/revisions"}],"predecessor-version":[{"id":6231,"href":"https:\/\/pedrocasiano.es\/index.php?rest_route=\/wp\/v2\/pages\/4321\/revisions\/6231"}],"wp:attachment":[{"href":"https:\/\/pedrocasiano.es\/index.php?rest_route=%2Fwp%2Fv2%2Fmedia&parent=4321"}],"curies":[{"name":"wp","href":"https:\/\/api.w.org\/{rel}","templated":true}]}}