{"id":4317,"date":"2024-02-25T09:08:52","date_gmt":"2024-02-25T09:08:52","guid":{"rendered":"https:\/\/pedrocasiano.es\/?page_id=4317"},"modified":"2024-03-01T09:26:33","modified_gmt":"2024-03-01T09:26:33","slug":"recuerdos-de-cordoba","status":"publish","type":"page","link":"https:\/\/pedrocasiano.es\/?page_id=4317","title":{"rendered":"Recuerdos de C\u00f3rdoba"},"content":{"rendered":"\n<figure class=\"wp-block-image alignleft size-full is-resized\"><img decoding=\"async\" width=\"1024\" height=\"680\" data-src=\"https:\/\/pedrocasiano.es\/wp-content\/uploads\/2024\/02\/DSC_3140.jpg\" alt=\"\" class=\"wp-image-4318 lazyload\" style=\"--smush-placeholder-width: 1024px; --smush-placeholder-aspect-ratio: 1024\/680;width:466px;height:auto\" src=\"data:image\/svg+xml;base64,PHN2ZyB3aWR0aD0iMSIgaGVpZ2h0PSIxIiB4bWxucz0iaHR0cDovL3d3dy53My5vcmcvMjAwMC9zdmciPjwvc3ZnPg==\" \/><\/figure>\n\n\n\n<p>Hoy, quiz\u00e1s ayer, no lo recuerdo bien, alguien dej\u00f3 un comentario en uno de mis reportajes \u201cparece un pueblito bonito\u201d, y no s\u00e9 por qu\u00e9, no era mal intencionado ni much\u00edsimo menos, pero me sent\u00ed mal, sin saber porque, pero sabi\u00e9ndolo, esa era mi C\u00f3rdoba \u201cun pueblito bonito\u201d, y ten\u00eda raz\u00f3n, cuando a\u00fan resuenan los cascos del caballo de Gonzalo Fern\u00e1ndez de C\u00f3rdoba, el rumor de los cautivos de las aceifas de Almanzor, cuando el almuec\u00edn, llamaba a la oraci\u00f3n desde la Mezquita Alhama, los altivos piconeros.<\/p>\n\n\n\n<p>&nbsp;&nbsp;&nbsp;&nbsp;&nbsp;&nbsp;&nbsp;&nbsp;&nbsp;&nbsp;&nbsp;&nbsp;&nbsp; Cierro los ojos y veo el esplendor de Abderram\u00e1n I, el emirato de C\u00f3rdoba, el Califato de C\u00f3rdoba, el reino de C\u00f3rdoba, \u00bfhoy que queda?, en mi alma no es recuerdo, pues no lo conoc\u00ed, pero si el sentimiento, oropeles al viento, enormes ej\u00e9rcitos que reg\u00edan el mundo, la victoria de Pompeyo, su derrota, la Ciudad Brillante, engalanada, blanca y un poco de almagra, deslumbrando al mundo, aun sin romper, sin que la vida la expolie, ef\u00edmera vida, pero esplendorosa como pocas.<\/p>\n\n\n\n<p>&nbsp;&nbsp;&nbsp;&nbsp;&nbsp;&nbsp;&nbsp;&nbsp;&nbsp;&nbsp;&nbsp;&nbsp;&nbsp; El olor de los azahares en las riberas del gran rio, los jardines de Al Quasar, la Albolafia, los largos paseos por murallas almor\u00e1vides, las iglesias fernandinas, el loor a Dios, sea este Yahv\u00e9, Al\u00e1. La fe de los creyentes, las torres ara\u00f1ando al cielo, fueran campanarios, o alminares, qu\u00e9 m\u00e1s da, todas eran cordobesas, y solo quer\u00edan llegar al cielo, cantar a lo m\u00e1s alto a la campi\u00f1a y al rio.<\/p>\n\n\n\n<p>&nbsp;&nbsp;&nbsp;&nbsp;&nbsp;&nbsp;&nbsp;&nbsp;&nbsp;&nbsp;&nbsp;&nbsp;&nbsp; Oriflamas olvidadas de banderas gallardas, gritos de muchedumbres a la gloria de ej\u00e9rcitos triunfantes, barrios de saber, de conocimiento, donde se ensalzaba la cultura, el saber, fuera, celta, godo, romano, hispano\u00e1rabe o cristiano, desde Seneca, Osio, G\u00f3ngora, Lucano, Averroes, Avicena.<\/p>\n\n\n\n<p>&nbsp;&nbsp;&nbsp;&nbsp;&nbsp;&nbsp;&nbsp;&nbsp;&nbsp;&nbsp;&nbsp;&nbsp;&nbsp; Mujeres bellas, valientes, descollando entre la pl\u00e9yade de barbarie, Wallada, la cantora del amor, en tiempos de c\u00f3lera, Ana Mar\u00eda de Soto, vestida de marinero, matando ingleses, \u00bfqu\u00e9 fue de ellas?, solo se perpetua, en las cordobesas, su voluntad, su belleza, su car\u00e1cter, fuerte como el amor de una madre, \u00bfte parece poco?<\/p>\n\n\n\n<p>&nbsp;&nbsp;&nbsp;&nbsp;&nbsp;&nbsp;&nbsp;&nbsp;&nbsp;&nbsp;&nbsp;&nbsp;&nbsp; Olvidados, hijos de una madre que agoniza, a la tenue luz de un progreso que nos olvida, abandonados en la cola del desamparo, cuando ya solo quieren que muramos, callados, agonizando en ambulatorios esperp\u00e9nticos, cuando la esperanza se pierde en la juventud que marcha lejos, y la tristeza en la noches de invierno, nos hace verlo todo a\u00fan m\u00e1s negro, a pesar de todo eso, del dolor, de la tristeza, no cambiar\u00eda ni un momento de mi vida que he vivido, buenamente, malamente, en mi C\u00f3rdoba, dura como una piedra, amante d\u00edscola y ub\u00e9rrima, la olvidada Puerta Nueva, la calle empedrada que daba a la Magdalena, ni un solo momento cambiar\u00eda, ni uno solo.<\/p>\n","protected":false},"excerpt":{"rendered":"<p>Hoy, quiz\u00e1s ayer, no lo recuerdo bien, alguien dej\u00f3 un comentario en uno de mis reportajes \u201cparece un pueblito bonito\u201d, y no s\u00e9 por qu\u00e9, no era mal intencionado ni much\u00edsimo menos, pero me sent\u00ed mal, sin saber porque, pero sabi\u00e9ndolo, esa era mi C\u00f3rdoba \u201cun pueblito bonito\u201d, y ten\u00eda raz\u00f3n, cuando a\u00fan resuenan los &hellip; <\/p>\n<p class=\"link-more\"><a href=\"https:\/\/pedrocasiano.es\/?page_id=4317\" class=\"more-link\">Leer m\u00e1s<span class=\"screen-reader-text\"> \u00abRecuerdos de C\u00f3rdoba\u00bb<\/span><\/a><\/p>\n","protected":false},"author":1,"featured_media":0,"parent":0,"menu_order":0,"comment_status":"closed","ping_status":"closed","template":"","meta":{"inspiro_hide_title":false,"footnotes":""},"class_list":["post-4317","page","type-page","status-publish","hentry"],"featured_media_urls":[],"_links":{"self":[{"href":"https:\/\/pedrocasiano.es\/index.php?rest_route=\/wp\/v2\/pages\/4317","targetHints":{"allow":["GET"]}}],"collection":[{"href":"https:\/\/pedrocasiano.es\/index.php?rest_route=\/wp\/v2\/pages"}],"about":[{"href":"https:\/\/pedrocasiano.es\/index.php?rest_route=\/wp\/v2\/types\/page"}],"author":[{"embeddable":true,"href":"https:\/\/pedrocasiano.es\/index.php?rest_route=\/wp\/v2\/users\/1"}],"replies":[{"embeddable":true,"href":"https:\/\/pedrocasiano.es\/index.php?rest_route=%2Fwp%2Fv2%2Fcomments&post=4317"}],"version-history":[{"count":2,"href":"https:\/\/pedrocasiano.es\/index.php?rest_route=\/wp\/v2\/pages\/4317\/revisions"}],"predecessor-version":[{"id":5453,"href":"https:\/\/pedrocasiano.es\/index.php?rest_route=\/wp\/v2\/pages\/4317\/revisions\/5453"}],"wp:attachment":[{"href":"https:\/\/pedrocasiano.es\/index.php?rest_route=%2Fwp%2Fv2%2Fmedia&parent=4317"}],"curies":[{"name":"wp","href":"https:\/\/api.w.org\/{rel}","templated":true}]}}