{"id":4313,"date":"2024-02-25T09:04:51","date_gmt":"2024-02-25T09:04:51","guid":{"rendered":"https:\/\/pedrocasiano.es\/?page_id=4313"},"modified":"2024-03-01T09:27:27","modified_gmt":"2024-03-01T09:27:27","slug":"las-prioridades-de-cordoba","status":"publish","type":"page","link":"https:\/\/pedrocasiano.es\/?page_id=4313","title":{"rendered":"Las Prioridades De C\u00f3rdoba"},"content":{"rendered":"\n<figure class=\"wp-block-image alignleft size-large is-resized\"><img decoding=\"async\" width=\"1024\" height=\"853\" data-src=\"https:\/\/pedrocasiano.es\/wp-content\/uploads\/2024\/02\/spain-1558013_1280-1024x853.jpg\" alt=\"\" class=\"wp-image-4314 lazyload\" style=\"--smush-placeholder-width: 1024px; --smush-placeholder-aspect-ratio: 1024\/853;width:399px;height:auto\" src=\"data:image\/svg+xml;base64,PHN2ZyB3aWR0aD0iMSIgaGVpZ2h0PSIxIiB4bWxucz0iaHR0cDovL3d3dy53My5vcmcvMjAwMC9zdmciPjwvc3ZnPg==\" \/><\/figure>\n\n\n\n<p>La controversia en el campo del cambio de la nomenclatura de nuestras calles, ha desatado r\u00edos de tinta, unos a favor, la mayor\u00eda en contra.<\/p>\n\n\n\n<p>&nbsp;&nbsp;&nbsp;&nbsp;&nbsp;&nbsp;&nbsp;&nbsp;&nbsp;&nbsp;&nbsp;&nbsp;&nbsp; No quero unirme a uno u otro grupo, solo me pregunto una cosa \u00bfes ahora mismo el cambio de nombres de las calles algo prioritario, o solo el onanismo de nuestros pol\u00edticos, empe\u00f1ados en que veamos solo el capote y no al torero?<\/p>\n\n\n\n<p>&nbsp;&nbsp;&nbsp;&nbsp;&nbsp;&nbsp;&nbsp;&nbsp;&nbsp;&nbsp;&nbsp;&nbsp;&nbsp; \u00bfNo existen problemas m\u00e1s importantes, mucho m\u00e1s que el del cambio de un nombre a otro?<\/p>\n\n\n\n<p>&nbsp;&nbsp;&nbsp;&nbsp;&nbsp;&nbsp;&nbsp;&nbsp;&nbsp;&nbsp;&nbsp;&nbsp;&nbsp; \u00bfCu\u00e1nto le va a costar a los comerciantes, a los aut\u00f3nomos de esas calles cambiar el nombre en unos negocios que de por si son m\u00e1s ruinosos cada d\u00eda?<\/p>\n\n\n\n<p>&nbsp;&nbsp;&nbsp;&nbsp;&nbsp;&nbsp;&nbsp;&nbsp;&nbsp;&nbsp;&nbsp;&nbsp;&nbsp; Realmente ser\u00eda para re\u00edrse si le pasara a otro, pero me sucede a m\u00ed, en mi casa, en mi ciudad, y la verdad, a m\u00ed me sienta como una patada en los cojones.<\/p>\n\n\n\n<p>&nbsp;&nbsp;&nbsp;&nbsp;&nbsp;&nbsp;&nbsp;&nbsp;&nbsp;&nbsp;&nbsp;&nbsp;&nbsp; La ley de la memoria hist\u00f3rica, el ser correcto pol\u00edticamente, las mil y unas leyes, decretos, regulaciones que solo envuelven \u00e1nimos revanchistas, desidia de los pol\u00edticos, o simplemente desviar la atenci\u00f3n, me tienen cansado, tan cansado, que, si no estuviera considerado \u201capolog\u00eda del terrorismo\u201d, iba a decir unas cuantas cosas, pero no quiero acabar en el trullo, cayendo de cuatro patas (sin necesidad de que se me resbale de las manos el jab\u00f3n).<\/p>\n\n\n\n<p>&nbsp;&nbsp;&nbsp;&nbsp;&nbsp;&nbsp;&nbsp;&nbsp;&nbsp;&nbsp;&nbsp;&nbsp;&nbsp; \u00a1Qu\u00e9 pa\u00eds!, somos un chiste, nos mata el paro, le emigraci\u00f3n, el comienzo del hambre f\u00edsica, la muerte en vida de nuestras ciudades, y nos preocupamos de que una calle, que posiblemente, de seguir as\u00ed sea el de una ciudad fantasma, se llame de una forma u otra.<\/p>\n\n\n\n<p>&nbsp;&nbsp;&nbsp;&nbsp;&nbsp;&nbsp;&nbsp;&nbsp;&nbsp;&nbsp;&nbsp;&nbsp;&nbsp; Mi abuelo dec\u00eda que el que comenten que la madre de alguien se venda por poco dinero a otros hombres, es una forma de decir hijo de puta con m\u00e1s palabras, pues eso. Farfulla tonter\u00edas, y ten a los borreguitos pele\u00e1ndose por el \u201cForo Romano\u201d, o tama\u00f1a nimiedad, y por supuesto, d\u00e9mosles a nuestras calles nombres de acuerdo a la ideolog\u00eda imperante.<\/p>\n\n\n\n<p>&nbsp;&nbsp;&nbsp;&nbsp;&nbsp;&nbsp;&nbsp;&nbsp;&nbsp;&nbsp;&nbsp;&nbsp;&nbsp; Para ello propongo una serie de nombres, los cuales estar\u00e1n m\u00e1s del gusto actual, veamos algunas de ellos.<\/p>\n\n\n\n<p>-Calle de Joseph Stalin. Buena gente.<\/p>\n\n\n\n<p>-Calle Trotski, que matara a cientos de miles de personas en progroms, no es cierto en absoluto, y si lo hizo, fue en aras de un bien mayor que se llev\u00f3 con \u00e9l a la tumba.<\/p>\n\n\n\n<p>-Calle Puigdemont. Alabemos a aquel que defiende su patria por encima de todo, desde la comodidad de un exilio dorado, por cierto, el Sha de Persia, hacia lo mismo, como el Ayatola Jomeini.<\/p>\n\n\n\n<p>-Avenida de Zapatero. Nada que objetar a un personaje que da brillo a nuestra naci\u00f3n.<\/p>\n\n\n\n<p>-Calle del Rufi\u00e1n (Hombre vil y despreciable que vive del enga\u00f1o y de la estafa). Nada que no sea alabar a uno de los mejores negociadores de su pa\u00eds.<\/p>\n\n\n\n<p>-Calle del Guanaco. Simp\u00e1tico animal que ataca a escupitajos.<\/p>\n\n\n\n<p>&nbsp;&nbsp;&nbsp;&nbsp;&nbsp;&nbsp;&nbsp;&nbsp;&nbsp;&nbsp;&nbsp;&nbsp;&nbsp; As\u00ed podr\u00eda seguir hasta el infinito, miles, millones de nombres, pero \u00bfes eso importante?, no, para m\u00ed lo importante, es que funcionen los servicios, las escuelas, los hospitales, lo que realmente necesito, lo dem\u00e1s\u2026<\/p>\n\n\n\n<p>&nbsp;&nbsp;&nbsp;&nbsp;&nbsp;&nbsp;&nbsp;&nbsp;&nbsp;&nbsp;&nbsp;&nbsp;&nbsp; Y lo peor ahora vienen las elecciones, si algo funciona no lo toques, lo cual no es el caso, pero te puedo asegurar que salen los mismos que llevan d\u00e9cadas haciendo que Andaluc\u00eda, se vaya muriendo poco a poco, pero \u00bfa qui\u00e9n votas?, ese es el problema, que hartazgo de pol\u00edticos tengo, es que me los toco.<\/p>\n\n\n\n<p>&nbsp;&nbsp;&nbsp;&nbsp;&nbsp;&nbsp;&nbsp;&nbsp;&nbsp;&nbsp;&nbsp;&nbsp;&nbsp; Dicen que la democracia es el menos malo de los gobiernos, quiz\u00e1s sea cierto, pero aqu\u00ed va como el culo, \u00bfculpa de los votantes?, \u00bfde los votados?, qu\u00e9 m\u00e1s da, el caso es que somos, los del sur, un pa\u00eds de emigrantes, de pobres que recoge m\u00e1s pobres, para ser m\u00e1s pobres a\u00fan.<\/p>\n\n\n\n<p>&nbsp;&nbsp;&nbsp;&nbsp;&nbsp;&nbsp;&nbsp;&nbsp;&nbsp;&nbsp;&nbsp;&nbsp;&nbsp; \u00a1Que locura!, que, sin sentido, que peste de pol\u00edticos corruptos, de eg\u00f3latras con infundios de dictadores, sin conocimiento ni inteligencia para serlo. Parad Espa\u00f1a, que me bajo, porque esto tiene menos futuro que los casetes a pilas, que pena, que despilfarro, que pandilla de cabestros, los que votan y los votados, que lastima de tierra, que pena de gente, que, como las vacas, no sienten nada cuando llevan a las dem\u00e1s al matadero, tan imb\u00e9ciles, que ignoran que las siguientes ser\u00e1n ellas.<\/p>\n\n\n\n<p>&nbsp;&nbsp;&nbsp;&nbsp;&nbsp;&nbsp;&nbsp;&nbsp;&nbsp;&nbsp;&nbsp;&nbsp;&nbsp; Como dec\u00eda mi abuelo, esto no lo arregla ni Moyano el latonero.<strong><br><\/strong><\/p>\n","protected":false},"excerpt":{"rendered":"<p>La controversia en el campo del cambio de la nomenclatura de nuestras calles, ha desatado r\u00edos de tinta, unos a favor, la mayor\u00eda en contra. &nbsp;&nbsp;&nbsp;&nbsp;&nbsp;&nbsp;&nbsp;&nbsp;&nbsp;&nbsp;&nbsp;&nbsp;&nbsp; No quero unirme a uno u otro grupo, solo me pregunto una cosa \u00bfes ahora mismo el cambio de nombres de las calles algo prioritario, o solo el onanismo &hellip; <\/p>\n<p class=\"link-more\"><a href=\"https:\/\/pedrocasiano.es\/?page_id=4313\" class=\"more-link\">Leer m\u00e1s<span class=\"screen-reader-text\"> \u00abLas Prioridades De C\u00f3rdoba\u00bb<\/span><\/a><\/p>\n","protected":false},"author":1,"featured_media":0,"parent":0,"menu_order":0,"comment_status":"closed","ping_status":"closed","template":"","meta":{"inspiro_hide_title":false,"footnotes":""},"class_list":["post-4313","page","type-page","status-publish","hentry"],"featured_media_urls":[],"_links":{"self":[{"href":"https:\/\/pedrocasiano.es\/index.php?rest_route=\/wp\/v2\/pages\/4313","targetHints":{"allow":["GET"]}}],"collection":[{"href":"https:\/\/pedrocasiano.es\/index.php?rest_route=\/wp\/v2\/pages"}],"about":[{"href":"https:\/\/pedrocasiano.es\/index.php?rest_route=\/wp\/v2\/types\/page"}],"author":[{"embeddable":true,"href":"https:\/\/pedrocasiano.es\/index.php?rest_route=\/wp\/v2\/users\/1"}],"replies":[{"embeddable":true,"href":"https:\/\/pedrocasiano.es\/index.php?rest_route=%2Fwp%2Fv2%2Fcomments&post=4313"}],"version-history":[{"count":2,"href":"https:\/\/pedrocasiano.es\/index.php?rest_route=\/wp\/v2\/pages\/4313\/revisions"}],"predecessor-version":[{"id":5454,"href":"https:\/\/pedrocasiano.es\/index.php?rest_route=\/wp\/v2\/pages\/4313\/revisions\/5454"}],"wp:attachment":[{"href":"https:\/\/pedrocasiano.es\/index.php?rest_route=%2Fwp%2Fv2%2Fmedia&parent=4313"}],"curies":[{"name":"wp","href":"https:\/\/api.w.org\/{rel}","templated":true}]}}