{"id":4309,"date":"2024-02-25T09:02:36","date_gmt":"2024-02-25T09:02:36","guid":{"rendered":"https:\/\/pedrocasiano.es\/?page_id=4309"},"modified":"2024-03-01T09:28:11","modified_gmt":"2024-03-01T09:28:11","slug":"sobre-deslealtades-en-juramentos-promesas-e-intenciones-la-profesion-medica","status":"publish","type":"page","link":"https:\/\/pedrocasiano.es\/?page_id=4309","title":{"rendered":"Sobre Deslealtades En Juramentos, Promesas E Intenciones. La Profesi\u00f3n M\u00e9dica"},"content":{"rendered":"\n<figure class=\"wp-block-image alignleft size-large is-resized\"><img decoding=\"async\" width=\"1024\" height=\"876\" data-src=\"https:\/\/pedrocasiano.es\/wp-content\/uploads\/2024\/02\/ai-generated-8223597_1280-1024x876.jpg\" alt=\"\" class=\"wp-image-4310 lazyload\" style=\"--smush-placeholder-width: 1024px; --smush-placeholder-aspect-ratio: 1024\/876;width:528px;height:auto\" src=\"data:image\/svg+xml;base64,PHN2ZyB3aWR0aD0iMSIgaGVpZ2h0PSIxIiB4bWxucz0iaHR0cDovL3d3dy53My5vcmcvMjAwMC9zdmciPjwvc3ZnPg==\" \/><\/figure>\n\n\n\n<p>Hoy, aquejado como siempre por la bruma del dolor, harto de pensar en ello, he optado por leer algo que, a m\u00ed, en mis cortas entendederas, me ha parecido un cuento, cuando mas una quimera, pero sobre todo una mentira o un enga\u00f1o, sirva cualquiera de estos adjetivos para definir lo que pomposamente sirve llamarse por la cofrad\u00eda de la sotana blanca y roja \u201cC\u00d3DIGO DE DEONTOLOG\u00cdA M\u00c9DICA-GU\u00cdA DE \u00c9TICA M\u00c9DICA\u201d<\/p>\n\n\n\n<p>&nbsp;&nbsp;&nbsp;&nbsp;&nbsp;&nbsp;&nbsp;&nbsp;&nbsp;&nbsp;&nbsp;&nbsp;&nbsp; Mi primera sorpresa es encontrarme con que el citado texto, lejos de contener unos principios b\u00e1sicos, es un extenso compendio de mentiras, que cuanto mas se alejan de los supuestos concretos, m\u00e1s inexistentes lo son en su cumplimiento, haciendo de la profesi\u00f3n burla y escarnio de los mismos.<\/p>\n\n\n\n<p>&nbsp;&nbsp;&nbsp;&nbsp;&nbsp;&nbsp;&nbsp;&nbsp;&nbsp;&nbsp;&nbsp;&nbsp;&nbsp; Tiene hasta pre\u00e1mbulo y XXI cap\u00edtulos, si se\u00f1ores, veintiuno, algunos de ellos de l\u00f3gica aplastante, que como es l\u00f3gico, valga la redundancia, por no costar trabajos, esfuerzos o dineros, todos los cofrades de esta secta cumplen a rajatabla, creyendo dignificarse con ello y solo por ello.<\/p>\n\n\n\n<p>&nbsp;&nbsp;&nbsp;&nbsp;&nbsp;&nbsp;&nbsp;&nbsp;&nbsp;&nbsp;&nbsp;&nbsp;&nbsp; La \u00faltima revisi\u00f3n es del a\u00f1o 2.011, a\u00f1o en el cual ya conoc\u00eda de sus actividades, siendo estas tales que eran similares a las que ahora se realizan, de tal forma que sirva mi descalificaci\u00f3n para esta, y para las anteriores, pues solo han variado en lo m\u00ednimo o en lo obligado por convenios u obligaciones for\u00e1neas.<\/p>\n\n\n\n<p>&nbsp;&nbsp;&nbsp;&nbsp;&nbsp;&nbsp;&nbsp;&nbsp;&nbsp;&nbsp;&nbsp;&nbsp;&nbsp; Leo con sorpresa \u201cAl tratarse de normas de obligado cumplimiento\u2026\u201d \u00a1son obligatorias!, incre\u00edble, obligatorias\u2026, parad el mundo que me bajo, me he equivocado de planeta.<\/p>\n\n\n\n<p>&nbsp;&nbsp;&nbsp;&nbsp;&nbsp;&nbsp;&nbsp;&nbsp;&nbsp;&nbsp;&nbsp;&nbsp;&nbsp; Y con dos pares, para mayor sorna, proclama a bombo y platillo:<\/p>\n\n\n\n<p>&nbsp;&nbsp;&nbsp;&nbsp;&nbsp;&nbsp;&nbsp;&nbsp;&nbsp;&nbsp;&nbsp;&nbsp;&nbsp; \u201cEl fomento del altruismo, la integridad, la honradez, la veracidad y la empat\u00eda, que son esenciales para una relaci\u00f3n asistencial de confianza plena.<\/p>\n\n\n\n<p>&nbsp;&nbsp;&nbsp;&nbsp;&nbsp;&nbsp;&nbsp;&nbsp;&nbsp;&nbsp;&nbsp;&nbsp;&nbsp; La mejora continua en el ejercicio profesional y en la calidad asistencial, basadas en el conocimiento cient\u00edfico y la autoevaluaci\u00f3n.<\/p>\n\n\n\n<p>&nbsp;&nbsp;&nbsp;&nbsp;&nbsp;&nbsp;&nbsp;&nbsp;&nbsp;&nbsp;&nbsp;&nbsp;&nbsp; El ejercicio de la autorregulaci\u00f3n con el fin de mantener la confianza social, mediante la transparencia, la aceptaci\u00f3n y correcci\u00f3n de errores y conductas inadecuadas y una correcta gesti\u00f3n de los conflictos\u201d<\/p>\n\n\n\n<p>&nbsp;&nbsp;&nbsp;&nbsp;&nbsp;&nbsp;&nbsp;&nbsp;&nbsp;&nbsp;&nbsp;&nbsp;&nbsp; \u00a1Toma ya!, b\u00e1jate de las nubes, que me parece que el que se ha equivocado de planeta es el que, con tanta estima de su profesi\u00f3n, y en aras de enaltecerla, se olvid\u00f3 de la realidad. Sirva su ilusi\u00f3n para imaginarnos que, a pesar de todo, hay algunos colegiados que creen en ellos\u2026, o eso espero.<\/p>\n\n\n\n<p>&nbsp;&nbsp;&nbsp;&nbsp;&nbsp;&nbsp;&nbsp;&nbsp;&nbsp;&nbsp;&nbsp;&nbsp;&nbsp; Las leyes no son lo m\u00edo, pero solo empezar a leer el citado texto, me encuentro con la primera incongruencia, a mi corto parecer.<\/p>\n\n\n\n<p>&nbsp;&nbsp;&nbsp;&nbsp;&nbsp;&nbsp;&nbsp;&nbsp;&nbsp;&nbsp;&nbsp;&nbsp;&nbsp; \u201cEl incumplimiento de algunas de las normas de este C\u00f3digo supone incurrir en falta disciplinaria tipificada en los Estatutos Generales de la Organizaci\u00f3n M\u00e9dica Colegial, cuya correcci\u00f3n se har\u00e1 a trav\u00e9s del procedimiento normativo en ellos establecido\u201d<\/p>\n\n\n\n<p>&nbsp;&nbsp;&nbsp;&nbsp;&nbsp;&nbsp;&nbsp;&nbsp;&nbsp;&nbsp;&nbsp;&nbsp;&nbsp; Es decir, m\u00e9dicos que juzgan a m\u00e9dicos, que los sancionan, interesante, lo he visto, no s\u00e9 d\u00f3nde\u2026 ah\u2026 si en toda la administraci\u00f3n, en casi todos los lugares donde solo buscan que el que ante ellos reclame se asfixie en el tiempo, el dispendio de bienes que no tiene, o de rompimiento de la voluntad, para hacerlo desistir de su prop\u00f3sito, por muy loable que este sea.<\/p>\n\n\n\n<p>&nbsp;&nbsp;&nbsp;&nbsp;&nbsp;&nbsp;&nbsp;&nbsp;&nbsp;&nbsp;&nbsp;&nbsp;&nbsp; Art\u00edculo 4. \u201cDe las acciones realizadas por un m\u00e9dico, que ejerza su actividad a trav\u00e9s de una Sociedad Profesional inscrita en el Colegio de M\u00e9dicos, responder\u00e1 deontol\u00f3gicamente la Sociedad, sin perjuicio de la responsabilidad profesional que dicho m\u00e9dico contraiga a t\u00edtulo individual\u201d<\/p>\n\n\n\n<p>&nbsp;&nbsp;&nbsp;&nbsp;&nbsp;&nbsp;&nbsp;&nbsp;&nbsp;&nbsp;&nbsp;&nbsp;&nbsp; Solo la \u00faltima parte me da algo de esperanza, es decir que en \u00faltima instancia, y solo a titulo personal, podr\u00e1s interponer demanda contra el facultativo que haya faltado a sus deberes\u2026 interesante, el que coloca el c\u00f3digo deontol\u00f3gico, obliga a que se cumpla, pero su incumplimiento es grupal, lo que realice un facultativo, a fin de cuentas es problema de juzgados, donde los peritos que lo desarrollen, ser\u00e1n tambi\u00e9n m\u00e9dicos\u2026 interesante, muy interesante.<\/p>\n\n\n\n<p>&nbsp;&nbsp;&nbsp;&nbsp;&nbsp;&nbsp;&nbsp;&nbsp;&nbsp;&nbsp;&nbsp;&nbsp;&nbsp; Otra pregunta, qu\u00e9 es \u00bfresponder\u00e1 deontol\u00f3gicamente\u201d, \u00bflo colocar\u00e1n en un potro de tortura, ser\u00e1 empalado, o se le dar\u00e1 un cachetito?, por supuesto con un compa\u00f1ero al lado, por si\u2026, no lo s\u00e9, pero me da, que tiende hacia lo \u00faltimo.<\/p>\n\n\n\n<p>Art\u00edculo 5.<\/p>\n\n\n\n<p>&nbsp;&nbsp;&nbsp;&nbsp;&nbsp;&nbsp;&nbsp;&nbsp;&nbsp;&nbsp;&nbsp;&nbsp;&nbsp; Sin palabras para definirlo, quiz\u00e1s un cuento de hadas, una mentira elaborada, un deseo inalcanzable\u2026, no lo s\u00e9, pero estoy seguro que es para re\u00edr.<\/p>\n\n\n\n<p>&nbsp;&nbsp;&nbsp;&nbsp;&nbsp;&nbsp;&nbsp;&nbsp;&nbsp;&nbsp;&nbsp;&nbsp;&nbsp; \u201cLa profesi\u00f3n m\u00e9dica est\u00e1 al servicio del ser humano y de la sociedad\u201d, toma ya, que se ha quedado descansando. Me he quedado alucinado, los nuevos dioses est\u00e1n a mi servicio\u2026 espera, que posiblemente, yo no sea humano, sino un simple 14\/\u2026 \u00bfsomos humanos?, no s\u00e9 qu\u00e9 decir, seg\u00fan esto, debo de ser como la mayor\u00eda de los hom\u00ednidos que habitamos el planeta, subhombres, los nazis lo dec\u00edan mejor, untersmensch.<\/p>\n\n\n\n<p>&nbsp;&nbsp;&nbsp;&nbsp;&nbsp;&nbsp;&nbsp;&nbsp;&nbsp;&nbsp;&nbsp;&nbsp;&nbsp; El segundo punto es para morirse de risa, sino fuera porque lo he sufrido, como todos, por lo menos aquellos que no disfrutamos de privilegios.<\/p>\n\n\n\n<p>&nbsp;&nbsp;&nbsp;&nbsp;&nbsp;&nbsp;&nbsp;&nbsp;&nbsp;&nbsp;&nbsp;&nbsp;&nbsp; \u201cEl m\u00e9dico debe atender con la misma diligencia y solicitud a todos los pacientes, sin discriminaci\u00f3n alguna\u201d<\/p>\n\n\n\n<p>&nbsp;&nbsp;&nbsp;&nbsp;&nbsp;&nbsp;&nbsp;&nbsp;&nbsp;&nbsp;&nbsp;&nbsp;&nbsp; Sin comentarios, que babeo la inquina.<\/p>\n\n\n\n<p>&nbsp;&nbsp;&nbsp;&nbsp;&nbsp;&nbsp;&nbsp;&nbsp;&nbsp;&nbsp;&nbsp;&nbsp;&nbsp; Punto tercero. \u201cLa principal lealtad del m\u00e9dico es la que debe a su paciente y la salud de \u00e9ste debe anteponerse a cualquier otra conveniencia. El m\u00e9dico no puede negar la asistencia por temor a que la enfermedad o las circunstancias del paciente le supongan un riesgo personal\u201d<\/p>\n\n\n\n<p>&nbsp;&nbsp;&nbsp;&nbsp;&nbsp;&nbsp;&nbsp;&nbsp;&nbsp;&nbsp;&nbsp;&nbsp;&nbsp; \u201cFide erga pauperes\u201d, la lealtad a los pobres, a aquellos que nada pueden ofrecerte, que no obtendr\u00e1s nada a cambio, pero lo haces, \u00bfeso realizan los m\u00e9dicos?, \u00bfD\u00f3nde?, en Darfur, \u00bfhay que ser negro?, no lo s\u00e9, \u00a1cu\u00e1nta duda!<\/p>\n\n\n\n<p>&nbsp;&nbsp;&nbsp;&nbsp;&nbsp;&nbsp;&nbsp;&nbsp;&nbsp;&nbsp;&nbsp;&nbsp;&nbsp; El punto cuatro, me ha cegado, casi, \u201cEl m\u00e9dico jam\u00e1s perjudicar\u00e1 intencionadamente al paciente. Le atender\u00e1 con prudencia y competencia, evitando cualquier demora injustificada en su asistencia\u201d. \u00bfdemora injustificada?, \u00bfQu\u00e9 significa?&#8230; perd\u00f3n, perd\u00f3n, que la culpa siempre es de otro, de la administraci\u00f3n, de la mala y de la peor, la falta de medios\u2026 cualquier cosa, menos dar la cara, echarle\u2026 por los pacientes, sed humanos, quitad ese punto que da\u00f1a los ojos, y los oftalm\u00f3logos tambi\u00e9n son m\u00e9dicos.<\/p>\n\n\n\n<p>&nbsp;&nbsp;&nbsp;&nbsp;&nbsp;&nbsp;&nbsp;&nbsp;&nbsp;&nbsp;&nbsp;&nbsp;&nbsp; Voy a pasar art\u00edculos, que me voy a dejar de comentar en aras de que no se convierta en infinito el presente escrito, porque le\u00f1a, se puede sacar de todos, pero vayamos a los estent\u00f3reamente falaces.<\/p>\n\n\n\n<p>&nbsp;&nbsp;&nbsp;&nbsp;&nbsp;&nbsp;&nbsp;&nbsp;&nbsp;&nbsp;&nbsp;&nbsp;&nbsp; Art\u00edculo 7, punto 2. \u201cEl m\u00e9dico, principal agente de la preservaci\u00f3n de la salud, debe velar por la calidad y la eficiencia de su pr\u00e1ctica, principal instrumento para la promoci\u00f3n, defensa y restablecimiento de la salud\u201d<\/p>\n\n\n\n<p>&nbsp;&nbsp;&nbsp;&nbsp;&nbsp;&nbsp;&nbsp;&nbsp;&nbsp;&nbsp;&nbsp;&nbsp;&nbsp; Calidad\u2026, va a ser que no.<\/p>\n\n\n\n<p>&nbsp;&nbsp;&nbsp;&nbsp;&nbsp;&nbsp;&nbsp;&nbsp;&nbsp;&nbsp;&nbsp;&nbsp;&nbsp; Eficiencia\u2026 tampoco.<\/p>\n\n\n\n<p>&nbsp;&nbsp;&nbsp;&nbsp;&nbsp;&nbsp;&nbsp;&nbsp;&nbsp;&nbsp;&nbsp;&nbsp;&nbsp; \u00bfQu\u00e9 m\u00e1s decir?, a la libre elecci\u00f3n de cada uno dejo sus pensamientos sobre esto.<\/p>\n\n\n\n<p>&nbsp;&nbsp;&nbsp;&nbsp;&nbsp;&nbsp;&nbsp;&nbsp;&nbsp;&nbsp;&nbsp;&nbsp;&nbsp; El tercer punto, solo una correcci\u00f3n, m\u00ednima. \u201cLa formaci\u00f3n m\u00e9dica continuada es un deber \u00e9tico, un derecho y una responsabilidad de todos los m\u00e9dicos a lo largo de su vida profesional\u201d<\/p>\n\n\n\n<p>&nbsp;&nbsp;&nbsp;&nbsp;&nbsp;&nbsp;&nbsp;&nbsp;&nbsp;&nbsp;&nbsp;&nbsp;&nbsp; \u00bfEso son los congresos m\u00e9dicos?, formaci\u00f3n continuada\u2026, quiz\u00e1s haya visto muchas pel\u00edculas, o quiz\u00e1s conozca a muchos m\u00e9dicos, pero lo que me cuentan no es eso.<\/p>\n\n\n\n<p>&nbsp;&nbsp;&nbsp;&nbsp;&nbsp;&nbsp;&nbsp;&nbsp;&nbsp;&nbsp;&nbsp;&nbsp;&nbsp; Por cierto, \u00bfQui\u00e9n los financia?, pero sigamos, que queda mucha tela por cortar.<\/p>\n\n\n\n<p>&nbsp;&nbsp;&nbsp;&nbsp;&nbsp;&nbsp;&nbsp;&nbsp;&nbsp;&nbsp;&nbsp;&nbsp;&nbsp; Por ello, dejamos el punto cuatro y nos vamos al cinco, no porque no haya nada que comentar sobre el anterior, sino porque el cinco esta para com\u00e9rselo.<\/p>\n\n\n\n<p>&nbsp;&nbsp;&nbsp;&nbsp;&nbsp;&nbsp;&nbsp;&nbsp;&nbsp;&nbsp;&nbsp;&nbsp;&nbsp; \u201cSiendo el sistema sanitario el instrumento principal de la sociedad para la atenci\u00f3n y promoci\u00f3n de la salud, los m\u00e9dicos han de velar para que en \u00e9l se den los requisitos de calidad, suficiencia asistencial y mantenimiento de los principios \u00e9ticos. Est\u00e1n obligados a denunciar las deficiencias, en tanto puedan afectar a la correcta atenci\u00f3n de los pacientes\u201d<\/p>\n\n\n\n<p>&nbsp;&nbsp;&nbsp;&nbsp;&nbsp;&nbsp;&nbsp;&nbsp;&nbsp;&nbsp;&nbsp;&nbsp;&nbsp; \u00a1No satur\u00e9is los correos electr\u00f3nicos de la administraci\u00f3n!, dejad las interminables huelgas, las denuncias que colapsan desde juzgados a comisar\u00edas\u2026 no, eso, no, no era aqu\u00ed, perd\u00f3n, veo demasiadas pel\u00edculas, pero creo que han juzgado a alg\u00fan medico oveja negra, que s\u00ed, que lo ha denunciado, pero no estoy seguro, as\u00ed que me callo.<strong><br><\/strong><\/p>\n","protected":false},"excerpt":{"rendered":"<p>Hoy, aquejado como siempre por la bruma del dolor, harto de pensar en ello, he optado por leer algo que, a m\u00ed, en mis cortas entendederas, me ha parecido un cuento, cuando mas una quimera, pero sobre todo una mentira o un enga\u00f1o, sirva cualquiera de estos adjetivos para definir lo que pomposamente sirve llamarse &hellip; <\/p>\n<p class=\"link-more\"><a href=\"https:\/\/pedrocasiano.es\/?page_id=4309\" class=\"more-link\">Leer m\u00e1s<span class=\"screen-reader-text\"> \u00abSobre Deslealtades En Juramentos, Promesas E Intenciones. La Profesi\u00f3n M\u00e9dica\u00bb<\/span><\/a><\/p>\n","protected":false},"author":1,"featured_media":0,"parent":0,"menu_order":0,"comment_status":"closed","ping_status":"closed","template":"","meta":{"inspiro_hide_title":false,"footnotes":""},"class_list":["post-4309","page","type-page","status-publish","hentry"],"featured_media_urls":[],"_links":{"self":[{"href":"https:\/\/pedrocasiano.es\/index.php?rest_route=\/wp\/v2\/pages\/4309","targetHints":{"allow":["GET"]}}],"collection":[{"href":"https:\/\/pedrocasiano.es\/index.php?rest_route=\/wp\/v2\/pages"}],"about":[{"href":"https:\/\/pedrocasiano.es\/index.php?rest_route=\/wp\/v2\/types\/page"}],"author":[{"embeddable":true,"href":"https:\/\/pedrocasiano.es\/index.php?rest_route=\/wp\/v2\/users\/1"}],"replies":[{"embeddable":true,"href":"https:\/\/pedrocasiano.es\/index.php?rest_route=%2Fwp%2Fv2%2Fcomments&post=4309"}],"version-history":[{"count":2,"href":"https:\/\/pedrocasiano.es\/index.php?rest_route=\/wp\/v2\/pages\/4309\/revisions"}],"predecessor-version":[{"id":5455,"href":"https:\/\/pedrocasiano.es\/index.php?rest_route=\/wp\/v2\/pages\/4309\/revisions\/5455"}],"wp:attachment":[{"href":"https:\/\/pedrocasiano.es\/index.php?rest_route=%2Fwp%2Fv2%2Fmedia&parent=4309"}],"curies":[{"name":"wp","href":"https:\/\/api.w.org\/{rel}","templated":true}]}}