{"id":4305,"date":"2024-02-25T08:59:02","date_gmt":"2024-02-25T08:59:02","guid":{"rendered":"https:\/\/pedrocasiano.es\/?page_id=4305"},"modified":"2024-03-01T09:29:03","modified_gmt":"2024-03-01T09:29:03","slug":"la-noche-la-muerte-la-negrura-de-la-soledad","status":"publish","type":"page","link":"https:\/\/pedrocasiano.es\/?page_id=4305","title":{"rendered":"La Noche, La Muerte, La Negrura De La Soledad"},"content":{"rendered":"\n<div class=\"wp-block-buttons is-layout-flex wp-block-buttons-is-layout-flex\"><\/div>\n\n\n\n<figure class=\"wp-block-image alignleft size-large is-resized\"><img decoding=\"async\" width=\"1024\" height=\"1024\" data-src=\"https:\/\/pedrocasiano.es\/wp-content\/uploads\/2024\/02\/ai-generated-8299065_1920bien-1024x1024.jpg\" alt=\"\" class=\"wp-image-4306 lazyload\" style=\"--smush-placeholder-width: 1024px; --smush-placeholder-aspect-ratio: 1024\/1024;width:396px;height:auto\" src=\"data:image\/svg+xml;base64,PHN2ZyB3aWR0aD0iMSIgaGVpZ2h0PSIxIiB4bWxucz0iaHR0cDovL3d3dy53My5vcmcvMjAwMC9zdmciPjwvc3ZnPg==\" \/><\/figure>\n\n\n\n<p>La noche, la muerte, la negrura de la soledad, cuando todo parece que tiene fin, que no lo tiene. Ventanas negras, de farolas muertas, tristes sombras, irreconocibles de las ma\u00f1anas.<\/p>\n\n\n\n<p>&nbsp;&nbsp;&nbsp;&nbsp;&nbsp;&nbsp;&nbsp;&nbsp;&nbsp;&nbsp;&nbsp;&nbsp;&nbsp; Y el frio, en los viejos, cansados huesos, y el h\u00e1lito de la huesuda, de continuo tras de la oreja, y la vida que se desprecia, y el cansancio que se refleja, en la cara triste, la cara muerta.<\/p>\n\n\n\n<p>&nbsp;&nbsp;&nbsp;&nbsp;&nbsp;&nbsp;&nbsp;&nbsp;&nbsp;&nbsp;&nbsp;&nbsp;&nbsp; Vientos solos de soledad, ululan por lo recovecos, y la soledad te abraza, te lleva dentro, de tu coraz\u00f3n muerto, muerto por morir en vida, muerto que quiere muerto.<\/p>\n\n\n\n<p>&nbsp;&nbsp;&nbsp;&nbsp;&nbsp;&nbsp;&nbsp;&nbsp;&nbsp;&nbsp;&nbsp;&nbsp;&nbsp; Cuerpo cansado, pensamientos negros, todo a un lento cent\u00edmetro del viaje eterno, cord\u00f3n umbilical del sufrimiento, el salto, la muerte, el tr\u00e1nsito, quiz\u00e1s el descanso.<\/p>\n\n\n\n<p>&nbsp;&nbsp;&nbsp;&nbsp;&nbsp;&nbsp;&nbsp;&nbsp;&nbsp;&nbsp;&nbsp;&nbsp;&nbsp; Toda una vida de sufrimiento, de esperanzas muertas, de dolor, de embotamiento, todo perdido en el trasiego, el descanso espero, roto, lo que me une, muerto.<\/p>\n\n\n\n<p>&nbsp;&nbsp;&nbsp;&nbsp;&nbsp;&nbsp;&nbsp;&nbsp;&nbsp;&nbsp;&nbsp;&nbsp;&nbsp; Olvidar como en un sue\u00f1o, que el dolor sufrido, fue un encantamiento, que el desencanto una mentira tierna, que la traici\u00f3n, un mal acuerdo, despu\u00e9s\u2026 qu\u00e9 m\u00e1s da ya, estar\u00e1s muerto.<\/p>\n\n\n\n<p>&nbsp;&nbsp;&nbsp;&nbsp;&nbsp;&nbsp;&nbsp;&nbsp;&nbsp;&nbsp;&nbsp;&nbsp;&nbsp; Si no hay nada que se oculte tras del cielo, espero que no recuerde nada porque no existo, sombra ef\u00edmera de la evoluci\u00f3n del pensamiento, \u00bfsomos m\u00e1s que los animales?, no lo creo, sufren, aman y mueren como nosotros, y \u00bfQu\u00e9 queda de su recuerdo?<\/p>\n\n\n\n<p>&nbsp;&nbsp;&nbsp;&nbsp;&nbsp;&nbsp;&nbsp;&nbsp;&nbsp;&nbsp;&nbsp;&nbsp;&nbsp; Eso espero, eso ans\u00edo, eso temo, perderme en un \u00e9ter vac\u00edo y yermo, \u00bftemo he dicho?, no, solo es anhelo, de no saber nunca m\u00e1s que existo quiero, mota de polvo llevada al viento, que solo desaparezco, perdido cualquier sentimiento.<\/p>\n\n\n\n<p>&nbsp;&nbsp;&nbsp;&nbsp;&nbsp;&nbsp;&nbsp;&nbsp;&nbsp;&nbsp;&nbsp;&nbsp;&nbsp; No existir, morir en el sue\u00f1o, quiz\u00e1s no ser, quiz\u00e1s no puedo, quiz\u00e1s ni imaginarlo quiero, porque la pregunta me llena de miedo, si no existe nada \u00bfpara qu\u00e9 tanto sufrimiento?<\/p>\n\n\n\n<p>&nbsp;&nbsp;&nbsp;&nbsp;&nbsp;&nbsp;&nbsp;&nbsp;&nbsp;&nbsp;&nbsp;&nbsp;&nbsp; Somos animales que evolucionan solo porque es cadena de la vida misma, es triste solo el proponerlo, pero lo siento, \u00bfqui\u00e9nes somos?, \u00bfqu\u00e9 aura nos llena de grandeza que no la veo?, solo animales contemplo, que, en el \u00faltimo latido, todo ya muerto, desaparecen, nada m\u00e1s, solo eso.<\/p>\n","protected":false},"excerpt":{"rendered":"<p>La noche, la muerte, la negrura de la soledad, cuando todo parece que tiene fin, que no lo tiene. Ventanas negras, de farolas muertas, tristes sombras, irreconocibles de las ma\u00f1anas. &nbsp;&nbsp;&nbsp;&nbsp;&nbsp;&nbsp;&nbsp;&nbsp;&nbsp;&nbsp;&nbsp;&nbsp;&nbsp; Y el frio, en los viejos, cansados huesos, y el h\u00e1lito de la huesuda, de continuo tras de la oreja, y la vida que &hellip; <\/p>\n<p class=\"link-more\"><a href=\"https:\/\/pedrocasiano.es\/?page_id=4305\" class=\"more-link\">Leer m\u00e1s<span class=\"screen-reader-text\"> \u00abLa Noche, La Muerte, La Negrura De La Soledad\u00bb<\/span><\/a><\/p>\n","protected":false},"author":1,"featured_media":0,"parent":0,"menu_order":0,"comment_status":"closed","ping_status":"closed","template":"","meta":{"inspiro_hide_title":false,"footnotes":""},"class_list":["post-4305","page","type-page","status-publish","hentry"],"featured_media_urls":[],"_links":{"self":[{"href":"https:\/\/pedrocasiano.es\/index.php?rest_route=\/wp\/v2\/pages\/4305","targetHints":{"allow":["GET"]}}],"collection":[{"href":"https:\/\/pedrocasiano.es\/index.php?rest_route=\/wp\/v2\/pages"}],"about":[{"href":"https:\/\/pedrocasiano.es\/index.php?rest_route=\/wp\/v2\/types\/page"}],"author":[{"embeddable":true,"href":"https:\/\/pedrocasiano.es\/index.php?rest_route=\/wp\/v2\/users\/1"}],"replies":[{"embeddable":true,"href":"https:\/\/pedrocasiano.es\/index.php?rest_route=%2Fwp%2Fv2%2Fcomments&post=4305"}],"version-history":[{"count":2,"href":"https:\/\/pedrocasiano.es\/index.php?rest_route=\/wp\/v2\/pages\/4305\/revisions"}],"predecessor-version":[{"id":5456,"href":"https:\/\/pedrocasiano.es\/index.php?rest_route=\/wp\/v2\/pages\/4305\/revisions\/5456"}],"wp:attachment":[{"href":"https:\/\/pedrocasiano.es\/index.php?rest_route=%2Fwp%2Fv2%2Fmedia&parent=4305"}],"curies":[{"name":"wp","href":"https:\/\/api.w.org\/{rel}","templated":true}]}}