{"id":4297,"date":"2024-02-25T08:49:11","date_gmt":"2024-02-25T08:49:11","guid":{"rendered":"https:\/\/pedrocasiano.es\/?page_id=4297"},"modified":"2024-03-01T09:30:48","modified_gmt":"2024-03-01T09:30:48","slug":"tempus-fugit","status":"publish","type":"page","link":"https:\/\/pedrocasiano.es\/?page_id=4297","title":{"rendered":"Tempus Fugit"},"content":{"rendered":"\n<figure class=\"wp-block-image alignleft size-large is-resized\"><img decoding=\"async\" width=\"1024\" height=\"620\" data-src=\"https:\/\/pedrocasiano.es\/wp-content\/uploads\/2024\/02\/analog-1331480_1280-1024x620.jpg\" alt=\"\" class=\"wp-image-4298 lazyload\" style=\"--smush-placeholder-width: 1024px; --smush-placeholder-aspect-ratio: 1024\/620;width:429px;height:auto\" src=\"data:image\/svg+xml;base64,PHN2ZyB3aWR0aD0iMSIgaGVpZ2h0PSIxIiB4bWxucz0iaHR0cDovL3d3dy53My5vcmcvMjAwMC9zdmciPjwvc3ZnPg==\" \/><\/figure>\n\n\n\n<p>Tempus fugit, se va, como vino, en un suspiro, como si no pasara nada, nunca pasa nada, y te ir\u00e1s, dejar\u00e1s lo bueno, lo malo, lo correcto, lo equivocado, y solo ser\u00e1s eso\u2026 algo que pas\u00f3.<\/p>\n\n\n\n<p>\u00a0\u00a0\u00a0\u00a0\u00a0\u00a0\u00a0\u00a0\u00a0\u00a0\u00a0\u00a0\u00a0 Nada trasciende m\u00e1s all\u00e1 de la memoria de unos pocos, pero se acaba el dolor, la tristeza, el sufrimiento.<\/p>\n\n\n\n<p>&nbsp;&nbsp;&nbsp;&nbsp;&nbsp;&nbsp;&nbsp;&nbsp;&nbsp;&nbsp;&nbsp;&nbsp;&nbsp; Para algunos que creen en Dios, afortunados si lo han hecho bien, les espera un cielo que, salvo excepciones estar\u00e1 vedado a casi todos, salvo que crean en la redenci\u00f3n instant\u00e1nea, en la falsa figura del arrepentimiento completo, que siempre nace del miedo a lo desconocido.<\/p>\n\n\n\n<p>&nbsp;&nbsp;&nbsp;&nbsp;&nbsp;&nbsp;&nbsp;&nbsp;&nbsp;&nbsp;&nbsp;&nbsp;&nbsp; \u00bfQu\u00e9 dejas?, quiz\u00e1s el que mucho tiene se aferre a la vida como si fuera un clavo ardiendo, otros, como yo, esperamos que por fin sea un descanso, la vida es un sufrimiento para aquellos que han tenido la mala suerte de albergar dos dedos de frente y una m\u00e1s o menos n\u00edtida l\u00ednea entre el bien o el mal.<\/p>\n\n\n\n<p>&nbsp;&nbsp;&nbsp;&nbsp;&nbsp;&nbsp;&nbsp;&nbsp;&nbsp;&nbsp;&nbsp;&nbsp;&nbsp; \u00bfHa merecido la pena el viaje?, cada uno que responda a la pregunta, yo no digo mi respuesta, \u00bfpara qu\u00e9?, la inanidad es el regalo de los que se creen imperdurables en el tiempo, yo, desde mi insignificancia, s\u00e9 que soy nada, no era nada, y que pronto ser\u00e9 nada absoluto, y bienvenida sea, que no falte, que estoy cansado de pensar que despu\u00e9s de esta vida alguien te va a premiar o a castigar.<\/p>\n\n\n\n<p>&nbsp;&nbsp;&nbsp;&nbsp;&nbsp;&nbsp;&nbsp;&nbsp;&nbsp;&nbsp;&nbsp;&nbsp;&nbsp; \u00bfHacer el bien por miedo a una vida posterior?, vaya\u2026 me impresionar\u00eda que alguien lo hiciera sino fuera porque espera que alguien le premie, somos burros tras de la zanahoria, pero a pesar de todo, seguimos haciendo el mal.<\/p>\n\n\n\n<p>&nbsp;&nbsp;&nbsp;&nbsp;&nbsp;&nbsp;&nbsp;&nbsp;&nbsp;&nbsp;&nbsp;&nbsp;&nbsp; Si crees en tu Dios, \u00bfQu\u00e9 esperas, que te premie?, no lo creo, que el que menos tiene infiernos dentro que el diablo admitir\u00e1 como buenos.<\/p>\n\n\n\n<p>&nbsp;&nbsp;&nbsp;&nbsp;&nbsp;&nbsp;&nbsp;&nbsp;&nbsp;&nbsp;&nbsp;&nbsp;&nbsp; En ese caso, \u00bfmiedo al infierno?, deber\u00edais de tenerlo, yo no creo en \u00e9l, ya tengo el m\u00edo, que he padecido durante toda mi vida, que ha sido de todos, pero poco m\u00eda, esa es mi alfa y mi omega, no un Dios, que nada m\u00e1s que por el hecho de lo que permite, no merecer\u00eda existir, si existiera.<\/p>\n","protected":false},"excerpt":{"rendered":"<p>Tempus fugit, se va, como vino, en un suspiro, como si no pasara nada, nunca pasa nada, y te ir\u00e1s, dejar\u00e1s lo bueno, lo malo, lo correcto, lo equivocado, y solo ser\u00e1s eso\u2026 algo que pas\u00f3. \u00a0\u00a0\u00a0\u00a0\u00a0\u00a0\u00a0\u00a0\u00a0\u00a0\u00a0\u00a0\u00a0 Nada trasciende m\u00e1s all\u00e1 de la memoria de unos pocos, pero se acaba el dolor, la tristeza, el &hellip; <\/p>\n<p class=\"link-more\"><a href=\"https:\/\/pedrocasiano.es\/?page_id=4297\" class=\"more-link\">Leer m\u00e1s<span class=\"screen-reader-text\"> \u00abTempus Fugit\u00bb<\/span><\/a><\/p>\n","protected":false},"author":1,"featured_media":0,"parent":0,"menu_order":0,"comment_status":"closed","ping_status":"closed","template":"","meta":{"inspiro_hide_title":false,"footnotes":""},"class_list":["post-4297","page","type-page","status-publish","hentry"],"featured_media_urls":[],"_links":{"self":[{"href":"https:\/\/pedrocasiano.es\/index.php?rest_route=\/wp\/v2\/pages\/4297","targetHints":{"allow":["GET"]}}],"collection":[{"href":"https:\/\/pedrocasiano.es\/index.php?rest_route=\/wp\/v2\/pages"}],"about":[{"href":"https:\/\/pedrocasiano.es\/index.php?rest_route=\/wp\/v2\/types\/page"}],"author":[{"embeddable":true,"href":"https:\/\/pedrocasiano.es\/index.php?rest_route=\/wp\/v2\/users\/1"}],"replies":[{"embeddable":true,"href":"https:\/\/pedrocasiano.es\/index.php?rest_route=%2Fwp%2Fv2%2Fcomments&post=4297"}],"version-history":[{"count":3,"href":"https:\/\/pedrocasiano.es\/index.php?rest_route=\/wp\/v2\/pages\/4297\/revisions"}],"predecessor-version":[{"id":5459,"href":"https:\/\/pedrocasiano.es\/index.php?rest_route=\/wp\/v2\/pages\/4297\/revisions\/5459"}],"wp:attachment":[{"href":"https:\/\/pedrocasiano.es\/index.php?rest_route=%2Fwp%2Fv2%2Fmedia&parent=4297"}],"curies":[{"name":"wp","href":"https:\/\/api.w.org\/{rel}","templated":true}]}}