{"id":4293,"date":"2024-02-25T08:46:34","date_gmt":"2024-02-25T08:46:34","guid":{"rendered":"https:\/\/pedrocasiano.es\/?page_id=4293"},"modified":"2024-03-01T09:31:39","modified_gmt":"2024-03-01T09:31:39","slug":"los-nuevos-esclavos","status":"publish","type":"page","link":"https:\/\/pedrocasiano.es\/?page_id=4293","title":{"rendered":"Los Nuevos Esclavos"},"content":{"rendered":"\n<figure class=\"wp-block-image alignleft size-large is-resized\"><img decoding=\"async\" width=\"1024\" height=\"853\" data-src=\"https:\/\/pedrocasiano.es\/wp-content\/uploads\/2024\/02\/cell-phone-948192_1280-1024x853.jpg\" alt=\"\" class=\"wp-image-4294 lazyload\" style=\"--smush-placeholder-width: 1024px; --smush-placeholder-aspect-ratio: 1024\/853;width:440px;height:auto\" src=\"data:image\/svg+xml;base64,PHN2ZyB3aWR0aD0iMSIgaGVpZ2h0PSIxIiB4bWxucz0iaHR0cDovL3d3dy53My5vcmcvMjAwMC9zdmciPjwvc3ZnPg==\" \/><\/figure>\n\n\n\n<p>Parece ser que los libros de historia, hablan de que la esclavitud desapareci\u00f3 hace a\u00f1os y a\u00f1os, no, no es cierto, la esclavitud continua, no tan burda como la de la obligaci\u00f3n f\u00edsica, de la fuerza de la condena, de la de vivir en donde el amo quisiera, no, es una vuelta de tuerca m\u00e1s.<\/p>\n\n\n\n<p>&nbsp;&nbsp;&nbsp;&nbsp;&nbsp;&nbsp;&nbsp;&nbsp;&nbsp;&nbsp;&nbsp;&nbsp;&nbsp; Esta nueva forma, se diferencia de la anterior en que, en la m\u00e1s antigua, era necesario que el amo cuidara del esclavo en todas y cada una de las necesidades que este tuviera, con el fin de que este fuera productivo, olvidando por supuesto, la humanidad o cualquier sentimiento que transcienda el mero amor por el dinero.<\/p>\n\n\n\n<p>&nbsp;&nbsp;&nbsp;&nbsp;&nbsp;&nbsp;&nbsp;&nbsp;&nbsp;&nbsp;&nbsp;&nbsp;&nbsp; Ahora, sin embargo, con la ilusi\u00f3n de que podr\u00e1s disfrutar en alg\u00fan momento de una digna jubilaci\u00f3n, de que en un momento dado podr\u00e1s descansar, debes de matar esos buenos a\u00f1os que tienen, para que, cobrando un salario miserable, con el cuerpo ya pisando el valle de los muertos, puedas malvivir, si es eso, y contemplar como los dem\u00e1s hacen lo que t\u00fa no has podido durante toda tu vida.<\/p>\n\n\n\n<p>&nbsp;&nbsp;&nbsp;&nbsp;&nbsp;&nbsp;&nbsp;&nbsp;&nbsp;&nbsp;&nbsp;&nbsp;&nbsp; Es m\u00e1s, si tienes la mala suerte de caer destruido, por enfermedad o accidente, olv\u00eddate de poder tener una vida digna, de cualquiera de las maneras, intentar\u00e1n de una forma y otra, con documentos, funcionarios (nuevos capataces), quitarte cualquier posibilidad de que esto ocurras, salvo que seas uno de los nuevos amos, secuaces, o esbirros.<\/p>\n\n\n\n<p>Po supuesto, si algo te conceden, procurar\u00e1n por todos los medios que, a trav\u00e9s de revisiones, trampas, variaciones en las normas, todo desaparezca o se amaine de tal forma que tengas que depender de lo que te quede de familia, si algo queda.<\/p>\n\n\n\n<p>&nbsp;&nbsp;&nbsp;&nbsp;&nbsp;&nbsp;&nbsp;&nbsp;&nbsp;&nbsp;&nbsp;&nbsp;&nbsp; Alguien pensara que a los antiguos esclavos se les vend\u00eda, se les separaba de las familias, \u00a1oh\u00a1, que maldad, ahora solo con destinarte a un puesto lejano, o tener que buscar la comida en un lugar for\u00e1neo, con lo que terminas por hacer lo mismo, desvincularte de tal forma que o lo pierdes t\u00fa, o lo quitas, siendo que al final, el \u00fanico siempre beneficiado, es el amo.<\/p>\n\n\n\n<p>&nbsp;&nbsp;&nbsp;&nbsp;&nbsp;&nbsp;&nbsp;&nbsp;&nbsp;&nbsp;&nbsp;&nbsp;&nbsp; Cuidado a aquellos que se creen que dominan con el dinero, que son los nuevos amos, apenas si son ne\u00f3fitos en ese negocio que lleva siglos favoreciendo a los mismos, en cualquier traspi\u00e9s te lo robar\u00e1n todo, y al final, viejo, cansado, destruido, llorar\u00e1s para que alguien te de una miseria para poder seguir comiendo, aunque sea latas de at\u00fan, en aceite de girasol por supuesto.<\/p>\n\n\n\n<p>&nbsp;&nbsp;&nbsp;&nbsp;&nbsp;&nbsp;&nbsp;&nbsp;&nbsp;&nbsp;&nbsp;&nbsp;&nbsp; Abusar de las esclavas, era caro, ahora, es mucho m\u00e1s barato, basta en fijar la proa hacia alguna desgraciada a la que la mala fortuna la ha dotado de belleza, una m\u00edsera cantidad de dinero, mentiras, y ense\u00f1arle un mundo que no vera m\u00e1s, es suficiente para aburrirse de su cuerpo que al final es lo que busca el amo, despu\u00e9s, ni hijos siquiera, en la antig\u00fcedad hab\u00eda que mantenerlos, ahora por la cuenta que le trae a la que han violado sin darse cuenta, pondr\u00e1 los medios para que la barriga no se hinche, eso s\u00ed, si es conocido, cada vez los amos ser\u00e1n m\u00e1s soeces.<\/p>\n\n\n\n<p>E&nbsp;&nbsp;&nbsp;&nbsp;&nbsp;&nbsp;&nbsp;&nbsp;&nbsp;&nbsp;&nbsp; l dinero, es el amo de todo, el poder, al final es el reducto de las calases de amos, aquellas familias que est\u00e1n ancladas en la historia, que seguir\u00e1n inc\u00f3lumes en la misma, las que nos han dado generales, estadistas, y por supuesto, nuestros ancestros han muerto por defender sus privilegios.<\/p>\n\n\n\n<p>&nbsp;&nbsp;&nbsp;&nbsp;&nbsp;&nbsp;&nbsp;&nbsp;&nbsp;&nbsp;&nbsp;&nbsp;&nbsp; Ahora con el meneo de la pandemia, quiz\u00e1s nos demos cuenta, de que lo que realmente sucede, es que simplemente somos barro que queda en los zapatos de los amos, que pocos podr\u00e1n entrar a ese mundo (para siempre), y que al final, ofrezcamos en sus aras a nuestros descendientes, para que sigan haciendo con ellos, lo mismo que han hecho con nosotros.<\/p>\n\n\n\n<p>&nbsp;&nbsp;&nbsp;&nbsp;&nbsp;&nbsp;&nbsp;&nbsp;&nbsp;&nbsp;&nbsp;&nbsp;&nbsp; Eso s\u00ed, vamos directos al cielo, o eso nos prometen\u2026 vaya pandilla de imb\u00e9ciles estamos hechos, as\u00ed nos luce el circo.<\/p>\n\n\n\n<p><\/p>\n","protected":false},"excerpt":{"rendered":"<p>Parece ser que los libros de historia, hablan de que la esclavitud desapareci\u00f3 hace a\u00f1os y a\u00f1os, no, no es cierto, la esclavitud continua, no tan burda como la de la obligaci\u00f3n f\u00edsica, de la fuerza de la condena, de la de vivir en donde el amo quisiera, no, es una vuelta de tuerca m\u00e1s. &hellip; <\/p>\n<p class=\"link-more\"><a href=\"https:\/\/pedrocasiano.es\/?page_id=4293\" class=\"more-link\">Leer m\u00e1s<span class=\"screen-reader-text\"> \u00abLos Nuevos Esclavos\u00bb<\/span><\/a><\/p>\n","protected":false},"author":1,"featured_media":0,"parent":0,"menu_order":0,"comment_status":"closed","ping_status":"closed","template":"","meta":{"inspiro_hide_title":false,"footnotes":""},"class_list":["post-4293","page","type-page","status-publish","hentry"],"featured_media_urls":[],"_links":{"self":[{"href":"https:\/\/pedrocasiano.es\/index.php?rest_route=\/wp\/v2\/pages\/4293","targetHints":{"allow":["GET"]}}],"collection":[{"href":"https:\/\/pedrocasiano.es\/index.php?rest_route=\/wp\/v2\/pages"}],"about":[{"href":"https:\/\/pedrocasiano.es\/index.php?rest_route=\/wp\/v2\/types\/page"}],"author":[{"embeddable":true,"href":"https:\/\/pedrocasiano.es\/index.php?rest_route=\/wp\/v2\/users\/1"}],"replies":[{"embeddable":true,"href":"https:\/\/pedrocasiano.es\/index.php?rest_route=%2Fwp%2Fv2%2Fcomments&post=4293"}],"version-history":[{"count":2,"href":"https:\/\/pedrocasiano.es\/index.php?rest_route=\/wp\/v2\/pages\/4293\/revisions"}],"predecessor-version":[{"id":5460,"href":"https:\/\/pedrocasiano.es\/index.php?rest_route=\/wp\/v2\/pages\/4293\/revisions\/5460"}],"wp:attachment":[{"href":"https:\/\/pedrocasiano.es\/index.php?rest_route=%2Fwp%2Fv2%2Fmedia&parent=4293"}],"curies":[{"name":"wp","href":"https:\/\/api.w.org\/{rel}","templated":true}]}}