{"id":4289,"date":"2024-02-25T08:43:57","date_gmt":"2024-02-25T08:43:57","guid":{"rendered":"https:\/\/pedrocasiano.es\/?page_id=4289"},"modified":"2024-03-01T09:32:25","modified_gmt":"2024-03-01T09:32:25","slug":"hoy-he-paseado-contigo-a-la-luz-de-la-luna","status":"publish","type":"page","link":"https:\/\/pedrocasiano.es\/?page_id=4289","title":{"rendered":"Hoy He Paseado Contigo A La Luz De La Luna"},"content":{"rendered":"\n<figure class=\"wp-block-image alignright size-large is-resized\"><img decoding=\"async\" width=\"1024\" height=\"853\" data-src=\"https:\/\/pedrocasiano.es\/wp-content\/uploads\/2024\/02\/bridge-2314623_1280-1024x853.jpg\" alt=\"\" class=\"wp-image-4290 lazyload\" style=\"--smush-placeholder-width: 1024px; --smush-placeholder-aspect-ratio: 1024\/853;width:478px;height:auto\" src=\"data:image\/svg+xml;base64,PHN2ZyB3aWR0aD0iMSIgaGVpZ2h0PSIxIiB4bWxucz0iaHR0cDovL3d3dy53My5vcmcvMjAwMC9zdmciPjwvc3ZnPg==\" \/><\/figure>\n\n\n\n<p>Hoy he paseado contigo a la luz de la luna, mientras descalza arrastrabas la larga falda sobre la arena.<\/p>\n\n\n\n<p>&nbsp;&nbsp;&nbsp;&nbsp;&nbsp;&nbsp;&nbsp;&nbsp;&nbsp;&nbsp;&nbsp;&nbsp;&nbsp; La luna, el testigo en la noche omnipresente, volv\u00eda a acariciar tus hombros, tu cara morena, y eso\u2026 tu sonrisa, la sonrisa eterna de mi recuerdo, y camin\u00e1bamos felices.<\/p>\n\n\n\n<p>&nbsp;&nbsp;&nbsp;&nbsp;&nbsp;&nbsp;&nbsp;&nbsp;&nbsp;&nbsp;&nbsp;&nbsp;&nbsp; Se\u00f1alabas las moragas, y el roneo de las parejas, y te acercabas a mi cuerpo y me roneabas con tus ojos claros, y despertabas mi deseo.<\/p>\n\n\n\n<p>&nbsp;&nbsp;&nbsp;&nbsp;&nbsp;&nbsp;&nbsp;&nbsp;&nbsp;&nbsp;&nbsp;&nbsp;&nbsp; La brisa que refrescaba, y mi camisa, desnudo de pecho, que te colocaba, era el calor de mi cuerpo el que me calentaba, y tu sonrisa.<\/p>\n\n\n\n<p>&nbsp;&nbsp;&nbsp;&nbsp;&nbsp;&nbsp;&nbsp;&nbsp;&nbsp;&nbsp;&nbsp;&nbsp;&nbsp; Rielaba la luna sobre las met\u00e1licas olas, y el sonido, te juro, que me llamaba, eran, son recuerdos, pero mis l\u00e1grimas brotan vi\u00e9ndote en la playa, bella, caminando de mi mano, y mir\u00e1ndonos y sonriendo, la playa.<\/p>\n\n\n\n<p>&nbsp;&nbsp;&nbsp;&nbsp;&nbsp;&nbsp;&nbsp;&nbsp;&nbsp;&nbsp;&nbsp;&nbsp;&nbsp; Siento como se hunde a mi peso la arena, te lo juro, me pierdo en tus ojos, y la luna me llama a ti, y tu sonrisa, me quema el alma.<\/p>\n\n\n\n<p>&nbsp;&nbsp;&nbsp;&nbsp;&nbsp;&nbsp;&nbsp;&nbsp;&nbsp;&nbsp;&nbsp;&nbsp;&nbsp; Y el sonido, la risa de los muchachos, tu voz clara, las olas, el lejano ulular de un barco lejano, me llenan el alma de aquellos momentos, y mi alma a\u00f1ora aquellos tiempos, te veo, te he mirado, y ah\u00ed est\u00e1s, sigues ah\u00ed, como si todo estuviera en su sitio, \u00bfno me has olvidado?<\/p>\n\n\n\n<p>&nbsp;&nbsp;&nbsp;&nbsp;&nbsp;&nbsp;&nbsp;&nbsp;&nbsp;&nbsp;&nbsp;&nbsp;&nbsp; En mi mente, quiz\u00e1s solo, nos hemos sentado, en mi hombro tu cabeza has apoyado, apretabas mi mano, me tocabas el pecho, y me dec\u00edas al o\u00eddo \u201cte quiero\u201d, y lo perfecto reinaba, no faltaba nada, plenitud del alma, amor de mis amores, como a\u00f1oro esos momentos.<\/p>\n","protected":false},"excerpt":{"rendered":"<p>Hoy he paseado contigo a la luz de la luna, mientras descalza arrastrabas la larga falda sobre la arena. &nbsp;&nbsp;&nbsp;&nbsp;&nbsp;&nbsp;&nbsp;&nbsp;&nbsp;&nbsp;&nbsp;&nbsp;&nbsp; La luna, el testigo en la noche omnipresente, volv\u00eda a acariciar tus hombros, tu cara morena, y eso\u2026 tu sonrisa, la sonrisa eterna de mi recuerdo, y camin\u00e1bamos felices. &nbsp;&nbsp;&nbsp;&nbsp;&nbsp;&nbsp;&nbsp;&nbsp;&nbsp;&nbsp;&nbsp;&nbsp;&nbsp; Se\u00f1alabas las moragas, y el &hellip; <\/p>\n<p class=\"link-more\"><a href=\"https:\/\/pedrocasiano.es\/?page_id=4289\" class=\"more-link\">Leer m\u00e1s<span class=\"screen-reader-text\"> \u00abHoy He Paseado Contigo A La Luz De La Luna\u00bb<\/span><\/a><\/p>\n","protected":false},"author":1,"featured_media":0,"parent":0,"menu_order":0,"comment_status":"closed","ping_status":"closed","template":"","meta":{"inspiro_hide_title":false,"footnotes":""},"class_list":["post-4289","page","type-page","status-publish","hentry"],"featured_media_urls":[],"_links":{"self":[{"href":"https:\/\/pedrocasiano.es\/index.php?rest_route=\/wp\/v2\/pages\/4289","targetHints":{"allow":["GET"]}}],"collection":[{"href":"https:\/\/pedrocasiano.es\/index.php?rest_route=\/wp\/v2\/pages"}],"about":[{"href":"https:\/\/pedrocasiano.es\/index.php?rest_route=\/wp\/v2\/types\/page"}],"author":[{"embeddable":true,"href":"https:\/\/pedrocasiano.es\/index.php?rest_route=\/wp\/v2\/users\/1"}],"replies":[{"embeddable":true,"href":"https:\/\/pedrocasiano.es\/index.php?rest_route=%2Fwp%2Fv2%2Fcomments&post=4289"}],"version-history":[{"count":2,"href":"https:\/\/pedrocasiano.es\/index.php?rest_route=\/wp\/v2\/pages\/4289\/revisions"}],"predecessor-version":[{"id":5461,"href":"https:\/\/pedrocasiano.es\/index.php?rest_route=\/wp\/v2\/pages\/4289\/revisions\/5461"}],"wp:attachment":[{"href":"https:\/\/pedrocasiano.es\/index.php?rest_route=%2Fwp%2Fv2%2Fmedia&parent=4289"}],"curies":[{"name":"wp","href":"https:\/\/api.w.org\/{rel}","templated":true}]}}