{"id":4285,"date":"2024-02-25T08:40:18","date_gmt":"2024-02-25T08:40:18","guid":{"rendered":"https:\/\/pedrocasiano.es\/?page_id=4285"},"modified":"2024-03-01T09:33:29","modified_gmt":"2024-03-01T09:33:29","slug":"volver-a-escribir","status":"publish","type":"page","link":"https:\/\/pedrocasiano.es\/?page_id=4285","title":{"rendered":"Volver A Escribir\u2026"},"content":{"rendered":"\n<figure class=\"wp-block-image alignleft size-large is-resized\"><img decoding=\"async\" width=\"1024\" height=\"854\" data-src=\"https:\/\/pedrocasiano.es\/wp-content\/uploads\/2024\/02\/coffee-2425303_1280-1024x854.jpg\" alt=\"\" class=\"wp-image-4286 lazyload\" style=\"--smush-placeholder-width: 1024px; --smush-placeholder-aspect-ratio: 1024\/854;width:544px;height:auto\" src=\"data:image\/svg+xml;base64,PHN2ZyB3aWR0aD0iMSIgaGVpZ2h0PSIxIiB4bWxucz0iaHR0cDovL3d3dy53My5vcmcvMjAwMC9zdmciPjwvc3ZnPg==\" \/><\/figure>\n\n\n\n<p>Volver a escribir\u2026 de nuevo\u2026 como siempre, es extra\u00f1o, los d\u00edas se concatenan sin significancia, el verbo prostituido amanece en el burdel de la memoria, y se corrompe a\u00fan m\u00e1s, \u00bffue ayer?, \u00bfser\u00e1 ma\u00f1ana?<\/p>\n\n\n\n<p>&nbsp;&nbsp;&nbsp;&nbsp;&nbsp;&nbsp;&nbsp;&nbsp;&nbsp;&nbsp;&nbsp;&nbsp;&nbsp; Quien lo sabe, yo no.<\/p>\n\n\n\n<p>&nbsp;&nbsp;&nbsp;&nbsp;&nbsp;&nbsp;&nbsp;&nbsp;&nbsp;&nbsp;&nbsp;&nbsp;&nbsp; \u00bfPodr\u00e9 reventar cristales, y destruir edificios, vol\u00e1ndolos en millones de pedazos, mientras a mi alrededor todo es una hecatombe que destruye el orden establecido?, no, seguro que no, \u00bfQu\u00e9 me gustar\u00eda?, seguro.<\/p>\n\n\n\n<p>&nbsp;&nbsp;&nbsp;&nbsp;&nbsp;&nbsp;&nbsp;&nbsp;&nbsp;&nbsp;&nbsp;&nbsp;&nbsp; Me sale un suspiro de mi cansado pecho, ma\u00f1ana llora por la limosna, hombre mierda y me miro en el espejo.<\/p>\n\n\n\n<p>&nbsp;&nbsp;&nbsp;&nbsp;&nbsp;&nbsp;&nbsp;&nbsp;&nbsp;&nbsp;&nbsp;&nbsp;&nbsp; Migajas de hienas, comer sanguinolentas heces de hienas, alimentadas por nosotros, pobres cabestros de amplios cuernos.<\/p>\n\n\n\n<p>&nbsp;&nbsp;&nbsp;&nbsp;&nbsp;&nbsp;&nbsp;&nbsp;&nbsp;&nbsp;&nbsp;&nbsp;&nbsp; Quiero muertos, muchos muertos, que hagan constancia de que algo cambia. Pero no. Ma\u00f1ana ser\u00e1 un d\u00eda de ordenada cola, para chupar el excrement\u00f3 de la primera hiena que aparezca tras de un mostrador.<\/p>\n\n\n\n<p>&nbsp;&nbsp;&nbsp;&nbsp;&nbsp;&nbsp;&nbsp;&nbsp;&nbsp;&nbsp;&nbsp;&nbsp;&nbsp; \u00bfQu\u00e9 me gustar\u00eda?, abrir en canal sus cuerpos, y sacar las tripas de la alima\u00f1a al aire para purificarlas, pero solo sonreir\u00e9, y me har\u00e9 el gracioso, cuando degollarlo ser\u00eda la mas torpe de mis fantas\u00edas.<\/p>\n\n\n\n<p>&nbsp;&nbsp;&nbsp;&nbsp;&nbsp;&nbsp;&nbsp;&nbsp;&nbsp;&nbsp;&nbsp;&nbsp;&nbsp; No lo soporto m\u00e1s, es aberrante, es desagradable, antinatural, pero por desgracia cotidiano, normal y soportado m\u00e1s que soportable, los que aprueban el examen, aquellos que nada han creado, nos dominan, nos perdonan, cuando su cuello es tan blanco como el de los pollos, un simple movimiento y sentir\u00edas cono la sangre caliente cae por tu vientre, mientras los estertores del que muere te llenan de gozo. Uno a uno. Todos. Todos y cada uno.<\/p>\n\n\n\n<p>&nbsp;&nbsp;&nbsp;&nbsp;&nbsp;&nbsp;&nbsp;&nbsp;&nbsp;&nbsp;&nbsp;&nbsp;&nbsp; Togas levantadas, tripas al aire, ning\u00fan cuervo muere. De momento. Solo agonizan entre tormentos, el tormento del dolor inacabable, del terror a la cercana muerte. Y mi cuerpo se llena de gozo.<\/p>\n\n\n\n<p>&nbsp;&nbsp;&nbsp;&nbsp;&nbsp;&nbsp;&nbsp;&nbsp;&nbsp;&nbsp;&nbsp;&nbsp;&nbsp; Olor nauseabundo de seres abyectos que solo ven borregos, que pienso en que pueden ser capaces de exterminarlos. Sonr\u00edo. Suspiro. Sue\u00f1o.<\/p>\n","protected":false},"excerpt":{"rendered":"<p>Volver a escribir\u2026 de nuevo\u2026 como siempre, es extra\u00f1o, los d\u00edas se concatenan sin significancia, el verbo prostituido amanece en el burdel de la memoria, y se corrompe a\u00fan m\u00e1s, \u00bffue ayer?, \u00bfser\u00e1 ma\u00f1ana? &nbsp;&nbsp;&nbsp;&nbsp;&nbsp;&nbsp;&nbsp;&nbsp;&nbsp;&nbsp;&nbsp;&nbsp;&nbsp; Quien lo sabe, yo no. &nbsp;&nbsp;&nbsp;&nbsp;&nbsp;&nbsp;&nbsp;&nbsp;&nbsp;&nbsp;&nbsp;&nbsp;&nbsp; \u00bfPodr\u00e9 reventar cristales, y destruir edificios, vol\u00e1ndolos en millones de pedazos, mientras a mi &hellip; <\/p>\n<p class=\"link-more\"><a href=\"https:\/\/pedrocasiano.es\/?page_id=4285\" class=\"more-link\">Leer m\u00e1s<span class=\"screen-reader-text\"> \u00abVolver A Escribir\u2026\u00bb<\/span><\/a><\/p>\n","protected":false},"author":1,"featured_media":0,"parent":0,"menu_order":0,"comment_status":"closed","ping_status":"closed","template":"","meta":{"inspiro_hide_title":false,"footnotes":""},"class_list":["post-4285","page","type-page","status-publish","hentry"],"featured_media_urls":[],"_links":{"self":[{"href":"https:\/\/pedrocasiano.es\/index.php?rest_route=\/wp\/v2\/pages\/4285","targetHints":{"allow":["GET"]}}],"collection":[{"href":"https:\/\/pedrocasiano.es\/index.php?rest_route=\/wp\/v2\/pages"}],"about":[{"href":"https:\/\/pedrocasiano.es\/index.php?rest_route=\/wp\/v2\/types\/page"}],"author":[{"embeddable":true,"href":"https:\/\/pedrocasiano.es\/index.php?rest_route=\/wp\/v2\/users\/1"}],"replies":[{"embeddable":true,"href":"https:\/\/pedrocasiano.es\/index.php?rest_route=%2Fwp%2Fv2%2Fcomments&post=4285"}],"version-history":[{"count":2,"href":"https:\/\/pedrocasiano.es\/index.php?rest_route=\/wp\/v2\/pages\/4285\/revisions"}],"predecessor-version":[{"id":5462,"href":"https:\/\/pedrocasiano.es\/index.php?rest_route=\/wp\/v2\/pages\/4285\/revisions\/5462"}],"wp:attachment":[{"href":"https:\/\/pedrocasiano.es\/index.php?rest_route=%2Fwp%2Fv2%2Fmedia&parent=4285"}],"curies":[{"name":"wp","href":"https:\/\/api.w.org\/{rel}","templated":true}]}}