{"id":4276,"date":"2024-02-24T17:26:11","date_gmt":"2024-02-24T17:26:11","guid":{"rendered":"https:\/\/pedrocasiano.es\/?page_id=4276"},"modified":"2025-10-01T09:11:47","modified_gmt":"2025-10-01T07:11:47","slug":"poesia-etapa-vii","status":"publish","type":"page","link":"https:\/\/pedrocasiano.es\/?page_id=4276","title":{"rendered":"Segunda"},"content":{"rendered":"\n<div class=\"wp-block-cover alignfull has-custom-content-position is-position-top-left\" style=\"min-height:831px;aspect-ratio:unset;\"><img decoding=\"async\" width=\"1536\" height=\"1408\" class=\"wp-block-cover__image-background wp-image-4277 lazyload\" alt=\"\" data-src=\"https:\/\/pedrocasiano.es\/wp-content\/uploads\/2024\/02\/ai-generated-8404301_1920peque.jpg\" data-object-fit=\"cover\" src=\"data:image\/svg+xml;base64,PHN2ZyB3aWR0aD0iMSIgaGVpZ2h0PSIxIiB4bWxucz0iaHR0cDovL3d3dy53My5vcmcvMjAwMC9zdmciPjwvc3ZnPg==\" style=\"--smush-placeholder-width: 1536px; --smush-placeholder-aspect-ratio: 1536\/1408;\" \/><span aria-hidden=\"true\" class=\"wp-block-cover__background has-background-dim\"><\/span><div class=\"wp-block-cover__inner-container has-global-padding is-layout-constrained wp-block-cover-is-layout-constrained\">\n<ul class=\"wp-block-list\">\n<li><a href=\"https:\/\/pedrocasiano.es\/?p=10264\" data-type=\"post\" data-id=\"10264\" target=\"_blank\" rel=\"noreferrer noopener\">Cuidaros de los que os Sonr\u00eden (Rima)<\/a><\/li>\n\n\n\n<li><a href=\"https:\/\/pedrocasiano.es\/?p=10275\" data-type=\"post\" data-id=\"10275\" target=\"_blank\" rel=\"noreferrer noopener\">Debes de Recordar los D\u00edas (Rima)<\/a><\/li>\n\n\n\n<li><a href=\"https:\/\/pedrocasiano.es\/?p=10279\" data-type=\"post\" data-id=\"10279\" target=\"_blank\" rel=\"noreferrer noopener\">Dejadme que Muera (Rima)<\/a><\/li>\n\n\n\n<li><a href=\"https:\/\/pedrocasiano.es\/?p=10284\" data-type=\"post\" data-id=\"10284\" target=\"_blank\" rel=\"noreferrer noopener\">D\u00e9jame Mujer Libar (Rima)<\/a><\/li>\n\n\n\n<li><a href=\"https:\/\/pedrocasiano.es\/?p=10288\" data-type=\"post\" data-id=\"10288\" target=\"_blank\" rel=\"noreferrer noopener\">Dentro de T\u00ed (Rima)<\/a><\/li>\n\n\n\n<li><a href=\"https:\/\/pedrocasiano.es\/?p=10292\" data-type=\"post\" data-id=\"10292\" target=\"_blank\" rel=\"noreferrer noopener\">Desde La Atalaya (Rima)<\/a><\/li>\n\n\n\n<li><a href=\"https:\/\/pedrocasiano.es\/?p=10296\" data-type=\"post\" data-id=\"10296\" target=\"_blank\" rel=\"noreferrer noopener\">Desnuda Sobre la Blanca Cama (Rima)<\/a><\/li>\n\n\n\n<li><a href=\"https:\/\/pedrocasiano.es\/?p=10302\" data-type=\"post\" data-id=\"10302\" target=\"_blank\" rel=\"noreferrer noopener\">D\u00eda Ag\u00f3nico (Rima)<\/a><\/li>\n\n\n\n<li><a href=\"https:\/\/pedrocasiano.es\/?p=10307\" data-type=\"post\" data-id=\"10307\" target=\"_blank\" rel=\"noreferrer noopener\">El Aire de la Tormenta (Rima)<\/a><\/li>\n\n\n\n<li><a href=\"https:\/\/pedrocasiano.es\/?p=10311\" data-type=\"post\" data-id=\"10311\" target=\"_blank\" rel=\"noreferrer noopener\">El Arco de tus Piernas (Rima)<\/a><\/li>\n\n\n\n<li><a href=\"https:\/\/pedrocasiano.es\/?p=10314\" data-type=\"post\" data-id=\"10314\" target=\"_blank\" rel=\"noreferrer noopener\">El Arco de tus Piernas. Otra. (Rima)<\/a><\/li>\n\n\n\n<li><a href=\"https:\/\/pedrocasiano.es\/?p=10317\" data-type=\"post\" data-id=\"10317\" target=\"_blank\" rel=\"noreferrer noopener\">El D\u00eda en que te Mueras (Rima)<\/a><\/li>\n\n\n\n<li><a href=\"https:\/\/pedrocasiano.es\/?p=10322\" data-type=\"post\" data-id=\"10322\" target=\"_blank\" rel=\"noreferrer noopener\">El Fr\u00edo De La Edad (Rima)<\/a><\/li>\n\n\n\n<li><a href=\"https:\/\/pedrocasiano.es\/?p=10326\" data-type=\"post\" data-id=\"10326\" target=\"_blank\" rel=\"noreferrer noopener\">El Mar (Rima)<\/a><\/li>\n\n\n\n<li><a href=\"https:\/\/pedrocasiano.es\/?p=10330\" data-type=\"post\" data-id=\"10330\" target=\"_blank\" rel=\"noreferrer noopener\">El Mar, una Mujer (Rima)<\/a><\/li>\n\n\n\n<li><a href=\"https:\/\/pedrocasiano.es\/?p=10334\" data-type=\"post\" data-id=\"10334\" target=\"_blank\" rel=\"noreferrer noopener\">El Parque se ha Dormido (Rima)<\/a><\/li>\n\n\n\n<li><a href=\"https:\/\/pedrocasiano.es\/?p=10340\" data-type=\"post\" data-id=\"10340\" target=\"_blank\" rel=\"noreferrer noopener\">El R\u00edo (Rima)<\/a><\/li>\n\n\n\n<li><a href=\"https:\/\/pedrocasiano.es\/?p=10344\" data-type=\"post\" data-id=\"10344\" target=\"_blank\" rel=\"noreferrer noopener\">El Rumor de las Olas (Rima)<\/a><\/li>\n\n\n\n<li><a href=\"https:\/\/pedrocasiano.es\/?p=10347\" data-type=\"post\" data-id=\"10347\" target=\"_blank\" rel=\"noreferrer noopener\">El Verano se Marcha (Rima)<\/a><\/li>\n\n\n\n<li><a href=\"https:\/\/pedrocasiano.es\/?p=10351\" data-type=\"post\" data-id=\"10351\" target=\"_blank\" rel=\"noreferrer noopener\">Elipses C\u00f3nicas, Cuadradas (Rima)<\/a><\/li>\n\n\n\n<li><a href=\"https:\/\/pedrocasiano.es\/?p=10355\" data-type=\"post\" data-id=\"10355\" target=\"_blank\" rel=\"noreferrer noopener\">He Comido en Platos Lisos\u2026 (Rima)<\/a><\/li>\n\n\n\n<li><a href=\"https:\/\/pedrocasiano.es\/?p=10360\" data-type=\"post\" data-id=\"10360\" target=\"_blank\" rel=\"noreferrer noopener\">En la Noche Estrellada (Rima)<\/a><\/li>\n\n\n\n<li><a href=\"https:\/\/pedrocasiano.es\/?p=10365\" data-type=\"post\" data-id=\"10365\" target=\"_blank\" rel=\"noreferrer noopener\">Entre la Bruma del Recuerdo (Rima)<\/a><\/li>\n\n\n\n<li><a href=\"https:\/\/pedrocasiano.es\/?p=10368\" data-type=\"post\" data-id=\"10368\" target=\"_blank\" rel=\"noreferrer noopener\">Entre las Flores (Rima)<\/a><\/li>\n\n\n\n<li><a href=\"https:\/\/pedrocasiano.es\/?p=10371\" data-type=\"post\" data-id=\"10371\" target=\"_blank\" rel=\"noreferrer noopener\">Esa mirada (Rima)<\/a><\/li>\n\n\n\n<li><a href=\"https:\/\/pedrocasiano.es\/?p=10377\" data-type=\"post\" data-id=\"10377\" target=\"_blank\" rel=\"noreferrer noopener\">Esta Negra Noche (Rima)<\/a><\/li>\n\n\n\n<li><a href=\"https:\/\/pedrocasiano.es\/?p=10380\" data-type=\"post\" data-id=\"10380\" target=\"_blank\" rel=\"noreferrer noopener\">Estas Letras que Escribo (Rima)<\/a><\/li>\n<\/ul>\n\n\n\n<p><strong>Todos los Derechos Reservados<\/strong><\/p>\n\n\n\n<p><strong>\u201cEstas novelas, publicaciones y dem\u00e1s, son obras de ficci\u00f3n. Los nombres, personajes, lugares e incidentes son producto de la imaginaci\u00f3n del autor o son utilizados de manera ficticia. Cualquier parecido con personas, vivas o muertas, o sucesos reales es pura coincidencia.\u201d<\/strong><\/p>\n<\/div><\/div>\n","protected":false},"excerpt":{"rendered":"","protected":false},"author":1,"featured_media":0,"parent":0,"menu_order":0,"comment_status":"closed","ping_status":"closed","template":"","meta":{"inspiro_hide_title":false,"footnotes":""},"class_list":["post-4276","page","type-page","status-publish","hentry"],"featured_media_urls":[],"_links":{"self":[{"href":"https:\/\/pedrocasiano.es\/index.php?rest_route=\/wp\/v2\/pages\/4276","targetHints":{"allow":["GET"]}}],"collection":[{"href":"https:\/\/pedrocasiano.es\/index.php?rest_route=\/wp\/v2\/pages"}],"about":[{"href":"https:\/\/pedrocasiano.es\/index.php?rest_route=\/wp\/v2\/types\/page"}],"author":[{"embeddable":true,"href":"https:\/\/pedrocasiano.es\/index.php?rest_route=\/wp\/v2\/users\/1"}],"replies":[{"embeddable":true,"href":"https:\/\/pedrocasiano.es\/index.php?rest_route=%2Fwp%2Fv2%2Fcomments&post=4276"}],"version-history":[{"count":50,"href":"https:\/\/pedrocasiano.es\/index.php?rest_route=\/wp\/v2\/pages\/4276\/revisions"}],"predecessor-version":[{"id":15545,"href":"https:\/\/pedrocasiano.es\/index.php?rest_route=\/wp\/v2\/pages\/4276\/revisions\/15545"}],"wp:attachment":[{"href":"https:\/\/pedrocasiano.es\/index.php?rest_route=%2Fwp%2Fv2%2Fmedia&parent=4276"}],"curies":[{"name":"wp","href":"https:\/\/api.w.org\/{rel}","templated":true}]}}