{"id":4195,"date":"2024-02-24T09:18:38","date_gmt":"2024-02-24T09:18:38","guid":{"rendered":"https:\/\/pedrocasiano.es\/?page_id=4195"},"modified":"2024-03-01T09:34:15","modified_gmt":"2024-03-01T09:34:15","slug":"la-muerte-de-la-democracia-el-afan-suicida","status":"publish","type":"page","link":"https:\/\/pedrocasiano.es\/?page_id=4195","title":{"rendered":"La Muerte de la Democracia. El Af\u00e1n Suicida"},"content":{"rendered":"\n<figure class=\"wp-block-image alignleft size-large is-resized\"><img decoding=\"async\" width=\"1024\" height=\"853\" data-src=\"https:\/\/pedrocasiano.es\/wp-content\/uploads\/2024\/02\/venezuela-6828932_1280-1024x853.jpg\" alt=\"\" class=\"wp-image-4196 lazyload\" style=\"--smush-placeholder-width: 1024px; --smush-placeholder-aspect-ratio: 1024\/853;width:396px;height:auto\" src=\"data:image\/svg+xml;base64,PHN2ZyB3aWR0aD0iMSIgaGVpZ2h0PSIxIiB4bWxucz0iaHR0cDovL3d3dy53My5vcmcvMjAwMC9zdmciPjwvc3ZnPg==\" \/><\/figure>\n\n\n\n<p>Continuamos con la democracia, en el sentido de resaltar algunos de los fallos que la hacen cuando menos, poco fiable, y cuando m\u00e1s, algo que se diluye en el tiempo hasta perder su propia esencia, como es el caso ahora.<br>Pero afinando en el tema que ocupa parte del t\u00edtulo, nos referimos a la fragilidad que tiene el sistema para autodestruirse, como ha sucedido en m\u00faltiples ocasiones, y ahora mismo, estamos entrando en esa vor\u00e1gine que nos llevar\u00e1 a algo muy distinto de lo que ahora padecemos, haci\u00e9ndonos, no en un tiempo muy lejano, a\u00f1orar esta p\u00fatrida democracia.<br>Me refiero a la posibilidad, en nuestro caso pendiente solo de que transcurra el tiempo, de que un grupo totalitario se haga con la mayor\u00eda absoluta de la c\u00e1mara, hablo en concreto, y por ahora, de Podemos con su segundo al mando, el PSOE, los cuales subrepticiamente, ir\u00e1n cambiando las normas que regulan la sociedad, de tal forma que poco a poco, casi sin darnos cuenta, la democracia derivar\u00e1 a algo que permita que el acceso de esta ideolog\u00eda, en concreto de izquierdas, medre de tal forma que todos los estamentos de la sociedad, sobre todo los que tienen poder, pasen a depender totalmente de ellos.<br>El acto siguiente, como en buen drama venezolano, es cambiar la constituci\u00f3n, pero no de una manera contundente, sino de una forma ladina, que permita que cada vez se obtenga m\u00e1s poder para aquellos que representan sus ideales, a la vez que, a cada momento, m\u00e1s grupos de poder nacen en las calles para apoyar y reprender a los contrarios, sin que las fuerzas institucionales tengan que intervenir.<br>Los escuadrones de la muerte, se encargar\u00e1n, tengan el nombre que tengan, en acallar a los disidentes, empezando por los moderados, los m\u00e1s peligrosos, pues es dif\u00edcil calificarlos de enemigos del estado; los radicales, que luchan por la libertad, son m\u00e1s f\u00e1ciles de colocar en la picota, pues utilizar\u00e1n cualquier medio para recobrar la libertad.<br>Un buen pago a las fuerzas armadas, al funcionariado, a la polic\u00eda, en un pa\u00eds que cada vez es m\u00e1s pobre, completan el c\u00edrculo de soga que ahogar\u00e1 al pa\u00eds, hasta dejarlo ex\u00e1nime a sus pies, en ese momento el objetivo conseguido, cualquier parecido con la democracia ser\u00e1 simplemente una casualidad, la democracia ha muerto, el partido \u00fanico, reinar\u00e1 en todo el pa\u00eds, y cualquiera que disienta, ser\u00e1 encarcelado o pasado por las armas entre el fervor de los adoradores del nuevo r\u00e9gimen. Am\u00e9n.<\/p>\n","protected":false},"excerpt":{"rendered":"<p>Continuamos con la democracia, en el sentido de resaltar algunos de los fallos que la hacen cuando menos, poco fiable, y cuando m\u00e1s, algo que se diluye en el tiempo hasta perder su propia esencia, como es el caso ahora.Pero afinando en el tema que ocupa parte del t\u00edtulo, nos referimos a la fragilidad que &hellip; <\/p>\n<p class=\"link-more\"><a href=\"https:\/\/pedrocasiano.es\/?page_id=4195\" class=\"more-link\">Leer m\u00e1s<span class=\"screen-reader-text\"> \u00abLa Muerte de la Democracia. El Af\u00e1n Suicida\u00bb<\/span><\/a><\/p>\n","protected":false},"author":1,"featured_media":0,"parent":0,"menu_order":0,"comment_status":"closed","ping_status":"closed","template":"","meta":{"inspiro_hide_title":false,"footnotes":""},"class_list":["post-4195","page","type-page","status-publish","hentry"],"featured_media_urls":[],"_links":{"self":[{"href":"https:\/\/pedrocasiano.es\/index.php?rest_route=\/wp\/v2\/pages\/4195","targetHints":{"allow":["GET"]}}],"collection":[{"href":"https:\/\/pedrocasiano.es\/index.php?rest_route=\/wp\/v2\/pages"}],"about":[{"href":"https:\/\/pedrocasiano.es\/index.php?rest_route=\/wp\/v2\/types\/page"}],"author":[{"embeddable":true,"href":"https:\/\/pedrocasiano.es\/index.php?rest_route=\/wp\/v2\/users\/1"}],"replies":[{"embeddable":true,"href":"https:\/\/pedrocasiano.es\/index.php?rest_route=%2Fwp%2Fv2%2Fcomments&post=4195"}],"version-history":[{"count":2,"href":"https:\/\/pedrocasiano.es\/index.php?rest_route=\/wp\/v2\/pages\/4195\/revisions"}],"predecessor-version":[{"id":5463,"href":"https:\/\/pedrocasiano.es\/index.php?rest_route=\/wp\/v2\/pages\/4195\/revisions\/5463"}],"wp:attachment":[{"href":"https:\/\/pedrocasiano.es\/index.php?rest_route=%2Fwp%2Fv2%2Fmedia&parent=4195"}],"curies":[{"name":"wp","href":"https:\/\/api.w.org\/{rel}","templated":true}]}}