{"id":4187,"date":"2024-02-24T09:10:28","date_gmt":"2024-02-24T09:10:28","guid":{"rendered":"https:\/\/pedrocasiano.es\/?page_id=4187"},"modified":"2024-03-01T09:35:20","modified_gmt":"2024-03-01T09:35:20","slug":"la-lenta-agonia-hacia-un-mundo-nuevo-iv-mentir-por-cualquier-medio","status":"publish","type":"page","link":"https:\/\/pedrocasiano.es\/?page_id=4187","title":{"rendered":"La Lenta Agon\u00eda Hacia un Mundo Nuevo (IV). Mentir Por Cualquier Medio"},"content":{"rendered":"\n<figure class=\"wp-block-image alignleft size-large is-resized\"><img decoding=\"async\" width=\"1024\" height=\"636\" data-src=\"https:\/\/pedrocasiano.es\/wp-content\/uploads\/2024\/02\/hands-1655520_1280-1024x636.jpg\" alt=\"\" class=\"wp-image-4188 lazyload\" style=\"--smush-placeholder-width: 1024px; --smush-placeholder-aspect-ratio: 1024\/636;width:506px;height:auto\" src=\"data:image\/svg+xml;base64,PHN2ZyB3aWR0aD0iMSIgaGVpZ2h0PSIxIiB4bWxucz0iaHR0cDovL3d3dy53My5vcmcvMjAwMC9zdmciPjwvc3ZnPg==\" \/><\/figure>\n\n\n\n<p>Elevar a los altares a aquellos que solo tienen una visi\u00f3n parcial de la realidad, crear comunicadores que mienten continuamente, que ocultan datos, como si fueran tah\u00fares de feria, en fin, al final, tratarnos como los que somos, una maldita manada de borregos.<br>\u00bfC\u00f3mo quedar\u00e1 de herida la sociedad tras el paso del virus?<br>No sobrevivir\u00e1, ser\u00e1 destruida, de ella nacer\u00e1 algo distinto, algo que se basar\u00e1 en lo que exist\u00eda, pero que a fin de cuentas har\u00e1 un giro que la transformar\u00e1 tan radicalmente que nadie podr\u00eda reconocerla.<br>\u00bfEl contacto humano?<br>Miedo huidizo a tocar a cualquiera que no sea cercano, e incluso as\u00ed, con dificultades.<br>P\u00e9rdida de sanitarios, los cuales han ca\u00eddo en dos categor\u00edas, una menor de gente con narices, y otra de indecentes pasa consultas, y a partir de ahora, todo ser\u00e1 peor, el miedo lo dominar\u00e1 todo, moriremos en casa, eso s\u00ed, con nuestros datos en las estad\u00edsticas, que aparecer\u00e1n en el sentido que los cerdos del gobierno quieran que lo hagan.<br>\u00bfFuncionarios?<br>Elucubraciones de una mente enferma, si con todo a favor, no hac\u00edan nada, ahora con motivo, \u00bfQu\u00e9 esperamos, la conversi\u00f3n al dios trabajo?, no, eso seguro que no, antes se va el coronavirus mutado en caperucita.<br>\u00bfEl acto sexual, la pareja?<br>Por videoconferencia, el onanismo, el sexo transmitido por Lan, con una VPN, y mandar semen por correo expr\u00e9s para cl\u00ednicas de fertilidad.<br>Distantes caretas en caminos despoblados, seres huidizos que retornan a sus guaridas, atenazados por el miedo, antes de que el toque de queda los arrincone, haci\u00e9ndoles sufrir como lo que son, borregos.<br>Nadie cogido de las manos, ning\u00fan beso desesperado en una esquina escondida, ning\u00fan loco que haga el amor en el banco rodeado de \u00e1rboles.<br>Sexo r\u00e1pido, putas expr\u00e9s, sumideros de semen, aburrimiento de paja continua, dedos h\u00famedos, y enormes sexos en pantalla plana.<br>Afortunados, los que mandan en la distancia a alguien que realice lo que desean para mejor excitarse, gratis, o de pago.<br>Oficinas vac\u00edas, comunicaciones en pantallas partidas.<br>Al final, hijos de primos hermanos, delitos de familia, incestos, vecinos violadores, exhibicionistas llamados a pasar dentro, solo ofrecen mercanc\u00eda lista para probar, y el aquelarre seguir\u00e1, el hombre, el ser humano, sobrevivir\u00e1 a cualquier precio, por muy alto que este sea.<br>Y entre las piernas de las mujeres, ahora escondidas, se establecer\u00e1 el lugar de culto, el que todos los hombres buscar\u00e1n como lobos, y as\u00ed deber\u00e1n de cuidarse las mujeres, v\u00edctimas de todo, sin culpa alguna, y perder\u00e1n todo lo obtenido con el sufrimiento de centenas de a\u00f1os.<br>\u2026 Y miedo, miedo a todo, al contacto humano, al vecino, al repartidor, al que la escasa vez que a la calle salgas te cruces con \u00e9l, \u00bfQui\u00e9n ser\u00e1 el que tras la m\u00e1scara se esconde?, ni las c\u00e1maras del gran hermano sabr\u00e1n reconocer una cara oculta, y el lobo merodear\u00e1 entre las ovejas, listo para devorarlas.<br>De rodillas ante las pantallas, de ellas saldr\u00e1n santas palabras, las cuales ser\u00e1n ley de vida, motivo de discordia, de vivir y de matar, \u00bfa qui\u00e9n?, a cualquiera que la que la santa pantalla ordene.<\/p>\n","protected":false},"excerpt":{"rendered":"<p>Elevar a los altares a aquellos que solo tienen una visi\u00f3n parcial de la realidad, crear comunicadores que mienten continuamente, que ocultan datos, como si fueran tah\u00fares de feria, en fin, al final, tratarnos como los que somos, una maldita manada de borregos.\u00bfC\u00f3mo quedar\u00e1 de herida la sociedad tras el paso del virus?No sobrevivir\u00e1, ser\u00e1 &hellip; <\/p>\n<p class=\"link-more\"><a href=\"https:\/\/pedrocasiano.es\/?page_id=4187\" class=\"more-link\">Leer m\u00e1s<span class=\"screen-reader-text\"> \u00abLa Lenta Agon\u00eda Hacia un Mundo Nuevo (IV). Mentir Por Cualquier Medio\u00bb<\/span><\/a><\/p>\n","protected":false},"author":1,"featured_media":0,"parent":0,"menu_order":0,"comment_status":"closed","ping_status":"closed","template":"","meta":{"inspiro_hide_title":false,"footnotes":""},"class_list":["post-4187","page","type-page","status-publish","hentry"],"featured_media_urls":[],"_links":{"self":[{"href":"https:\/\/pedrocasiano.es\/index.php?rest_route=\/wp\/v2\/pages\/4187","targetHints":{"allow":["GET"]}}],"collection":[{"href":"https:\/\/pedrocasiano.es\/index.php?rest_route=\/wp\/v2\/pages"}],"about":[{"href":"https:\/\/pedrocasiano.es\/index.php?rest_route=\/wp\/v2\/types\/page"}],"author":[{"embeddable":true,"href":"https:\/\/pedrocasiano.es\/index.php?rest_route=\/wp\/v2\/users\/1"}],"replies":[{"embeddable":true,"href":"https:\/\/pedrocasiano.es\/index.php?rest_route=%2Fwp%2Fv2%2Fcomments&post=4187"}],"version-history":[{"count":3,"href":"https:\/\/pedrocasiano.es\/index.php?rest_route=\/wp\/v2\/pages\/4187\/revisions"}],"predecessor-version":[{"id":5466,"href":"https:\/\/pedrocasiano.es\/index.php?rest_route=\/wp\/v2\/pages\/4187\/revisions\/5466"}],"wp:attachment":[{"href":"https:\/\/pedrocasiano.es\/index.php?rest_route=%2Fwp%2Fv2%2Fmedia&parent=4187"}],"curies":[{"name":"wp","href":"https:\/\/api.w.org\/{rel}","templated":true}]}}