{"id":4183,"date":"2024-02-24T09:07:44","date_gmt":"2024-02-24T09:07:44","guid":{"rendered":"https:\/\/pedrocasiano.es\/?page_id=4183"},"modified":"2024-03-01T09:35:55","modified_gmt":"2024-03-01T09:35:55","slug":"la-lenta-agonia-hacia-un-mundo-nuevo-iii-la-inexorable-recesion","status":"publish","type":"page","link":"https:\/\/pedrocasiano.es\/?page_id=4183","title":{"rendered":"La Lenta Agon\u00eda Hacia un Mundo Nuevo (III). La Inexorable Recesi\u00f3n"},"content":{"rendered":"\n<figure class=\"wp-block-image alignleft size-large is-resized\"><img decoding=\"async\" width=\"1024\" height=\"853\" data-src=\"https:\/\/pedrocasiano.es\/wp-content\/uploads\/2024\/02\/poverty-4561704_1280-1024x853.jpg\" alt=\"\" class=\"wp-image-4184 lazyload\" style=\"--smush-placeholder-width: 1024px; --smush-placeholder-aspect-ratio: 1024\/853;width:447px;height:auto\" src=\"data:image\/svg+xml;base64,PHN2ZyB3aWR0aD0iMSIgaGVpZ2h0PSIxIiB4bWxucz0iaHR0cDovL3d3dy53My5vcmcvMjAwMC9zdmciPjwvc3ZnPg==\" \/><\/figure>\n\n\n\n<p>Espero que, como buenos seres humanos, nadie haya dedicado ni un solo momento de reflexi\u00f3n a mis \u00faltimas palabras, en las cuales se encierra, no la sabidur\u00eda, de la cual carezco absolutamente, sino la realidad de que el mundo, tal como lo conocemos, desaparecer\u00e1 en una alharaca de nuevos reinos, grupos, y asociaciones de matarifes.<br>Olvidemos lo dicho, no existe, pero, surge a pesar de ello otra pregunta, \u00bfqui\u00e9n va a pagar la fiesta?, \u00bflos alemanes?, ellos ya tienen la factura de la suya, y una solidaridad digna del hijo de Sam, con lo cual, nos tocar\u00e1 pagarla con lo que nos presten, y llorar por los intereses, que, de cualquier forma, ser\u00e1n desorbitados.<br>Eso en el mejor de los casos, si existe una fractura total, cosa que me temo, quedaremos solos para afrontar el problema diario de alimentarnos y vestirnos, eso en el mejor de los casos, pues puede suceder, con casi total probabilidad, que cualquiera de los reinos de taifas, l\u00e9ase, Catalu\u00f1a, pa\u00eds Vasco, Galicia, etc.\u2026 previendo que quiz\u00e1s salga mejor solo, declara que se marcha de nuestro fracturado pa\u00eds.<br>Malos tiempos para Espa\u00f1a, peores para los espa\u00f1oles, que hemos vendido todo, nada nos queda de tiempos gloriosos, sino el est\u00fapido orgullo del que fue y ya no es, motivo de risa de marroqu\u00edes y dem\u00e1s enemigos.<br>\u00bfC\u00f3mo solucionar esto?<br>\u00bfAyuda de la comunidad europea?\u2026 esto no es un panfleto de humor, de ellos solo sacaremos, con suerte, buenas palabras; la sociedad de nuestro pa\u00eds, fr\u00e1gil como la que m\u00e1s, colapsar\u00e1, el gobierno, d\u00e9bil como la voluntad de una puta, ser\u00e1 sobrepasado por los acontecimientos, y aquellos, que como buitres esperan la oportunidad, har\u00e1n del descalabro su oportunidad para introducirnos en un mundo en el que la libertad es algo que ni se conoce; con la paciencia del c\u00e1ncer, d\u00eda a d\u00eda, minuto a minuto incluso, socavar\u00e1n todo, hasta que nuestro pa\u00eds sea una Venezuela con un presidente digno de un patio de Monipodio.<br>La simple comida, pasar\u00e1 a portada de peri\u00f3dico, a motivo de reflexi\u00f3n, a candente actualidad, pues, \u00bfQui\u00e9n nos trabajar\u00e1 para que llegue a nuestros platos?, y tan importante como la anterior, \u00bfQui\u00e9n tendr\u00e1 el dinero para pagarlo?, dos preguntas, quiz\u00e1s con respuesta lejana en el tiempo, pero que inexorablemente llegar\u00e1n.<br>El ser pobre en Espa\u00f1a, pasara a ser moneda de libre circulaci\u00f3n, y palabra top en las b\u00fasquedas en internet, tendremos \u201cSave de Children\u201d, \u201cM\u00e9dicos in fronteras\u201d, y misiones de la ONU, como buena rep\u00fablica bananera, y el gobierno pagar\u00e1, con sus escasos medios a aquellos que le ayuden a mantener al pa\u00eds sofocado y obediente, y nada faltar\u00e1 a polic\u00edas, ejercito, y adl\u00e1teres, sicarios, y ejecutores de los escuadrones de la muerte.<br>Venderemos todo, pues nada somos capaces de crear, el gobierno su futuro, mejor dicho, el de nuestro pa\u00eds, cada uno, lo poco que tenga y al final se acabar\u00e1, los chinos con su pol\u00edtica del hijo \u00fanico, vendr\u00e1n a comprar esposas espa\u00f1olas, y las venderemos con gusto, por quitar una boca que alimentar, y dinero que entra, se santifica cuando llega a nuestras manos.<br>Si mi padre leyera esto, se afirmar\u00eda en la opini\u00f3n de que estoy loco. Yo tambi\u00e9n.<\/p>\n","protected":false},"excerpt":{"rendered":"<p>Espero que, como buenos seres humanos, nadie haya dedicado ni un solo momento de reflexi\u00f3n a mis \u00faltimas palabras, en las cuales se encierra, no la sabidur\u00eda, de la cual carezco absolutamente, sino la realidad de que el mundo, tal como lo conocemos, desaparecer\u00e1 en una alharaca de nuevos reinos, grupos, y asociaciones de matarifes.Olvidemos &hellip; <\/p>\n<p class=\"link-more\"><a href=\"https:\/\/pedrocasiano.es\/?page_id=4183\" class=\"more-link\">Leer m\u00e1s<span class=\"screen-reader-text\"> \u00abLa Lenta Agon\u00eda Hacia un Mundo Nuevo (III). La Inexorable Recesi\u00f3n\u00bb<\/span><\/a><\/p>\n","protected":false},"author":1,"featured_media":0,"parent":0,"menu_order":0,"comment_status":"closed","ping_status":"closed","template":"","meta":{"inspiro_hide_title":false,"footnotes":""},"class_list":["post-4183","page","type-page","status-publish","hentry"],"featured_media_urls":[],"_links":{"self":[{"href":"https:\/\/pedrocasiano.es\/index.php?rest_route=\/wp\/v2\/pages\/4183","targetHints":{"allow":["GET"]}}],"collection":[{"href":"https:\/\/pedrocasiano.es\/index.php?rest_route=\/wp\/v2\/pages"}],"about":[{"href":"https:\/\/pedrocasiano.es\/index.php?rest_route=\/wp\/v2\/types\/page"}],"author":[{"embeddable":true,"href":"https:\/\/pedrocasiano.es\/index.php?rest_route=\/wp\/v2\/users\/1"}],"replies":[{"embeddable":true,"href":"https:\/\/pedrocasiano.es\/index.php?rest_route=%2Fwp%2Fv2%2Fcomments&post=4183"}],"version-history":[{"count":2,"href":"https:\/\/pedrocasiano.es\/index.php?rest_route=\/wp\/v2\/pages\/4183\/revisions"}],"predecessor-version":[{"id":5467,"href":"https:\/\/pedrocasiano.es\/index.php?rest_route=\/wp\/v2\/pages\/4183\/revisions\/5467"}],"wp:attachment":[{"href":"https:\/\/pedrocasiano.es\/index.php?rest_route=%2Fwp%2Fv2%2Fmedia&parent=4183"}],"curies":[{"name":"wp","href":"https:\/\/api.w.org\/{rel}","templated":true}]}}