{"id":4177,"date":"2024-02-24T09:04:31","date_gmt":"2024-02-24T09:04:31","guid":{"rendered":"https:\/\/pedrocasiano.es\/?page_id=4177"},"modified":"2024-03-01T09:36:26","modified_gmt":"2024-03-01T09:36:26","slug":"la-lenta-agonia-hacia-un-mundo-nuevo-ii-las-ciudades-huecas","status":"publish","type":"page","link":"https:\/\/pedrocasiano.es\/?page_id=4177","title":{"rendered":"La Lenta Agon\u00eda Hacia un Mundo Nuevo (II). Las Ciudades Huecas"},"content":{"rendered":"\n<figure class=\"wp-block-image alignleft size-large is-resized\"><img decoding=\"async\" width=\"1024\" height=\"720\" data-src=\"https:\/\/pedrocasiano.es\/wp-content\/uploads\/2024\/02\/city-4991094_1280-1024x720.jpg\" alt=\"\" class=\"wp-image-4180 lazyload\" style=\"--smush-placeholder-width: 1024px; --smush-placeholder-aspect-ratio: 1024\/720;width:513px;height:auto\" src=\"data:image\/svg+xml;base64,PHN2ZyB3aWR0aD0iMSIgaGVpZ2h0PSIxIiB4bWxucz0iaHR0cDovL3d3dy53My5vcmcvMjAwMC9zdmciPjwvc3ZnPg==\" \/><\/figure>\n\n\n\n<p>\u201cA buenas horas mangas verdes\u201d, \u201cMuerto el burro la cebada al rabo\u201d, el acervo cultural nos puede llenar el folio sin darnos cuenta, y lo que es razonamiento normal, parece imposible en este pa\u00eds que parece sacado de una novela de serie\u2026 de la m\u00e1s baja que exista.<br>Ahora nos quieren confinar, haciendo uso limitativo de la libertad, por algo que el m\u00e1s imb\u00e9cil de los imb\u00e9ciles, hubiera previsto con dedicarle unos minutos de tiempo en su cabeza.<br>Ignorantes de lo obvio, dejaron que meses y meses, nos movi\u00e9ramos libremente, como si todo acerca del virus se lo hubiera llevado el viento, mala decisi\u00f3n, ahora quien paga el pato, es el general de la sociedad.<br>\u00bfVolveremos a ver a nuestras comunidades como antes de la pandemia?<br>Lo dudo, quiero ser optimista pero no puedo, estoy seguro que dos elementos est\u00e1n conspirando continuamente para que esto no sea as\u00ed, uno de ellos nosotros mismos, l\u00e9ase descerebrados con inteligencia malvada, gobiernos deseosos del poder que tendr\u00edan si solo ellos pudieran salvarse, as\u00ed hasta aburrir, pero el m\u00e1s peligroso\u2026 la naturaleza; esta no va a cesar de cambiar al maldito virus, el que por su capacidad de reproducci\u00f3n, y mutaci\u00f3n, en su genoma simple, puede variar a una velocidad pasmosa, y solo buscar\u00e1 su finalidad concreta, sobrevivir y reproducirse, como cualquier ente vivo.<br>Esto supone, que, para ello, deber\u00e1 de matar m\u00e1s r\u00e1pido y mejor, o quiz\u00e1s m\u00e1s silente, lo que sea m\u00e1s efectivo, llegar al mayor n\u00famero de entornos favorables, l\u00e9ase seres humanos, y por supuesto, convertirse en un \u00e9xito absoluto, lo que se consigue cuando los anfitriones dejan de existir.<br>Por eso mismo, es f\u00e1cil de entender, que el mito de la vacuna, ojal\u00e1 me equivoque, es solo una entelequia, y lo que hasta ahora se ha descubierto, es algo que solo mitiga, o act\u00faa en grupos o formas de virus espec\u00edficas sobre grupos reducidos de enfermos.<br>\u00bfDarnos por vencidos?<br>Nunca, pero tengamos en la cabeza, que va a ser una guerra, donde en cada una de las batallas, perderemos a m\u00e1s y m\u00e1s de los nuestros, hasta que la victoria, si la conseguimos, sea a un precio dif\u00edcil del pagar.<br>Aun en el hipot\u00e9tico caso en el que pudi\u00e9ramos vencer, el precio pagado, el que estamos pagando, parece dif\u00edcil de cobrar, la sociedad en s\u00ed misma, est\u00e1 cambiando, hasta hacerse irreconocible.<br>He o\u00eddo a maestros, decir a sus alumnos que solo les importa su salud, que es mil veces m\u00e1s importante que la vida de toda la clase, eso dicho a j\u00f3venes de quince a\u00f1os; a funcionarios, la famosa frase \u201ctrabajo lo que me pagan\u201d, como escudo para diluirse en la oscuridad del inane, juicios en los que lo que horas duraba, se despacha, como si fuera basura, en escasos minutos.<br>Podr\u00eda dar miles de ejemplos de personas que son la hez de la tierra, que realmente han demostrado ser hijos de una sociedad decadente que pronto implosionar\u00e1 en algo peor, algo tr\u00e1gicamente cotidiano, la verdadera cara de aquellos que tienen el m\u00ednimo poder, el \u201cs\u00e1lvese el que pueda\u201d<br>\u00bfQu\u00e9 pasar\u00e1, cuando el polic\u00eda, el soldado, cualquiera con arma en mano piense, \u201cyo, no muero por salir a la calle\u201d?<br>Dejo la pregunta a cabezas inquietas, pues la promesa del folio oscila como espada sobre mi cabeza, ma\u00f1ana, ser\u00e1 otro pu\u00f1etero d\u00eda, o eso espero.<\/p>\n","protected":false},"excerpt":{"rendered":"<p>\u201cA buenas horas mangas verdes\u201d, \u201cMuerto el burro la cebada al rabo\u201d, el acervo cultural nos puede llenar el folio sin darnos cuenta, y lo que es razonamiento normal, parece imposible en este pa\u00eds que parece sacado de una novela de serie\u2026 de la m\u00e1s baja que exista.Ahora nos quieren confinar, haciendo uso limitativo de &hellip; <\/p>\n<p class=\"link-more\"><a href=\"https:\/\/pedrocasiano.es\/?page_id=4177\" class=\"more-link\">Leer m\u00e1s<span class=\"screen-reader-text\"> \u00abLa Lenta Agon\u00eda Hacia un Mundo Nuevo (II). Las Ciudades Huecas\u00bb<\/span><\/a><\/p>\n","protected":false},"author":1,"featured_media":0,"parent":0,"menu_order":0,"comment_status":"closed","ping_status":"closed","template":"","meta":{"inspiro_hide_title":false,"footnotes":""},"class_list":["post-4177","page","type-page","status-publish","hentry"],"featured_media_urls":[],"_links":{"self":[{"href":"https:\/\/pedrocasiano.es\/index.php?rest_route=\/wp\/v2\/pages\/4177","targetHints":{"allow":["GET"]}}],"collection":[{"href":"https:\/\/pedrocasiano.es\/index.php?rest_route=\/wp\/v2\/pages"}],"about":[{"href":"https:\/\/pedrocasiano.es\/index.php?rest_route=\/wp\/v2\/types\/page"}],"author":[{"embeddable":true,"href":"https:\/\/pedrocasiano.es\/index.php?rest_route=\/wp\/v2\/users\/1"}],"replies":[{"embeddable":true,"href":"https:\/\/pedrocasiano.es\/index.php?rest_route=%2Fwp%2Fv2%2Fcomments&post=4177"}],"version-history":[{"count":2,"href":"https:\/\/pedrocasiano.es\/index.php?rest_route=\/wp\/v2\/pages\/4177\/revisions"}],"predecessor-version":[{"id":5468,"href":"https:\/\/pedrocasiano.es\/index.php?rest_route=\/wp\/v2\/pages\/4177\/revisions\/5468"}],"wp:attachment":[{"href":"https:\/\/pedrocasiano.es\/index.php?rest_route=%2Fwp%2Fv2%2Fmedia&parent=4177"}],"curies":[{"name":"wp","href":"https:\/\/api.w.org\/{rel}","templated":true}]}}