{"id":4165,"date":"2024-02-24T08:48:57","date_gmt":"2024-02-24T08:48:57","guid":{"rendered":"https:\/\/pedrocasiano.es\/?page_id=4165"},"modified":"2024-03-01T09:38:36","modified_gmt":"2024-03-01T09:38:36","slug":"cartas-a-nadie-sobre-lo-que-no-pasa","status":"publish","type":"page","link":"https:\/\/pedrocasiano.es\/?page_id=4165","title":{"rendered":"Cartas a Nadie. Sobre Lo Que No Pasa"},"content":{"rendered":"\n<figure class=\"wp-block-image alignleft size-large is-resized\"><img decoding=\"async\" width=\"1024\" height=\"683\" data-src=\"https:\/\/pedrocasiano.es\/wp-content\/uploads\/2024\/02\/virus-4937553_1280-1024x683.jpg\" alt=\"\" class=\"wp-image-4166 lazyload\" style=\"--smush-placeholder-width: 1024px; --smush-placeholder-aspect-ratio: 1024\/683;width:439px;height:auto\" src=\"data:image\/svg+xml;base64,PHN2ZyB3aWR0aD0iMSIgaGVpZ2h0PSIxIiB4bWxucz0iaHR0cDovL3d3dy53My5vcmcvMjAwMC9zdmciPjwvc3ZnPg==\" \/><\/figure>\n\n\n\n<p>Quiz\u00e1s la pandemia pase, pero por desgracia nos encontramos en un campo de batalla, no de misiles enormes y complicados, dif\u00edciles de manejar, por el contrario, estamos ante balines de escopeta de aire comprimido, pero que cambian de forma con la facilidad que les da el material del que est\u00e1n compuestos. Hablo del ARN, del \u00e1cido ribonucleico, algunos virus solo tienen este, y es, por ende, el de nuestro covid y similares.<br>El problema son las mutaciones, el ARN es simple, muy simple, cualquier mutaci\u00f3n m\u00ednima en su carga, hace que cambie de una forma importante, y, \u00bfC\u00f3mo es posible esto?<br>F\u00e1cil, si se hubiera detenido el contagio r\u00e1pido, la capacidad de mutaci\u00f3n del virus hubiera sido escasa, pongamos un ejemplo, supongamos que hay 1.000.000 de afectados, existir\u00edan esas posibilidades de que uno de los pat\u00f3genos cambiara, pero con una probabilidad sobre un mill\u00f3n, pero el problema, es que en algunos sitios no se hay podido o no se ha querido parar su contagio, con lo que nos enfrentamos a muchos miles de millones de posibilidades m\u00e1s.<br>Es la l\u00f3gica de la naturaleza, busca y busca, y al final encuentra. \u00bfCu\u00e1l es el fin del virus?, el mismo que el nuestro, crecer y multiplicarse, y cada vez hacerse mejor con el entorno, es decir adecuarse al medio, \u00bfla diferencia?, es que el hombre tiene una posibilidad en miles de a\u00f1os, y el virus sencillo y simple, miles de millones en un segundo.<br>El entorno de nacimiento, el apropiado, masificaci\u00f3n, condiciones higi\u00e9nicas deplorables, alimentaci\u00f3n y trato con animales salvajes, en fin, gloria para el bicho.<br>Adem\u00e1s, no es nuevo, nos hemos enterado de \u00e9l por la planetizaci\u00f3n, por la pandemia, pero, \u00bfpor qu\u00e9 el numero 19?, \u00bfhan surgido otros antes?, \u00bfquiz\u00e1s el SARS?, \u00bfquiz\u00e1s otros?, \u00bfo cientos, o miles m\u00e1s de los que no tenemos conocimiento?, \u00bfo la cepa brit\u00e1nica, o la sudafricana, o la brasile\u00f1a?\u2026 despu\u00e9s, deberemos de ponerles nombres de ciudades, y m\u00e1s tarde de pueblos, agotados estos, de calles, y despu\u00e9s\u2026 no creo que nadie pueda nombrar nada.<br>Ha encontrado el h\u00e1bitat ideal, ataca lo que se defiende contra \u00e9l, si lo vence, se acab\u00f3, no hay nadie que impida nada, e incluso si no lo consigue, le da igual, asintom\u00e1tico y a multiplicarse, que adem\u00e1s lo hace desde el principio del contagio, m\u00e1s especialidades en un elemento simple, tan simple, que creo que se ha adherido al ser humano como si no fuera a desaparecer nunca, pasar\u00e1 como con los malos de las pel\u00edculas, pueden cambiar de nombre, de actividad, de color, pero siempre lo que buscan es lo mismo, y este virus, y sus ni\u00f1os, han venido para quedarse.<br>\u00bfMe equivoco?, espero que s\u00ed, pero hay algo en este cerebro podrido m\u00edo, que me cuenta que no, mala suerte, porque yo, tambi\u00e9n soy humano.<\/p>\n","protected":false},"excerpt":{"rendered":"<p>Quiz\u00e1s la pandemia pase, pero por desgracia nos encontramos en un campo de batalla, no de misiles enormes y complicados, dif\u00edciles de manejar, por el contrario, estamos ante balines de escopeta de aire comprimido, pero que cambian de forma con la facilidad que les da el material del que est\u00e1n compuestos. Hablo del ARN, del &hellip; <\/p>\n<p class=\"link-more\"><a href=\"https:\/\/pedrocasiano.es\/?page_id=4165\" class=\"more-link\">Leer m\u00e1s<span class=\"screen-reader-text\"> \u00abCartas a Nadie. Sobre Lo Que No Pasa\u00bb<\/span><\/a><\/p>\n","protected":false},"author":1,"featured_media":0,"parent":0,"menu_order":0,"comment_status":"closed","ping_status":"closed","template":"","meta":{"inspiro_hide_title":false,"footnotes":""},"class_list":["post-4165","page","type-page","status-publish","hentry"],"featured_media_urls":[],"_links":{"self":[{"href":"https:\/\/pedrocasiano.es\/index.php?rest_route=\/wp\/v2\/pages\/4165","targetHints":{"allow":["GET"]}}],"collection":[{"href":"https:\/\/pedrocasiano.es\/index.php?rest_route=\/wp\/v2\/pages"}],"about":[{"href":"https:\/\/pedrocasiano.es\/index.php?rest_route=\/wp\/v2\/types\/page"}],"author":[{"embeddable":true,"href":"https:\/\/pedrocasiano.es\/index.php?rest_route=\/wp\/v2\/users\/1"}],"replies":[{"embeddable":true,"href":"https:\/\/pedrocasiano.es\/index.php?rest_route=%2Fwp%2Fv2%2Fcomments&post=4165"}],"version-history":[{"count":2,"href":"https:\/\/pedrocasiano.es\/index.php?rest_route=\/wp\/v2\/pages\/4165\/revisions"}],"predecessor-version":[{"id":5471,"href":"https:\/\/pedrocasiano.es\/index.php?rest_route=\/wp\/v2\/pages\/4165\/revisions\/5471"}],"wp:attachment":[{"href":"https:\/\/pedrocasiano.es\/index.php?rest_route=%2Fwp%2Fv2%2Fmedia&parent=4165"}],"curies":[{"name":"wp","href":"https:\/\/api.w.org\/{rel}","templated":true}]}}