{"id":4159,"date":"2024-02-24T08:46:39","date_gmt":"2024-02-24T08:46:39","guid":{"rendered":"https:\/\/pedrocasiano.es\/?page_id=4159"},"modified":"2024-03-01T09:39:48","modified_gmt":"2024-03-01T09:39:48","slug":"cartas-a-nadie-autonomos-o-deficientes-mentales-de-un-pais-imaginario","status":"publish","type":"page","link":"https:\/\/pedrocasiano.es\/?page_id=4159","title":{"rendered":"Cartas a Nadie. \u00bfAut\u00f3nomos o Deficientes Mentales? (De un Pa\u00eds Imaginario)"},"content":{"rendered":"\n<figure class=\"wp-block-image alignleft size-large is-resized\"><img decoding=\"async\" width=\"1024\" height=\"824\" data-src=\"https:\/\/pedrocasiano.es\/wp-content\/uploads\/2024\/02\/ai-generated-8257636_1280-1024x824.jpg\" alt=\"\" class=\"wp-image-4162 lazyload\" style=\"--smush-placeholder-width: 1024px; --smush-placeholder-aspect-ratio: 1024\/824;width:535px;height:auto\" src=\"data:image\/svg+xml;base64,PHN2ZyB3aWR0aD0iMSIgaGVpZ2h0PSIxIiB4bWxucz0iaHR0cDovL3d3dy53My5vcmcvMjAwMC9zdmciPjwvc3ZnPg==\" \/><\/figure>\n\n\n\n<p>Aut\u00f3nomo que cotiza, poca inteligencia tiene, da regalo a un gobierno que lo estafa, que lo ningunea, que bas\u00e1ndose en un sistema Ponzi, le arrebatar\u00e1 lo que ha cotizado, dej\u00e1ndoos, suficiente quiz\u00e1s para el bocadillo de mortadela, pasada de fecha y encajada en pan duro.<br>Eso sin contar con que no enferm\u00e9is; primero, que para daros la bien vendida baja, va a ser complicado, y si adem\u00e1s ten\u00e9is una enfermedad o accidente, pedidle a Dios que sea mortal, en otro caso, os vais a quitar el hambre a hostias, y quiz\u00e1s podr\u00e9is luchar con las ganas del que cre\u00eda en s\u00ed mismo, todo eso, hasta que fund\u00e1is los ahorros, y al final se os quede una cara de gilipollas como la m\u00eda.<br>Si esto fuera acerca del citado e imaginario pa\u00eds de mierda, mil veces tendr\u00eda que no haber estado dado de alta pagando una pasta durante decenios, para que me encuentre ahora, averiado en todos los sentidos, y muerto de hambre; re\u00edros imb\u00e9ciles aut\u00f3nomos (del estado imaginario), pero son m\u00e1s de treinta a\u00f1os para que no te den nada, y cuando las barbas de tu vecino veas cortar, pon tus cojones a remojar, porque yo pagaba, y bien pagado; mejor haber robado, no estar de alta, y generar tanto dinero negro como hubiera podido; por supuesto, nunca ser\u00eda en Espa\u00f1a, hablo de un imaginario pa\u00eds de mierda, no como el nuestro.<br>\u00bfSolidaridad?, una mierda muy grande, maldito pa\u00eds (imaginario) que nos paga as\u00ed a los que hemos creado mil veces la riqueza que en mala justicia nos niegan, como si se tratara de lo que realmente son, una pandilla de estafadores de baja ralea, de trileros que contando con recursos ilimitados, que sacan de nosotros, los usan para destruir lo poco que les queda a aquellos que hemos creado, rompi\u00e9ndonos el cuerpo y el alma, la mayor\u00eda del trabajo para asalariados, los cuales, afortunados, disfrutan de ventajas sociales mucho mejores que las de los que los han contratado, lo cual no es motivo de discordia, sino profunda reflexi\u00f3n, creo, para no crear puestos de trabajo ni con una pistola en el pecho.<br>Nosotros, hijos de la ilusi\u00f3n y de la voluntad, somos peones en manos de un leproso estado (imaginario) que apesta con su inmundicia cualquier cosa que toca, no pagu\u00e9is lo que no os van devolver, por mucho que os prometan, es una estafa piramidal, cuando falten incautos, miseria a repartir, salvo para los que reparten, por supuesto, en el estado imaginario.<br>Si alguien quiere crear puestos de trabajo, que los cree el estado (imaginario), trabajad lo que quer\u00e1is, pero vosotros solos, no deis de alta ni la luz, guardad todo, no cotic\u00e9is nada, pagad impuestos cuando no teng\u00e1is m\u00e1s remedio, creedme, nadie os va a devolver nada. Como es obvio, esto suceder\u00eda en el mismo pa\u00eds de antes, una sociedad dist\u00f3pica, muy diferente, por supuesto, a la id\u00edlica en la que afortunadamente vivimos.<br>Viva nuestros magn\u00edficos gobernantes, larga vida a aquellos que nos cuidan tan bien, que se desviven por nosotros, y que nunca les falten recursos para comprar coca\u2026. Cola.<br>PD. Si os sale un hijo emprendedor, castigadlo duramente, no lo dej\u00e9is caer en una vida en la cual nada bueno le espera, corregidlo, y guiadlo en la direcci\u00f3n apropiada, la del excelso funcionariado.<\/p>\n","protected":false},"excerpt":{"rendered":"<p>Aut\u00f3nomo que cotiza, poca inteligencia tiene, da regalo a un gobierno que lo estafa, que lo ningunea, que bas\u00e1ndose en un sistema Ponzi, le arrebatar\u00e1 lo que ha cotizado, dej\u00e1ndoos, suficiente quiz\u00e1s para el bocadillo de mortadela, pasada de fecha y encajada en pan duro.Eso sin contar con que no enferm\u00e9is; primero, que para daros &hellip; <\/p>\n<p class=\"link-more\"><a href=\"https:\/\/pedrocasiano.es\/?page_id=4159\" class=\"more-link\">Leer m\u00e1s<span class=\"screen-reader-text\"> \u00abCartas a Nadie. \u00bfAut\u00f3nomos o Deficientes Mentales? (De un Pa\u00eds Imaginario)\u00bb<\/span><\/a><\/p>\n","protected":false},"author":1,"featured_media":0,"parent":0,"menu_order":0,"comment_status":"closed","ping_status":"closed","template":"","meta":{"inspiro_hide_title":false,"footnotes":""},"class_list":["post-4159","page","type-page","status-publish","hentry"],"featured_media_urls":[],"_links":{"self":[{"href":"https:\/\/pedrocasiano.es\/index.php?rest_route=\/wp\/v2\/pages\/4159","targetHints":{"allow":["GET"]}}],"collection":[{"href":"https:\/\/pedrocasiano.es\/index.php?rest_route=\/wp\/v2\/pages"}],"about":[{"href":"https:\/\/pedrocasiano.es\/index.php?rest_route=\/wp\/v2\/types\/page"}],"author":[{"embeddable":true,"href":"https:\/\/pedrocasiano.es\/index.php?rest_route=\/wp\/v2\/users\/1"}],"replies":[{"embeddable":true,"href":"https:\/\/pedrocasiano.es\/index.php?rest_route=%2Fwp%2Fv2%2Fcomments&post=4159"}],"version-history":[{"count":2,"href":"https:\/\/pedrocasiano.es\/index.php?rest_route=\/wp\/v2\/pages\/4159\/revisions"}],"predecessor-version":[{"id":5472,"href":"https:\/\/pedrocasiano.es\/index.php?rest_route=\/wp\/v2\/pages\/4159\/revisions\/5472"}],"wp:attachment":[{"href":"https:\/\/pedrocasiano.es\/index.php?rest_route=%2Fwp%2Fv2%2Fmedia&parent=4159"}],"curies":[{"name":"wp","href":"https:\/\/api.w.org\/{rel}","templated":true}]}}