{"id":4155,"date":"2024-02-24T08:41:07","date_gmt":"2024-02-24T08:41:07","guid":{"rendered":"https:\/\/pedrocasiano.es\/?page_id=4155"},"modified":"2024-03-01T09:41:18","modified_gmt":"2024-03-01T09:41:18","slug":"cartas-a-nadie-todo-se-va-a-la-mierda-exactamente","status":"publish","type":"page","link":"https:\/\/pedrocasiano.es\/?page_id=4155","title":{"rendered":"Cartas a Nadie. Todo Se Va A La Mierda. Exactamente"},"content":{"rendered":"\n<figure class=\"wp-block-image alignright size-large is-resized\"><img decoding=\"async\" width=\"1024\" height=\"1024\" data-src=\"https:\/\/pedrocasiano.es\/wp-content\/uploads\/2024\/02\/feline-4652359_1280-1024x1024.jpg\" alt=\"\" class=\"wp-image-4156 lazyload\" style=\"--smush-placeholder-width: 1024px; --smush-placeholder-aspect-ratio: 1024\/1024;width:517px;height:auto\" src=\"data:image\/svg+xml;base64,PHN2ZyB3aWR0aD0iMSIgaGVpZ2h0PSIxIiB4bWxucz0iaHR0cDovL3d3dy53My5vcmcvMjAwMC9zdmciPjwvc3ZnPg==\" \/><\/figure>\n\n\n\n<p>Nos profetizan una \u00e9poca feliz tras la pandemia. \u00bfseguro?, en ese caso, supongo que se levantar\u00e1n los muertos, aquellos que lo han perdido todo lo recuperar\u00e1n en apenas un batir de alas de una m\u00e1gica hada. Realmente, somos gilipollas.<br>\u00bfQui\u00e9n se salva?, \u00bfQui\u00e9n se salvar\u00e1?, los que tienen contactos, dinero o poder, los dem\u00e1s ver\u00e1n como a cada minuto merman sus econom\u00edas, hasta el punto de que, en un momento dado, les ser\u00e1 dif\u00edcil hasta encontrar alimento. \u00bfexagero?, eso espero, pero no pintan bien las cosas.<br>\u00bfQu\u00e9 verdad nos han contado?, a mi pocas, por no asegurar que ninguna.<br>\u201cSE DAR\u00c1N AYUDAS\u201d \u2026 vocean los voceros, y los que no tienen enchufes se preguntan, \u00bfD\u00f3nde est\u00e1n?, pues eso, en el limbo de los estafadores y trileros, hijos de mujeres que venden sus cuerpos por pocos euros, casi gratis.<br>Es la perversi\u00f3n de los fuertes ante los imb\u00e9ciles, porque la debilidad no est\u00e1 en el car\u00e1cter, sino en la esperanza mal fundada, \u00bfQui\u00e9n os va a ayudar, imb\u00e9ciles?, \u00bfel presidente de turno, la pu\u00f1etera Europa, los maravillosos alemanes, quiz\u00e1s los excelsos franceses?, vaya pandilla de cabrones dentro de nuestras fronteras, idiotas, si llega algo, cosa que dudo, llegar\u00e1 a los de siempre, y vuestros hijos, hijos de imb\u00e9ciles, se comer\u00e1n los mocos, que es lo \u00fanico que les quedar\u00e1 a esas miserables cr\u00edas de gente sin car\u00e1cter ni resoluci\u00f3n, que prefieren morir en el limbo que defendiendo sus derechos.<br>\u00bfPandemia?, s\u00ed, pero tambi\u00e9n oportunidad para el latrocinio final, para que los carro\u00f1eros os roben lo poco que ten\u00e9is, est\u00fapidos espec\u00edmenes dominados por la comodidad y el miedo.<br>El que por su gusto lo matan, hasta la muerte le sabe bien. Imb\u00e9ciles, que os aproveche.<\/p>\n","protected":false},"excerpt":{"rendered":"<p>Nos profetizan una \u00e9poca feliz tras la pandemia. \u00bfseguro?, en ese caso, supongo que se levantar\u00e1n los muertos, aquellos que lo han perdido todo lo recuperar\u00e1n en apenas un batir de alas de una m\u00e1gica hada. Realmente, somos gilipollas.\u00bfQui\u00e9n se salva?, \u00bfQui\u00e9n se salvar\u00e1?, los que tienen contactos, dinero o poder, los dem\u00e1s ver\u00e1n como &hellip; <\/p>\n<p class=\"link-more\"><a href=\"https:\/\/pedrocasiano.es\/?page_id=4155\" class=\"more-link\">Leer m\u00e1s<span class=\"screen-reader-text\"> \u00abCartas a Nadie. Todo Se Va A La Mierda. Exactamente\u00bb<\/span><\/a><\/p>\n","protected":false},"author":1,"featured_media":0,"parent":0,"menu_order":0,"comment_status":"closed","ping_status":"closed","template":"","meta":{"inspiro_hide_title":false,"footnotes":""},"class_list":["post-4155","page","type-page","status-publish","hentry"],"featured_media_urls":[],"_links":{"self":[{"href":"https:\/\/pedrocasiano.es\/index.php?rest_route=\/wp\/v2\/pages\/4155","targetHints":{"allow":["GET"]}}],"collection":[{"href":"https:\/\/pedrocasiano.es\/index.php?rest_route=\/wp\/v2\/pages"}],"about":[{"href":"https:\/\/pedrocasiano.es\/index.php?rest_route=\/wp\/v2\/types\/page"}],"author":[{"embeddable":true,"href":"https:\/\/pedrocasiano.es\/index.php?rest_route=\/wp\/v2\/users\/1"}],"replies":[{"embeddable":true,"href":"https:\/\/pedrocasiano.es\/index.php?rest_route=%2Fwp%2Fv2%2Fcomments&post=4155"}],"version-history":[{"count":2,"href":"https:\/\/pedrocasiano.es\/index.php?rest_route=\/wp\/v2\/pages\/4155\/revisions"}],"predecessor-version":[{"id":5473,"href":"https:\/\/pedrocasiano.es\/index.php?rest_route=\/wp\/v2\/pages\/4155\/revisions\/5473"}],"wp:attachment":[{"href":"https:\/\/pedrocasiano.es\/index.php?rest_route=%2Fwp%2Fv2%2Fmedia&parent=4155"}],"curies":[{"name":"wp","href":"https:\/\/api.w.org\/{rel}","templated":true}]}}