{"id":4151,"date":"2024-02-24T08:35:15","date_gmt":"2024-02-24T08:35:15","guid":{"rendered":"https:\/\/pedrocasiano.es\/?page_id=4151"},"modified":"2024-03-01T09:42:02","modified_gmt":"2024-03-01T09:42:02","slug":"cartas-a-nadie-version-la-que-te-de-la-gana","status":"publish","type":"page","link":"https:\/\/pedrocasiano.es\/?page_id=4151","title":{"rendered":"Cartas A Nadie. Versi\u00f3n\u2026 La Que Te D\u00e9 La Gana"},"content":{"rendered":"\n<figure class=\"wp-block-image alignleft size-large is-resized\"><img decoding=\"async\" width=\"1024\" height=\"853\" data-src=\"https:\/\/pedrocasiano.es\/wp-content\/uploads\/2024\/02\/warrior-8429931_1280-1024x853.jpg\" alt=\"\" class=\"wp-image-4152 lazyload\" style=\"--smush-placeholder-width: 1024px; --smush-placeholder-aspect-ratio: 1024\/853;width:475px;height:auto\" src=\"data:image\/svg+xml;base64,PHN2ZyB3aWR0aD0iMSIgaGVpZ2h0PSIxIiB4bWxucz0iaHR0cDovL3d3dy53My5vcmcvMjAwMC9zdmciPjwvc3ZnPg==\" \/><\/figure>\n\n\n\n<p>Hace ya un tiempo, comenc\u00e9 una serie de escritos en los que con el t\u00edtulo at supra, intentaba de una forma m\u00e1s o menos coloquial comentar lo que suced\u00eda a mi alrededor.<br>L\u00f3gicamente, y como era de esperar, tuvo el mismo eco que el vaso de un chupito, lo cual no es ingrato para alguien que no escribe para los dem\u00e1s, sino para s\u00ed mismo y para evitar que la reina Paranoia, se adue\u00f1e totalmente de su mente, y por ende de mi persona, que es el conjunto de cuerpo y mente, o eso creo.<br>Dicho esto, y como estoy de una mala leche que crujo como las magdalenas reci\u00e9n hechas, retomo la secci\u00f3n, esta vez, sin cortarme, para el caso que me hacen, es inane preocuparse de algo m\u00e1s, as\u00ed que visto lo visto de esta sociedad de la que me repugna formar parte, la voy a poner a caldo, dentro de las limitaciones de un ser de menos luces que una pel\u00edcula de terror.<br>Sea pues por arrebato, por hinchaz\u00f3n de cojones, por estar cansado de aguantar lo que veo que nadie percibe, supongo que estoy como una moto, voy a rajar lo que me salga de mis entendederas, el que no quiera leer, que lo obvie, el que se sienta aludido, que se joda, que posiblemente sea porque algo de raz\u00f3n hay en el negro sobre blanco, y, adem\u00e1s, francamente, me suda los g\u00fcitos.<br>De momento ya ha cumplido la primera de las funciones, que a gusto me he quedado, hostia, que parece que me he tomado dos tranxilium; as\u00ed, que aun sin prescripci\u00f3n m\u00e9dica continuar\u00e9 escribiendo, a pesar de que no se pueden orde\u00f1ar, lo que me salga de los test\u00edculos.<br>PD. Acepto fatal las cr\u00edticas, as\u00ed que si haces alguna, que no te extra\u00f1e que te bloquee por cualquier medio que est\u00e9 en mis manos.<\/p>\n","protected":false},"excerpt":{"rendered":"<p>Hace ya un tiempo, comenc\u00e9 una serie de escritos en los que con el t\u00edtulo at supra, intentaba de una forma m\u00e1s o menos coloquial comentar lo que suced\u00eda a mi alrededor.L\u00f3gicamente, y como era de esperar, tuvo el mismo eco que el vaso de un chupito, lo cual no es ingrato para alguien que &hellip; <\/p>\n<p class=\"link-more\"><a href=\"https:\/\/pedrocasiano.es\/?page_id=4151\" class=\"more-link\">Leer m\u00e1s<span class=\"screen-reader-text\"> \u00abCartas A Nadie. Versi\u00f3n\u2026 La Que Te D\u00e9 La Gana\u00bb<\/span><\/a><\/p>\n","protected":false},"author":1,"featured_media":0,"parent":0,"menu_order":0,"comment_status":"closed","ping_status":"closed","template":"","meta":{"inspiro_hide_title":false,"footnotes":""},"class_list":["post-4151","page","type-page","status-publish","hentry"],"featured_media_urls":[],"_links":{"self":[{"href":"https:\/\/pedrocasiano.es\/index.php?rest_route=\/wp\/v2\/pages\/4151","targetHints":{"allow":["GET"]}}],"collection":[{"href":"https:\/\/pedrocasiano.es\/index.php?rest_route=\/wp\/v2\/pages"}],"about":[{"href":"https:\/\/pedrocasiano.es\/index.php?rest_route=\/wp\/v2\/types\/page"}],"author":[{"embeddable":true,"href":"https:\/\/pedrocasiano.es\/index.php?rest_route=\/wp\/v2\/users\/1"}],"replies":[{"embeddable":true,"href":"https:\/\/pedrocasiano.es\/index.php?rest_route=%2Fwp%2Fv2%2Fcomments&post=4151"}],"version-history":[{"count":2,"href":"https:\/\/pedrocasiano.es\/index.php?rest_route=\/wp\/v2\/pages\/4151\/revisions"}],"predecessor-version":[{"id":5474,"href":"https:\/\/pedrocasiano.es\/index.php?rest_route=\/wp\/v2\/pages\/4151\/revisions\/5474"}],"wp:attachment":[{"href":"https:\/\/pedrocasiano.es\/index.php?rest_route=%2Fwp%2Fv2%2Fmedia&parent=4151"}],"curies":[{"name":"wp","href":"https:\/\/api.w.org\/{rel}","templated":true}]}}