{"id":4148,"date":"2024-02-24T08:33:00","date_gmt":"2024-02-24T08:33:00","guid":{"rendered":"https:\/\/pedrocasiano.es\/?page_id=4148"},"modified":"2024-03-08T17:25:27","modified_gmt":"2024-03-08T17:25:27","slug":"cartas-desesperadas-a-nadie","status":"publish","type":"page","link":"https:\/\/pedrocasiano.es\/?page_id=4148","title":{"rendered":"Cartas Desesperadas a Nadie"},"content":{"rendered":"\n<figure class=\"wp-block-image alignleft size-large is-resized\"><img decoding=\"async\" width=\"1024\" height=\"614\" data-src=\"https:\/\/pedrocasiano.es\/wp-content\/uploads\/2024\/02\/ai-generated-8544736_1280-1024x614.jpg\" alt=\"\" class=\"wp-image-4149 lazyload\" style=\"--smush-placeholder-width: 1024px; --smush-placeholder-aspect-ratio: 1024\/614;width:476px;height:auto\" src=\"data:image\/svg+xml;base64,PHN2ZyB3aWR0aD0iMSIgaGVpZ2h0PSIxIiB4bWxucz0iaHR0cDovL3d3dy53My5vcmcvMjAwMC9zdmciPjwvc3ZnPg==\" \/><\/figure>\n\n\n\n<p>Como estoy regular de la cabeza, me permito, \u00bfQui\u00e9n me lo va a impedir?, iniciar una serie de opiniones, en la esperanza, de que, como todas, sean ignoradas por aquellos que podr\u00edan tener el poder para evitar las situaciones que sufro, veo, o padezco, como el resto de mis cong\u00e9neres en el sufrimiento, l\u00e9ase espa\u00f1oles, esa especie lista a desaparecer, v\u00edctima de una imbecilidad digna de subir a los altares.<br>\u00bfPor qu\u00e9 esto?<br>Buena pregunta onanista, pues a nadie le interesa, pero a pesar de todo y de todos, escribo sobre la falta de cerebro, voluntad y estupidez de nosotros, los espa\u00f1oles, los de mi tierra, los de mi planeta, a fin de cuentas, todos.<br>Somos una pandilla de borregos, que, viendo la puerta al matadero, nos preguntamos con una est\u00fapida sonrisa, \u00bfQu\u00e9 de bueno habr\u00e1 tras de ella?, pues a partir de ah\u00ed, m\u00e1s bien al atravesarla, pensamos hallar lo que nos han prometido, la gloria, sin saber que es a filo de cuchillo de carnicero, por dem\u00e1s cortante como el alma del diablo.<br>Sabedor de que pasar\u00e1 inadvertida como todo lo que escribo, no por ello me rindo, pues soy empecinado hasta l\u00edmites insanos, cualquiera que me conozca puede afirmarlo sin ning\u00fan tipo de reserva.<br>Todo lo aqu\u00ed escrito, seguro que ser\u00e1 equivocado, de poca raz\u00f3n o desestimado por falta de argumentos de peso; pero no por ello, voy a cejar en mi empe\u00f1o, esperando a que alguien en alg\u00fan lugar equivocado, lea esto, y por una cent\u00e9sima de segundo, piense en lo que escribo, y saque alguna conclusi\u00f3n, cuesti\u00f3n extra\u00f1a, pues compito con los alienadores extremos de Youtube, Twiter, y mil palabros m\u00e1s, que por ser de nombre ingl\u00e9s son m\u00e1s acertados que cualquiera de los enunciados en la lengua de Cervantes.<br>Me he propuesto que ninguna de mis opiniones sea de m\u00e1s extensi\u00f3n que la de un folio, limitaci\u00f3n que, seguro que romper\u00e9 en m\u00e1s de una ocasi\u00f3n, pues para eso son los l\u00edmites, para saltarlos de vez en cuando, o como yo, convertir esto en la norma.<br>Por supuesto s\u00e9 que muchas de mis opiniones son o ser\u00e1n motivo de preocupaci\u00f3n por parte de aquellos que me conocen de manera superficial, pues los que realmente si saben de m\u00ed, estar\u00e1n al corriente, que, de harto, no soy persona de consensuar y entender, sino m\u00e1s bien, bestia a la que dejar con su opini\u00f3n, pues no me bajar\u00e9 del burro, y por supuesto no soy conformista en cuanto a mi pensamiento, de tal manera que provocar\u00e9 m\u00e1s mala gana que buena.<br>Basta de perorata, que tiene menos sustancia que el hueso de una aceituna, dejemos que el tiempo rellene los huecos, as\u00ed sabr\u00e9, sabremos, si ser\u00e9 capaz de continuar mi solitario camino, o de aburrirme de no conseguir nada, y dejar esta como primera de las pocas o ningunas opiniones expuestas. \u00bfQu\u00e9 ser\u00e1\u2026?<br>A Veinticinco de Octubre de Dos Mil Veinte.<\/p>\n","protected":false},"excerpt":{"rendered":"<p>Como estoy regular de la cabeza, me permito, \u00bfQui\u00e9n me lo va a impedir?, iniciar una serie de opiniones, en la esperanza, de que, como todas, sean ignoradas por aquellos que podr\u00edan tener el poder para evitar las situaciones que sufro, veo, o padezco, como el resto de mis cong\u00e9neres en el sufrimiento, l\u00e9ase espa\u00f1oles, &hellip; <\/p>\n<p class=\"link-more\"><a href=\"https:\/\/pedrocasiano.es\/?page_id=4148\" class=\"more-link\">Leer m\u00e1s<span class=\"screen-reader-text\"> \u00abCartas Desesperadas a Nadie\u00bb<\/span><\/a><\/p>\n","protected":false},"author":1,"featured_media":0,"parent":0,"menu_order":0,"comment_status":"closed","ping_status":"closed","template":"","meta":{"inspiro_hide_title":false,"footnotes":""},"class_list":["post-4148","page","type-page","status-publish","hentry"],"featured_media_urls":[],"_links":{"self":[{"href":"https:\/\/pedrocasiano.es\/index.php?rest_route=\/wp\/v2\/pages\/4148","targetHints":{"allow":["GET"]}}],"collection":[{"href":"https:\/\/pedrocasiano.es\/index.php?rest_route=\/wp\/v2\/pages"}],"about":[{"href":"https:\/\/pedrocasiano.es\/index.php?rest_route=\/wp\/v2\/types\/page"}],"author":[{"embeddable":true,"href":"https:\/\/pedrocasiano.es\/index.php?rest_route=\/wp\/v2\/users\/1"}],"replies":[{"embeddable":true,"href":"https:\/\/pedrocasiano.es\/index.php?rest_route=%2Fwp%2Fv2%2Fcomments&post=4148"}],"version-history":[{"count":2,"href":"https:\/\/pedrocasiano.es\/index.php?rest_route=\/wp\/v2\/pages\/4148\/revisions"}],"predecessor-version":[{"id":5780,"href":"https:\/\/pedrocasiano.es\/index.php?rest_route=\/wp\/v2\/pages\/4148\/revisions\/5780"}],"wp:attachment":[{"href":"https:\/\/pedrocasiano.es\/index.php?rest_route=%2Fwp%2Fv2%2Fmedia&parent=4148"}],"curies":[{"name":"wp","href":"https:\/\/api.w.org\/{rel}","templated":true}]}}