{"id":4144,"date":"2024-02-24T08:30:11","date_gmt":"2024-02-24T08:30:11","guid":{"rendered":"https:\/\/pedrocasiano.es\/?page_id=4144"},"modified":"2024-03-01T09:43:03","modified_gmt":"2024-03-01T09:43:03","slug":"algunos-me-preguntan","status":"publish","type":"page","link":"https:\/\/pedrocasiano.es\/?page_id=4144","title":{"rendered":"Algunos Me Preguntan"},"content":{"rendered":"\n<figure class=\"wp-block-image alignleft size-large is-resized\"><img decoding=\"async\" width=\"1024\" height=\"853\" data-src=\"https:\/\/pedrocasiano.es\/wp-content\/uploads\/2024\/02\/water-1511890_1280-1024x853.jpg\" alt=\"\" class=\"wp-image-4145 lazyload\" style=\"--smush-placeholder-width: 1024px; --smush-placeholder-aspect-ratio: 1024\/853;width:470px;height:auto\" src=\"data:image\/svg+xml;base64,PHN2ZyB3aWR0aD0iMSIgaGVpZ2h0PSIxIiB4bWxucz0iaHR0cDovL3d3dy53My5vcmcvMjAwMC9zdmciPjwvc3ZnPg==\" \/><\/figure>\n\n\n\n<p>Algunos me preguntan, yo mismo lo hago, \u00bfQu\u00e9 es C\u00f3rdoba?, la respuesta que parece tan f\u00e1cil, solamente con ir a Wikipedia se responde en una concepci\u00f3n utilitarista.<br>\u201cC\u00f3rdoba es una ciudad y municipio espa\u00f1ol en Andaluc\u00eda, capital de la provincia hom\u00f3nima, situada en una depresi\u00f3n a orillas del Guadalquivir y al pie de Sierra Morena.<br>Con 325.916 habitantes en 2018, es la tercera ciudad m\u00e1s grande y poblada de Andaluc\u00eda tras Sevilla y M\u00e1laga, y la 12\u00aa de Espa\u00f1a. Su \u00e1rea metropolitana comprende ocho municipios, con una poblaci\u00f3n de 363.326 habitantes, la 23\u00aa m\u00e1s poblada de Espa\u00f1a.\u200b Hoy es una ciudad de tama\u00f1o medio, en cuyo casco antiguo a\u00fan podemos contemplar edificaciones con elementos arquitect\u00f3nicos de cuando C\u00f3rdoba fue la capital de la Hispania Ulterior en tiempos de la Rep\u00fablica romana, o de la provincia B\u00e9tica durante el Imperio romano y del Califato de C\u00f3rdoba durante la \u00e9poca musulmana, cuyos dirigentes gobernaron gran parte de la pen\u00ednsula ib\u00e9rica. C\u00f3rdoba habr\u00eda sido a finales del primer milenio la ciudad m\u00e1s grande, culta y opulenta de todo el mundo.\u201d<br>Bien, eso es C\u00f3rdoba, \u00bfo no?, desde fuera, m\u00e1s all\u00e1 de los picos de Trasierra, allende de Almod\u00f3var el cerro redondo, si, esa es C\u00f3rdoba, pero quiz\u00e1s, no s\u00e9 porque, o quiz\u00e1s lo sepa, lo que proclama Wikipedia, no es suficiente\u2026 ni much\u00edsimo menos.<br>Nac\u00ed aqu\u00ed, me crie en mil mundos, desconocidos, distantes y extra\u00f1os, y al final, a la postre, nada es lo que cuenta Wikipedia, en C\u00f3rdoba menos, si se me permite, sino\u2026 tambi\u00e9n.<br>Los atardeceres en el rio grande\u2026 busqu\u00e9 en internet, y nada aparec\u00eda, \u00bfQu\u00e9 extra\u00f1o, pens\u00e9?, pero bien vale, un fallo no es nada, en tan magno af\u00e1n como el de compilar la cultura humana.<br>Busqu\u00e9 \u201cel olor de las flores en primavera en la juder\u00eda\u201d, nada, incid\u00ed m\u00e1s \u201cen el Alc\u00e1zar\u201d, tampoco, pens\u00e9 que quiz\u00e1s no hacia bien las preguntas, repet\u00ed, \u201ccolor de la Feria de Mayo en C\u00f3rdoba\u201d, tampoco, algo fallaba.<br>Y como si fuera un rel\u00e1mpago, algo que quiz\u00e1s no sea, sino algo producto de mi mente, me vino a ella, \u00bfy si no se pudiera describir lo que es ninguna ciudad del mundo, mucho menos C\u00f3rdoba?<br>Pens\u00e9 en los paseos en las tardes de primavera con los amigos, sentados en las viejas piedras del Arqueol\u00f3gico, de los olores que irrumpen como un frenes\u00ed, cuando los naranjos cansados de guardar su bello misterio, inundan todo con su olor, y el color del azahar pone blanco el suelo, \u00bfC\u00f3mo describir eso?, dif\u00edcil, \u00bfy una tarde, cuando el sol se oculta, en los arcos del Patio de los Naranjos cuando el sol se marcha derrotado por la belleza de la sultana, de la Mezquita mora, que no cristiana, o quiz\u00e1s cristiana que no mora?<br>\u00bfQui\u00e9n no ha o\u00eddo el ta\u00f1er de sus campanas, o el sonido extra\u00f1o, casi en un sue\u00f1o, del almuec\u00edn llamando al rezo?, \u00bfy la calleja del Pa\u00f1uelo, y esas murallas, romanas, andalus\u00edes, visigodas, de Almohades, de Almor\u00e1vides, de recios caballeros cristianos, de tropas al asalto de la Perla de Occidente?<br>\u00bfC\u00f3mo explicar el rumor, como el de una caracola lejos del mar, que nos habla del collar de la paloma, de un epitafio de un S\u00e9neca, que pudo huir de la muerte y no lo hizo, de obispos, de te\u00f3logos, de alfaqu\u00edes, de ulemas?, aqu\u00ed, donde se\u00f1al\u00f3 el horizonte el \u201cSen\u0101tus Populusque R\u014dm\u0101nus\u201d, la ense\u00f1a de los Benimerines, de los Zenetas, de Sirios, de Abderram\u00e1n I, nuestra bandera, de la orden de Calatrava, de los se\u00f1ores de Priego, del Gran Capit\u00e1n, de conquistas allende de los mares, de morir contra los gabachos, de vivir a pesar de todo, de sobrevivir al hambre, a la peste, a mil desgracias, y seguir, de marchar lejos y no volver, y llevar marcado en el coraz\u00f3n esta C\u00f3rdoba, que se mete en la sangre como la droga m\u00e1s poderosa.<br>\u00bfC\u00f3mo explicar eso en Wikipedia?, \u00bfC\u00f3mo explicarlo?<\/p>\n","protected":false},"excerpt":{"rendered":"<p>Algunos me preguntan, yo mismo lo hago, \u00bfQu\u00e9 es C\u00f3rdoba?, la respuesta que parece tan f\u00e1cil, solamente con ir a Wikipedia se responde en una concepci\u00f3n utilitarista.\u201cC\u00f3rdoba es una ciudad y municipio espa\u00f1ol en Andaluc\u00eda, capital de la provincia hom\u00f3nima, situada en una depresi\u00f3n a orillas del Guadalquivir y al pie de Sierra Morena.Con 325.916 &hellip; <\/p>\n<p class=\"link-more\"><a href=\"https:\/\/pedrocasiano.es\/?page_id=4144\" class=\"more-link\">Leer m\u00e1s<span class=\"screen-reader-text\"> \u00abAlgunos Me Preguntan\u00bb<\/span><\/a><\/p>\n","protected":false},"author":1,"featured_media":0,"parent":0,"menu_order":0,"comment_status":"closed","ping_status":"closed","template":"","meta":{"inspiro_hide_title":false,"footnotes":""},"class_list":["post-4144","page","type-page","status-publish","hentry"],"featured_media_urls":[],"_links":{"self":[{"href":"https:\/\/pedrocasiano.es\/index.php?rest_route=\/wp\/v2\/pages\/4144","targetHints":{"allow":["GET"]}}],"collection":[{"href":"https:\/\/pedrocasiano.es\/index.php?rest_route=\/wp\/v2\/pages"}],"about":[{"href":"https:\/\/pedrocasiano.es\/index.php?rest_route=\/wp\/v2\/types\/page"}],"author":[{"embeddable":true,"href":"https:\/\/pedrocasiano.es\/index.php?rest_route=\/wp\/v2\/users\/1"}],"replies":[{"embeddable":true,"href":"https:\/\/pedrocasiano.es\/index.php?rest_route=%2Fwp%2Fv2%2Fcomments&post=4144"}],"version-history":[{"count":2,"href":"https:\/\/pedrocasiano.es\/index.php?rest_route=\/wp\/v2\/pages\/4144\/revisions"}],"predecessor-version":[{"id":5475,"href":"https:\/\/pedrocasiano.es\/index.php?rest_route=\/wp\/v2\/pages\/4144\/revisions\/5475"}],"wp:attachment":[{"href":"https:\/\/pedrocasiano.es\/index.php?rest_route=%2Fwp%2Fv2%2Fmedia&parent=4144"}],"curies":[{"name":"wp","href":"https:\/\/api.w.org\/{rel}","templated":true}]}}