{"id":4130,"date":"2024-02-24T08:00:27","date_gmt":"2024-02-24T08:00:27","guid":{"rendered":"https:\/\/pedrocasiano.es\/?page_id=4130"},"modified":"2024-09-23T09:03:48","modified_gmt":"2024-09-23T09:03:48","slug":"cuando-alguien-amado-muere","status":"publish","type":"page","link":"https:\/\/pedrocasiano.es\/?page_id=4130","title":{"rendered":"Cuando Alguien Amado Muere"},"content":{"rendered":"\n<div class=\"wp-block-media-text is-stacked-on-mobile is-vertically-aligned-top\"><figure class=\"wp-block-media-text__media\"><img decoding=\"async\" width=\"1024\" height=\"876\" data-src=\"https:\/\/pedrocasiano.es\/wp-content\/uploads\/2024\/02\/ai-generated-8183499_1280-1024x876.jpg\" alt=\"\" class=\"wp-image-4131 size-full lazyload\" src=\"data:image\/svg+xml;base64,PHN2ZyB3aWR0aD0iMSIgaGVpZ2h0PSIxIiB4bWxucz0iaHR0cDovL3d3dy53My5vcmcvMjAwMC9zdmciPjwvc3ZnPg==\" style=\"--smush-placeholder-width: 1024px; --smush-placeholder-aspect-ratio: 1024\/876;\" \/><\/figure><div class=\"wp-block-media-text__content\">\n<p>Cuando alguien amado muere<br>Un mundo infinito desparece<br>Con \u00e9l se marcha<br>La belleza de los prados verdes de la juventud<br>El amarillo de su trigo maduro<br>El malva de la ca\u00edda del d\u00eda<br>E incluso la parca luz de la noche.<\/p>\n<\/div><\/div>\n\n\n\n<p><\/p>\n","protected":false},"excerpt":{"rendered":"<p>Cuando alguien amado muereUn mundo infinito despareceCon \u00e9l se marchaLa belleza de los prados verdes de la juventudEl amarillo de su trigo maduroEl malva de la ca\u00edda del d\u00edaE incluso la parca luz de la noche.<\/p>\n","protected":false},"author":1,"featured_media":0,"parent":0,"menu_order":0,"comment_status":"closed","ping_status":"closed","template":"","meta":{"inspiro_hide_title":false,"footnotes":""},"class_list":["post-4130","page","type-page","status-publish","hentry"],"featured_media_urls":[],"_links":{"self":[{"href":"https:\/\/pedrocasiano.es\/index.php?rest_route=\/wp\/v2\/pages\/4130","targetHints":{"allow":["GET"]}}],"collection":[{"href":"https:\/\/pedrocasiano.es\/index.php?rest_route=\/wp\/v2\/pages"}],"about":[{"href":"https:\/\/pedrocasiano.es\/index.php?rest_route=\/wp\/v2\/types\/page"}],"author":[{"embeddable":true,"href":"https:\/\/pedrocasiano.es\/index.php?rest_route=\/wp\/v2\/users\/1"}],"replies":[{"embeddable":true,"href":"https:\/\/pedrocasiano.es\/index.php?rest_route=%2Fwp%2Fv2%2Fcomments&post=4130"}],"version-history":[{"count":3,"href":"https:\/\/pedrocasiano.es\/index.php?rest_route=\/wp\/v2\/pages\/4130\/revisions"}],"predecessor-version":[{"id":11039,"href":"https:\/\/pedrocasiano.es\/index.php?rest_route=\/wp\/v2\/pages\/4130\/revisions\/11039"}],"wp:attachment":[{"href":"https:\/\/pedrocasiano.es\/index.php?rest_route=%2Fwp%2Fv2%2Fmedia&parent=4130"}],"curies":[{"name":"wp","href":"https:\/\/api.w.org\/{rel}","templated":true}]}}