{"id":4124,"date":"2024-02-24T07:55:16","date_gmt":"2024-02-24T07:55:16","guid":{"rendered":"https:\/\/pedrocasiano.es\/?page_id=4124"},"modified":"2024-02-24T07:55:17","modified_gmt":"2024-02-24T07:55:17","slug":"me-dicen-que-no-me-acerque-a-ti","status":"publish","type":"page","link":"https:\/\/pedrocasiano.es\/?page_id=4124","title":{"rendered":"Me Dicen que no me Acerque a Ti"},"content":{"rendered":"\n<div class=\"wp-block-media-text is-stacked-on-mobile is-vertically-aligned-top\"><figure class=\"wp-block-media-text__media\"><img decoding=\"async\" width=\"1024\" height=\"1024\" data-src=\"https:\/\/pedrocasiano.es\/wp-content\/uploads\/2024\/02\/ai-generated-8577957_1280-1024x1024.jpg\" alt=\"\" class=\"wp-image-4125 size-full lazyload\" data-srcset=\"https:\/\/pedrocasiano.es\/wp-content\/uploads\/2024\/02\/ai-generated-8577957_1280-1024x1024.jpg 1024w, https:\/\/pedrocasiano.es\/wp-content\/uploads\/2024\/02\/ai-generated-8577957_1280-300x300.jpg 300w, https:\/\/pedrocasiano.es\/wp-content\/uploads\/2024\/02\/ai-generated-8577957_1280-150x150.jpg 150w, https:\/\/pedrocasiano.es\/wp-content\/uploads\/2024\/02\/ai-generated-8577957_1280.jpg 1280w\" data-sizes=\"(max-width: 1024px) 100vw, 1024px\" src=\"data:image\/svg+xml;base64,PHN2ZyB3aWR0aD0iMSIgaGVpZ2h0PSIxIiB4bWxucz0iaHR0cDovL3d3dy53My5vcmcvMjAwMC9zdmciPjwvc3ZnPg==\" style=\"--smush-placeholder-width: 1024px; --smush-placeholder-aspect-ratio: 1024\/1024;\" \/><\/figure><div class=\"wp-block-media-text__content\">\n<p>Me dicen que no me acerque a ti<br>Y misteriosamente, sin saber por que<br>Me atraes<br>Me mandan que no te siga<br>Y simplemente te veo y mis pasos me llevan a ti<br>Me hechizas<br>Me ordenan que no est\u00e9 a tu lado<br>Y m\u00e1gicamente, siempre extiendo el brazo y te toco<br>Me elevas a cielo<br>Me ruegan que no bese tu boca<br>Y tus labios son la trampa perfecta en la que caigo<br>Y all\u00ed mora el cielo<br>Lloran implor\u00e1ndome que no yazca en tu lecho<br>Y sin embargo no de all\u00ed no salgo, hechizado de tu cuerpo<br>Y all\u00ed la felicidad manda<br>Nadie dice nada<br>Nadie ordena nada<br>Nadie ruega nada<br>Nadie llora<br>Tu eres yo<br>Yo soy tu<br>Y bajo el cielo<br>Tu amor<br>Mi amor<br>Nada mas<br>Nadie es nadie<br>El amor, nuestro amor, ocupa el lugar de nadie.<\/p>\n<\/div><\/div>\n","protected":false},"excerpt":{"rendered":"<p>Me dicen que no me acerque a tiY misteriosamente, sin saber por queMe atraesMe mandan que no te sigaY simplemente te veo y mis pasos me llevan a tiMe hechizasMe ordenan que no est\u00e9 a tu ladoY m\u00e1gicamente, siempre extiendo el brazo y te tocoMe elevas a cieloMe ruegan que no bese tu bocaY tus &hellip; <\/p>\n<p class=\"link-more\"><a href=\"https:\/\/pedrocasiano.es\/?page_id=4124\" class=\"more-link\">Leer m\u00e1s<span class=\"screen-reader-text\"> \u00abMe Dicen que no me Acerque a Ti\u00bb<\/span><\/a><\/p>\n","protected":false},"author":1,"featured_media":0,"parent":0,"menu_order":0,"comment_status":"closed","ping_status":"closed","template":"","meta":{"inspiro_hide_title":false,"footnotes":""},"class_list":["post-4124","page","type-page","status-publish","hentry"],"featured_media_urls":[],"_links":{"self":[{"href":"https:\/\/pedrocasiano.es\/index.php?rest_route=\/wp\/v2\/pages\/4124","targetHints":{"allow":["GET"]}}],"collection":[{"href":"https:\/\/pedrocasiano.es\/index.php?rest_route=\/wp\/v2\/pages"}],"about":[{"href":"https:\/\/pedrocasiano.es\/index.php?rest_route=\/wp\/v2\/types\/page"}],"author":[{"embeddable":true,"href":"https:\/\/pedrocasiano.es\/index.php?rest_route=\/wp\/v2\/users\/1"}],"replies":[{"embeddable":true,"href":"https:\/\/pedrocasiano.es\/index.php?rest_route=%2Fwp%2Fv2%2Fcomments&post=4124"}],"version-history":[{"count":2,"href":"https:\/\/pedrocasiano.es\/index.php?rest_route=\/wp\/v2\/pages\/4124\/revisions"}],"predecessor-version":[{"id":10556,"href":"https:\/\/pedrocasiano.es\/index.php?rest_route=\/wp\/v2\/pages\/4124\/revisions\/10556"}],"wp:attachment":[{"href":"https:\/\/pedrocasiano.es\/index.php?rest_route=%2Fwp%2Fv2%2Fmedia&parent=4124"}],"curies":[{"name":"wp","href":"https:\/\/api.w.org\/{rel}","templated":true}]}}