{"id":4118,"date":"2024-02-24T07:47:18","date_gmt":"2024-02-24T07:47:18","guid":{"rendered":"https:\/\/pedrocasiano.es\/?page_id=4118"},"modified":"2024-02-24T07:47:19","modified_gmt":"2024-02-24T07:47:19","slug":"cansado-ahito-de-vida","status":"publish","type":"page","link":"https:\/\/pedrocasiano.es\/?page_id=4118","title":{"rendered":"Cansado, Ah\u00edto de Vida"},"content":{"rendered":"\n<div class=\"wp-block-media-text is-stacked-on-mobile is-vertically-aligned-top\"><figure class=\"wp-block-media-text__media\"><img decoding=\"async\" width=\"1024\" height=\"720\" data-src=\"https:\/\/pedrocasiano.es\/wp-content\/uploads\/2024\/02\/abyss-2036211_1280-1024x720.jpg\" alt=\"\" class=\"wp-image-4119 size-full lazyload\" src=\"data:image\/svg+xml;base64,PHN2ZyB3aWR0aD0iMSIgaGVpZ2h0PSIxIiB4bWxucz0iaHR0cDovL3d3dy53My5vcmcvMjAwMC9zdmciPjwvc3ZnPg==\" style=\"--smush-placeholder-width: 1024px; --smush-placeholder-aspect-ratio: 1024\/720;\" \/><\/figure><div class=\"wp-block-media-text__content\">\n<p>Cansado, ah\u00edto de vida<br>Termina el viaje<br>Mis piernas cansadas<br>No sostienen mi equipaje<br>Me marcho<br>Como si no hubiera estado<br>Dejando en tu recuerdo<br>Solo en el<br>Mi presencia<br>En los dem\u00e1s\u2026<br>El olvido<br>El b\u00e1lsamo de la memoria perdida<br>De no haber existido<br>Y te pido, te ruego<br>Que cuando el sol acaricie tu cara<br>Pienses que soy yo el que te calienta<br>Que cuando el aire roce tu esplendida figura<br>Pienses que te abrazo<br>Que en la arena donde te sientes<br>Es mi cuerpo que sostiene el tuyo<br>Y cuando en mar te abrace<br>Son mis brazos<br>Mi cuerpo entero<br>El que te rodea<br>Estrech\u00e1ndote con ese amor<br>Que olvidar no quiero<br>Y cuando esto suceda<br>Un segundo despu\u00e9s<br>Quiz\u00e1s menos<br>Olvides lo sentido<br>Y que mires el horizonte<br>Como si nada<br>Solo eso<br>Hubiera sucedido.<\/p>\n<\/div><\/div>\n","protected":false},"excerpt":{"rendered":"<p>Cansado, ah\u00edto de vidaTermina el viajeMis piernas cansadasNo sostienen mi equipajeMe marchoComo si no hubiera estadoDejando en tu recuerdoSolo en elMi presenciaEn los dem\u00e1s\u2026El olvidoEl b\u00e1lsamo de la memoria perdidaDe no haber existidoY te pido, te ruegoQue cuando el sol acaricie tu caraPienses que soy yo el que te calientaQue cuando el aire roce tu &hellip; <\/p>\n<p class=\"link-more\"><a href=\"https:\/\/pedrocasiano.es\/?page_id=4118\" class=\"more-link\">Leer m\u00e1s<span class=\"screen-reader-text\"> \u00abCansado, Ah\u00edto de Vida\u00bb<\/span><\/a><\/p>\n","protected":false},"author":1,"featured_media":0,"parent":0,"menu_order":0,"comment_status":"closed","ping_status":"closed","template":"","meta":{"inspiro_hide_title":false,"footnotes":""},"class_list":["post-4118","page","type-page","status-publish","hentry"],"featured_media_urls":[],"_links":{"self":[{"href":"https:\/\/pedrocasiano.es\/index.php?rest_route=\/wp\/v2\/pages\/4118","targetHints":{"allow":["GET"]}}],"collection":[{"href":"https:\/\/pedrocasiano.es\/index.php?rest_route=\/wp\/v2\/pages"}],"about":[{"href":"https:\/\/pedrocasiano.es\/index.php?rest_route=\/wp\/v2\/types\/page"}],"author":[{"embeddable":true,"href":"https:\/\/pedrocasiano.es\/index.php?rest_route=\/wp\/v2\/users\/1"}],"replies":[{"embeddable":true,"href":"https:\/\/pedrocasiano.es\/index.php?rest_route=%2Fwp%2Fv2%2Fcomments&post=4118"}],"version-history":[{"count":2,"href":"https:\/\/pedrocasiano.es\/index.php?rest_route=\/wp\/v2\/pages\/4118\/revisions"}],"predecessor-version":[{"id":10241,"href":"https:\/\/pedrocasiano.es\/index.php?rest_route=\/wp\/v2\/pages\/4118\/revisions\/10241"}],"wp:attachment":[{"href":"https:\/\/pedrocasiano.es\/index.php?rest_route=%2Fwp%2Fv2%2Fmedia&parent=4118"}],"curies":[{"name":"wp","href":"https:\/\/api.w.org\/{rel}","templated":true}]}}