{"id":4112,"date":"2024-02-24T07:41:06","date_gmt":"2024-02-24T07:41:06","guid":{"rendered":"https:\/\/pedrocasiano.es\/?page_id=4112"},"modified":"2024-02-24T07:41:07","modified_gmt":"2024-02-24T07:41:07","slug":"metal-contra-metal","status":"publish","type":"page","link":"https:\/\/pedrocasiano.es\/?page_id=4112","title":{"rendered":"Metal contra Metal"},"content":{"rendered":"\n<div class=\"wp-block-media-text is-stacked-on-mobile is-vertically-aligned-top\"><figure class=\"wp-block-media-text__media\"><img decoding=\"async\" width=\"640\" height=\"1024\" data-src=\"https:\/\/pedrocasiano.es\/wp-content\/uploads\/2024\/02\/ai-generated-8345176_1280-640x1024.png\" alt=\"\" class=\"wp-image-4113 size-full lazyload\" src=\"data:image\/svg+xml;base64,PHN2ZyB3aWR0aD0iMSIgaGVpZ2h0PSIxIiB4bWxucz0iaHR0cDovL3d3dy53My5vcmcvMjAwMC9zdmciPjwvc3ZnPg==\" style=\"--smush-placeholder-width: 640px; --smush-placeholder-aspect-ratio: 640\/1024;\" \/><\/figure><div class=\"wp-block-media-text__content\">\n<p>Metal contra metal<br>Oscuridad y luces<br>Kil\u00f3metros y kil\u00f3metros<br>Si poder parar<br>Arboles nerviosos<br>Como raudos vencejos<br>Y cajas que vienen<br>Como a sacarte<br>Quiz\u00e1s a acompa\u00f1arte<br>Luces negras<br>Cuando llegas a la ciudad<br>Sonido de ambulancias<br>Sonidos de soledad<br>Rojo, verde, amarillo<br>\u00bfQu\u00e9 m\u00e1s da?<br>Punto que quitan el punto<br>M\u00e1s velocidad<br>Y la oscuridad difumina<br>La muerte que sale<br>Cuando el sol se va<br>Gira hacia un lado<br>Hacia el otro tambi\u00e9n<br>Rotonda de vida<br>Preferencia de nada<br>Esperar la salida<br>Sin lugar donde ir<br>Encrucijada de sitios<br>Indiferentes, extra\u00f1os<br>\u00bfD\u00f3nde vamos?, \u00bfd\u00f3nde llevaran?<br>El tr\u00e1fico que se agota<br>Solo quedas t\u00fa en la ciudad<br>Y los enormes edificios<br>Saludan en sus pantallas<br>A la oscuridad<br>Te sonr\u00eden sin conocerte<br>Te hacen querer entrar<br>A la gran ciudad<br>La mole de miedo, de maldad<br>Donde muere no vive<br>La sempiterna oscuridad.<\/p>\n<\/div><\/div>\n","protected":false},"excerpt":{"rendered":"<p>Metal contra metalOscuridad y lucesKil\u00f3metros y kil\u00f3metrosSi poder pararArboles nerviososComo raudos vencejosY cajas que vienenComo a sacarteQuiz\u00e1s a acompa\u00f1arteLuces negrasCuando llegas a la ciudadSonido de ambulanciasSonidos de soledadRojo, verde, amarillo\u00bfQu\u00e9 m\u00e1s da?Punto que quitan el puntoM\u00e1s velocidadY la oscuridad difuminaLa muerte que saleCuando el sol se vaGira hacia un ladoHacia el otro tambi\u00e9nRotonda de vidaPreferencia &hellip; <\/p>\n<p class=\"link-more\"><a href=\"https:\/\/pedrocasiano.es\/?page_id=4112\" class=\"more-link\">Leer m\u00e1s<span class=\"screen-reader-text\"> \u00abMetal contra Metal\u00bb<\/span><\/a><\/p>\n","protected":false},"author":1,"featured_media":0,"parent":0,"menu_order":0,"comment_status":"closed","ping_status":"closed","template":"","meta":{"inspiro_hide_title":false,"footnotes":""},"class_list":["post-4112","page","type-page","status-publish","hentry"],"featured_media_urls":[],"_links":{"self":[{"href":"https:\/\/pedrocasiano.es\/index.php?rest_route=\/wp\/v2\/pages\/4112","targetHints":{"allow":["GET"]}}],"collection":[{"href":"https:\/\/pedrocasiano.es\/index.php?rest_route=\/wp\/v2\/pages"}],"about":[{"href":"https:\/\/pedrocasiano.es\/index.php?rest_route=\/wp\/v2\/types\/page"}],"author":[{"embeddable":true,"href":"https:\/\/pedrocasiano.es\/index.php?rest_route=\/wp\/v2\/users\/1"}],"replies":[{"embeddable":true,"href":"https:\/\/pedrocasiano.es\/index.php?rest_route=%2Fwp%2Fv2%2Fcomments&post=4112"}],"version-history":[{"count":1,"href":"https:\/\/pedrocasiano.es\/index.php?rest_route=\/wp\/v2\/pages\/4112\/revisions"}],"predecessor-version":[{"id":4114,"href":"https:\/\/pedrocasiano.es\/index.php?rest_route=\/wp\/v2\/pages\/4112\/revisions\/4114"}],"wp:attachment":[{"href":"https:\/\/pedrocasiano.es\/index.php?rest_route=%2Fwp%2Fv2%2Fmedia&parent=4112"}],"curies":[{"name":"wp","href":"https:\/\/api.w.org\/{rel}","templated":true}]}}