{"id":4109,"date":"2024-02-24T07:39:07","date_gmt":"2024-02-24T07:39:07","guid":{"rendered":"https:\/\/pedrocasiano.es\/?page_id=4109"},"modified":"2024-02-24T07:39:08","modified_gmt":"2024-02-24T07:39:08","slug":"estas-letras-que-escribo","status":"publish","type":"page","link":"https:\/\/pedrocasiano.es\/?page_id=4109","title":{"rendered":"Estas Letras que Escribo"},"content":{"rendered":"\n<div class=\"wp-block-media-text is-stacked-on-mobile is-vertically-aligned-top\"><figure class=\"wp-block-media-text__media\"><img decoding=\"async\" width=\"918\" height=\"1024\" data-src=\"https:\/\/pedrocasiano.es\/wp-content\/uploads\/2024\/02\/woman-8577924_1280-918x1024.jpg\" alt=\"\" class=\"wp-image-4110 size-full lazyload\" src=\"data:image\/svg+xml;base64,PHN2ZyB3aWR0aD0iMSIgaGVpZ2h0PSIxIiB4bWxucz0iaHR0cDovL3d3dy53My5vcmcvMjAwMC9zdmciPjwvc3ZnPg==\" style=\"--smush-placeholder-width: 918px; --smush-placeholder-aspect-ratio: 918\/1024;\" \/><\/figure><div class=\"wp-block-media-text__content\">\n<p>Estas letras que escribo<br>Es seguro<br>Con la confianza del que emborron\u00f3 el papel<br>Que son tuyas, para ti<br>Te olvid\u00e9 por segundos<br>Pero fue m\u00e1s tiempo<br>Aunque no quise creerlo<br>Ahora, el tiempo que perd\u00ed<br>Perdido esta<br>Y no se si me perdonar\u00e1s<br>Olvida todo<br>Si lo puedes olvidar<br>Las noches de los jardines<br>El olor del azahar<br>La brisa de las tardes<br>Tu falda corta<br>Al caminar<br>Esos besos furtivos<br>Robados sin robar<br>Esos rubores tuyos<br>Que me hac\u00edan temblar<br>Las carreras locas<br>Del que quieren pillar<br>Y t\u00fa sonrisa eterna<br>Que por mucho que quiera<br>No puedo olvidar<br>R\u00ede de nuevo<br>Para mi<br>Para mi coraz\u00f3n herido<br>Que quiere<br>Lejos de tu vida<br>Expirar, morir de soledad<br>Dame una puerta abierta<br>Solo un resquicio<br>Que me permita pasar<br>Perd\u00f3name lo imperdonable<br>El quererte olvidar<br>Y ahora te ruego<br>Con el alma destrozada<br>Que perdones a este hombre<br>Que me dejes un peque\u00f1o sitio<br>Por donde pueda entrar.<br>Acu\u00e9rdate, no te olvides<br>De lo que te llegue a amar<br>No recuerdes que te dej\u00e9<br>Por quien nada vale ya<br>Olvida mis desplantes<br>Mi tosca forma de ser<br>Recuerda solo lo que pudimos ser<br>Y piensa solo un momento<br>Que puede de nuevo<br>Prosperar, o quiz\u00e1s nacer<br>Te juro que valdr\u00e1 la pena<br>Que nunca te dejar\u00e9<br>A pesar de que lo mismo<br>No hace tanto te jur\u00e9<br>Perd\u00f3name de nuevo pido<br>Perdona lo imperdonable<br>Vuelve a m\u00ed, hazme feliz<br>Solo con mirarme<br>De nuevo con esos ojos<br>Que me ve\u00edan como quien no era<br>Y ahora para ti<br>Solo quiero ser<br>Perdona lo imperdonable,<br>Perd\u00f3name mujer.<\/p>\n<\/div><\/div>\n","protected":false},"excerpt":{"rendered":"<p>Estas letras que escriboEs seguroCon la confianza del que emborron\u00f3 el papelQue son tuyas, para tiTe olvid\u00e9 por segundosPero fue m\u00e1s tiempoAunque no quise creerloAhora, el tiempo que perd\u00edPerdido estaY no se si me perdonar\u00e1sOlvida todoSi lo puedes olvidarLas noches de los jardinesEl olor del azaharLa brisa de las tardesTu falda cortaAl caminarEsos besos furtivosRobados &hellip; <\/p>\n<p class=\"link-more\"><a href=\"https:\/\/pedrocasiano.es\/?page_id=4109\" class=\"more-link\">Leer m\u00e1s<span class=\"screen-reader-text\"> \u00abEstas Letras que Escribo\u00bb<\/span><\/a><\/p>\n","protected":false},"author":1,"featured_media":0,"parent":0,"menu_order":0,"comment_status":"closed","ping_status":"closed","template":"","meta":{"inspiro_hide_title":false,"footnotes":""},"class_list":["post-4109","page","type-page","status-publish","hentry"],"featured_media_urls":[],"_links":{"self":[{"href":"https:\/\/pedrocasiano.es\/index.php?rest_route=\/wp\/v2\/pages\/4109","targetHints":{"allow":["GET"]}}],"collection":[{"href":"https:\/\/pedrocasiano.es\/index.php?rest_route=\/wp\/v2\/pages"}],"about":[{"href":"https:\/\/pedrocasiano.es\/index.php?rest_route=\/wp\/v2\/types\/page"}],"author":[{"embeddable":true,"href":"https:\/\/pedrocasiano.es\/index.php?rest_route=\/wp\/v2\/users\/1"}],"replies":[{"embeddable":true,"href":"https:\/\/pedrocasiano.es\/index.php?rest_route=%2Fwp%2Fv2%2Fcomments&post=4109"}],"version-history":[{"count":2,"href":"https:\/\/pedrocasiano.es\/index.php?rest_route=\/wp\/v2\/pages\/4109\/revisions"}],"predecessor-version":[{"id":10381,"href":"https:\/\/pedrocasiano.es\/index.php?rest_route=\/wp\/v2\/pages\/4109\/revisions\/10381"}],"wp:attachment":[{"href":"https:\/\/pedrocasiano.es\/index.php?rest_route=%2Fwp%2Fv2%2Fmedia&parent=4109"}],"curies":[{"name":"wp","href":"https:\/\/api.w.org\/{rel}","templated":true}]}}