{"id":4094,"date":"2024-02-24T07:24:05","date_gmt":"2024-02-24T07:24:05","guid":{"rendered":"https:\/\/pedrocasiano.es\/?page_id=4094"},"modified":"2024-02-24T07:24:05","modified_gmt":"2024-02-24T07:24:05","slug":"la-niebla-recuerdo-la-niebla","status":"publish","type":"page","link":"https:\/\/pedrocasiano.es\/?page_id=4094","title":{"rendered":"La Niebla, Recuerdo la Niebla"},"content":{"rendered":"\n<div class=\"wp-block-media-text is-stacked-on-mobile is-vertically-aligned-top\"><figure class=\"wp-block-media-text__media\"><img decoding=\"async\" width=\"1024\" height=\"847\" data-src=\"https:\/\/pedrocasiano.es\/wp-content\/uploads\/2024\/02\/forest-4099730_1280-1024x847.jpg\" alt=\"\" class=\"wp-image-4095 size-full lazyload\" src=\"data:image\/svg+xml;base64,PHN2ZyB3aWR0aD0iMSIgaGVpZ2h0PSIxIiB4bWxucz0iaHR0cDovL3d3dy53My5vcmcvMjAwMC9zdmciPjwvc3ZnPg==\" style=\"--smush-placeholder-width: 1024px; --smush-placeholder-aspect-ratio: 1024\/847;\" \/><\/figure><div class=\"wp-block-media-text__content\">\n<p>La niebla, recuerdo la niebla<br>La tensi\u00f3n, el sue\u00f1o<br>El cansancio, la ceguera de impaciencia<br>Y el cap\u00f3 que se abre<br>Las chaquetas mirando la ventana<br>Y el motor que arranca<br>Cansado, perdido, bronco<br>Metal contra metal<br>Desperta ferro<br>Animal fabuloso que ruge<br>\u00bfQui\u00e9n me despierta?<br>Y se mueve<br>Vuelve a la vida<br>Y se calma<br>Y te calienta el fr\u00edo cuerpo<br>La cansada alma<br>Y la piel<br>Que no te llega al cuerpo<br>Sales, la niebla<br>Las luces que encienden<br>Y la niebla que te envuelve<br>El monstruo se calienta<br>Ocho cilindros<br>De rugir a rumor pasan<br>La bestia se calma<br>Matar distancias quiere<br>Y la contienes,<br>Que el hierro es duro<br>Ha de ser blando<br>Solo vista la l\u00ednea blanca<br>Entre la bruma, la niebla<br>El fr\u00edo hielo<br>Y el monstruo avanza<br>Se calienta<br>Y no ruge<br>Solo avanza<br>Entre la niebla<br>En el reguero negro<br>De l\u00edneas blancas<br>Entre las luces<br>Que se adivinan<br>En lontananza<br>Una luz, un ruido<br>El clic que suena<br>Y el monstruo se mueve<br>En un segundo adelanta<br>Y come el asfalto<br>El de las rayas blancas<br>Y las luces que te ciegan<br>Y la aguja que sube<br>En los cegadores destellos<br>Del que lo sabe todo<br>Del que no dice nada<br>Y miras de nuevo<br>La acristalada ventana<br>Despu\u00e9s al que todo lo dice<br>Al que, aunque odies, habla<br>Y te muestra la ruta<br>En la oscuridad<br>Sin que haya llegado el alba<br>Y el monstruo avanza<br>Devora con placer la distancia<br>Y te deja so\u00f1ar<br>Que tambi\u00e9n en el viaje<br>Se mezclan, el dolor y la esperanza<br>Y el monstruo ruge<br>Y devora el negro alquitr\u00e1n<br>Y sus rayas blancas<\/p>\n<\/div><\/div>\n","protected":false},"excerpt":{"rendered":"<p>La niebla, recuerdo la nieblaLa tensi\u00f3n, el sue\u00f1oEl cansancio, la ceguera de impacienciaY el cap\u00f3 que se abreLas chaquetas mirando la ventanaY el motor que arrancaCansado, perdido, broncoMetal contra metalDesperta ferroAnimal fabuloso que ruge\u00bfQui\u00e9n me despierta?Y se mueveVuelve a la vidaY se calmaY te calienta el fr\u00edo cuerpoLa cansada almaY la pielQue no te llega &hellip; <\/p>\n<p class=\"link-more\"><a href=\"https:\/\/pedrocasiano.es\/?page_id=4094\" class=\"more-link\">Leer m\u00e1s<span class=\"screen-reader-text\"> \u00abLa Niebla, Recuerdo la Niebla\u00bb<\/span><\/a><\/p>\n","protected":false},"author":1,"featured_media":0,"parent":0,"menu_order":0,"comment_status":"closed","ping_status":"closed","template":"","meta":{"inspiro_hide_title":false,"footnotes":""},"class_list":["post-4094","page","type-page","status-publish","hentry"],"featured_media_urls":[],"_links":{"self":[{"href":"https:\/\/pedrocasiano.es\/index.php?rest_route=\/wp\/v2\/pages\/4094","targetHints":{"allow":["GET"]}}],"collection":[{"href":"https:\/\/pedrocasiano.es\/index.php?rest_route=\/wp\/v2\/pages"}],"about":[{"href":"https:\/\/pedrocasiano.es\/index.php?rest_route=\/wp\/v2\/types\/page"}],"author":[{"embeddable":true,"href":"https:\/\/pedrocasiano.es\/index.php?rest_route=\/wp\/v2\/users\/1"}],"replies":[{"embeddable":true,"href":"https:\/\/pedrocasiano.es\/index.php?rest_route=%2Fwp%2Fv2%2Fcomments&post=4094"}],"version-history":[{"count":2,"href":"https:\/\/pedrocasiano.es\/index.php?rest_route=\/wp\/v2\/pages\/4094\/revisions"}],"predecessor-version":[{"id":10482,"href":"https:\/\/pedrocasiano.es\/index.php?rest_route=\/wp\/v2\/pages\/4094\/revisions\/10482"}],"wp:attachment":[{"href":"https:\/\/pedrocasiano.es\/index.php?rest_route=%2Fwp%2Fv2%2Fmedia&parent=4094"}],"curies":[{"name":"wp","href":"https:\/\/api.w.org\/{rel}","templated":true}]}}