{"id":4079,"date":"2024-02-24T07:11:03","date_gmt":"2024-02-24T07:11:03","guid":{"rendered":"https:\/\/pedrocasiano.es\/?page_id=4079"},"modified":"2024-02-24T07:11:04","modified_gmt":"2024-02-24T07:11:04","slug":"la-calma-prieta-del-aire","status":"publish","type":"page","link":"https:\/\/pedrocasiano.es\/?page_id=4079","title":{"rendered":"La Calma Prieta del Aire"},"content":{"rendered":"\n<div class=\"wp-block-media-text is-stacked-on-mobile is-vertically-aligned-top\"><figure class=\"wp-block-media-text__media\"><img decoding=\"async\" width=\"1024\" height=\"758\" data-src=\"https:\/\/pedrocasiano.es\/wp-content\/uploads\/2024\/02\/adult-1867665_1280-1024x758.jpg\" alt=\"\" class=\"wp-image-4080 size-full lazyload\" src=\"data:image\/svg+xml;base64,PHN2ZyB3aWR0aD0iMSIgaGVpZ2h0PSIxIiB4bWxucz0iaHR0cDovL3d3dy53My5vcmcvMjAwMC9zdmciPjwvc3ZnPg==\" style=\"--smush-placeholder-width: 1024px; --smush-placeholder-aspect-ratio: 1024\/758;\" \/><\/figure><div class=\"wp-block-media-text__content\">\n<p>La calma prieta del aire<br>Del frescor poco movido,<br>Ahuyentado en la oscuridad<br>Por el sol, amante abandonado<br>Y veo desde mi azotea<br>La quijada mellada<br>De los edificios<br>De la ciudad<br>Ninguno igual,<br>Alguna falta de casa ca\u00edda<br>Y la noche, oscuridad serena,<br>de mi tierra llana<br>A la vera del r\u00edo<br>Hija de las chicharras al d\u00eda<br>Y del cantar de los grillos<br>Cuando negra llega la noche<br>Derroche de fantas\u00eda<br>Olores de azahar<br>De jazm\u00edn, de dama de noche<br>Y mosquitos, de los de picar<br>Y escuchar el silencio<br>De las callejas vac\u00edas<br>Por donde en alg\u00fan momento<br>Entrar\u00e1 el fresco<br>Como un ladr\u00f3n<br>Bien recibido<br>Y unos tacones<br>Que golpean en el silencio<br>La piedra de la vieja losa<br>Y evocan en su tintineo<br>Cuando mi tierra era mora<br>\u00a1Ay!, soledad, amiga m\u00eda<br>De la noche, siempre<br>Del sue\u00f1o esquiva<br>Del velar de la noche agria<br>De vuelcos en cama h\u00fameda<br>Y volver sobre el azulejo la espalda<br>Y mirar a la luna<br>A su corte de estrellas,<br>Reflejadas en el r\u00edo<br>Que lento corre<br>Como si no quisiera<br>Con su murmullo<br>Enturbiar el taconeo<br>De los solitarios tacones<br>De las viejas losas<br>Que tachonan mi calle<br>Que tantos pisaron<br>Que llevo y trajo<br>A tantas almas perdidas<br>En la calurosa noche<br>L\u00e1nguida noche<br>De espera perseguida<br>De silencios rajados<br>De golpes de sin sonido<br>De esquelas de hombres<br>Que a\u00fan no han nacido<br>Y oigo los tacones<br>Solitarios, vac\u00edos<br>Que mon\u00f3tonos, sonoros<br>Se alejan hacia el r\u00edo<br>Donde la ribera espera<br>Su sonido, su quejido<br>Donde la vida se acaba<br>Donde comienza el r\u00edo<br>A la torva mirada<br>De los \u00e1lamos vencidos<br>De olvidadas crecidas<br>En p\u00e1ramos desiertos<br>Cerca de donde, siempre<br>Cerca del r\u00edo<br>Cerca de mi ribera<br>Donde he nacido<br>Cerca del cruce<br>De la puerta nueva<br>De la vieja entrada<br>De un olvidado olivo<br>De un matadero<br>Muerto, yerto como todo<br>En esta mi ciudad<br>Que se me muere<br>A la orilla, siempre a la orilla<br>De mi r\u00edo, de mi olvidado<br>Amado, y querido r\u00edo.<\/p>\n<\/div><\/div>\n","protected":false},"excerpt":{"rendered":"<p>La calma prieta del aireDel frescor poco movido,Ahuyentado en la oscuridadPor el sol, amante abandonadoY veo desde mi azoteaLa quijada melladaDe los edificiosDe la ciudadNinguno igual,Alguna falta de casa ca\u00eddaY la noche, oscuridad serena,de mi tierra llanaA la vera del r\u00edoHija de las chicharras al d\u00edaY del cantar de los grillosCuando negra llega la nocheDerroche &hellip; <\/p>\n<p class=\"link-more\"><a href=\"https:\/\/pedrocasiano.es\/?page_id=4079\" class=\"more-link\">Leer m\u00e1s<span class=\"screen-reader-text\"> \u00abLa Calma Prieta del Aire\u00bb<\/span><\/a><\/p>\n","protected":false},"author":1,"featured_media":0,"parent":0,"menu_order":0,"comment_status":"closed","ping_status":"closed","template":"","meta":{"inspiro_hide_title":false,"footnotes":""},"class_list":["post-4079","page","type-page","status-publish","hentry"],"featured_media_urls":[],"_links":{"self":[{"href":"https:\/\/pedrocasiano.es\/index.php?rest_route=\/wp\/v2\/pages\/4079","targetHints":{"allow":["GET"]}}],"collection":[{"href":"https:\/\/pedrocasiano.es\/index.php?rest_route=\/wp\/v2\/pages"}],"about":[{"href":"https:\/\/pedrocasiano.es\/index.php?rest_route=\/wp\/v2\/types\/page"}],"author":[{"embeddable":true,"href":"https:\/\/pedrocasiano.es\/index.php?rest_route=\/wp\/v2\/users\/1"}],"replies":[{"embeddable":true,"href":"https:\/\/pedrocasiano.es\/index.php?rest_route=%2Fwp%2Fv2%2Fcomments&post=4079"}],"version-history":[{"count":1,"href":"https:\/\/pedrocasiano.es\/index.php?rest_route=\/wp\/v2\/pages\/4079\/revisions"}],"predecessor-version":[{"id":4081,"href":"https:\/\/pedrocasiano.es\/index.php?rest_route=\/wp\/v2\/pages\/4079\/revisions\/4081"}],"wp:attachment":[{"href":"https:\/\/pedrocasiano.es\/index.php?rest_route=%2Fwp%2Fv2%2Fmedia&parent=4079"}],"curies":[{"name":"wp","href":"https:\/\/api.w.org\/{rel}","templated":true}]}}