{"id":4069,"date":"2024-02-23T17:03:14","date_gmt":"2024-02-23T17:03:14","guid":{"rendered":"https:\/\/pedrocasiano.es\/?page_id=4069"},"modified":"2024-02-23T17:03:15","modified_gmt":"2024-02-23T17:03:15","slug":"el-frio-de-la-edad","status":"publish","type":"page","link":"https:\/\/pedrocasiano.es\/?page_id=4069","title":{"rendered":"El Fr\u00edo de la Edad"},"content":{"rendered":"\n<div class=\"wp-block-media-text is-stacked-on-mobile is-vertically-aligned-top\"><figure class=\"wp-block-media-text__media\"><img decoding=\"async\" width=\"1024\" height=\"1024\" data-src=\"https:\/\/pedrocasiano.es\/wp-content\/uploads\/2024\/02\/ai-generated-7643929_1920-1024x1024.jpg\" alt=\"\" class=\"wp-image-4071 size-full lazyload\" src=\"data:image\/svg+xml;base64,PHN2ZyB3aWR0aD0iMSIgaGVpZ2h0PSIxIiB4bWxucz0iaHR0cDovL3d3dy53My5vcmcvMjAwMC9zdmciPjwvc3ZnPg==\" style=\"--smush-placeholder-width: 1024px; --smush-placeholder-aspect-ratio: 1024\/1024;\" \/><\/figure><div class=\"wp-block-media-text__content\">\n<p>El fr\u00edo de la edad<br>Me hace mirar<br>Con mirada esquiva<br>Lo que pasa a mi alrededor<br>Y sonr\u00edo<br>Nadie inventa nada<br>Nada nuevo bajo el sol<br>La runa de la serpiente<br>Se adue\u00f1a de todo<br>El ciclo de la vida<br>Se va y retorna<br>Nada es eterno<br>Olvidan los j\u00f3venes<br>El poder y el dinero<br>Se quedan, y mueres<br>El sexo se difumina<br>Como si nunca hubiera existido<br>\u00bfQu\u00e9 queda?<br>\u00bfnada?<br>Y miras a tu alrededor<br>Lo que es, desaparecer\u00e1<br>Lo que no es surgir\u00e1<br>Y todo a empezar volver\u00e1<br>La rueda gira<br>Volver\u00e1 a girar<br>El tiempo no perdona<br>Mata poco a poco<br>Como si fuera un lento veneno<br>Y lo que amaste desaparece<br>Incluso el sentimiento<br>\u00bfQue tienes?<br>Nada<br>El tiempo lo arrastra<br>Lo manda al olvido<br>A ese lugar apartado, perdido<br>Y queda tu memoria blanquecina<br>Y tu cara de idiota<br>Vida que viene y va<br>Que no se queda<br>Que vuelve a empezar<br>Pero sin ti<br>Otro reir\u00e1, otro llorar\u00e1<br>T\u00fa has de acabar<br>La vida se va<br>Sin llanto, sin risa<br>Y desapareces en la bruma matinal<br>Como si no existieras<br>Y piensas si has existido<br>Si solo ha sido un sue\u00f1o<br>te encoges de hombros<br>\u00a1Qu\u00e9 m\u00e1s da!<\/p>\n<\/div><\/div>\n","protected":false},"excerpt":{"rendered":"<p>El fr\u00edo de la edadMe hace mirarCon mirada esquivaLo que pasa a mi alrededorY sonr\u00edoNadie inventa nadaNada nuevo bajo el solLa runa de la serpienteSe adue\u00f1a de todoEl ciclo de la vidaSe va y retornaNada es eternoOlvidan los j\u00f3venesEl poder y el dineroSe quedan, y mueresEl sexo se difuminaComo si nunca hubiera existido\u00bfQu\u00e9 queda?\u00bfnada?Y miras &hellip; <\/p>\n<p class=\"link-more\"><a href=\"https:\/\/pedrocasiano.es\/?page_id=4069\" class=\"more-link\">Leer m\u00e1s<span class=\"screen-reader-text\"> \u00abEl Fr\u00edo de la Edad\u00bb<\/span><\/a><\/p>\n","protected":false},"author":1,"featured_media":0,"parent":0,"menu_order":0,"comment_status":"closed","ping_status":"closed","template":"","meta":{"inspiro_hide_title":false,"footnotes":""},"class_list":["post-4069","page","type-page","status-publish","hentry"],"featured_media_urls":[],"_links":{"self":[{"href":"https:\/\/pedrocasiano.es\/index.php?rest_route=\/wp\/v2\/pages\/4069","targetHints":{"allow":["GET"]}}],"collection":[{"href":"https:\/\/pedrocasiano.es\/index.php?rest_route=\/wp\/v2\/pages"}],"about":[{"href":"https:\/\/pedrocasiano.es\/index.php?rest_route=\/wp\/v2\/types\/page"}],"author":[{"embeddable":true,"href":"https:\/\/pedrocasiano.es\/index.php?rest_route=\/wp\/v2\/users\/1"}],"replies":[{"embeddable":true,"href":"https:\/\/pedrocasiano.es\/index.php?rest_route=%2Fwp%2Fv2%2Fcomments&post=4069"}],"version-history":[{"count":1,"href":"https:\/\/pedrocasiano.es\/index.php?rest_route=\/wp\/v2\/pages\/4069\/revisions"}],"predecessor-version":[{"id":4072,"href":"https:\/\/pedrocasiano.es\/index.php?rest_route=\/wp\/v2\/pages\/4069\/revisions\/4072"}],"wp:attachment":[{"href":"https:\/\/pedrocasiano.es\/index.php?rest_route=%2Fwp%2Fv2%2Fmedia&parent=4069"}],"curies":[{"name":"wp","href":"https:\/\/api.w.org\/{rel}","templated":true}]}}