{"id":4066,"date":"2024-02-23T16:58:40","date_gmt":"2024-02-23T16:58:40","guid":{"rendered":"https:\/\/pedrocasiano.es\/?page_id=4066"},"modified":"2024-02-23T16:58:41","modified_gmt":"2024-02-23T16:58:41","slug":"entre-la-bruma-del-recuerdo","status":"publish","type":"page","link":"https:\/\/pedrocasiano.es\/?page_id=4066","title":{"rendered":"Entre la Bruma del Recuerdo"},"content":{"rendered":"\n<div class=\"wp-block-media-text is-stacked-on-mobile is-vertically-aligned-top\"><figure class=\"wp-block-media-text__media\"><img decoding=\"async\" width=\"1024\" height=\"853\" data-src=\"https:\/\/pedrocasiano.es\/wp-content\/uploads\/2024\/02\/ai-generated-8502060_1280-1024x853.png\" alt=\"\" class=\"wp-image-4067 size-full lazyload\" src=\"data:image\/svg+xml;base64,PHN2ZyB3aWR0aD0iMSIgaGVpZ2h0PSIxIiB4bWxucz0iaHR0cDovL3d3dy53My5vcmcvMjAwMC9zdmciPjwvc3ZnPg==\" style=\"--smush-placeholder-width: 1024px; --smush-placeholder-aspect-ratio: 1024\/853;\" \/><\/figure><div class=\"wp-block-media-text__content\">\n<p>Entre la bruma del recuerdo<br>Pierdo la esencia de los trazos<br>De tu bello rostro<br>Se difumina el dibujo perfecto<br>De tus labios, de tu sonrisa<br>Tu silueta se confunde<br>Con el aire c\u00e1lido<br>Con el fr\u00edo del invierno<br>Y casi desaparece<br>No puedo recordar<br>Un n\u00edtido reflejo de ti<br>Sin embargo, en mi mente<br>Cuando te recuerdo,<br>N\u00edtidamente apareces<br>Sin trazos, sin silueta<br>Sin definir nada, y te siento<br>Y el coraz\u00f3n se me estremece<br>Aun te veo sin verte.<\/p>\n<\/div><\/div>\n","protected":false},"excerpt":{"rendered":"<p>Entre la bruma del recuerdoPierdo la esencia de los trazosDe tu bello rostroSe difumina el dibujo perfectoDe tus labios, de tu sonrisaTu silueta se confundeCon el aire c\u00e1lidoCon el fr\u00edo del inviernoY casi desapareceNo puedo recordarUn n\u00edtido reflejo de tiSin embargo, en mi menteCuando te recuerdo,N\u00edtidamente aparecesSin trazos, sin siluetaSin definir nada, y te sientoY &hellip; <\/p>\n<p class=\"link-more\"><a href=\"https:\/\/pedrocasiano.es\/?page_id=4066\" class=\"more-link\">Leer m\u00e1s<span class=\"screen-reader-text\"> \u00abEntre la Bruma del Recuerdo\u00bb<\/span><\/a><\/p>\n","protected":false},"author":1,"featured_media":0,"parent":0,"menu_order":0,"comment_status":"closed","ping_status":"closed","template":"","meta":{"inspiro_hide_title":false,"footnotes":""},"class_list":["post-4066","page","type-page","status-publish","hentry"],"featured_media_urls":[],"_links":{"self":[{"href":"https:\/\/pedrocasiano.es\/index.php?rest_route=\/wp\/v2\/pages\/4066","targetHints":{"allow":["GET"]}}],"collection":[{"href":"https:\/\/pedrocasiano.es\/index.php?rest_route=\/wp\/v2\/pages"}],"about":[{"href":"https:\/\/pedrocasiano.es\/index.php?rest_route=\/wp\/v2\/types\/page"}],"author":[{"embeddable":true,"href":"https:\/\/pedrocasiano.es\/index.php?rest_route=\/wp\/v2\/users\/1"}],"replies":[{"embeddable":true,"href":"https:\/\/pedrocasiano.es\/index.php?rest_route=%2Fwp%2Fv2%2Fcomments&post=4066"}],"version-history":[{"count":1,"href":"https:\/\/pedrocasiano.es\/index.php?rest_route=\/wp\/v2\/pages\/4066\/revisions"}],"predecessor-version":[{"id":4068,"href":"https:\/\/pedrocasiano.es\/index.php?rest_route=\/wp\/v2\/pages\/4066\/revisions\/4068"}],"wp:attachment":[{"href":"https:\/\/pedrocasiano.es\/index.php?rest_route=%2Fwp%2Fv2%2Fmedia&parent=4066"}],"curies":[{"name":"wp","href":"https:\/\/api.w.org\/{rel}","templated":true}]}}