{"id":4062,"date":"2024-02-23T16:54:49","date_gmt":"2024-02-23T16:54:49","guid":{"rendered":"https:\/\/pedrocasiano.es\/?page_id=4062"},"modified":"2024-02-23T16:54:50","modified_gmt":"2024-02-23T16:54:50","slug":"naci-a-la-orilla-de-un-rio","status":"publish","type":"page","link":"https:\/\/pedrocasiano.es\/?page_id=4062","title":{"rendered":"Nac\u00ed a la Orilla de un R\u00edo"},"content":{"rendered":"\n<div class=\"wp-block-media-text is-stacked-on-mobile is-vertically-aligned-top\"><figure class=\"wp-block-media-text__media\"><img decoding=\"async\" width=\"1024\" height=\"720\" data-src=\"https:\/\/pedrocasiano.es\/wp-content\/uploads\/2024\/02\/cordoba-5130848_1280-1024x720.jpg\" alt=\"\" class=\"wp-image-4064 size-full lazyload\" src=\"data:image\/svg+xml;base64,PHN2ZyB3aWR0aD0iMSIgaGVpZ2h0PSIxIiB4bWxucz0iaHR0cDovL3d3dy53My5vcmcvMjAwMC9zdmciPjwvc3ZnPg==\" style=\"--smush-placeholder-width: 1024px; --smush-placeholder-aspect-ratio: 1024\/720;\" \/><\/figure><div class=\"wp-block-media-text__content\">\n<p>Nac\u00ed a la orilla de un r\u00edo<br>Viejo como la vida misma<br>Cansado, cansino<br>suave, ladino<br>a la ribera del r\u00edo<br>de las ca\u00f1as<br>de los \u00e1lamos erguidos<br>a la sombra de los granados<br>de los que ba\u00f1aba el r\u00edo<br>entre molinos viejos<br>de Lope Garc\u00eda<br>donde las grullas<br>en los campos<br>tras los tractores<br>con sus picos<br>levantaban los bichos<br>entre bueyeros<br>entre garcillas<br>entre palomas torcaces<br>a la ribera del r\u00edo<br>bebederos de agua<br>remansos de peces perdidos<br>entre alerces y juncos<br>entre \u00e1rboles densos<br>entre troncos ca\u00eddos<br>donde la lluvia<br>levantaba el ras de agua<br>y nos anclaba a la casa<br>con las botas altas<br>mojadas hasta la ca\u00f1a<br>cuando las sillas<br>a la noche sal\u00edan<br>al ritmo de las historias<br>de rostros cansados<br>viejos, arrugados<br>a la ca\u00edda de la noche<br>entre frescos botijos<br>de agua fr\u00eda<br>de medios de vino<br>de sonrisas<br>de olor a zotal,<br>a la misma vida<br>de gradillas llenas de ni\u00f1os<br>de empedradas calles<br>alimentadas de las historias<br>de los viejos, los que sab\u00edan<br>ahora olvidados<br>como si no supi\u00e9ramos<br>que, de ellos, es la vida<br>la que nos toca vivir<br>ser\u00e1 nuestra<br>la suya, lo es, seguro<br>faroles viejos<br>de luz vencida<br>de pelar la pava<br>de carabinas<br>de exaltaci\u00f3n de vida,<br>de renacida<br>de cuando los ni\u00f1os<br>parec\u00edan salir<br>de todos los sitios,<br>cuando la vida<br>reventaba a pesar de todo<br>cuando nada era previsto<br>era lo que Dios quer\u00eda<br>y si ven\u00eda, ven\u00eda<br>y con ellos la esperanza<br>o quiz\u00e1s la desesperaci\u00f3n<br>el pan bajo el brazo<br>o la maldici\u00f3n<br>Orilla del r\u00edo<br>De pobres<br>De pobres de comida<br>De humedades<br>En casas vencidas<br>De paredes gruesas<br>Casi ca\u00eddas<br>De cielos de palos de madera<br>De terrizos de tierra vista<br>De ropa de domingo<br>\u00bfDe qui\u00e9n eres hijo?<br>Tu familia es\u2026<br>La de los muertos de hambre<br>De los de toda la vida<br>De cuando se levantaba el brazo<br>Y se bajaba la vista<br>A la orilla del r\u00edo<br>Que de todo ha visto<br>Tiempos lejanos<br>Vividos, no olvidados<br>En la penumbra que el tiempo<br>Da a lo acontecido<br>Entre callejas y callejones<br>En plazas empedradas<br>A la sombra de las iglesias<br>De colegios de curas<br>De ira reprimida<br>De sexo olvidado<br>De vida encarrilada<br>De cuando el hombre<br>Era solo\u2026<br>Como ahora, algo nimio<br>Y el r\u00edo corre,<br>Viejo como la vida misma<br>Cansado, cansino<br>suave, ladino<br>y aqu\u00ed sigo, aun,<br>en la ribera de r\u00edo<\/p>\n<\/div><\/div>\n","protected":false},"excerpt":{"rendered":"<p>Nac\u00ed a la orilla de un r\u00edoViejo como la vida mismaCansado, cansinosuave, ladinoa la ribera del r\u00edode las ca\u00f1asde los \u00e1lamos erguidosa la sombra de los granadosde los que ba\u00f1aba el r\u00edoentre molinos viejosde Lope Garc\u00edadonde las grullasen los campostras los tractorescon sus picoslevantaban los bichosentre bueyerosentre garcillasentre palomas torcacesa la ribera del r\u00edobebederos de &hellip; <\/p>\n<p class=\"link-more\"><a href=\"https:\/\/pedrocasiano.es\/?page_id=4062\" class=\"more-link\">Leer m\u00e1s<span class=\"screen-reader-text\"> \u00abNac\u00ed a la Orilla de un R\u00edo\u00bb<\/span><\/a><\/p>\n","protected":false},"author":1,"featured_media":0,"parent":0,"menu_order":0,"comment_status":"closed","ping_status":"closed","template":"","meta":{"inspiro_hide_title":false,"footnotes":""},"class_list":["post-4062","page","type-page","status-publish","hentry"],"featured_media_urls":[],"_links":{"self":[{"href":"https:\/\/pedrocasiano.es\/index.php?rest_route=\/wp\/v2\/pages\/4062","targetHints":{"allow":["GET"]}}],"collection":[{"href":"https:\/\/pedrocasiano.es\/index.php?rest_route=\/wp\/v2\/pages"}],"about":[{"href":"https:\/\/pedrocasiano.es\/index.php?rest_route=\/wp\/v2\/types\/page"}],"author":[{"embeddable":true,"href":"https:\/\/pedrocasiano.es\/index.php?rest_route=\/wp\/v2\/users\/1"}],"replies":[{"embeddable":true,"href":"https:\/\/pedrocasiano.es\/index.php?rest_route=%2Fwp%2Fv2%2Fcomments&post=4062"}],"version-history":[{"count":1,"href":"https:\/\/pedrocasiano.es\/index.php?rest_route=\/wp\/v2\/pages\/4062\/revisions"}],"predecessor-version":[{"id":4065,"href":"https:\/\/pedrocasiano.es\/index.php?rest_route=\/wp\/v2\/pages\/4062\/revisions\/4065"}],"wp:attachment":[{"href":"https:\/\/pedrocasiano.es\/index.php?rest_route=%2Fwp%2Fv2%2Fmedia&parent=4062"}],"curies":[{"name":"wp","href":"https:\/\/api.w.org\/{rel}","templated":true}]}}