{"id":4059,"date":"2024-02-23T16:49:11","date_gmt":"2024-02-23T16:49:11","guid":{"rendered":"https:\/\/pedrocasiano.es\/?page_id=4059"},"modified":"2024-02-23T16:49:11","modified_gmt":"2024-02-23T16:49:11","slug":"me-crio-el-viento","status":"publish","type":"page","link":"https:\/\/pedrocasiano.es\/?page_id=4059","title":{"rendered":"Me Crio el Viento"},"content":{"rendered":"\n<div class=\"wp-block-media-text is-stacked-on-mobile is-vertically-aligned-top\"><figure class=\"wp-block-media-text__media\"><img decoding=\"async\" width=\"1024\" height=\"717\" data-src=\"https:\/\/pedrocasiano.es\/wp-content\/uploads\/2024\/02\/ai-generated-8557040_1280-1024x717.jpg\" alt=\"\" class=\"wp-image-4060 size-full lazyload\" src=\"data:image\/svg+xml;base64,PHN2ZyB3aWR0aD0iMSIgaGVpZ2h0PSIxIiB4bWxucz0iaHR0cDovL3d3dy53My5vcmcvMjAwMC9zdmciPjwvc3ZnPg==\" style=\"--smush-placeholder-width: 1024px; --smush-placeholder-aspect-ratio: 1024\/717;\" \/><\/figure><div class=\"wp-block-media-text__content\">\n<p>Me cr\u00edo el viento<br>El que sopla<br>En las callejas<br>De la ciudad vieja<br>De los callejones<br>El que trae la brisa<br>De la atardecida<br>Y despierta en la amanecida<br>Crec\u00ed con el sol<br>Cuando deslumbra<br>Cuando te escondes<br>Dolido de blancura,<br>Cuando buscas<br>En la sombra, la amiga<br>A retarlo en la atardecida<br>Buscando el consuelo<br>De la calleja perdida<br>Del amigo parque<br>De \u00e1rboles henchido,<br>De la brisa perturbadora<br>De mi mediterr\u00e1neo<br>De la brisa del r\u00edo<br>De los \u00e1lamos en la ribera<br>Del verdor de la hierba<br>Al color del oscurecer<br>De la tranquilidad<br>Cuando se enconde<br>Cuando cesa su camino.<br>Me educ\u00f3 la tarde<br>Donde amar a escondidas<br>De los besos robados<br>En las oscuras esquinas<br>Del esquivo placer,<br>del tocar furtivo<br>Donde todo es caliente<br>H\u00famedo y ardiente<br>Morir\u00e9 con el r\u00edo<br>En su corriente<br>Mecidos en \u00e9l,<br>mis cansados huesos<br>Agotados, destruidos<br>Y me dejar\u00e9 llevar<br>Por el sonido de la corriente<br>Calma de calor ardiente<br>Y llegar\u00e9 al mar<br>Peque\u00f1o y caliente<br>Mi mar peque\u00f1o y sucio<br>Mi atardecer, el de siempre.<\/p>\n<\/div><\/div>\n","protected":false},"excerpt":{"rendered":"<p>Me cr\u00edo el vientoEl que soplaEn las callejasDe la ciudad viejaDe los callejonesEl que trae la brisaDe la atardecidaY despierta en la amanecidaCrec\u00ed con el solCuando deslumbraCuando te escondesDolido de blancura,Cuando buscasEn la sombra, la amigaA retarlo en la atardecidaBuscando el consueloDe la calleja perdidaDel amigo parqueDe \u00e1rboles henchido,De la brisa perturbadoraDe mi mediterr\u00e1neoDe la &hellip; <\/p>\n<p class=\"link-more\"><a href=\"https:\/\/pedrocasiano.es\/?page_id=4059\" class=\"more-link\">Leer m\u00e1s<span class=\"screen-reader-text\"> \u00abMe Crio el Viento\u00bb<\/span><\/a><\/p>\n","protected":false},"author":1,"featured_media":0,"parent":0,"menu_order":0,"comment_status":"closed","ping_status":"closed","template":"","meta":{"inspiro_hide_title":false,"footnotes":""},"class_list":["post-4059","page","type-page","status-publish","hentry"],"featured_media_urls":[],"_links":{"self":[{"href":"https:\/\/pedrocasiano.es\/index.php?rest_route=\/wp\/v2\/pages\/4059","targetHints":{"allow":["GET"]}}],"collection":[{"href":"https:\/\/pedrocasiano.es\/index.php?rest_route=\/wp\/v2\/pages"}],"about":[{"href":"https:\/\/pedrocasiano.es\/index.php?rest_route=\/wp\/v2\/types\/page"}],"author":[{"embeddable":true,"href":"https:\/\/pedrocasiano.es\/index.php?rest_route=\/wp\/v2\/users\/1"}],"replies":[{"embeddable":true,"href":"https:\/\/pedrocasiano.es\/index.php?rest_route=%2Fwp%2Fv2%2Fcomments&post=4059"}],"version-history":[{"count":1,"href":"https:\/\/pedrocasiano.es\/index.php?rest_route=\/wp\/v2\/pages\/4059\/revisions"}],"predecessor-version":[{"id":4061,"href":"https:\/\/pedrocasiano.es\/index.php?rest_route=\/wp\/v2\/pages\/4059\/revisions\/4061"}],"wp:attachment":[{"href":"https:\/\/pedrocasiano.es\/index.php?rest_route=%2Fwp%2Fv2%2Fmedia&parent=4059"}],"curies":[{"name":"wp","href":"https:\/\/api.w.org\/{rel}","templated":true}]}}